{"id":16388,"date":"2023-04-24T15:30:45","date_gmt":"2023-04-24T19:30:45","guid":{"rendered":"https:\/\/bikeskills.ca\/?page_id=16388"},"modified":"2023-12-06T18:27:25","modified_gmt":"2023-12-06T22:27:25","slug":"tours-guide-velo","status":"publish","type":"page","link":"https:\/\/bikeskills.ca\/en\/tours-guide-velo\/","title":{"rendered":"Guidage de luxe &#8211; Tours guid\u00e9s"},"content":{"rendered":"\t\t<div data-elementor-type=\"wp-page\" data-elementor-id=\"16388\" class=\"elementor elementor-16388\" data-elementor-post-type=\"page\">\n\t\t\t\t\t\t<section class=\"elementor-section elementor-top-section elementor-element elementor-element-9de5c2c elementor-section-content-middle elementor-section-full_width elementor-section-height-min-height elementor-section-height-default elementor-section-items-middle\" data-id=\"9de5c2c\" data-element_type=\"section\" data-settings=\"{&quot;background_background&quot;:&quot;classic&quot;}\">\n\t\t\t\t\t\t\t<div class=\"elementor-background-overlay\"><\/div>\n\t\t\t\t\t\t\t<div class=\"elementor-container elementor-column-gap-no\">\n\t\t\t\t\t<div class=\"elementor-column elementor-col-100 elementor-top-column elementor-element elementor-element-3f6b8a1\" data-id=\"3f6b8a1\" data-element_type=\"column\">\n\t\t\t<div class=\"elementor-widget-wrap elementor-element-populated\">\n\t\t\t\t\t\t<div class=\"elementor-element elementor-element-6beb2d64 elementor-widget elementor-widget-heading\" data-id=\"6beb2d64\" data-element_type=\"widget\" data-widget_type=\"heading.default\">\n\t\t\t\t<div class=\"elementor-widget-container\">\n\t\t\t\t\t<h2 class=\"elementor-heading-title elementor-size-default\">Guidage et Tours guid\u00e9s<\/h2>\t\t\t\t<\/div>\n\t\t\t\t<\/div>\n\t\t\t\t\t<\/div>\n\t\t<\/div>\n\t\t\t\t\t<\/div>\n\t\t<\/section>\n\t\t\t\t<section class=\"elementor-section elementor-top-section elementor-element elementor-element-36d980b elementor-section-boxed elementor-section-height-default elementor-section-height-default\" data-id=\"36d980b\" data-element_type=\"section\" data-settings=\"{&quot;background_background&quot;:&quot;classic&quot;}\">\n\t\t\t\t\t\t<div class=\"elementor-container elementor-column-gap-default\">\n\t\t\t\t\t<div class=\"elementor-column elementor-col-100 elementor-top-column elementor-element elementor-element-6930e74\" data-id=\"6930e74\" data-element_type=\"column\">\n\t\t\t<div class=\"elementor-widget-wrap elementor-element-populated\">\n\t\t\t\t\t\t<div class=\"elementor-element elementor-element-c8afe9d elementor-widget elementor-widget-listeo-listings\" data-id=\"c8afe9d\" data-element_type=\"widget\" data-widget_type=\"listeo-listings.default\">\n\t\t\t\t<div class=\"elementor-widget-container\">\n\t\t\t\t\t\n\t\t\t<div class=\"row margin-bottom-25\">\n\n\t\t\t\t\n\n\n<!-- Sorting \/ Layout Switcher -->\n\t\t<div class=\"col-md-12\">\n\t\t\t\t<div class=\"fullwidth-filters  ajax-search \">\n\n\t\t\t\t\t\t\t<!-- Panel Dropdown -->\n\t\t\t\t<div class=\"panel-dropdown wide float-right\" id=\"tax-listing_feature-panel\">\n\t\t\t\t\t<a href=\"#\">More Filters<\/a>\n\t\t\t\t\t<div class=\"panel-dropdown-content checkboxes\">\n\t\t\t\t\t\t\t\t\t\t\t\t<div class=\"row\">\n\n\t\t\t\t\t\t\t\t\t\t\t\t\t\t\t<div class=\"panel-checkboxes-container\">\n\t\t\t\t\t\t\t\t\t\t\t\t\t\t\t\t\t<\/div>\n\t\t\t\t\t\t\t\n\t\t\t\t\t\t<\/div>\n\n\t\t\t\t\t\t<!-- Buttons -->\n\t\t\t\t\t\t<div class=\"panel-buttons\">\n\t\t\t\t\t\t\t<span class=\"panel-cancel\">Cancel<\/span>\n\t\t\t\t\t\t\t<button class=\"panel-apply\">Apply<\/button>\n\t\t\t\t\t\t<\/div>\n\n\t\t\t\t\t<\/div>\n\t\t\t\t<\/div>\n\t\t\t\t<!-- Panel Dropdown \/ End -->\n\t\t\t\n\t\t\t\n\t\t\t\n\t\t<\/div>\n\t\t<\/div>\t\t\t<\/div>\n\t\t<div id=\"listeo-listings-container\">\r\n\t\t\t\t\t\t\t<div class=\"loader-ajax-container\" style=\"\"> <div class=\"loader-ajax\"><\/div> <\/div>\r\n<section id=\"listings-not-found\" class=\"margin-bottom-50 col-md-12\">\r\n\t<h2>Nothing found<\/h2>\r\n\t<p>We&rsquo;re sorry but we do not have any listings matching your search, try to change you search settings<\/p>\r\n<\/section>\r\n<\/div>\t\t\t\t<\/div>\n\t\t\t\t<\/div>\n\t\t\t\t\t<\/div>\n\t\t<\/div>\n\t\t\t\t\t<\/div>\n\t\t<\/section>\n\t\t\t\t<\/div>\n\t\t","protected":false},"excerpt":{"rendered":"<p>Guidage et Tours guid\u00e9s More Filters Coaching SDM Cancel Apply Tours guid\u00e9s de v\u00e9lo &#8211; Sentiers du Moulin Sentiers du Moulin Instant Booking Tours guid\u00e9s de v\u00e9lo &#8211; Sentiers du Moulin &#8211; Michael Coffin Sentiers du Moulin Instant Booking Tours guid\u00e9s de v\u00e9lo &#8211; Bromont &#8211; P7 ou Mont Oak P7 du Parc des Sommets [&hellip;]<\/p>\n","protected":false},"author":1,"featured_media":0,"parent":0,"menu_order":0,"comment_status":"closed","ping_status":"closed","template":"elementor_header_footer","meta":{"footnotes":"","_links_to":"","_links_to_target":""},"yoast_head":"<!-- This site is optimized with the Yoast SEO plugin v24.2 - https:\/\/yoast.com\/wordpress\/plugins\/seo\/ -->\n<title>\u00c9cole de v\u00e9lo Bikeskills - Cours priv\u00e9s \/ Entra\u00eeneurs \/ Coach \/ Moniteurs en v\u00e9lo de montagne<\/title>\n<meta name=\"description\" content=\"Entra\u00eeneurs, coach et moniteurs sp\u00e9cialis\u00e9s en v\u00e9lo de montagne. Cliniques de groupe et cours priv\u00e9s. Habilet\u00e9s technique, pilotage et plaisir garanti!\" \/>\n<meta name=\"robots\" content=\"index, follow, max-snippet:-1, max-image-preview:large, max-video-preview:-1\" \/>\n<link rel=\"canonical\" href=\"https:\/\/bikeskills.ca\/en\/tours-guide-velo\/\" \/>\n<meta property=\"og:locale\" content=\"en_US\" \/>\n<meta property=\"og:type\" content=\"article\" \/>\n<meta property=\"og:title\" content=\"\u00c9cole de v\u00e9lo Bikeskills - Cours priv\u00e9s \/ Entra\u00eeneurs \/ Coach \/ Moniteurs en v\u00e9lo de montagne\" \/>\n<meta property=\"og:description\" content=\"Entra\u00eeneurs, coach et moniteurs sp\u00e9cialis\u00e9s en v\u00e9lo de montagne. Cliniques de groupe et cours priv\u00e9s. Habilet\u00e9s technique, pilotage et plaisir garanti!\" \/>\n<meta property=\"og:url\" content=\"https:\/\/bikeskills.ca\/en\/tours-guide-velo\/\" \/>\n<meta property=\"og:site_name\" content=\"\u00c9cole de v\u00e9lo Bikeskills\" \/>\n<meta property=\"article:publisher\" content=\"https:\/\/www.facebook.com\/Bikeskillsca-2194275320683514\/\" \/>\n<meta property=\"article:modified_time\" content=\"2023-12-06T22:27:25+00:00\" \/>\n<meta property=\"og:image\" content=\"https:\/\/bikeskills.ca\/wp-content\/uploads\/2023\/02\/19-500x397.jpg\" \/>\n<meta name=\"twitter:card\" content=\"summary_large_image\" \/>\n<meta name=\"twitter:label1\" content=\"Est. reading time\" \/>\n\t<meta name=\"twitter:data1\" content=\"2 minutes\" \/>\n<script type=\"application\/ld+json\" class=\"yoast-schema-graph\">{\"@context\":\"https:\/\/schema.org\",\"@graph\":[{\"@type\":\"WebPage\",\"@id\":\"https:\/\/bikeskills.ca\/fr\/tours-guide-velo\/\",\"url\":\"https:\/\/bikeskills.ca\/fr\/tours-guide-velo\/\",\"name\":\"\u00c9cole de v\u00e9lo Bikeskills - Cours priv\u00e9s \/ Entra\u00eeneurs \/ Coach \/ Moniteurs en v\u00e9lo de montagne\",\"isPartOf\":{\"@id\":\"https:\/\/bikeskills.ca\/fr\/#website\"},\"primaryImageOfPage\":{\"@id\":\"https:\/\/bikeskills.ca\/fr\/tours-guide-velo\/#primaryimage\"},\"image\":{\"@id\":\"https:\/\/bikeskills.ca\/fr\/tours-guide-velo\/#primaryimage\"},\"thumbnailUrl\":\"https:\/\/bikeskills.ca\/wp-content\/uploads\/2023\/02\/19-500x397.jpg\",\"datePublished\":\"2023-04-24T19:30:45+00:00\",\"dateModified\":\"2023-12-06T22:27:25+00:00\",\"description\":\"Entra\u00eeneurs, coach et moniteurs sp\u00e9cialis\u00e9s en v\u00e9lo de montagne. Cliniques de groupe et cours priv\u00e9s. Habilet\u00e9s technique, pilotage et plaisir garanti!\",\"breadcrumb\":{\"@id\":\"https:\/\/bikeskills.ca\/fr\/tours-guide-velo\/#breadcrumb\"},\"inLanguage\":\"en-CA\",\"potentialAction\":[{\"@type\":\"ReadAction\",\"target\":[\"https:\/\/bikeskills.ca\/fr\/tours-guide-velo\/\"]}]},{\"@type\":\"ImageObject\",\"inLanguage\":\"en-CA\",\"@id\":\"https:\/\/bikeskills.ca\/fr\/tours-guide-velo\/#primaryimage\",\"url\":\"https:\/\/bikeskills.ca\/wp-content\/uploads\/2023\/02\/19-500x397.jpg\",\"contentUrl\":\"https:\/\/bikeskills.ca\/wp-content\/uploads\/2023\/02\/19-500x397.jpg\"},{\"@type\":\"BreadcrumbList\",\"@id\":\"https:\/\/bikeskills.ca\/fr\/tours-guide-velo\/#breadcrumb\",\"itemListElement\":[{\"@type\":\"ListItem\",\"position\":1,\"name\":\"Home\",\"item\":\"https:\/\/bikeskills.ca\/fr\/\"},{\"@type\":\"ListItem\",\"position\":2,\"name\":\"Guidage de luxe &#8211; Tours guid\u00e9s\"}]},{\"@type\":\"WebSite\",\"@id\":\"https:\/\/bikeskills.ca\/fr\/#website\",\"url\":\"https:\/\/bikeskills.ca\/fr\/\",\"name\":\"\u00c9cole de v\u00e9lo Bikeskills\",\"description\":\"\u00c9cole de v\u00e9lo de montagne - Cours de v\u00e9lo de montagne - \u00c9v\u00e8nements priv\u00e9s et corporatifs - Partout au Qu\u00e9bec\",\"publisher\":{\"@id\":\"https:\/\/bikeskills.ca\/fr\/#organization\"},\"potentialAction\":[{\"@type\":\"SearchAction\",\"target\":{\"@type\":\"EntryPoint\",\"urlTemplate\":\"https:\/\/bikeskills.ca\/fr\/?s={search_term_string}\"},\"query-input\":{\"@type\":\"PropertyValueSpecification\",\"valueRequired\":true,\"valueName\":\"search_term_string\"}}],\"inLanguage\":\"en-CA\"},{\"@type\":\"Organization\",\"@id\":\"https:\/\/bikeskills.ca\/fr\/#organization\",\"name\":\"\u00c9cole de v\u00e9lo Bikeskills\",\"url\":\"https:\/\/bikeskills.ca\/fr\/\",\"logo\":{\"@type\":\"ImageObject\",\"inLanguage\":\"en-CA\",\"@id\":\"https:\/\/bikeskills.ca\/fr\/#\/schema\/logo\/image\/\",\"url\":\"https:\/\/bikeskills.ca\/wp-content\/uploads\/2019\/08\/Screen-Shot-2019-08-12-at-6.11.svg\",\"contentUrl\":\"https:\/\/bikeskills.ca\/wp-content\/uploads\/2019\/08\/Screen-Shot-2019-08-12-at-6.11.svg\",\"width\":309,\"height\":83,\"caption\":\"\u00c9cole de v\u00e9lo Bikeskills\"},\"image\":{\"@id\":\"https:\/\/bikeskills.ca\/fr\/#\/schema\/logo\/image\/\"},\"sameAs\":[\"https:\/\/www.facebook.com\/Bikeskillsca-2194275320683514\/\",\"https:\/\/www.instagram.com\/bikeskills.ca\/?hl=fr\"]}]}<\/script>\n<!-- \/ Yoast SEO plugin. -->","yoast_head_json":{"title":"\u00c9cole de v\u00e9lo Bikeskills - Cours priv\u00e9s \/ Entra\u00eeneurs \/ Coach \/ Moniteurs en v\u00e9lo de montagne","description":"Entra\u00eeneurs, coach et moniteurs sp\u00e9cialis\u00e9s en v\u00e9lo de montagne. Cliniques de groupe et cours priv\u00e9s. Habilet\u00e9s technique, pilotage et plaisir garanti!","robots":{"index":"index","follow":"follow","max-snippet":"max-snippet:-1","max-image-preview":"max-image-preview:large","max-video-preview":"max-video-preview:-1"},"canonical":"https:\/\/bikeskills.ca\/en\/tours-guide-velo\/","og_locale":"en_US","og_type":"article","og_title":"\u00c9cole de v\u00e9lo Bikeskills - Cours priv\u00e9s \/ Entra\u00eeneurs \/ Coach \/ Moniteurs en v\u00e9lo de montagne","og_description":"Entra\u00eeneurs, coach et moniteurs sp\u00e9cialis\u00e9s en v\u00e9lo de montagne. Cliniques de groupe et cours priv\u00e9s. Habilet\u00e9s technique, pilotage et plaisir garanti!","og_url":"https:\/\/bikeskills.ca\/en\/tours-guide-velo\/","og_site_name":"\u00c9cole de v\u00e9lo Bikeskills","article_publisher":"https:\/\/www.facebook.com\/Bikeskillsca-2194275320683514\/","article_modified_time":"2023-12-06T22:27:25+00:00","og_image":[{"url":"https:\/\/bikeskills.ca\/wp-content\/uploads\/2023\/02\/19-500x397.jpg","type":"","width":"","height":""}],"twitter_card":"summary_large_image","twitter_misc":{"Est. reading time":"2 minutes"},"schema":{"@context":"https:\/\/schema.org","@graph":[{"@type":"WebPage","@id":"https:\/\/bikeskills.ca\/fr\/tours-guide-velo\/","url":"https:\/\/bikeskills.ca\/fr\/tours-guide-velo\/","name":"\u00c9cole de v\u00e9lo Bikeskills - Cours priv\u00e9s \/ Entra\u00eeneurs \/ Coach \/ Moniteurs en v\u00e9lo de montagne","isPartOf":{"@id":"https:\/\/bikeskills.ca\/fr\/#website"},"primaryImageOfPage":{"@id":"https:\/\/bikeskills.ca\/fr\/tours-guide-velo\/#primaryimage"},"image":{"@id":"https:\/\/bikeskills.ca\/fr\/tours-guide-velo\/#primaryimage"},"thumbnailUrl":"https:\/\/bikeskills.ca\/wp-content\/uploads\/2023\/02\/19-500x397.jpg","datePublished":"2023-04-24T19:30:45+00:00","dateModified":"2023-12-06T22:27:25+00:00","description":"Entra\u00eeneurs, coach et moniteurs sp\u00e9cialis\u00e9s en v\u00e9lo de montagne. Cliniques de groupe et cours priv\u00e9s. Habilet\u00e9s technique, pilotage et plaisir garanti!","breadcrumb":{"@id":"https:\/\/bikeskills.ca\/fr\/tours-guide-velo\/#breadcrumb"},"inLanguage":"en-CA","potentialAction":[{"@type":"ReadAction","target":["https:\/\/bikeskills.ca\/fr\/tours-guide-velo\/"]}]},{"@type":"ImageObject","inLanguage":"en-CA","@id":"https:\/\/bikeskills.ca\/fr\/tours-guide-velo\/#primaryimage","url":"https:\/\/bikeskills.ca\/wp-content\/uploads\/2023\/02\/19-500x397.jpg","contentUrl":"https:\/\/bikeskills.ca\/wp-content\/uploads\/2023\/02\/19-500x397.jpg"},{"@type":"BreadcrumbList","@id":"https:\/\/bikeskills.ca\/fr\/tours-guide-velo\/#breadcrumb","itemListElement":[{"@type":"ListItem","position":1,"name":"Home","item":"https:\/\/bikeskills.ca\/fr\/"},{"@type":"ListItem","position":2,"name":"Guidage de luxe &#8211; Tours guid\u00e9s"}]},{"@type":"WebSite","@id":"https:\/\/bikeskills.ca\/fr\/#website","url":"https:\/\/bikeskills.ca\/fr\/","name":"\u00c9cole de v\u00e9lo Bikeskills","description":"\u00c9cole de v\u00e9lo de montagne - Cours de v\u00e9lo de montagne - \u00c9v\u00e8nements priv\u00e9s et corporatifs - Partout au Qu\u00e9bec","publisher":{"@id":"https:\/\/bikeskills.ca\/fr\/#organization"},"potentialAction":[{"@type":"SearchAction","target":{"@type":"EntryPoint","urlTemplate":"https:\/\/bikeskills.ca\/fr\/?s={search_term_string}"},"query-input":{"@type":"PropertyValueSpecification","valueRequired":true,"valueName":"search_term_string"}}],"inLanguage":"en-CA"},{"@type":"Organization","@id":"https:\/\/bikeskills.ca\/fr\/#organization","name":"\u00c9cole de v\u00e9lo Bikeskills","url":"https:\/\/bikeskills.ca\/fr\/","logo":{"@type":"ImageObject","inLanguage":"en-CA","@id":"https:\/\/bikeskills.ca\/fr\/#\/schema\/logo\/image\/","url":"https:\/\/bikeskills.ca\/wp-content\/uploads\/2019\/08\/Screen-Shot-2019-08-12-at-6.11.svg","contentUrl":"https:\/\/bikeskills.ca\/wp-content\/uploads\/2019\/08\/Screen-Shot-2019-08-12-at-6.11.svg","width":309,"height":83,"caption":"\u00c9cole de v\u00e9lo Bikeskills"},"image":{"@id":"https:\/\/bikeskills.ca\/fr\/#\/schema\/logo\/image\/"},"sameAs":["https:\/\/www.facebook.com\/Bikeskillsca-2194275320683514\/","https:\/\/www.instagram.com\/bikeskills.ca\/?hl=fr"]}]}},"_links":{"self":[{"href":"https:\/\/bikeskills.ca\/en\/wp-json\/wp\/v2\/pages\/16388"}],"collection":[{"href":"https:\/\/bikeskills.ca\/en\/wp-json\/wp\/v2\/pages"}],"about":[{"href":"https:\/\/bikeskills.ca\/en\/wp-json\/wp\/v2\/types\/page"}],"author":[{"embeddable":true,"href":"https:\/\/bikeskills.ca\/en\/wp-json\/wp\/v2\/users\/1"}],"replies":[{"embeddable":true,"href":"https:\/\/bikeskills.ca\/en\/wp-json\/wp\/v2\/comments?post=16388"}],"version-history":[{"count":0,"href":"https:\/\/bikeskills.ca\/en\/wp-json\/wp\/v2\/pages\/16388\/revisions"}],"wp:attachment":[{"href":"https:\/\/bikeskills.ca\/en\/wp-json\/wp\/v2\/media?parent=16388"}],"curies":[{"name":"wp","href":"https:\/\/api.w.org\/{rel}","templated":true}]}}