{"id":52,"date":"2018-11-02T10:42:38","date_gmt":"2018-11-02T10:42:38","guid":{"rendered":"http:\/\/listeo.wpengine.com\/?page_id=85"},"modified":"2018-11-02T10:42:38","modified_gmt":"2018-11-02T10:42:38","slug":"elements","status":"publish","type":"page","link":"https:\/\/bikeskills.ca\/en\/elements\/","title":{"rendered":"Elements"},"content":{"rendered":"<p>[vc_row][vc_column width=&#8221;1\/2&#8243;]<h3 class=\"headline margin-top-60 margin-bottom-35   standard black  \">Tabs Style 1<\/h3><div class=\"clearfix\"><\/div>[vc_tta_tabs shape=&#8221;square&#8221; color=&#8221;white&#8221; spacing=&#8221;&#8221; active_section=&#8221;1&#8243; no_fill_content_area=&#8221;true&#8221;][vc_tta_section title=&#8221;Tab 1&#8243; tab_id=&#8221;1484910219237-b016c90e-893f&#8221;][vc_column_text]Lorem ipsum pharetra lorem felis. Aliquam egestas consectetur elementum class aptentea taciti sociosqu ad litora torquent perea conubia nostra lorem consectetur adipiscing elit. Donec vestibulum justo a diam ultricies pellentesque.[\/vc_column_text][\/vc_tta_section][vc_tta_section title=&#8221;Tab 2&#8243; tab_id=&#8221;1484910219251-086a0908-ae65&#8243;][vc_column_text]Lorem ipsum pharetra lorem felis. Aliquam egestas consectetur elementum class aptentea taciti sociosqu ad litora torquent perea conubia nostra lorem consectetur adipiscing elit. Donec vestibulum justo a diam ultricies pellentesque.[\/vc_column_text][\/vc_tta_section][vc_tta_section title=&#8221;Tab 3&#8243; tab_id=&#8221;1484910239035-36e56128-7751&#8243;][vc_column_text]Lorem ipsum pharetra lorem felis. Aliquam egestas consectetur elementum class aptentea taciti sociosqu ad litora torquent perea conubia nostra lorem consectetur adipiscing elit. Donec vestibulum justo a diam ultricies pellentesque.[\/vc_column_text][\/vc_tta_section][\/vc_tta_tabs][\/vc_column][vc_column width=&#8221;1\/2&#8243;]<h3 class=\"headline margin-top-60 margin-bottom-35   standard black  \">Tabs Style 2<\/h3><div class=\"clearfix\"><\/div>[vc_tta_tabs style=&#8221;tabs-style-2&#8243; shape=&#8221;square&#8221; color=&#8221;white&#8221; spacing=&#8221;&#8221; active_section=&#8221;1&#8243; no_fill_content_area=&#8221;true&#8221;][vc_tta_section i_type=&#8221;linecons&#8221; i_icon_linecons=&#8221;vc_li vc_li-key&#8221; add_icon=&#8221;true&#8221; title=&#8221;Tab 1&#8243; tab_id=&#8221;1484911476886-ec617962-fac2&#8243;][vc_column_text]Lorem ipsum pharetra lorem felis. Aliquam egestas consectetur elementum class aptentea taciti sociosqu ad litora torquent perea conubia nostra lorem consectetur adipiscing elit. Donec vestibulum justo a diam ultricies pellentesque.[\/vc_column_text][\/vc_tta_section][vc_tta_section i_type=&#8221;linecons&#8221; i_icon_linecons=&#8221;vc_li vc_li-bulb&#8221; add_icon=&#8221;true&#8221; title=&#8221;Tab 2&#8243; tab_id=&#8221;1484911476965-27c39825-799f&#8221;][vc_column_text]Lorem ipsum pharetra lorem felis. Aliquam egestas consectetur elementum class aptentea taciti sociosqu ad litora torquent perea conubia nostra lorem consectetur adipiscing elit. Donec vestibulum justo a diam ultricies pellentesque.[\/vc_column_text][\/vc_tta_section][vc_tta_section i_type=&#8221;linecons&#8221; i_icon_linecons=&#8221;vc_li vc_li-star&#8221; add_icon=&#8221;true&#8221; title=&#8221;Tab 3&#8243; tab_id=&#8221;1484911477047-9fb3d52a-4a27&#8243;][vc_column_text]Lorem ipsum pharetra lorem felis. Aliquam egestas consectetur elementum class aptentea taciti sociosqu ad litora torquent perea conubia nostra lorem consectetur adipiscing elit. Donec vestibulum justo a diam ultricies pellentesque.[\/vc_column_text][\/vc_tta_section][\/vc_tta_tabs][\/vc_column][\/vc_row][vc_row css=&#8221;.vc_custom_1547641903630{margin-top: 35px !important;}&#8221;][vc_column width=&#8221;1\/2&#8243;]<h3 class=\"headline margin-top-15 margin-bottom-35   standard black  \">Buttons<\/h3><div class=\"clearfix\"><\/div>[vc_column_text] <a class=\"button\" href=\"#\">Filled Button<\/a><br \/>\n<a class=\"button medium\" href=\"#\"><i class=\"sl sl-icon-layers\"><\/i> Filled Button<\/a><br \/>\n<a class=\"button border\" href=\"#\">Border Button<\/a><br \/>\n<a class=\"button medium border\" href=\"#\"><i class=\"sl sl-icon-docs\"><\/i> Border Button<\/a>[\/vc_column_text][\/vc_column][vc_column width=&#8221;1\/2&#8243;]<h3 class=\"headline margin-top-15 margin-bottom-15   standard black  \">Toggles<\/h3><div class=\"clearfix\"><\/div>[vc_toggle title=&#8221;First Toggle&#8221; style=&#8221;style-2&#8243; open=&#8221;true&#8221; type=&#8221;simpleline&#8221; el_id=&#8221;1476136824756-75b87adc-f5fa&#8221;]Vivamus justo arcu, elementum a sollicitudin pellentesque, tincidunt ac enim. Proin id arcu ut ipsum vestibulum elementum.[\/vc_toggle][vc_toggle title=&#8221;Second Toggle&#8221; style=&#8221;style-2&#8243; type=&#8221;&#8221; el_id=&#8221;1476136824850-fb06783e-2b59&#8243;]Seded ut perspiciatis unde omnis iste natus error sit voluptatem accusantium doloremque laudantium, totam rem aperiam. Donec ut volutpat metus. Aliquam tortor lorem, fringilla tempor dignissim at, pretium et arcu.[\/vc_toggle][vc_toggle title=&#8221;Third Toggle&#8221; style=&#8221;style-2&#8243; type=&#8221;simpleline&#8221; icon_simpleline=&#8221;sl sl-icon-pin&#8221; el_id=&#8221;1476136824963-d8c0f36b-da7c&#8221; icon=&#8221;ln ln-icon-Safety-PinClose&#8221;]Seded ut perspiciatis unde omnis iste natus error sit voluptatem accusantium doloremque laudantium, totam rem aperiam. Donec ut volutpat metus. Aliquam tortor lorem, fringilla tempor dignissim at, pretium et arcu.[\/vc_toggle][\/vc_column][\/vc_row][vc_row][vc_column width=&#8221;1\/2&#8243;]<h3 class=\"headline margin-top-60 margin-bottom-35   standard black  \">Tables<\/h3><div class=\"clearfix\"><\/div>[vc_column_text]<\/p>\n<table class=\"basic-table\">\n<tbody>\n<tr>\n<th>Column 1<\/th>\n<th>Column 2<\/th>\n<\/tr>\n<tr>\n<td>Item<\/td>\n<td>Description<\/td>\n<\/tr>\n<tr>\n<td>Item<\/td>\n<td>Description<\/td>\n<\/tr>\n<tr>\n<td>Item<\/td>\n<td>Description<\/td>\n<\/tr>\n<tr>\n<td>Item<\/td>\n<td>Description<\/td>\n<\/tr>\n<\/tbody>\n<\/table>\n<p>[\/vc_column_text][\/vc_column][vc_column width=&#8221;1\/2&#8243;]<h3 class=\"headline margin-top-60 margin-bottom-35   standard black  \">Notifications<\/h3><div class=\"clearfix\"><\/div>[vc_message color=&#8221;info&#8221; message_box_style=&#8221;solid&#8221;]I am message box. Click edit button to change this text.[\/vc_message][vc_message color=&#8221;success&#8221; message_box_style=&#8221;solid&#8221; message_box_color=&#8221;success&#8221; icon_fontawesome=&#8221;fa fa-check&#8221;]I am message box. Click edit button to change this text.[\/vc_message][vc_message color=&#8221;warning&#8221; message_box_style=&#8221;solid&#8221; message_box_color=&#8221;warning&#8221; icon_fontawesome=&#8221;fa fa-exclamation-triangle&#8221;]I am message box. Click edit button to change this text.[\/vc_message][vc_message color=&#8221;danger&#8221; message_box_style=&#8221;solid&#8221; message_box_color=&#8221;danger&#8221; icon_fontawesome=&#8221;fa fa-times&#8221;]I am message box. Click edit button to change this text.[\/vc_message][\/vc_column][\/vc_row][vc_row][vc_column][vc_column_text]<\/p>\n<p>[\/vc_column_text][\/vc_column][\/vc_row][vc_row][vc_column]<h3 class=\"headline margin-top-25 margin-bottom-35   standard black  \">Social Icons <\/h3><div class=\"clearfix\"><\/div>[vc_column_text]<ul class=\"ptwsi_social-icons ptwsi  rounded    \"><li><a target=\"_blank\" class=\"twitter  ptwsi-social-icon\" href=\"\"><i class=\"ptwsi-icon-twitter\"><\/i><\/a><\/li><li><a target=\"_blank\" class=\"facebook  ptwsi-social-icon\" href=\"\"><i class=\"ptwsi-icon-facebook\"><\/i><\/a><\/li><li><a target=\"_blank\" class=\"wordpress  ptwsi-social-icon\" href=\"\"><i class=\"ptwsi-icon-wordpress\"><\/i><\/a><\/li><li><a target=\"_blank\" class=\"linkedin  ptwsi-social-icon\" href=\"\"><i class=\"ptwsi-icon-linkedin\"><\/i><\/a><\/li><li><a target=\"_blank\" class=\"steam  ptwsi-social-icon\" href=\"\"><i class=\"ptwsi-icon-steam\"><\/i><\/a><\/li><li><a target=\"_blank\" class=\"github  ptwsi-social-icon\" href=\"\"><i class=\"ptwsi-icon-github\"><\/i><\/a><\/li><li><a target=\"_blank\" class=\"delicious  ptwsi-social-icon\" href=\"\"><i class=\"ptwsi-icon-delicious\"><\/i><\/a><\/li><li><a target=\"_blank\" class=\"instagram  ptwsi-social-icon\" href=\"\"><i class=\"ptwsi-icon-instagram\"><\/i><\/a><\/li><li><a target=\"_blank\" class=\"xing  ptwsi-social-icon\" href=\"\"><i class=\"ptwsi-icon-xing\"><\/i><\/a><\/li><li><a target=\"_blank\" class=\"amazon  ptwsi-social-icon\" href=\"\"><i class=\"ptwsi-icon-amazon\"><\/i><\/a><\/li><li><a target=\"_blank\" class=\"dropbox  ptwsi-social-icon\" href=\"\"><i class=\"ptwsi-icon-dropbox\"><\/i><\/a><\/li><li><a target=\"_blank\" class=\"lastfm  ptwsi-social-icon\" href=\"\"><i class=\"ptwsi-icon-lastfm\"><\/i><\/a><\/li><li><a target=\"_blank\" class=\"gplus  ptwsi-social-icon\" href=\"\"><i class=\"ptwsi-icon-gplus\"><\/i><\/a><\/li><li><a target=\"_blank\" class=\"yahoo  ptwsi-social-icon\" href=\"\"><i class=\"ptwsi-icon-yahoo\"><\/i><\/a><\/li><li><a target=\"_blank\" class=\"pinterest  ptwsi-social-icon\" href=\"\"><i class=\"ptwsi-icon-pinterest\"><\/i><\/a><\/li><li><a target=\"_blank\" class=\"dribbble  ptwsi-social-icon\" href=\"\"><i class=\"ptwsi-icon-dribbble\"><\/i><\/a><\/li><li><a target=\"_blank\" class=\"flickr  ptwsi-social-icon\" href=\"\"><i class=\"ptwsi-icon-flickr\"><\/i><\/a><\/li><li><a target=\"_blank\" class=\"reddit  ptwsi-social-icon\" href=\"\"><i class=\"ptwsi-icon-reddit\"><\/i><\/a><\/li><li><a target=\"_blank\" class=\"vimeo  ptwsi-social-icon\" href=\"\"><i class=\"ptwsi-icon-vimeo\"><\/i><\/a><\/li><li><a target=\"_blank\" class=\"spotify  ptwsi-social-icon\" href=\"\"><i class=\"ptwsi-icon-spotify\"><\/i><\/a><\/li><li><a target=\"_blank\" class=\"rss  ptwsi-social-icon\" href=\"\"><i class=\"ptwsi-icon-rss\"><\/i><\/a><\/li><li><a target=\"_blank\" class=\"youtube  ptwsi-social-icon\" href=\"\"><i class=\"ptwsi-icon-youtube\"><\/i><\/a><\/li><li><a target=\"_blank\" class=\"blogger  ptwsi-social-icon\" href=\"\"><i class=\"ptwsi-icon-blogger\"><\/i><\/a><\/li><li><a target=\"_blank\" class=\"appstore  ptwsi-social-icon\" href=\"\"><i class=\"ptwsi-icon-appstore\"><\/i><\/a><\/li><li><a target=\"_blank\" class=\"digg  ptwsi-social-icon\" href=\"\"><i class=\"ptwsi-icon-digg\"><\/i><\/a><\/li><li><a target=\"_blank\" class=\"evernote  ptwsi-social-icon\" href=\"\"><i class=\"ptwsi-icon-evernote\"><\/i><\/a><\/li><li><a target=\"_blank\" class=\"fivehundredpx  ptwsi-social-icon\" href=\"\"><i class=\"ptwsi-icon-fivehundredpx\"><\/i><\/a><\/li><li><a target=\"_blank\" class=\"forrst  ptwsi-social-icon\" href=\"\"><i class=\"ptwsi-icon-forrst\"><\/i><\/a><\/li><li><a target=\"_blank\" class=\"stumbleupon  ptwsi-social-icon\" href=\"\"><i class=\"ptwsi-icon-stumbleupon\"><\/i><\/a><\/li><\/ul><div class=\"clearfix\"><\/div>[\/vc_column_text][\/vc_column][\/vc_row]<\/p>\n","protected":false},"excerpt":{"rendered":"<p>[vc_row][vc_column width=&#8221;1\/2&#8243;][vc_tta_tabs shape=&#8221;square&#8221; color=&#8221;white&#8221; spacing=&#8221;&#8221; active_section=&#8221;1&#8243; no_fill_content_area=&#8221;true&#8221;][vc_tta_section title=&#8221;Tab 1&#8243; tab_id=&#8221;1484910219237-b016c90e-893f&#8221;][vc_column_text]Lorem ipsum pharetra lorem felis. Aliquam egestas consectetur elementum class aptentea taciti sociosqu ad litora torquent perea conubia nostra lorem consectetur adipiscing elit. Donec vestibulum justo a diam ultricies pellentesque.[\/vc_column_text][\/vc_tta_section][vc_tta_section title=&#8221;Tab 2&#8243; tab_id=&#8221;1484910219251-086a0908-ae65&#8243;][vc_column_text]Lorem ipsum pharetra lorem felis. Aliquam egestas consectetur elementum class aptentea taciti sociosqu ad [&hellip;]<\/p>\n","protected":false},"author":1,"featured_media":0,"parent":0,"menu_order":0,"comment_status":"closed","ping_status":"closed","template":"","meta":{"footnotes":"","_links_to":"","_links_to_target":""},"yoast_head":"<!-- This site is optimized with the Yoast SEO plugin v24.2 - https:\/\/yoast.com\/wordpress\/plugins\/seo\/ -->\n<title>Elements - \u00c9cole de v\u00e9lo Bikeskills<\/title>\n<meta name=\"robots\" content=\"index, follow, max-snippet:-1, max-image-preview:large, max-video-preview:-1\" \/>\n<link rel=\"canonical\" href=\"https:\/\/bikeskills.ca\/en\/elements\/\" \/>\n<meta property=\"og:locale\" content=\"en_US\" \/>\n<meta property=\"og:type\" content=\"article\" \/>\n<meta property=\"og:title\" content=\"Elements - \u00c9cole de v\u00e9lo Bikeskills\" \/>\n<meta property=\"og:description\" content=\"[vc_row][vc_column width=&#8221;1\/2&#8243;][vc_tta_tabs shape=&#8221;square&#8221; color=&#8221;white&#8221; spacing=&#8221;&#8221; active_section=&#8221;1&#8243; no_fill_content_area=&#8221;true&#8221;][vc_tta_section title=&#8221;Tab 1&#8243; tab_id=&#8221;1484910219237-b016c90e-893f&#8221;][vc_column_text]Lorem ipsum pharetra lorem felis. Aliquam egestas consectetur elementum class aptentea taciti sociosqu ad litora torquent perea conubia nostra lorem consectetur adipiscing elit. Donec vestibulum justo a diam ultricies pellentesque.[\/vc_column_text][\/vc_tta_section][vc_tta_section title=&#8221;Tab 2&#8243; tab_id=&#8221;1484910219251-086a0908-ae65&#8243;][vc_column_text]Lorem ipsum pharetra lorem felis. Aliquam egestas consectetur elementum class aptentea taciti sociosqu ad [&hellip;]\" \/>\n<meta property=\"og:url\" content=\"https:\/\/bikeskills.ca\/en\/elements\/\" \/>\n<meta property=\"og:site_name\" content=\"\u00c9cole de v\u00e9lo Bikeskills\" \/>\n<meta property=\"article:publisher\" content=\"https:\/\/www.facebook.com\/Bikeskillsca-2194275320683514\/\" \/>\n<meta name=\"twitter:card\" content=\"summary_large_image\" \/>\n<meta name=\"twitter:label1\" content=\"Est. reading time\" \/>\n\t<meta name=\"twitter:data1\" content=\"6 minutes\" \/>\n<script type=\"application\/ld+json\" class=\"yoast-schema-graph\">{\"@context\":\"https:\/\/schema.org\",\"@graph\":[{\"@type\":\"WebPage\",\"@id\":\"https:\/\/bikeskills.ca\/fr\/elements\/\",\"url\":\"https:\/\/bikeskills.ca\/fr\/elements\/\",\"name\":\"Elements - \u00c9cole de v\u00e9lo Bikeskills\",\"isPartOf\":{\"@id\":\"https:\/\/bikeskills.ca\/fr\/#website\"},\"datePublished\":\"2018-11-02T10:42:38+00:00\",\"dateModified\":\"2018-11-02T10:42:38+00:00\",\"breadcrumb\":{\"@id\":\"https:\/\/bikeskills.ca\/fr\/elements\/#breadcrumb\"},\"inLanguage\":\"en-CA\",\"potentialAction\":[{\"@type\":\"ReadAction\",\"target\":[\"https:\/\/bikeskills.ca\/fr\/elements\/\"]}]},{\"@type\":\"BreadcrumbList\",\"@id\":\"https:\/\/bikeskills.ca\/fr\/elements\/#breadcrumb\",\"itemListElement\":[{\"@type\":\"ListItem\",\"position\":1,\"name\":\"Home\",\"item\":\"https:\/\/bikeskills.ca\/fr\/\"},{\"@type\":\"ListItem\",\"position\":2,\"name\":\"Elements\"}]},{\"@type\":\"WebSite\",\"@id\":\"https:\/\/bikeskills.ca\/fr\/#website\",\"url\":\"https:\/\/bikeskills.ca\/fr\/\",\"name\":\"\u00c9cole de v\u00e9lo Bikeskills\",\"description\":\"\u00c9cole de v\u00e9lo de montagne - Cours de v\u00e9lo de montagne - \u00c9v\u00e8nements priv\u00e9s et corporatifs - Partout au Qu\u00e9bec\",\"publisher\":{\"@id\":\"https:\/\/bikeskills.ca\/fr\/#organization\"},\"potentialAction\":[{\"@type\":\"SearchAction\",\"target\":{\"@type\":\"EntryPoint\",\"urlTemplate\":\"https:\/\/bikeskills.ca\/fr\/?s={search_term_string}\"},\"query-input\":{\"@type\":\"PropertyValueSpecification\",\"valueRequired\":true,\"valueName\":\"search_term_string\"}}],\"inLanguage\":\"en-CA\"},{\"@type\":\"Organization\",\"@id\":\"https:\/\/bikeskills.ca\/fr\/#organization\",\"name\":\"\u00c9cole de v\u00e9lo Bikeskills\",\"url\":\"https:\/\/bikeskills.ca\/fr\/\",\"logo\":{\"@type\":\"ImageObject\",\"inLanguage\":\"en-CA\",\"@id\":\"https:\/\/bikeskills.ca\/fr\/#\/schema\/logo\/image\/\",\"url\":\"https:\/\/bikeskills.ca\/wp-content\/uploads\/2019\/08\/Screen-Shot-2019-08-12-at-6.11.svg\",\"contentUrl\":\"https:\/\/bikeskills.ca\/wp-content\/uploads\/2019\/08\/Screen-Shot-2019-08-12-at-6.11.svg\",\"width\":309,\"height\":83,\"caption\":\"\u00c9cole de v\u00e9lo Bikeskills\"},\"image\":{\"@id\":\"https:\/\/bikeskills.ca\/fr\/#\/schema\/logo\/image\/\"},\"sameAs\":[\"https:\/\/www.facebook.com\/Bikeskillsca-2194275320683514\/\",\"https:\/\/www.instagram.com\/bikeskills.ca\/?hl=fr\"]}]}<\/script>\n<!-- \/ Yoast SEO plugin. -->","yoast_head_json":{"title":"Elements - \u00c9cole de v\u00e9lo Bikeskills","robots":{"index":"index","follow":"follow","max-snippet":"max-snippet:-1","max-image-preview":"max-image-preview:large","max-video-preview":"max-video-preview:-1"},"canonical":"https:\/\/bikeskills.ca\/en\/elements\/","og_locale":"en_US","og_type":"article","og_title":"Elements - \u00c9cole de v\u00e9lo Bikeskills","og_description":"[vc_row][vc_column width=&#8221;1\/2&#8243;][vc_tta_tabs shape=&#8221;square&#8221; color=&#8221;white&#8221; spacing=&#8221;&#8221; active_section=&#8221;1&#8243; no_fill_content_area=&#8221;true&#8221;][vc_tta_section title=&#8221;Tab 1&#8243; tab_id=&#8221;1484910219237-b016c90e-893f&#8221;][vc_column_text]Lorem ipsum pharetra lorem felis. Aliquam egestas consectetur elementum class aptentea taciti sociosqu ad litora torquent perea conubia nostra lorem consectetur adipiscing elit. Donec vestibulum justo a diam ultricies pellentesque.[\/vc_column_text][\/vc_tta_section][vc_tta_section title=&#8221;Tab 2&#8243; tab_id=&#8221;1484910219251-086a0908-ae65&#8243;][vc_column_text]Lorem ipsum pharetra lorem felis. Aliquam egestas consectetur elementum class aptentea taciti sociosqu ad [&hellip;]","og_url":"https:\/\/bikeskills.ca\/en\/elements\/","og_site_name":"\u00c9cole de v\u00e9lo Bikeskills","article_publisher":"https:\/\/www.facebook.com\/Bikeskillsca-2194275320683514\/","twitter_card":"summary_large_image","twitter_misc":{"Est. reading time":"6 minutes"},"schema":{"@context":"https:\/\/schema.org","@graph":[{"@type":"WebPage","@id":"https:\/\/bikeskills.ca\/fr\/elements\/","url":"https:\/\/bikeskills.ca\/fr\/elements\/","name":"Elements - \u00c9cole de v\u00e9lo Bikeskills","isPartOf":{"@id":"https:\/\/bikeskills.ca\/fr\/#website"},"datePublished":"2018-11-02T10:42:38+00:00","dateModified":"2018-11-02T10:42:38+00:00","breadcrumb":{"@id":"https:\/\/bikeskills.ca\/fr\/elements\/#breadcrumb"},"inLanguage":"en-CA","potentialAction":[{"@type":"ReadAction","target":["https:\/\/bikeskills.ca\/fr\/elements\/"]}]},{"@type":"BreadcrumbList","@id":"https:\/\/bikeskills.ca\/fr\/elements\/#breadcrumb","itemListElement":[{"@type":"ListItem","position":1,"name":"Home","item":"https:\/\/bikeskills.ca\/fr\/"},{"@type":"ListItem","position":2,"name":"Elements"}]},{"@type":"WebSite","@id":"https:\/\/bikeskills.ca\/fr\/#website","url":"https:\/\/bikeskills.ca\/fr\/","name":"\u00c9cole de v\u00e9lo Bikeskills","description":"\u00c9cole de v\u00e9lo de montagne - Cours de v\u00e9lo de montagne - \u00c9v\u00e8nements priv\u00e9s et corporatifs - Partout au Qu\u00e9bec","publisher":{"@id":"https:\/\/bikeskills.ca\/fr\/#organization"},"potentialAction":[{"@type":"SearchAction","target":{"@type":"EntryPoint","urlTemplate":"https:\/\/bikeskills.ca\/fr\/?s={search_term_string}"},"query-input":{"@type":"PropertyValueSpecification","valueRequired":true,"valueName":"search_term_string"}}],"inLanguage":"en-CA"},{"@type":"Organization","@id":"https:\/\/bikeskills.ca\/fr\/#organization","name":"\u00c9cole de v\u00e9lo Bikeskills","url":"https:\/\/bikeskills.ca\/fr\/","logo":{"@type":"ImageObject","inLanguage":"en-CA","@id":"https:\/\/bikeskills.ca\/fr\/#\/schema\/logo\/image\/","url":"https:\/\/bikeskills.ca\/wp-content\/uploads\/2019\/08\/Screen-Shot-2019-08-12-at-6.11.svg","contentUrl":"https:\/\/bikeskills.ca\/wp-content\/uploads\/2019\/08\/Screen-Shot-2019-08-12-at-6.11.svg","width":309,"height":83,"caption":"\u00c9cole de v\u00e9lo Bikeskills"},"image":{"@id":"https:\/\/bikeskills.ca\/fr\/#\/schema\/logo\/image\/"},"sameAs":["https:\/\/www.facebook.com\/Bikeskillsca-2194275320683514\/","https:\/\/www.instagram.com\/bikeskills.ca\/?hl=fr"]}]}},"_links":{"self":[{"href":"https:\/\/bikeskills.ca\/en\/wp-json\/wp\/v2\/pages\/52"}],"collection":[{"href":"https:\/\/bikeskills.ca\/en\/wp-json\/wp\/v2\/pages"}],"about":[{"href":"https:\/\/bikeskills.ca\/en\/wp-json\/wp\/v2\/types\/page"}],"author":[{"embeddable":true,"href":"https:\/\/bikeskills.ca\/en\/wp-json\/wp\/v2\/users\/1"}],"replies":[{"embeddable":true,"href":"https:\/\/bikeskills.ca\/en\/wp-json\/wp\/v2\/comments?post=52"}],"version-history":[{"count":0,"href":"https:\/\/bikeskills.ca\/en\/wp-json\/wp\/v2\/pages\/52\/revisions"}],"wp:attachment":[{"href":"https:\/\/bikeskills.ca\/en\/wp-json\/wp\/v2\/media?parent=52"}],"curies":[{"name":"wp","href":"https:\/\/api.w.org\/{rel}","templated":true}]}}