{"id":63,"date":"2018-11-02T10:41:38","date_gmt":"2018-11-02T10:41:38","guid":{"rendered":"http:\/\/listeo.wpengine.com\/?page_id=33"},"modified":"2018-11-02T10:41:38","modified_gmt":"2018-11-02T10:41:38","slug":"half-list","status":"publish","type":"page","link":"https:\/\/bikeskills.ca\/en\/half-list\/","title":{"rendered":"Half List"},"content":{"rendered":"\r\n\t\t\t<div class=\"row margin-bottom-25\">\r\n\r\n\t\t\t\t\n\t<div class=\"col-md-3 col-xs-6\">\n\t\t<!-- Layout Switcher -->\n\t\t<div class=\"layout-switcher\">\n\t\t\t<a href=\"#\" data-layout=\"grid\" class=\"grid\"><i class=\"fa fa-th\"><\/i><\/a>\n\t\t\t<a href=\"#\" data-layout=\"list\" class=\"list\"><i class=\"fa fa-align-justify\"><\/i><\/a>\n\t\t<\/div>\n\t<\/div>\n\n\n<!-- Sorting \/ Layout Switcher -->\n\t<div class=\"col-md-9\">\n\t\t\t<div class=\"fullwidth-filters  ajax-search \">\n\n\t\t\t\n\t\t\t\n\t\t\t\t\t\t\t<!-- Sort by -->\n\t\t\t\t<div class=\"sort-by\">\n\t\t\t\t\t<div class=\"sort-by-select\">\n\t\t\t\t\t\t\t\t\t\t\t\t<select form=\"listeo_core-search-form\" name=\"listeo_core_order\" data-placeholder=\"Default order\" class=\"select2-sortby orderby\">\n\t\t\t\t\t\t\t<option  value=\"default\">Default Order<\/option>\n\t\t\t\t\t\t\t<option  value=\"highest-rated\">Highest Rated<\/option>\n\t\t\t\t\t\t\t\t\t\t\t\t\t\t\t<option  value=\"reviewed\">Most Reviewed<\/option>\n\t\t\t\t\t\t\t\t\t\t\t\t\t\t<option  value=\"date-desc\">Newest Listings<\/option>\n\t\t\t\t\t\t\t<option  selected='selected' value=\"date-asc\">Oldest Listings<\/option>\n\t\t\t\t\t\t\t<option  value=\"title\">Alphabetically<\/option>\n\t\t\t\t\t\t\t<option  value=\"featured\">Featured<\/option>\n\t\t\t\t\t\t\t<option  value=\"views\">Most Views<\/option>\n\t\t\t\t\t\t\t<option  value=\"verified\">Verified<\/option>\n\t\t\t\t\t\t\t<option  value=\"upcoming-event\">Upcoming Event<\/option>\n\t\t\t\t\t\t\t<option  value=\"rand\">Random<\/option>\n\t\t\t\t\t\t<\/select>\n\t\t\t\t\t<\/div>\n\t\t\t\t<\/div>\n\t\t\t\t<!-- Sort by \/ End -->\n\t\t\t\n\t\t<\/div>\n\t\t<\/div>\t\t\t<\/div>\r\n\t\t<!-- Listings -->\r\n\r\n<div id=\"listeo-listings-container\" \r\ndata-counter=\"73\" \r\ndata-style=\"list\"  \r\ndata-custom_class=\"\" \r\ndata-per_page=\"6\" \r\ndata-grid_columns=\"2\" \r\n data-region=\"\"  data-_listing_type=\"\"  data-category=\"\"  data-feature=\"\"  data-rental-category=\"\"  data-service-category=\"\"  data-event-category=\"\" class=\"row  ajax-search\">\r\n\t<div class=\"loader-ajax-container\" style=\"\"> <div class=\"loader-ajax\"><\/div> <\/div>\r\n<!-- Listing Item -->\r\n\r\n<div class=\"col-lg-12 col-md-12\">\r\n\t<div class=\"listing-item-container listing-geo-data list-layout listing-type-service\" \n\t\tdata-title=\"2025 &#8211; Bromont &#8211; Parc des Sommets (Mont Oak) &#8211; Cours de v\u00e9lo de montagne Initiation\"\n\t\tdata-listing-type=\"service\"\n\t\tdata-classifieds-price=\"&#36;\"\n\t\tdata-friendly-address=\"Parc des Sommets (Mont Oak)\"\n\t\tdata-address=\"Parc des Sommets (Mont Oak)\"\n\t\tdata-image=\"https:\/\/bikeskills.ca\/wp-content\/uploads\/2023\/12\/32-1-520x397.png\"\n\t\tdata-longitude=\"45.30069899999999\"\n\t\tdata-latitude=\"-72.66590599999999\"\n\t\t\t\t\tdata-rating=\"0\"\n\t\t\tdata-reviews=\"0\"\n\t\t\t\tdata-icon=\"&lt;i class=&quot;sl sl-icon-location&quot;&gt;&lt;\/i&gt;\"\n\n\t>\r\n\t\t<a href=\"https:\/\/bikeskills.ca\/en\/listing\/parc-des-sommets-bromont-clinique-initiation-cours-de-velo-de-montagne\/\" class=\"listing-item \">\r\n\t\t\t<div class=\"listing-small-badges-container\">\r\n\t\t\t\t\r\n\r\n\t\t\t<\/div>\r\n\t\t\t<!-- Image -->\r\n\t\t\t<div class=\"listing-item-image\">\r\n\t\t\t\t<img fetchpriority=\"high\" decoding=\"async\" width=\"520\" height=\"397\" src=\"https:\/\/bikeskills.ca\/wp-content\/uploads\/2023\/12\/32-1-520x397.png\" class=\"attachment-listeo-listing-grid size-listeo-listing-grid wp-post-image\" alt=\"Logo beige sur bleu repr\u00e9sentant la marque du Parc des sommets \u00e0 Bromont\" \/>\t\t\t\t\t\t\t<\/div>\r\n\r\n\t\t\t<!-- Content -->\r\n\t\t\t<div class=\"listing-item-content\">\r\n\t\t\t\t\t\t\t\t<div class=\"listing-item-inner\">\r\n\t\t\t\t\t<h3>\r\n\t\t\t\t\t\t2025 &#8211; Bromont &#8211; Parc des Sommets (Mont Oak) &#8211; Cours de v\u00e9lo de montagne Initiation\t\t\t\t\t\t\t\t\t\t\t<\/h3>\r\n\t\t\t\t\t<span>Parc des Sommets (Mont Oak)<\/span>\r\n\t\t\t\t\t\r\n\t\t\t\t\t\t\t\t\t\t\t\t\t\t\t\t\t\t\t\t\t\t\t\t\t\t\t<div class=\"listing-list-small-badges-container\">\r\n\t\t\t\t\t\t\t\t\t\t\t\t\t\t\t\t\t\t\t\t\t\t\t\t\t\t\t\t\t\t\t\t\t<div class=\"listing-small-badge instant-badge\"><i class=\"fa fa-bolt\"><\/i> Instant Booking<\/div>\r\n\t\t\t\t\t\t\t\t\t\t\t\t\t\t\t\t\t\t\t\t\t\t\t\t\t\t\t\t\t\t\t\t<\/div>\r\n\t\t\t\t\t\t\t\r\n\t\t\t\t\t\t\t\t<\/div>\r\n\r\n\t\t\t\t\t\t\t\t\t\t\t\t\t\t\t\t\t\t<span class=\"save like-icon tooltip left\" title=\"Login To Bookmark Items\"><\/span>\r\n\t\t\t\t\t\t\t\t\t\t\t\t\t\t\t\t\t\r\n\t\t\t\t<\/div>\r\n\t\t<\/a>\r\n\t<\/div>\r\n<\/div>\r\n\r\n<!-- Listing Item \/ End --><!-- Listing Item -->\r\n\r\n<div class=\"col-lg-12 col-md-12\">\r\n\t<div class=\"listing-item-container listing-geo-data list-layout listing-type-service\" \n\t\tdata-title=\"2025 &#8211; Bromont &#8211; Parc des Sommets (Mont Oak) &#8211; Cours de v\u00e9lo de montagne D\u00e9butant\"\n\t\tdata-listing-type=\"service\"\n\t\tdata-classifieds-price=\"&#36;\"\n\t\tdata-friendly-address=\"Parc des Sommets (Mont Oak)\"\n\t\tdata-address=\"Parc des Sommets (Mont Oak)\"\n\t\tdata-image=\"https:\/\/bikeskills.ca\/wp-content\/uploads\/2023\/12\/32-1-520x397.png\"\n\t\tdata-longitude=\"45.30069899999999\"\n\t\tdata-latitude=\"-72.66590599999999\"\n\t\t\t\t\tdata-rating=\"0\"\n\t\t\tdata-reviews=\"0\"\n\t\t\t\tdata-icon=\"&lt;i class=&quot;sl sl-icon-location&quot;&gt;&lt;\/i&gt;\"\n\n\t>\r\n\t\t<a href=\"https:\/\/bikeskills.ca\/en\/listing\/2025-bromont-parc-des-sommets-mont-oak-cours-de-velo-de-montagne-debutant\/\" class=\"listing-item \">\r\n\t\t\t<div class=\"listing-small-badges-container\">\r\n\t\t\t\t\r\n\r\n\t\t\t<\/div>\r\n\t\t\t<!-- Image -->\r\n\t\t\t<div class=\"listing-item-image\">\r\n\t\t\t\t<img fetchpriority=\"high\" decoding=\"async\" width=\"520\" height=\"397\" src=\"https:\/\/bikeskills.ca\/wp-content\/uploads\/2023\/12\/32-1-520x397.png\" class=\"attachment-listeo-listing-grid size-listeo-listing-grid wp-post-image\" alt=\"Logo beige sur bleu repr\u00e9sentant la marque du Parc des sommets \u00e0 Bromont\" \/>\t\t\t\t\t\t\t<\/div>\r\n\r\n\t\t\t<!-- Content -->\r\n\t\t\t<div class=\"listing-item-content\">\r\n\t\t\t\t\t\t\t\t<div class=\"listing-item-inner\">\r\n\t\t\t\t\t<h3>\r\n\t\t\t\t\t\t2025 &#8211; Bromont &#8211; Parc des Sommets (Mont Oak) &#8211; Cours de v\u00e9lo de montagne D\u00e9butant\t\t\t\t\t\t\t\t\t\t\t<\/h3>\r\n\t\t\t\t\t<span>Parc des Sommets (Mont Oak)<\/span>\r\n\t\t\t\t\t\r\n\t\t\t\t\t\t\t\t\t\t\t\t\t\t\t\t\t\t\t\t\t\t\t\t\t\t\t<div class=\"listing-list-small-badges-container\">\r\n\t\t\t\t\t\t\t\t\t\t\t\t\t\t\t\t\t\t\t\t\t\t\t\t\t\t\t\t\t\t\t\t\t<div class=\"listing-small-badge instant-badge\"><i class=\"fa fa-bolt\"><\/i> Instant Booking<\/div>\r\n\t\t\t\t\t\t\t\t\t\t\t\t\t\t\t\t\t\t\t\t\t\t\t\t\t\t\t\t\t\t\t\t<\/div>\r\n\t\t\t\t\t\t\t\r\n\t\t\t\t\t\t\t\t<\/div>\r\n\r\n\t\t\t\t\t\t\t\t\t\t\t\t\t\t\t\t\t\t<span class=\"save like-icon tooltip left\" title=\"Login To Bookmark Items\"><\/span>\r\n\t\t\t\t\t\t\t\t\t\t\t\t\t\t\t\t\t\r\n\t\t\t\t<\/div>\r\n\t\t<\/a>\r\n\t<\/div>\r\n<\/div>\r\n\r\n<!-- Listing Item \/ End --><!-- Listing Item -->\r\n\r\n<div class=\"col-lg-12 col-md-12\">\r\n\t<div class=\"listing-item-container listing-geo-data list-layout listing-type-service\" \n\t\tdata-title=\"2025 &#8211; Bromont &#8211; Parc des Sommets (Mont Oak) &#8211; Cours de v\u00e9lo de montagne Interm\u00e9diaire\"\n\t\tdata-listing-type=\"service\"\n\t\tdata-classifieds-price=\"&#36;\"\n\t\tdata-friendly-address=\"Parc des Sommets (Mont Oak)\"\n\t\tdata-address=\"Parc des Sommets (Mont Oak)\"\n\t\tdata-image=\"https:\/\/bikeskills.ca\/wp-content\/uploads\/2023\/12\/32-1-520x397.png\"\n\t\tdata-longitude=\"45.30069899999999\"\n\t\tdata-latitude=\"-72.66590599999999\"\n\t\t\t\t\tdata-rating=\"0\"\n\t\t\tdata-reviews=\"0\"\n\t\t\t\tdata-icon=\"&lt;i class=&quot;sl sl-icon-location&quot;&gt;&lt;\/i&gt;\"\n\n\t>\r\n\t\t<a href=\"https:\/\/bikeskills.ca\/en\/listing\/2025-bromont-parc-des-sommets-mont-oak-cours-de-velo-de-montagne-intermediaire\/\" class=\"listing-item \">\r\n\t\t\t<div class=\"listing-small-badges-container\">\r\n\t\t\t\t\r\n\r\n\t\t\t<\/div>\r\n\t\t\t<!-- Image -->\r\n\t\t\t<div class=\"listing-item-image\">\r\n\t\t\t\t<img fetchpriority=\"high\" decoding=\"async\" width=\"520\" height=\"397\" src=\"https:\/\/bikeskills.ca\/wp-content\/uploads\/2023\/12\/32-1-520x397.png\" class=\"attachment-listeo-listing-grid size-listeo-listing-grid wp-post-image\" alt=\"Logo beige sur bleu repr\u00e9sentant la marque du Parc des sommets \u00e0 Bromont\" \/>\t\t\t\t\t\t\t<\/div>\r\n\r\n\t\t\t<!-- Content -->\r\n\t\t\t<div class=\"listing-item-content\">\r\n\t\t\t\t\t\t\t\t<div class=\"listing-item-inner\">\r\n\t\t\t\t\t<h3>\r\n\t\t\t\t\t\t2025 &#8211; Bromont &#8211; Parc des Sommets (Mont Oak) &#8211; Cours de v\u00e9lo de montagne Interm\u00e9diaire\t\t\t\t\t\t\t\t\t\t\t<\/h3>\r\n\t\t\t\t\t<span>Parc des Sommets (Mont Oak)<\/span>\r\n\t\t\t\t\t\r\n\t\t\t\t\t\t\t\t\t\t\t\t\t\t\t\t\t\t\t\t\t\t\t\t\t\t\t<div class=\"listing-list-small-badges-container\">\r\n\t\t\t\t\t\t\t\t\t\t\t\t\t\t\t\t\t\t\t\t\t\t\t\t\t\t\t\t\t\t\t\t\t<div class=\"listing-small-badge instant-badge\"><i class=\"fa fa-bolt\"><\/i> Instant Booking<\/div>\r\n\t\t\t\t\t\t\t\t\t\t\t\t\t\t\t\t\t\t\t\t\t\t\t\t\t\t\t\t\t\t\t\t<\/div>\r\n\t\t\t\t\t\t\t\r\n\t\t\t\t\t\t\t\t<\/div>\r\n\r\n\t\t\t\t\t\t\t\t\t\t\t\t\t\t\t\t\t\t<span class=\"save like-icon tooltip left\" title=\"Login To Bookmark Items\"><\/span>\r\n\t\t\t\t\t\t\t\t\t\t\t\t\t\t\t\t\t\r\n\t\t\t\t<\/div>\r\n\t\t<\/a>\r\n\t<\/div>\r\n<\/div>\r\n\r\n<!-- Listing Item \/ End --><!-- Listing Item -->\r\n\r\n<div class=\"col-lg-12 col-md-12\">\r\n\t<div class=\"listing-item-container listing-geo-data list-layout listing-type-service\" \n\t\tdata-title=\"2025 &#8211; Bromont &#8211; Montagne de Bromont (P7) &#8211; Cours de v\u00e9lo de montagne Interm\u00e9diaire enduro\"\n\t\tdata-listing-type=\"service\"\n\t\tdata-classifieds-price=\"&#36;\"\n\t\tdata-friendly-address=\"Parc des Sommets (Mont Oak)\"\n\t\tdata-address=\"Parc des Sommets (Mont Oak)\"\n\t\tdata-image=\"https:\/\/bikeskills.ca\/wp-content\/uploads\/2023\/12\/32-1-520x397.png\"\n\t\tdata-longitude=\"45.30069899999999\"\n\t\tdata-latitude=\"-72.66590599999999\"\n\t\t\t\t\tdata-rating=\"0\"\n\t\t\tdata-reviews=\"0\"\n\t\t\t\tdata-icon=\"&lt;i class=&quot;sl sl-icon-location&quot;&gt;&lt;\/i&gt;\"\n\n\t>\r\n\t\t<a href=\"https:\/\/bikeskills.ca\/en\/listing\/2025-bromont-montagne-de-bromont-p7-cours-de-velo-de-montagne-intermediaire-enduro\/\" class=\"listing-item \">\r\n\t\t\t<div class=\"listing-small-badges-container\">\r\n\t\t\t\t\r\n\r\n\t\t\t<\/div>\r\n\t\t\t<!-- Image -->\r\n\t\t\t<div class=\"listing-item-image\">\r\n\t\t\t\t<img fetchpriority=\"high\" decoding=\"async\" width=\"520\" height=\"397\" src=\"https:\/\/bikeskills.ca\/wp-content\/uploads\/2023\/12\/32-1-520x397.png\" class=\"attachment-listeo-listing-grid size-listeo-listing-grid wp-post-image\" alt=\"Logo beige sur bleu repr\u00e9sentant la marque du Parc des sommets \u00e0 Bromont\" \/>\t\t\t\t\t\t\t<\/div>\r\n\r\n\t\t\t<!-- Content -->\r\n\t\t\t<div class=\"listing-item-content\">\r\n\t\t\t\t\t\t\t\t<div class=\"listing-item-inner\">\r\n\t\t\t\t\t<h3>\r\n\t\t\t\t\t\t2025 &#8211; Bromont &#8211; Montagne de Bromont (P7) &#8211; Cours de v\u00e9lo de montagne Interm\u00e9diaire enduro\t\t\t\t\t\t\t\t\t\t\t<\/h3>\r\n\t\t\t\t\t<span>Parc des Sommets (Mont Oak)<\/span>\r\n\t\t\t\t\t\r\n\t\t\t\t\t\t\t\t\t\t\t\t\t\t\t\t\t\t\t\t\t\t\t\t\t\t\t<div class=\"listing-list-small-badges-container\">\r\n\t\t\t\t\t\t\t\t\t\t\t\t\t\t\t\t\t\t\t\t\t\t\t\t\t\t\t\t\t\t\t\t\t<div class=\"listing-small-badge instant-badge\"><i class=\"fa fa-bolt\"><\/i> Instant Booking<\/div>\r\n\t\t\t\t\t\t\t\t\t\t\t\t\t\t\t\t\t\t\t\t\t\t\t\t\t\t\t\t\t\t\t\t<\/div>\r\n\t\t\t\t\t\t\t\r\n\t\t\t\t\t\t\t\t<\/div>\r\n\r\n\t\t\t\t\t\t\t\t\t\t\t\t\t\t\t\t\t\t<span class=\"save like-icon tooltip left\" title=\"Login To Bookmark Items\"><\/span>\r\n\t\t\t\t\t\t\t\t\t\t\t\t\t\t\t\t\t\r\n\t\t\t\t<\/div>\r\n\t\t<\/a>\r\n\t<\/div>\r\n<\/div>\r\n\r\n<!-- Listing Item \/ End --><!-- Listing Item -->\r\n\r\n<div class=\"col-lg-12 col-md-12\">\r\n\t<div class=\"listing-item-container listing-geo-data list-layout listing-type-service\" \n\t\tdata-title=\"2025 &#8211; Bromont &#8211; Parc des Sommets (Mont Oak) &#8211; Cours de v\u00e9lo de montagne air\"\n\t\tdata-listing-type=\"service\"\n\t\tdata-classifieds-price=\"&#36;\"\n\t\tdata-friendly-address=\"Parc des Sommets (Mont Oak)\"\n\t\tdata-address=\"Parc des Sommets (Mont Oak)\"\n\t\tdata-image=\"https:\/\/bikeskills.ca\/wp-content\/uploads\/2023\/12\/32-1-520x397.png\"\n\t\tdata-longitude=\"45.30069899999999\"\n\t\tdata-latitude=\"-72.66590599999999\"\n\t\t\t\t\tdata-rating=\"0\"\n\t\t\tdata-reviews=\"0\"\n\t\t\t\tdata-icon=\"&lt;i class=&quot;sl sl-icon-location&quot;&gt;&lt;\/i&gt;\"\n\n\t>\r\n\t\t<a href=\"https:\/\/bikeskills.ca\/en\/listing\/2025-bromont-parc-des-sommets-mont-oak-cours-de-velo-de-montagne-air\/\" class=\"listing-item \">\r\n\t\t\t<div class=\"listing-small-badges-container\">\r\n\t\t\t\t\r\n\r\n\t\t\t<\/div>\r\n\t\t\t<!-- Image -->\r\n\t\t\t<div class=\"listing-item-image\">\r\n\t\t\t\t<img fetchpriority=\"high\" decoding=\"async\" width=\"520\" height=\"397\" src=\"https:\/\/bikeskills.ca\/wp-content\/uploads\/2023\/12\/32-1-520x397.png\" class=\"attachment-listeo-listing-grid size-listeo-listing-grid wp-post-image\" alt=\"Logo beige sur bleu repr\u00e9sentant la marque du Parc des sommets \u00e0 Bromont\" \/>\t\t\t\t\t\t\t<\/div>\r\n\r\n\t\t\t<!-- Content -->\r\n\t\t\t<div class=\"listing-item-content\">\r\n\t\t\t\t\t\t\t\t<div class=\"listing-item-inner\">\r\n\t\t\t\t\t<h3>\r\n\t\t\t\t\t\t2025 &#8211; Bromont &#8211; Parc des Sommets (Mont Oak) &#8211; Cours de v\u00e9lo de montagne air\t\t\t\t\t\t\t\t\t\t\t<\/h3>\r\n\t\t\t\t\t<span>Parc des Sommets (Mont Oak)<\/span>\r\n\t\t\t\t\t\r\n\t\t\t\t\t\t\t\t\t\t\t\t\t\t\t\t\t\t\t\t\t\t\t\t\t\t\t<div class=\"listing-list-small-badges-container\">\r\n\t\t\t\t\t\t\t\t\t\t\t\t\t\t\t\t\t\t\t\t\t\t\t\t\t\t\t\t\t\t\t\t\t<div class=\"listing-small-badge instant-badge\"><i class=\"fa fa-bolt\"><\/i> Instant Booking<\/div>\r\n\t\t\t\t\t\t\t\t\t\t\t\t\t\t\t\t\t\t\t\t\t\t\t\t\t\t\t\t\t\t\t\t<\/div>\r\n\t\t\t\t\t\t\t\r\n\t\t\t\t\t\t\t\t<\/div>\r\n\r\n\t\t\t\t\t\t\t\t\t\t\t\t\t\t\t\t\t\t<span class=\"save like-icon tooltip left\" title=\"Login To Bookmark Items\"><\/span>\r\n\t\t\t\t\t\t\t\t\t\t\t\t\t\t\t\t\t\r\n\t\t\t\t<\/div>\r\n\t\t<\/a>\r\n\t<\/div>\r\n<\/div>\r\n\r\n<!-- Listing Item \/ End --><!-- Listing Item -->\r\n\r\n<div class=\"col-lg-12 col-md-12\">\r\n\t<div class=\"listing-item-container listing-geo-data list-layout listing-type-service\" \n\t\tdata-title=\"2025 &#8211; Bromont &#8211; Parc des Sommets (Mont Oak) &#8211; Cours de v\u00e9lo de montagne air 3 sessions\"\n\t\tdata-listing-type=\"service\"\n\t\tdata-classifieds-price=\"&#36;\"\n\t\tdata-friendly-address=\"Parc des Sommets (Mont Oak)\"\n\t\tdata-address=\"Parc des Sommets (Mont Oak)\"\n\t\tdata-image=\"https:\/\/bikeskills.ca\/wp-content\/uploads\/2023\/12\/32-1-520x397.png\"\n\t\tdata-longitude=\"45.30069899999999\"\n\t\tdata-latitude=\"-72.66590599999999\"\n\t\t\t\t\tdata-rating=\"0\"\n\t\t\tdata-reviews=\"0\"\n\t\t\t\tdata-icon=\"&lt;i class=&quot;sl sl-icon-location&quot;&gt;&lt;\/i&gt;\"\n\n\t>\r\n\t\t<a href=\"https:\/\/bikeskills.ca\/en\/listing\/2025-bromont-parc-des-sommets-mont-oak-cours-de-velo-de-montagne-air-3-sessions\/\" class=\"listing-item \">\r\n\t\t\t<div class=\"listing-small-badges-container\">\r\n\t\t\t\t\r\n\r\n\t\t\t<\/div>\r\n\t\t\t<!-- Image -->\r\n\t\t\t<div class=\"listing-item-image\">\r\n\t\t\t\t<img fetchpriority=\"high\" decoding=\"async\" width=\"520\" height=\"397\" src=\"https:\/\/bikeskills.ca\/wp-content\/uploads\/2023\/12\/32-1-520x397.png\" class=\"attachment-listeo-listing-grid size-listeo-listing-grid wp-post-image\" alt=\"Logo beige sur bleu repr\u00e9sentant la marque du Parc des sommets \u00e0 Bromont\" \/>\t\t\t\t\t\t\t<\/div>\r\n\r\n\t\t\t<!-- Content -->\r\n\t\t\t<div class=\"listing-item-content\">\r\n\t\t\t\t\t\t\t\t<div class=\"listing-item-inner\">\r\n\t\t\t\t\t<h3>\r\n\t\t\t\t\t\t2025 &#8211; Bromont &#8211; Parc des Sommets (Mont Oak) &#8211; Cours de v\u00e9lo de montagne air 3 sessions\t\t\t\t\t\t\t\t\t\t\t<\/h3>\r\n\t\t\t\t\t<span>Parc des Sommets (Mont Oak)<\/span>\r\n\t\t\t\t\t\r\n\t\t\t\t\t\t\t\t\t\t\t\t\t\t\t\t\t\t\t\t\t\t\t\t\t\t\t<div class=\"listing-list-small-badges-container\">\r\n\t\t\t\t\t\t\t\t\t\t\t\t\t\t\t\t\t\t\t\t\t\t\t\t\t\t\t\t\t\t\t\t\t<div class=\"listing-small-badge instant-badge\"><i class=\"fa fa-bolt\"><\/i> Instant Booking<\/div>\r\n\t\t\t\t\t\t\t\t\t\t\t\t\t\t\t\t\t\t\t\t\t\t\t\t\t\t\t\t\t\t\t\t<\/div>\r\n\t\t\t\t\t\t\t\r\n\t\t\t\t\t\t\t\t<\/div>\r\n\r\n\t\t\t\t\t\t\t\t\t\t\t\t\t\t\t\t\t\t<span class=\"save like-icon tooltip left\" title=\"Login To Bookmark Items\"><\/span>\r\n\t\t\t\t\t\t\t\t\t\t\t\t\t\t\t\t\t\r\n\t\t\t\t<\/div>\r\n\t\t<\/a>\r\n\t<\/div>\r\n<\/div>\r\n\r\n<!-- Listing Item \/ End -->\t\t\t<\/div>\r\n\t\t\t<div class=\"pagination-container margin-top-20 margin-bottom-20 ajax-search\">\r\n\t\t\t\t<nav class=\"pagination margin-top-30\"><ul class=\"pagination\"><li class=\"current\" data-paged=\"1\"><a href=\"#\">1 <\/a><\/li><li data-paged=\"2\"><a href=\"#\">2<\/a><\/li><li data-paged=\"3\"><a href=\"#\">3<\/a><\/li><li data-paged=\"next\"><a  href=\"#\"><i class=\"sl sl-icon-arrow-right\"><\/i><\/a><\/li><\/ul><\/nav>\t\t\t<\/div>\r\n\t\t\t\n","protected":false},"excerpt":{"rendered":"","protected":false},"author":1,"featured_media":0,"parent":0,"menu_order":0,"comment_status":"closed","ping_status":"closed","template":"template-split-map.php","meta":{"footnotes":"","_links_to":"","_links_to_target":""},"yoast_head":"<!-- This site is optimized with the Yoast SEO plugin v24.2 - https:\/\/yoast.com\/wordpress\/plugins\/seo\/ -->\n<title>Half List - \u00c9cole de v\u00e9lo Bikeskills<\/title>\n<meta name=\"robots\" content=\"index, follow, max-snippet:-1, max-image-preview:large, max-video-preview:-1\" \/>\n<link rel=\"canonical\" href=\"https:\/\/bikeskills.ca\/en\/half-list\/\" \/>\n<meta property=\"og:locale\" content=\"en_US\" \/>\n<meta property=\"og:type\" content=\"article\" \/>\n<meta property=\"og:title\" content=\"Half List - \u00c9cole de v\u00e9lo Bikeskills\" \/>\n<meta property=\"og:url\" content=\"https:\/\/bikeskills.ca\/en\/half-list\/\" \/>\n<meta property=\"og:site_name\" content=\"\u00c9cole de v\u00e9lo Bikeskills\" \/>\n<meta property=\"article:publisher\" content=\"https:\/\/www.facebook.com\/Bikeskillsca-2194275320683514\/\" \/>\n<meta name=\"twitter:card\" content=\"summary_large_image\" \/>\n<script type=\"application\/ld+json\" class=\"yoast-schema-graph\">{\"@context\":\"https:\/\/schema.org\",\"@graph\":[{\"@type\":\"WebPage\",\"@id\":\"https:\/\/bikeskills.ca\/half-list\/\",\"url\":\"https:\/\/bikeskills.ca\/half-list\/\",\"name\":\"Half List - \u00c9cole de v\u00e9lo Bikeskills\",\"isPartOf\":{\"@id\":\"https:\/\/bikeskills.ca\/fr\/#website\"},\"datePublished\":\"2018-11-02T10:41:38+00:00\",\"dateModified\":\"2018-11-02T10:41:38+00:00\",\"breadcrumb\":{\"@id\":\"https:\/\/bikeskills.ca\/half-list\/#breadcrumb\"},\"inLanguage\":\"en-CA\",\"potentialAction\":[{\"@type\":\"ReadAction\",\"target\":[\"https:\/\/bikeskills.ca\/half-list\/\"]}]},{\"@type\":\"BreadcrumbList\",\"@id\":\"https:\/\/bikeskills.ca\/half-list\/#breadcrumb\",\"itemListElement\":[{\"@type\":\"ListItem\",\"position\":1,\"name\":\"Home\",\"item\":\"https:\/\/bikeskills.ca\/fr\/\"},{\"@type\":\"ListItem\",\"position\":2,\"name\":\"Half List\"}]},{\"@type\":\"WebSite\",\"@id\":\"https:\/\/bikeskills.ca\/fr\/#website\",\"url\":\"https:\/\/bikeskills.ca\/fr\/\",\"name\":\"\u00c9cole de v\u00e9lo Bikeskills\",\"description\":\"\u00c9cole de v\u00e9lo de montagne - Cours de v\u00e9lo de montagne - \u00c9v\u00e8nements priv\u00e9s et corporatifs - Partout au Qu\u00e9bec\",\"publisher\":{\"@id\":\"https:\/\/bikeskills.ca\/fr\/#organization\"},\"potentialAction\":[{\"@type\":\"SearchAction\",\"target\":{\"@type\":\"EntryPoint\",\"urlTemplate\":\"https:\/\/bikeskills.ca\/fr\/?s={search_term_string}\"},\"query-input\":{\"@type\":\"PropertyValueSpecification\",\"valueRequired\":true,\"valueName\":\"search_term_string\"}}],\"inLanguage\":\"en-CA\"},{\"@type\":\"Organization\",\"@id\":\"https:\/\/bikeskills.ca\/fr\/#organization\",\"name\":\"\u00c9cole de v\u00e9lo Bikeskills\",\"url\":\"https:\/\/bikeskills.ca\/fr\/\",\"logo\":{\"@type\":\"ImageObject\",\"inLanguage\":\"en-CA\",\"@id\":\"https:\/\/bikeskills.ca\/fr\/#\/schema\/logo\/image\/\",\"url\":\"https:\/\/bikeskills.ca\/wp-content\/uploads\/2019\/08\/Screen-Shot-2019-08-12-at-6.11.svg\",\"contentUrl\":\"https:\/\/bikeskills.ca\/wp-content\/uploads\/2019\/08\/Screen-Shot-2019-08-12-at-6.11.svg\",\"width\":309,\"height\":83,\"caption\":\"\u00c9cole de v\u00e9lo Bikeskills\"},\"image\":{\"@id\":\"https:\/\/bikeskills.ca\/fr\/#\/schema\/logo\/image\/\"},\"sameAs\":[\"https:\/\/www.facebook.com\/Bikeskillsca-2194275320683514\/\",\"https:\/\/www.instagram.com\/bikeskills.ca\/?hl=fr\"]}]}<\/script>\n<!-- \/ Yoast SEO plugin. -->","yoast_head_json":{"title":"Half List - \u00c9cole de v\u00e9lo Bikeskills","robots":{"index":"index","follow":"follow","max-snippet":"max-snippet:-1","max-image-preview":"max-image-preview:large","max-video-preview":"max-video-preview:-1"},"canonical":"https:\/\/bikeskills.ca\/en\/half-list\/","og_locale":"en_US","og_type":"article","og_title":"Half List - \u00c9cole de v\u00e9lo Bikeskills","og_url":"https:\/\/bikeskills.ca\/en\/half-list\/","og_site_name":"\u00c9cole de v\u00e9lo Bikeskills","article_publisher":"https:\/\/www.facebook.com\/Bikeskillsca-2194275320683514\/","twitter_card":"summary_large_image","schema":{"@context":"https:\/\/schema.org","@graph":[{"@type":"WebPage","@id":"https:\/\/bikeskills.ca\/half-list\/","url":"https:\/\/bikeskills.ca\/half-list\/","name":"Half List - \u00c9cole de v\u00e9lo Bikeskills","isPartOf":{"@id":"https:\/\/bikeskills.ca\/fr\/#website"},"datePublished":"2018-11-02T10:41:38+00:00","dateModified":"2018-11-02T10:41:38+00:00","breadcrumb":{"@id":"https:\/\/bikeskills.ca\/half-list\/#breadcrumb"},"inLanguage":"en-CA","potentialAction":[{"@type":"ReadAction","target":["https:\/\/bikeskills.ca\/half-list\/"]}]},{"@type":"BreadcrumbList","@id":"https:\/\/bikeskills.ca\/half-list\/#breadcrumb","itemListElement":[{"@type":"ListItem","position":1,"name":"Home","item":"https:\/\/bikeskills.ca\/fr\/"},{"@type":"ListItem","position":2,"name":"Half List"}]},{"@type":"WebSite","@id":"https:\/\/bikeskills.ca\/fr\/#website","url":"https:\/\/bikeskills.ca\/fr\/","name":"\u00c9cole de v\u00e9lo Bikeskills","description":"\u00c9cole de v\u00e9lo de montagne - Cours de v\u00e9lo de montagne - \u00c9v\u00e8nements priv\u00e9s et corporatifs - Partout au Qu\u00e9bec","publisher":{"@id":"https:\/\/bikeskills.ca\/fr\/#organization"},"potentialAction":[{"@type":"SearchAction","target":{"@type":"EntryPoint","urlTemplate":"https:\/\/bikeskills.ca\/fr\/?s={search_term_string}"},"query-input":{"@type":"PropertyValueSpecification","valueRequired":true,"valueName":"search_term_string"}}],"inLanguage":"en-CA"},{"@type":"Organization","@id":"https:\/\/bikeskills.ca\/fr\/#organization","name":"\u00c9cole de v\u00e9lo Bikeskills","url":"https:\/\/bikeskills.ca\/fr\/","logo":{"@type":"ImageObject","inLanguage":"en-CA","@id":"https:\/\/bikeskills.ca\/fr\/#\/schema\/logo\/image\/","url":"https:\/\/bikeskills.ca\/wp-content\/uploads\/2019\/08\/Screen-Shot-2019-08-12-at-6.11.svg","contentUrl":"https:\/\/bikeskills.ca\/wp-content\/uploads\/2019\/08\/Screen-Shot-2019-08-12-at-6.11.svg","width":309,"height":83,"caption":"\u00c9cole de v\u00e9lo Bikeskills"},"image":{"@id":"https:\/\/bikeskills.ca\/fr\/#\/schema\/logo\/image\/"},"sameAs":["https:\/\/www.facebook.com\/Bikeskillsca-2194275320683514\/","https:\/\/www.instagram.com\/bikeskills.ca\/?hl=fr"]}]}},"_links":{"self":[{"href":"https:\/\/bikeskills.ca\/en\/wp-json\/wp\/v2\/pages\/63"}],"collection":[{"href":"https:\/\/bikeskills.ca\/en\/wp-json\/wp\/v2\/pages"}],"about":[{"href":"https:\/\/bikeskills.ca\/en\/wp-json\/wp\/v2\/types\/page"}],"author":[{"embeddable":true,"href":"https:\/\/bikeskills.ca\/en\/wp-json\/wp\/v2\/users\/1"}],"replies":[{"embeddable":true,"href":"https:\/\/bikeskills.ca\/en\/wp-json\/wp\/v2\/comments?post=63"}],"version-history":[{"count":0,"href":"https:\/\/bikeskills.ca\/en\/wp-json\/wp\/v2\/pages\/63\/revisions"}],"wp:attachment":[{"href":"https:\/\/bikeskills.ca\/en\/wp-json\/wp\/v2\/media?parent=63"}],"curies":[{"name":"wp","href":"https:\/\/api.w.org\/{rel}","templated":true}]}}