{"id":6519,"date":"2021-11-19T12:23:59","date_gmt":"2021-11-19T16:23:59","guid":{"rendered":"https:\/\/bikeskills.ca\/?page_id=6519"},"modified":"2022-06-03T09:37:56","modified_gmt":"2022-06-03T13:37:56","slug":"post","status":"publish","type":"page","link":"https:\/\/bikeskills.ca\/en\/post\/","title":{"rendered":"Formulaire post-le\u00e7on de l&#8217;entra\u00eeneur"},"content":{"rendered":"\n<div class=\"wpcf7 no-js\" id=\"wpcf7-f5049-o1\" lang=\"en-US\" dir=\"ltr\">\n<div class=\"screen-reader-response\"><p role=\"status\" aria-live=\"polite\" aria-atomic=\"true\"><\/p> <ul><\/ul><\/div>\n<form action=\"\/en\/wp-json\/wp\/v2\/pages\/6519#wpcf7-f5049-o1\" method=\"post\" class=\"wpcf7-form init\" aria-label=\"Contact form\" novalidate=\"novalidate\" data-status=\"init\">\n<div style=\"display: none;\">\n<input type=\"hidden\" name=\"_wpcf7\" value=\"5049\" \/>\n<input type=\"hidden\" name=\"_wpcf7_version\" value=\"5.9.8\" \/>\n<input type=\"hidden\" name=\"_wpcf7_locale\" value=\"en_US\" \/>\n<input type=\"hidden\" name=\"_wpcf7_unit_tag\" value=\"wpcf7-f5049-o1\" \/>\n<input type=\"hidden\" name=\"_wpcf7_container_post\" value=\"0\" \/>\n<input type=\"hidden\" name=\"_wpcf7_posted_data_hash\" value=\"\" \/>\n<input type=\"hidden\" name=\"_wpcf7dtx_version\" value=\"5.0.5\" \/>\n<\/div>\n<h4 class=\"text-center my-5\">FORMULAIRE POST COURS\n<\/h4>\n<h4 class=\"text-center my-5\">A REMPLIR PAR LES ENTRA\u00cfNEURS APR\u00c8S CHAQUE COURS!\n<\/h4>\n<div class=\"d-md-flex\">\n\t<div class=\"w-50 mr-2 mb-3\">\n\t\t<p><label> Nom du client<br \/>\n<span class=\"wpcf7-form-control-wrap\" data-name=\"nom-client\"><input size=\"40\" maxlength=\"400\" class=\"wpcf7-form-control wpcf7-text wpcf7-validates-as-required\" aria-required=\"true\" aria-invalid=\"false\" value=\"\" type=\"text\" name=\"nom-client\" \/><\/span> <\/label>\n\t\t<\/p>\n\t<\/div>\n\t<div class=\"w-50 ml-2 mb-3\">\n\t\t<p><label> Nom de l'entra\u00eeneur<br \/>\n<span class=\"wpcf7-form-control-wrap\" data-name=\"nom-entraineur\"><input size=\"40\" maxlength=\"400\" class=\"wpcf7-form-control wpcf7-text wpcf7-validates-as-required\" aria-required=\"true\" aria-invalid=\"false\" value=\"\" type=\"text\" name=\"nom-entraineur\" \/><\/span> <\/label>\n\t\t<\/p>\n\t<\/div>\n<\/div>\n<div class=\"d-md-flex\">\n\t<div class=\"w-50 mr-2 mb-3\">\n\t\t<p><label> Date<br \/>\n<span class=\"wpcf7-form-control-wrap\" data-name=\"date\"><input size=\"40\" maxlength=\"400\" class=\"wpcf7-form-control wpcf7-text wpcf7-validates-as-required\" aria-required=\"true\" aria-invalid=\"false\" value=\"\" type=\"text\" name=\"date\" \/><\/span> <\/label>\n\t\t<\/p>\n\t<\/div>\n\t<div class=\"w-50 ml-2 mb-3\">\n\t\t<p><label> Lieu de la le\u00e7on<br \/>\n<span class=\"wpcf7-form-control-wrap\" data-name=\"lieu\"><input size=\"40\" maxlength=\"400\" class=\"wpcf7-form-control wpcf7-text wpcf7-validates-as-required\" aria-required=\"true\" aria-invalid=\"false\" value=\"\" type=\"text\" name=\"lieu\" \/><\/span> <\/label>\n\t\t<\/p>\n\t<\/div>\n<\/div>\n<p><label><\/label>\n<\/p>\n<h4 class> 1) Quel est mon niveau de satisfaction face \u00e0 mon cours?<br \/>\n<label> <\/label><br \/>\n\t<div class=\"d-md-flex\">\n\t\t<div class=\"w-50 mr-2 mb-3\">\n\t\t\t<p><label><b> Choisir:<br \/>\n<span class=\"wpcf7-form-control-wrap\" data-name=\"SATISFACTION\"><select class=\"wpcf7-form-control wpcf7-select wpcf7-validates-as-required\" aria-required=\"true\" aria-invalid=\"false\" name=\"SATISFACTION\"><option value=\"\">&#8212;Please choose an option&#8212;<\/option><option value=\"Tr\u00e8s satisfait\">Tr\u00e8s satisfait<\/option><option value=\"Satisfait\">Satisfait<\/option><option value=\"Neutre\">Neutre<\/option><option value=\"Peu satisfait\">Peu satisfait<\/option><option value=\"Insatisfait\">Insatisfait<\/option><\/select><\/span><\/b><\/label>\n\t\t\t<\/p>\n\t\t<\/div>\n\t\t<div class=\"w-50 ml-2 mb-3\">\n\t\t<\/div>\n\t<\/div><br \/>\n<label>\n\t\t<h4 class> 2) Y a t-il eu une chute? Es-ce que la gestion de risque \u00e9tait acceptable?\n\t\t<\/h4><\/label><br \/>\n<label> <\/label><br \/>\n\t<div class=\"d-md-flex\">\n\t\t<div class=\"w-50 mr-2 mb-3\">\n\t\t\t<p><label><b> Choisir:<br \/>\n<span class=\"wpcf7-form-control-wrap\" data-name=\"CHUTE\"><select class=\"wpcf7-form-control wpcf7-select wpcf7-validates-as-required\" aria-required=\"true\" aria-invalid=\"false\" name=\"CHUTE\"><option value=\"\">&#8212;Please choose an option&#8212;<\/option><option value=\"Non - Bonne gestion de risque\">Non - Bonne gestion de risque<\/option><option value=\"Oui - glissade sans cons\u00e9quence - Bonne gestion de risque\">Oui - glissade sans cons\u00e9quence - Bonne gestion de risque<\/option><option value=\"Oui - n\u00e9cessite une intervention \/ trousse de premier soins - mauvaise gestion de risque\">Oui - n\u00e9cessite une intervention \/ trousse de premier soins - mauvaise gestion de risque<\/option><option value=\"Oui - n\u00e9cessite une \u00e9vacuation par la patrouille \/ ambulance - mauvaise gestion de risque\">Oui - n\u00e9cessite une \u00e9vacuation par la patrouille \/ ambulance - mauvaise gestion de risque<\/option><\/select><\/span> <\/b><\/label>\n\t\t\t<\/p>\n\t\t<\/div>\n\t\t<div class=\"w-50 ml-2 mb-3\">\n\t\t<\/div>\n\t<\/div><br \/>\n<label>\n\t\t<h4 class> 3) Quel est le niveau per\u00e7u de satisfaction du client?\n\t\t<\/h4><\/label><br \/>\n<label> <\/label><br \/>\n\t<div class=\"d-md-flex\">\n\t\t<div class=\"w-50 mr-2 mb-3\">\n\t\t\t<p><label><b> Choisir:<br \/>\n<span class=\"wpcf7-form-control-wrap\" data-name=\"CLIENT\"><select class=\"wpcf7-form-control wpcf7-select wpcf7-validates-as-required\" aria-required=\"true\" aria-invalid=\"false\" name=\"CLIENT\"><option value=\"\">&#8212;Please choose an option&#8212;<\/option><option value=\"Tr\u00e8s grande\">Tr\u00e8s grande<\/option><option value=\"Grande\">Grande<\/option><option value=\"Moyenne\">Moyenne<\/option><option value=\"Faible\">Faible<\/option><option value=\"Nulle\">Nulle<\/option><\/select><\/span> <\/b><\/label>\n\t\t\t<\/p>\n\t\t<\/div>\n\t\t<div class=\"w-50 ml-2 mb-3\">\n\t\t<\/div>\n\t<\/div><br \/>\n<label>\n\t\t<h4 class> 4) A t-on offert au client une opportunit\u00e9 de progression? (Un autre cours)?\n\t\t<\/h4><\/label><br \/>\n<label> <\/label><br \/>\n\t<div class=\"d-md-flex\">\n\t\t<div class=\"w-50 mr-2 mb-3\">\n\t\t\t<p><label><b> Choisir:<br \/>\n<span class=\"wpcf7-form-control-wrap\" data-name=\"PROGRESSION\"><select class=\"wpcf7-form-control wpcf7-select wpcf7-validates-as-required\" aria-required=\"true\" aria-invalid=\"false\" name=\"PROGRESSION\"><option value=\"\">&#8212;Please choose an option&#8212;<\/option><option value=\"Oui\">Oui<\/option><option value=\"Non\">Non<\/option><option value=\"Le client prendra un autre cours\">Le client prendra un autre cours<\/option><\/select><\/span> <\/b><\/label>\n\t\t\t<\/p>\n\t\t<\/div>\n\t\t<div class=\"w-50 ml-2 mb-3\">\n\t\t<\/div>\n\t<\/div><br \/>\n<label>\n\t\t<h4 class> 5) Je suis satisfait de la le\u00e7on et les objectifs du client ont \u00e9t\u00e9 rencontr\u00e9s?\n\t\t<\/h4><\/label><br \/>\n<label><label><br \/>\n\t\t\t<div class=\"d-md-flex\">\n\t\t\t\t<div class=\"w-50 mr-2 mb-3\">\n<label><b> Choisir:<br \/>\n<span class=\"wpcf7-form-control-wrap\" data-name=\"OBJECTIFS\"><select class=\"wpcf7-form-control wpcf7-select wpcf7-validates-as-required\" aria-required=\"true\" aria-invalid=\"false\" name=\"OBJECTIFS\"><option value=\"\">&#8212;Please choose an option&#8212;<\/option><option value=\"Oui\">Oui<\/option><option value=\"Ouin\">Ouin<\/option><option value=\"Non\">Non<\/option><\/select><\/span><\/b><\/label>\n\t\t\t\t<\/div>\n\t\t\t\t<div class=\"w-50 ml-2 mb-3\">\n\t\t\t\t<\/div>\n\t\t\t<\/div><br \/>\n<label> Commentaires \u00e0 propos de la le\u00e7on?<br \/>\n<span class=\"wpcf7-form-control-wrap\" data-name=\"COMMENTAIRES\"><input size=\"40\" maxlength=\"400\" class=\"wpcf7-form-control wpcf7-text wpcf7-validates-as-required\" aria-required=\"true\" aria-invalid=\"false\" value=\"\" type=\"text\" name=\"COMMENTAIRES\" \/><\/span> <\/label><br \/>\n<input class=\"wpcf7-form-control wpcf7-submit has-spinner\" type=\"submit\" value=\"Envoyer\" \/><\/label><\/label>\n<\/h4><p style=\"display: none !important;\" class=\"akismet-fields-container\" data-prefix=\"_wpcf7_ak_\"><label>&#916;<textarea name=\"_wpcf7_ak_hp_textarea\" cols=\"45\" rows=\"8\" maxlength=\"100\"><\/textarea><\/label><input type=\"hidden\" id=\"ak_js_1\" name=\"_wpcf7_ak_js\" value=\"171\"\/><script type=\"text\/javascript\">\n\/* <![CDATA[ *\/\ndocument.getElementById( \"ak_js_1\" ).setAttribute( \"value\", ( new Date() ).getTime() );\n\/* ]]> *\/\n<\/script>\n<\/p><div class=\"wpcf7-response-output\" aria-hidden=\"true\"><\/div>\n<\/form>\n<\/div>\n\n","protected":false},"excerpt":{"rendered":"","protected":false},"author":1,"featured_media":0,"parent":0,"menu_order":0,"comment_status":"closed","ping_status":"closed","template":"","meta":{"footnotes":"","_links_to":"","_links_to_target":""},"yoast_head":"<!-- This site is optimized with the Yoast SEO plugin v24.2 - https:\/\/yoast.com\/wordpress\/plugins\/seo\/ -->\n<title>Formulaire post-le\u00e7on de l&#039;entra\u00eeneur - \u00c9cole de v\u00e9lo Bikeskills<\/title>\n<meta name=\"robots\" content=\"index, follow, max-snippet:-1, max-image-preview:large, max-video-preview:-1\" \/>\n<link rel=\"canonical\" href=\"https:\/\/bikeskills.ca\/en\/post\/\" \/>\n<meta property=\"og:locale\" content=\"en_US\" \/>\n<meta property=\"og:type\" content=\"article\" \/>\n<meta property=\"og:title\" content=\"Formulaire post-le\u00e7on de l&#039;entra\u00eeneur - \u00c9cole de v\u00e9lo Bikeskills\" \/>\n<meta property=\"og:url\" content=\"https:\/\/bikeskills.ca\/en\/post\/\" \/>\n<meta property=\"og:site_name\" content=\"\u00c9cole de v\u00e9lo Bikeskills\" \/>\n<meta property=\"article:publisher\" content=\"https:\/\/www.facebook.com\/Bikeskillsca-2194275320683514\/\" \/>\n<meta property=\"article:modified_time\" content=\"2022-06-03T13:37:56+00:00\" \/>\n<meta name=\"twitter:card\" content=\"summary_large_image\" \/>\n<script type=\"application\/ld+json\" class=\"yoast-schema-graph\">{\"@context\":\"https:\/\/schema.org\",\"@graph\":[{\"@type\":\"WebPage\",\"@id\":\"https:\/\/bikeskills.ca\/en\/post\/\",\"url\":\"https:\/\/bikeskills.ca\/en\/post\/\",\"name\":\"Formulaire post-le\u00e7on de l'entra\u00eeneur - \u00c9cole de v\u00e9lo Bikeskills\",\"isPartOf\":{\"@id\":\"https:\/\/bikeskills.ca\/fr\/#website\"},\"datePublished\":\"2021-11-19T16:23:59+00:00\",\"dateModified\":\"2022-06-03T13:37:56+00:00\",\"breadcrumb\":{\"@id\":\"https:\/\/bikeskills.ca\/en\/post\/#breadcrumb\"},\"inLanguage\":\"en-CA\",\"potentialAction\":[{\"@type\":\"ReadAction\",\"target\":[\"https:\/\/bikeskills.ca\/en\/post\/\"]}]},{\"@type\":\"BreadcrumbList\",\"@id\":\"https:\/\/bikeskills.ca\/en\/post\/#breadcrumb\",\"itemListElement\":[{\"@type\":\"ListItem\",\"position\":1,\"name\":\"Home\",\"item\":\"https:\/\/bikeskills.ca\/fr\/\"},{\"@type\":\"ListItem\",\"position\":2,\"name\":\"Formulaire post-le\u00e7on de l&#8217;entra\u00eeneur\"}]},{\"@type\":\"WebSite\",\"@id\":\"https:\/\/bikeskills.ca\/fr\/#website\",\"url\":\"https:\/\/bikeskills.ca\/fr\/\",\"name\":\"\u00c9cole de v\u00e9lo Bikeskills\",\"description\":\"\u00c9cole de v\u00e9lo de montagne - Cours de v\u00e9lo de montagne - \u00c9v\u00e8nements priv\u00e9s et corporatifs - Partout au Qu\u00e9bec\",\"publisher\":{\"@id\":\"https:\/\/bikeskills.ca\/fr\/#organization\"},\"potentialAction\":[{\"@type\":\"SearchAction\",\"target\":{\"@type\":\"EntryPoint\",\"urlTemplate\":\"https:\/\/bikeskills.ca\/fr\/?s={search_term_string}\"},\"query-input\":{\"@type\":\"PropertyValueSpecification\",\"valueRequired\":true,\"valueName\":\"search_term_string\"}}],\"inLanguage\":\"en-CA\"},{\"@type\":\"Organization\",\"@id\":\"https:\/\/bikeskills.ca\/fr\/#organization\",\"name\":\"\u00c9cole de v\u00e9lo Bikeskills\",\"url\":\"https:\/\/bikeskills.ca\/fr\/\",\"logo\":{\"@type\":\"ImageObject\",\"inLanguage\":\"en-CA\",\"@id\":\"https:\/\/bikeskills.ca\/fr\/#\/schema\/logo\/image\/\",\"url\":\"https:\/\/bikeskills.ca\/wp-content\/uploads\/2019\/08\/Screen-Shot-2019-08-12-at-6.11.svg\",\"contentUrl\":\"https:\/\/bikeskills.ca\/wp-content\/uploads\/2019\/08\/Screen-Shot-2019-08-12-at-6.11.svg\",\"width\":309,\"height\":83,\"caption\":\"\u00c9cole de v\u00e9lo Bikeskills\"},\"image\":{\"@id\":\"https:\/\/bikeskills.ca\/fr\/#\/schema\/logo\/image\/\"},\"sameAs\":[\"https:\/\/www.facebook.com\/Bikeskillsca-2194275320683514\/\",\"https:\/\/www.instagram.com\/bikeskills.ca\/?hl=fr\"]}]}<\/script>\n<!-- \/ Yoast SEO plugin. -->","yoast_head_json":{"title":"Formulaire post-le\u00e7on de l'entra\u00eeneur - \u00c9cole de v\u00e9lo Bikeskills","robots":{"index":"index","follow":"follow","max-snippet":"max-snippet:-1","max-image-preview":"max-image-preview:large","max-video-preview":"max-video-preview:-1"},"canonical":"https:\/\/bikeskills.ca\/en\/post\/","og_locale":"en_US","og_type":"article","og_title":"Formulaire post-le\u00e7on de l'entra\u00eeneur - \u00c9cole de v\u00e9lo Bikeskills","og_url":"https:\/\/bikeskills.ca\/en\/post\/","og_site_name":"\u00c9cole de v\u00e9lo Bikeskills","article_publisher":"https:\/\/www.facebook.com\/Bikeskillsca-2194275320683514\/","article_modified_time":"2022-06-03T13:37:56+00:00","twitter_card":"summary_large_image","schema":{"@context":"https:\/\/schema.org","@graph":[{"@type":"WebPage","@id":"https:\/\/bikeskills.ca\/en\/post\/","url":"https:\/\/bikeskills.ca\/en\/post\/","name":"Formulaire post-le\u00e7on de l'entra\u00eeneur - \u00c9cole de v\u00e9lo Bikeskills","isPartOf":{"@id":"https:\/\/bikeskills.ca\/fr\/#website"},"datePublished":"2021-11-19T16:23:59+00:00","dateModified":"2022-06-03T13:37:56+00:00","breadcrumb":{"@id":"https:\/\/bikeskills.ca\/en\/post\/#breadcrumb"},"inLanguage":"en-CA","potentialAction":[{"@type":"ReadAction","target":["https:\/\/bikeskills.ca\/en\/post\/"]}]},{"@type":"BreadcrumbList","@id":"https:\/\/bikeskills.ca\/en\/post\/#breadcrumb","itemListElement":[{"@type":"ListItem","position":1,"name":"Home","item":"https:\/\/bikeskills.ca\/fr\/"},{"@type":"ListItem","position":2,"name":"Formulaire post-le\u00e7on de l&#8217;entra\u00eeneur"}]},{"@type":"WebSite","@id":"https:\/\/bikeskills.ca\/fr\/#website","url":"https:\/\/bikeskills.ca\/fr\/","name":"\u00c9cole de v\u00e9lo Bikeskills","description":"\u00c9cole de v\u00e9lo de montagne - Cours de v\u00e9lo de montagne - \u00c9v\u00e8nements priv\u00e9s et corporatifs - Partout au Qu\u00e9bec","publisher":{"@id":"https:\/\/bikeskills.ca\/fr\/#organization"},"potentialAction":[{"@type":"SearchAction","target":{"@type":"EntryPoint","urlTemplate":"https:\/\/bikeskills.ca\/fr\/?s={search_term_string}"},"query-input":{"@type":"PropertyValueSpecification","valueRequired":true,"valueName":"search_term_string"}}],"inLanguage":"en-CA"},{"@type":"Organization","@id":"https:\/\/bikeskills.ca\/fr\/#organization","name":"\u00c9cole de v\u00e9lo Bikeskills","url":"https:\/\/bikeskills.ca\/fr\/","logo":{"@type":"ImageObject","inLanguage":"en-CA","@id":"https:\/\/bikeskills.ca\/fr\/#\/schema\/logo\/image\/","url":"https:\/\/bikeskills.ca\/wp-content\/uploads\/2019\/08\/Screen-Shot-2019-08-12-at-6.11.svg","contentUrl":"https:\/\/bikeskills.ca\/wp-content\/uploads\/2019\/08\/Screen-Shot-2019-08-12-at-6.11.svg","width":309,"height":83,"caption":"\u00c9cole de v\u00e9lo Bikeskills"},"image":{"@id":"https:\/\/bikeskills.ca\/fr\/#\/schema\/logo\/image\/"},"sameAs":["https:\/\/www.facebook.com\/Bikeskillsca-2194275320683514\/","https:\/\/www.instagram.com\/bikeskills.ca\/?hl=fr"]}]}},"_links":{"self":[{"href":"https:\/\/bikeskills.ca\/en\/wp-json\/wp\/v2\/pages\/6519"}],"collection":[{"href":"https:\/\/bikeskills.ca\/en\/wp-json\/wp\/v2\/pages"}],"about":[{"href":"https:\/\/bikeskills.ca\/en\/wp-json\/wp\/v2\/types\/page"}],"author":[{"embeddable":true,"href":"https:\/\/bikeskills.ca\/en\/wp-json\/wp\/v2\/users\/1"}],"replies":[{"embeddable":true,"href":"https:\/\/bikeskills.ca\/en\/wp-json\/wp\/v2\/comments?post=6519"}],"version-history":[{"count":0,"href":"https:\/\/bikeskills.ca\/en\/wp-json\/wp\/v2\/pages\/6519\/revisions"}],"wp:attachment":[{"href":"https:\/\/bikeskills.ca\/en\/wp-json\/wp\/v2\/media?parent=6519"}],"curies":[{"name":"wp","href":"https:\/\/api.w.org\/{rel}","templated":true}]}}