{"id":7546,"date":"2022-03-29T14:41:48","date_gmt":"2022-03-29T18:41:48","guid":{"rendered":"https:\/\/bikeskills.ca\/?page_id=7546"},"modified":"2023-02-23T08:40:47","modified_gmt":"2023-02-23T12:40:47","slug":"cliniques-thematiques-coaching","status":"publish","type":"page","link":"https:\/\/bikeskills.ca\/en\/cliniques-thematiques-coaching\/","title":{"rendered":"Modules et description des cliniques"},"content":{"rendered":"\t\t<div data-elementor-type=\"wp-page\" data-elementor-id=\"7546\" class=\"elementor elementor-7546\" data-elementor-post-type=\"page\">\n\t\t\t\t\t\t<section class=\"elementor-section elementor-top-section elementor-element elementor-element-7506c96 elementor-section-full_width elementor-section-height-default elementor-section-height-default\" data-id=\"7506c96\" data-element_type=\"section\">\n\t\t\t\t\t\t<div class=\"elementor-container elementor-column-gap-no\">\n\t\t\t\t\t<div class=\"elementor-column elementor-col-100 elementor-top-column elementor-element elementor-element-0aa75e9\" data-id=\"0aa75e9\" data-element_type=\"column\">\n\t\t\t<div class=\"elementor-widget-wrap elementor-element-populated\">\n\t\t\t\t\t\t<div class=\"elementor-element elementor-element-d3ce01e elementor-widget elementor-widget-image\" data-id=\"d3ce01e\" data-element_type=\"widget\" data-widget_type=\"image.default\">\n\t\t\t\t<div class=\"elementor-widget-container\">\n\t\t\t\t\t\t\t\t\t\t\t\t\t\t\t<img decoding=\"async\" src=\"https:\/\/bikeskills.ca\/wp-content\/uploads\/2023\/02\/Add-a-heading.png\" title=\"\" alt=\"\" loading=\"lazy\" \/>\t\t\t\t\t\t\t\t\t\t\t\t\t\t\t<\/div>\n\t\t\t\t<\/div>\n\t\t\t\t\t<\/div>\n\t\t<\/div>\n\t\t\t\t\t<\/div>\n\t\t<\/section>\n\t\t\t\t<section class=\"elementor-section elementor-top-section elementor-element elementor-element-11711af7 elementor-section-boxed elementor-section-height-default elementor-section-height-default\" data-id=\"11711af7\" data-element_type=\"section\">\n\t\t\t\t\t\t<div class=\"elementor-container elementor-column-gap-default\">\n\t\t\t\t\t<div class=\"elementor-column elementor-col-100 elementor-top-column elementor-element elementor-element-5a958295\" data-id=\"5a958295\" data-element_type=\"column\">\n\t\t\t<div class=\"elementor-widget-wrap elementor-element-populated\">\n\t\t\t\t\t\t<div class=\"elementor-element elementor-element-33e39b4f elementor-widget elementor-widget-text-editor\" data-id=\"33e39b4f\" data-element_type=\"widget\" data-widget_type=\"text-editor.default\">\n\t\t\t\t<div class=\"elementor-widget-container\">\n\t\t\t\t\t\t\t\t\t<p><span style=\"color: rgb(34, 34, 34); font-family: Rubik; font-size: 24px; letter-spacing: 0px;\">For the skill progression of our clinics, click here!<\/span><br \/><\/p>\n<p><strong style=\"color: rgb(51, 153, 102); font-family: Rubik; font-size: 24px; letter-spacing: 0px;\">Learning the basics<\/strong><br \/><\/p><div class=\"page\" title=\"Page 1\"><div class=\"section\"><div class=\"layoutArea\"><div class=\"column\">\n<h3><\/h3>\n<p><strong>Description&nbsp;:<\/strong>&nbsp; This clinic will allow you to acquire the essential basis of bike riding. Once you have acquired the proper position and mobility, your progress will be faster, more efficient, and you will reduce the risk of injury.<\/p>\n<p><strong>Lesson format :&nbsp;<\/strong>You will love group lessons! The experience and energy the group will provide allows you to practice all the technical concepts being taught at your ease.<\/p>\n<p><strong>Concepts&nbsp;:<\/strong>&nbsp; In a green and blue terrain, you will learn the proper position and mobility as well as the integration of essential braking and shifting skills.  This clinic will allow you to be autonomous in your practice: climbs, descents and cornering will no longer hold any secrets for you!<\/p>\n<p><strong>Coach :<\/strong>&nbsp; Your coach will be certified Level I pmbia.org and First Aid 20 hours in remote areas.<\/p>\n<p><strong>Terrain:<\/strong>&nbsp; Mont Oak in Bromont, la Raph at Sentiers du Moulin, the &#8220;sucr\u00e9s&#8221; at Vall\u00e9e Bras du Nord, Easy Rider at Le Massif<\/p>\n<\/div>\n<\/div>\n<\/div>\n<\/div>\n<p><strong style=\"color: rgb(51, 153, 102); font-family: Rubik; font-size: 24px; letter-spacing: 0px;\">Progressing beyond beginner<\/strong><br \/><\/p><div class=\"page\" title=\"Page 1\"><div class=\"section\"><div class=\"layoutArea\"><div class=\"column\">\n<h3><\/h3>\n<p><strong>Description&nbsp;:<\/strong>&nbsp; This module will allow you to continue your progression towards mastering more demanding technical trails.  You wish to consolidate your fundamentals on a blue trail, in order to be strong, stable and confident?  Or progress to black trails?   This clinic is for you!<\/p>\n<p><strong>Lesson format&nbsp;:&nbsp;<\/strong>Intermediate level clinic in small groups.  We focus on millage and guided practice.  No more big theoretical lectures, we <i>ride!<\/i><\/p>\n<p><strong>Concepts&nbsp;:<\/strong>&nbsp; In a blue, dark blue and black terrain, you will consolidate the fundamentals of positioning, mobility and braking. We put a lot of emphasis on stability gained from a strong stance and sufficient range of motion to smooth out the ride. What could be more pleasant than entering a turn or a descent with stability and to come out of it with speed!<\/p>\n<p><strong>Coach :<\/strong>&nbsp; Your coach will be certified level II pmbia.org (or exceptional coaching experience) and first aid 20h or 40h in remote areas.<\/p>\n<p><strong>Terrain:<\/strong>&nbsp; L&#8217;oural et la Yak Attack at Mont Oak, l&#8217;Hummus at Bromont, the QMG and Super G at Sentiers du Moulin, the Neilson at Vall\u00e9e Bras du Nord, la Basilic at Le Massif<\/p>\n<\/div>\n<\/div>\n<\/div>\n<\/div>\n<p><\/p><\/div><\/div><\/div><\/div><\/div><\/section><\/div> <a href=\"https:\/\/bikeskills.ca\/en\/cliniques-thematiques-coaching\/#more-7546\" class=\"more-link elementor-more-link\"><span aria-label=\"Continue reading Modules et description des cliniques\">(more&hellip;)<\/span><\/a>","protected":false},"excerpt":{"rendered":"<p>For the skill progression of our clinics, click here! Learning the basics Description&nbsp;:&nbsp; This clinic will allow you to acquire the essential basis of bike riding. Once you have acquired the proper position and mobility, your progress will be faster, more efficient, and you will reduce the risk of injury. Lesson format :&nbsp;You will love [&hellip;]<\/p>\n","protected":false},"author":1,"featured_media":0,"parent":0,"menu_order":0,"comment_status":"closed","ping_status":"closed","template":"elementor_header_footer","meta":{"footnotes":"","_links_to":"","_links_to_target":""},"yoast_head":"<!-- This site is optimized with the Yoast SEO plugin v24.2 - https:\/\/yoast.com\/wordpress\/plugins\/seo\/ -->\n<title>Modules Progression \/ \u00c9cole de v\u00e9lo Bikeskills \/ Bike Skills \/ Instrcuteurs et moniteurs<\/title>\n<meta name=\"description\" content=\"Rendre le sport \u00e0 la fois progressif et s\u00e9curitaire, c&#039;est possible avec le bon encadrement! Nous rendons le sport accessible \u00e0 tous les pratiquants\" \/>\n<meta name=\"robots\" content=\"index, follow, max-snippet:-1, max-image-preview:large, max-video-preview:-1\" \/>\n<link rel=\"canonical\" href=\"https:\/\/bikeskills.ca\/en\/cliniques-thematiques-coaching\/\" \/>\n<meta property=\"og:locale\" content=\"en_US\" \/>\n<meta property=\"og:type\" content=\"article\" \/>\n<meta property=\"og:title\" content=\"Modules Progression \/ \u00c9cole de v\u00e9lo Bikeskills \/ Bike Skills \/ Instrcuteurs et moniteurs\" \/>\n<meta property=\"og:description\" content=\"Rendre le sport \u00e0 la fois progressif et s\u00e9curitaire, c&#039;est possible avec le bon encadrement! Nous rendons le sport accessible \u00e0 tous les pratiquants\" \/>\n<meta property=\"og:url\" content=\"https:\/\/bikeskills.ca\/en\/cliniques-thematiques-coaching\/\" \/>\n<meta property=\"og:site_name\" content=\"\u00c9cole de v\u00e9lo Bikeskills\" \/>\n<meta property=\"article:publisher\" content=\"https:\/\/www.facebook.com\/Bikeskillsca-2194275320683514\/\" \/>\n<meta property=\"article:modified_time\" content=\"2023-02-23T12:40:47+00:00\" \/>\n<meta property=\"og:image\" content=\"https:\/\/bikeskills.ca\/wp-content\/uploads\/2023\/02\/Add-a-heading.png\" \/>\n<meta name=\"twitter:card\" content=\"summary_large_image\" \/>\n<meta name=\"twitter:label1\" content=\"Est. reading time\" \/>\n\t<meta name=\"twitter:data1\" content=\"6 minutes\" \/>\n<script type=\"application\/ld+json\" class=\"yoast-schema-graph\">{\"@context\":\"https:\/\/schema.org\",\"@graph\":[{\"@type\":\"WebPage\",\"@id\":\"https:\/\/bikeskills.ca\/en\/cliniques-thematiques-coaching\/\",\"url\":\"https:\/\/bikeskills.ca\/en\/cliniques-thematiques-coaching\/\",\"name\":\"Modules Progression \/ \u00c9cole de v\u00e9lo Bikeskills \/ Bike Skills \/ Instrcuteurs et moniteurs\",\"isPartOf\":{\"@id\":\"https:\/\/bikeskills.ca\/fr\/#website\"},\"primaryImageOfPage\":{\"@id\":\"https:\/\/bikeskills.ca\/en\/cliniques-thematiques-coaching\/#primaryimage\"},\"image\":{\"@id\":\"https:\/\/bikeskills.ca\/en\/cliniques-thematiques-coaching\/#primaryimage\"},\"thumbnailUrl\":\"https:\/\/bikeskills.ca\/wp-content\/uploads\/2023\/02\/Add-a-heading.png\",\"datePublished\":\"2022-03-29T18:41:48+00:00\",\"dateModified\":\"2023-02-23T12:40:47+00:00\",\"description\":\"Rendre le sport \u00e0 la fois progressif et s\u00e9curitaire, c'est possible avec le bon encadrement! Nous rendons le sport accessible \u00e0 tous les pratiquants\",\"breadcrumb\":{\"@id\":\"https:\/\/bikeskills.ca\/en\/cliniques-thematiques-coaching\/#breadcrumb\"},\"inLanguage\":\"en-CA\",\"potentialAction\":[{\"@type\":\"ReadAction\",\"target\":[\"https:\/\/bikeskills.ca\/en\/cliniques-thematiques-coaching\/\"]}]},{\"@type\":\"ImageObject\",\"inLanguage\":\"en-CA\",\"@id\":\"https:\/\/bikeskills.ca\/en\/cliniques-thematiques-coaching\/#primaryimage\",\"url\":\"https:\/\/bikeskills.ca\/wp-content\/uploads\/2023\/02\/Add-a-heading.png\",\"contentUrl\":\"https:\/\/bikeskills.ca\/wp-content\/uploads\/2023\/02\/Add-a-heading.png\"},{\"@type\":\"BreadcrumbList\",\"@id\":\"https:\/\/bikeskills.ca\/en\/cliniques-thematiques-coaching\/#breadcrumb\",\"itemListElement\":[{\"@type\":\"ListItem\",\"position\":1,\"name\":\"Home\",\"item\":\"https:\/\/bikeskills.ca\/\"},{\"@type\":\"ListItem\",\"position\":2,\"name\":\"Modules et description des cliniques\"}]},{\"@type\":\"WebSite\",\"@id\":\"https:\/\/bikeskills.ca\/fr\/#website\",\"url\":\"https:\/\/bikeskills.ca\/fr\/\",\"name\":\"\u00c9cole de v\u00e9lo Bikeskills\",\"description\":\"\u00c9cole de v\u00e9lo de montagne - Cours de v\u00e9lo de montagne - \u00c9v\u00e8nements priv\u00e9s et corporatifs - Partout au Qu\u00e9bec\",\"publisher\":{\"@id\":\"https:\/\/bikeskills.ca\/fr\/#organization\"},\"potentialAction\":[{\"@type\":\"SearchAction\",\"target\":{\"@type\":\"EntryPoint\",\"urlTemplate\":\"https:\/\/bikeskills.ca\/fr\/?s={search_term_string}\"},\"query-input\":{\"@type\":\"PropertyValueSpecification\",\"valueRequired\":true,\"valueName\":\"search_term_string\"}}],\"inLanguage\":\"en-CA\"},{\"@type\":\"Organization\",\"@id\":\"https:\/\/bikeskills.ca\/fr\/#organization\",\"name\":\"\u00c9cole de v\u00e9lo Bikeskills\",\"url\":\"https:\/\/bikeskills.ca\/fr\/\",\"logo\":{\"@type\":\"ImageObject\",\"inLanguage\":\"en-CA\",\"@id\":\"https:\/\/bikeskills.ca\/fr\/#\/schema\/logo\/image\/\",\"url\":\"https:\/\/bikeskills.ca\/wp-content\/uploads\/2019\/08\/Screen-Shot-2019-08-12-at-6.11.svg\",\"contentUrl\":\"https:\/\/bikeskills.ca\/wp-content\/uploads\/2019\/08\/Screen-Shot-2019-08-12-at-6.11.svg\",\"width\":309,\"height\":83,\"caption\":\"\u00c9cole de v\u00e9lo Bikeskills\"},\"image\":{\"@id\":\"https:\/\/bikeskills.ca\/fr\/#\/schema\/logo\/image\/\"},\"sameAs\":[\"https:\/\/www.facebook.com\/Bikeskillsca-2194275320683514\/\",\"https:\/\/www.instagram.com\/bikeskills.ca\/?hl=fr\"]}]}<\/script>\n<!-- \/ Yoast SEO plugin. -->","yoast_head_json":{"title":"Modules Progression \/ \u00c9cole de v\u00e9lo Bikeskills \/ Bike Skills \/ Instrcuteurs et moniteurs","description":"Rendre le sport \u00e0 la fois progressif et s\u00e9curitaire, c'est possible avec le bon encadrement! Nous rendons le sport accessible \u00e0 tous les pratiquants","robots":{"index":"index","follow":"follow","max-snippet":"max-snippet:-1","max-image-preview":"max-image-preview:large","max-video-preview":"max-video-preview:-1"},"canonical":"https:\/\/bikeskills.ca\/en\/cliniques-thematiques-coaching\/","og_locale":"en_US","og_type":"article","og_title":"Modules Progression \/ \u00c9cole de v\u00e9lo Bikeskills \/ Bike Skills \/ Instrcuteurs et moniteurs","og_description":"Rendre le sport \u00e0 la fois progressif et s\u00e9curitaire, c'est possible avec le bon encadrement! Nous rendons le sport accessible \u00e0 tous les pratiquants","og_url":"https:\/\/bikeskills.ca\/en\/cliniques-thematiques-coaching\/","og_site_name":"\u00c9cole de v\u00e9lo Bikeskills","article_publisher":"https:\/\/www.facebook.com\/Bikeskillsca-2194275320683514\/","article_modified_time":"2023-02-23T12:40:47+00:00","og_image":[{"url":"https:\/\/bikeskills.ca\/wp-content\/uploads\/2023\/02\/Add-a-heading.png","type":"","width":"","height":""}],"twitter_card":"summary_large_image","twitter_misc":{"Est. reading time":"6 minutes"},"schema":{"@context":"https:\/\/schema.org","@graph":[{"@type":"WebPage","@id":"https:\/\/bikeskills.ca\/en\/cliniques-thematiques-coaching\/","url":"https:\/\/bikeskills.ca\/en\/cliniques-thematiques-coaching\/","name":"Modules Progression \/ \u00c9cole de v\u00e9lo Bikeskills \/ Bike Skills \/ Instrcuteurs et moniteurs","isPartOf":{"@id":"https:\/\/bikeskills.ca\/fr\/#website"},"primaryImageOfPage":{"@id":"https:\/\/bikeskills.ca\/en\/cliniques-thematiques-coaching\/#primaryimage"},"image":{"@id":"https:\/\/bikeskills.ca\/en\/cliniques-thematiques-coaching\/#primaryimage"},"thumbnailUrl":"https:\/\/bikeskills.ca\/wp-content\/uploads\/2023\/02\/Add-a-heading.png","datePublished":"2022-03-29T18:41:48+00:00","dateModified":"2023-02-23T12:40:47+00:00","description":"Rendre le sport \u00e0 la fois progressif et s\u00e9curitaire, c'est possible avec le bon encadrement! Nous rendons le sport accessible \u00e0 tous les pratiquants","breadcrumb":{"@id":"https:\/\/bikeskills.ca\/en\/cliniques-thematiques-coaching\/#breadcrumb"},"inLanguage":"en-CA","potentialAction":[{"@type":"ReadAction","target":["https:\/\/bikeskills.ca\/en\/cliniques-thematiques-coaching\/"]}]},{"@type":"ImageObject","inLanguage":"en-CA","@id":"https:\/\/bikeskills.ca\/en\/cliniques-thematiques-coaching\/#primaryimage","url":"https:\/\/bikeskills.ca\/wp-content\/uploads\/2023\/02\/Add-a-heading.png","contentUrl":"https:\/\/bikeskills.ca\/wp-content\/uploads\/2023\/02\/Add-a-heading.png"},{"@type":"BreadcrumbList","@id":"https:\/\/bikeskills.ca\/en\/cliniques-thematiques-coaching\/#breadcrumb","itemListElement":[{"@type":"ListItem","position":1,"name":"Home","item":"https:\/\/bikeskills.ca\/"},{"@type":"ListItem","position":2,"name":"Modules et description des cliniques"}]},{"@type":"WebSite","@id":"https:\/\/bikeskills.ca\/fr\/#website","url":"https:\/\/bikeskills.ca\/fr\/","name":"\u00c9cole de v\u00e9lo Bikeskills","description":"\u00c9cole de v\u00e9lo de montagne - Cours de v\u00e9lo de montagne - \u00c9v\u00e8nements priv\u00e9s et corporatifs - Partout au Qu\u00e9bec","publisher":{"@id":"https:\/\/bikeskills.ca\/fr\/#organization"},"potentialAction":[{"@type":"SearchAction","target":{"@type":"EntryPoint","urlTemplate":"https:\/\/bikeskills.ca\/fr\/?s={search_term_string}"},"query-input":{"@type":"PropertyValueSpecification","valueRequired":true,"valueName":"search_term_string"}}],"inLanguage":"en-CA"},{"@type":"Organization","@id":"https:\/\/bikeskills.ca\/fr\/#organization","name":"\u00c9cole de v\u00e9lo Bikeskills","url":"https:\/\/bikeskills.ca\/fr\/","logo":{"@type":"ImageObject","inLanguage":"en-CA","@id":"https:\/\/bikeskills.ca\/fr\/#\/schema\/logo\/image\/","url":"https:\/\/bikeskills.ca\/wp-content\/uploads\/2019\/08\/Screen-Shot-2019-08-12-at-6.11.svg","contentUrl":"https:\/\/bikeskills.ca\/wp-content\/uploads\/2019\/08\/Screen-Shot-2019-08-12-at-6.11.svg","width":309,"height":83,"caption":"\u00c9cole de v\u00e9lo Bikeskills"},"image":{"@id":"https:\/\/bikeskills.ca\/fr\/#\/schema\/logo\/image\/"},"sameAs":["https:\/\/www.facebook.com\/Bikeskillsca-2194275320683514\/","https:\/\/www.instagram.com\/bikeskills.ca\/?hl=fr"]}]}},"_links":{"self":[{"href":"https:\/\/bikeskills.ca\/en\/wp-json\/wp\/v2\/pages\/7546"}],"collection":[{"href":"https:\/\/bikeskills.ca\/en\/wp-json\/wp\/v2\/pages"}],"about":[{"href":"https:\/\/bikeskills.ca\/en\/wp-json\/wp\/v2\/types\/page"}],"author":[{"embeddable":true,"href":"https:\/\/bikeskills.ca\/en\/wp-json\/wp\/v2\/users\/1"}],"replies":[{"embeddable":true,"href":"https:\/\/bikeskills.ca\/en\/wp-json\/wp\/v2\/comments?post=7546"}],"version-history":[{"count":0,"href":"https:\/\/bikeskills.ca\/en\/wp-json\/wp\/v2\/pages\/7546\/revisions"}],"wp:attachment":[{"href":"https:\/\/bikeskills.ca\/en\/wp-json\/wp\/v2\/media?parent=7546"}],"curies":[{"name":"wp","href":"https:\/\/api.w.org\/{rel}","templated":true}]}}