{"id":21727,"date":"2024-02-14T09:36:15","date_gmt":"2024-02-14T13:36:15","guid":{"rendered":"https:\/\/bikeskills.ca\/product\/bromont-ski-bromont-p1-camps-bikegroms-sessions-progression-3-semaines-dimanche-2\/"},"modified":"2024-02-14T09:36:15","modified_gmt":"2024-02-14T13:36:15","slug":"bromont-ski-bromont-p1-camps-bikegroms-sessions-progression-3-semaines-dimanche-2","status":"publish","type":"product","link":"https:\/\/bikeskills.ca\/en\/product\/bromont-ski-bromont-p1-camps-bikegroms-sessions-progression-3-semaines-dimanche-2\/","title":{"rendered":"Bromont &#8211; Ski Bromont (P1) &#8211; Camps bikegroms &#8211; Sessions progression 3 semaines (Dimanche)"},"content":{"rendered":"<h2>Camps Bikegroms &#8211; Kids de 11 \u00e0 15 ans<br \/>\n<br \/>Camps 3 jours au Parc des Sommets<\/h2>\n<p>\t\tSVP, s\u00e9lectionnez une session dans &#8220;extras&#8221;<br \/>\nSession 1 : 25 juin au 27 juin<br \/>\n<br \/>\nSession 2 : 2 juillet au 4 juillet<br \/>\n<br \/>\nSession 3 : 16 juillet au 18 juillet<br \/>\n<br \/>\nSession 4 : 13 ao\u00fbt au 15 ao\u00fbt<\/p>\n<ul>\n<li><strong>Skill level :&nbsp;<\/strong>Interm\u00e9diaire \u00e0 avanc\u00e9<\/li>\n<li><strong>Dimanche matin :&nbsp;<\/strong>9:00 \u00e0 14:00&nbsp;<\/li>\n<li><strong style=\"letter-spacing: 0px;\">Location :&nbsp;<\/strong>Ski Bromont (Stationnement P1)<\/li>\n<li><strong style=\"letter-spacing: 0px;\">Meeting point :&nbsp;<\/strong>Face au b\u00e2timent Bromont location (Escaliers rouge)<\/li>\n<li><b>Your coach :<\/b> Your coach will be wearing a black coach Bikeskills jersey<\/li>\n<\/p>\n<p><center><strong>Please be 5-10 minutes early so we can meet and greet you<br \/><\/strong><\/center><\/ul>\n<h4><center><strong>Acc\u00e8s aux sentiers non-compris (Passe de DH requise)<\/strong><\/center><center><strong><br \/><\/strong><\/center><center><strong>Bikes rental not included<\/strong><\/center><br \/><\/h4>\n<h1><center style=\"text-align: -webkit-center;\"><b style=\"caret-color: rgb(35, 53, 64); color: rgb(35, 53, 64); letter-spacing: 0px; text-align: left;\">Camps Bikegroms &#8211; Kids de 11 \u00e0 15 ans<\/b><\/center><center style=\"text-align: -webkit-center;\"><b style=\"caret-color: rgb(35, 53, 64); color: rgb(35, 53, 64); letter-spacing: 0px; text-align: left;\">Dimanche matin \u00e0 Ski Bromont<\/b><\/center><\/h1>\n<h1><center><b style=\"letter-spacing: 0px; caret-color: rgb(255, 0, 0); color: rgb(255, 0, 0); font-family: Rubik; font-size: 24px; text-align: left;\">SVP, s\u00e9lectionnez une session dans &#8220;extras&#8221;<\/b><\/center><center><b style=\"letter-spacing: 0px; caret-color: rgb(35, 53, 64); color: rgb(35, 53, 64); font-family: Rubik; font-size: 24px; text-align: left;\">Session 1 : 19 mai au 2 juin (3 semaines)<\/b><br \/><\/center><\/h1>\n<h3><center><font color=\"#233540\"><b>Session 2 : 9 juin au 23 juin (3 semaines)<\/b><\/font><\/center><center><\/center><\/h3>\n<h3><center><font color=\"#233540\"><b>Session 3 : 30 juin au 14 juillet (3 semaines)<\/b><\/font><\/center><center><font color=\"#233540\"><b><br \/><\/b><\/font><\/center><\/h3>\n<ul>\n<li><strong>Skill level :&nbsp;<\/strong>Interm\u00e9diaire \u00e0 avanc\u00e9<\/li>\n<li><strong>Dimanche matin :&nbsp;<\/strong>10:00 \u00e0 13:00&nbsp;<\/li>\n<li><strong style=\"letter-spacing: 0px;\">Location :&nbsp;<\/strong>Ski Bromont (Stationnement P1)<\/li>\n<li><strong style=\"letter-spacing: 0px;\">Meeting point :&nbsp;<\/strong>Face au b\u00e2timent Bromont location (Escaliers rouge)<\/li>\n<li><b>Your coach :<\/b> Your coach will be wearing a black coach Bikeskills jersey<\/li>\n<\/p>\n<p><center><strong>Please be 5-10 minutes early so we can meet and greet you<br \/><\/strong><\/center><\/ul>\n<h4><center><strong>Acc\u00e8s aux sentiers non-compris (Passe de DH requise)<\/strong><\/center><center><strong><br \/><\/strong><\/center><center><strong>Bikes rental not included<\/strong><\/center><br \/><\/h4>\n<p>\t\t\t<a href=\"https:\/\/bikeskills.ca\/fr\/cliniques\/\"><br \/>\n\t\t\t\t\t\tSkill level and clinic description<br \/>\n\t\t\t\t\t<\/a><\/p>\n<h2><center><strong>These mountain bike sessions are recommended if&#8230;<\/strong><\/center><\/h2>\n<p><\/p>\n<h4><strong><center>Please refer to the skill level needed for the level of the session (beginner, intermediate, strong intermediate or advanced)<\/strong><\/center><\/h4>\n<p><\/p>\n<ul>\n<li>You enjoy a group formula, feeding on the energy of others<\/li>\n<li>You want to experience mountain biking with a group of like minded riders<\/li>\n<li>You have a willingness to progress yourself in a safe environment<\/li>\n<li>You have good physical fitness<\/li>\n<\/ul>\n<p>\nYou answered <b>YES<\/b> to all these questions? <b>These sessions are for you.<\/b>  If you are unsure and have any questions, please contact us!<\/p>\n<p>\t\t\t\t\t\t\t\t\t\t\t\t<a tabindex=\"0\">Clinic description<\/a><\/p>\n<h4>Progress your long term skills<\/h4>\n<p>These progression clinics allow you to start or continue your season with safety and confidence. A progression of technical skills will be taught, allowing you to reach another level of trail riding. Moreover, you will learn in a motivating and inspiring environment, with other riders of your level.<\/p>\n<p><p>\n<strong>Lesson format :<\/strong> Groups of six participants of the same level are formed to meet the specific needs of each person. A specific theme will determine the sessions in order to cover a maximum of skills while respecting the group&#8217;s progression.<\/p>\n<p>\n<strong>Coach:<\/strong> Your coach will be certified level I or II pmbia.org and will have 20h or 40h of remote area first aid training.<\/p>\n<p>\n<strong>Terrain:<\/strong> Varies according to the level of the participants.<br \/>\n\t\t\t<a href=\"https:\/\/bikeskills.ca\/fr\/se-preparer\/\"><br \/>\n\t\t\t\t\t\tFrequently asked questions answered<br \/>\n\t\t\t\t\t<\/a><\/p>\n<h2><center><strong>Bikeskills policies<\/strong><\/center><\/h2>\n<ul>\n<li>Minimum of 3 participants per clinic.<\/li>\n<li>Bikeskills reserves the right to reschedule a clinic if the minimum participants is not reached<\/li>\n<li>No refunds, except for major exceptions, at Bikeskills&#8217;s discretion<\/li>\n<li>Bikeskills clinics and events are not cancelled in case of rain.<\/li>\n<li>An event may be rescheduled if the site is closed.<\/li>\n<li>Bikeskills is not responsible for the shutdown or closure of a lift or gondola. An alternative will be offered to the client, which may require pedalling towards a trail.<\/li>\n<\/ul>\n<h2><center><strong>What to bring ?<\/strong><\/center><\/h2>\n<ul>\n<li>Knee protectors mandatory<\/li>\n<li>Long gloves and elbow protection recommended<\/li>\n<li>Mountain bike helmet<\/li>\n<li>Sportswear adapted to the weather conditions<\/li>\n<li>Flat-soled shoes (Vans type) or mountain bike shoes<\/li>\n<li>Flat pedals with metal cleats or automatic pedals (clip on) for mountain bikes<\/li>\n<li>Hydration (bike bottle) and nutrition (bars)<\/li>\n<\/ul>\n<h2><center><strong>Planing your day<\/strong><\/center><\/h2>\n<p>To protect yourself from minor scrapes and injuries, Bikeskills recommends that you ALWAYS wear knee protection.  Gloves, eyewear \/ goggles and elbow protection are also recommended, but not mandatory. Of course, a helmet is always essential, ideally a mountain bike specific helmet.  A full-face helmet and chest protector for advanced and\/or lift courses is also recommended, but not mandatory.<\/p>\n<p><p>\nAs the class will be held outdoors and we might not have access to indoor facilities, it is recommended that you check the mountain weather forecast and plan accordingly, as weather can change rapidly. It is recommended that each member of the group bring snacks and water to ensure they have enough energy to enjoy the class.<\/p>\n<h2><center><strong>Cautionary note to participants<\/strong><\/center><\/h2>\n<p>As we want to prepare you in advance for a great experience, here are some notes on safe mountain biking<\/p>\n<ul>\n<li>Communicate your apprehensions, previous injuries and physical limitations to your coach.<\/li>\n<li>Do not exceed your physical and technical limits.<\/li>\n<li>All difficulties and modules are optional at all times.  We can always reduce the physical and technical demands of the lesson.<\/li>\n<li>Depending on the objective of the course, challenges will be incorporated, from the simple to the complex.<\/li>\n<li>Before embarking on a technical section, participants must demonstrate a minimum level of mastery on flat terrain or on trails of lesser technical difficulty.<\/li>\n<li>For a technical challenge, we stop, analyze, walk the section and then engage&#8230; or not!<\/li>\n<\/ul>\n<p><\/p>\n<h4><center><strong>PRE-RIDE \/ RIDE \/ FREERIDE !<\/center><\/h3>\n<hr>\n<h2><center><strong>Clinic schedule on weekends<\/strong><\/center><\/h2>\n<p><\/strong><\/p>\n<p><strong>9:30<\/strong> Welcome &#8211; Introduction &#8211; Bike and equipment check<br \/>\n<strong>9:45<\/strong>  Learning technical skills<br \/>\n<strong>10:30<\/strong>  Technical skills practice and guided ride<br \/>\n<strong>12:00<\/strong>  End of the clinic<\/p>\n<h2><center><strong>Clinic schedule on weekdays<\/strong><\/center><\/h2>\n<p><strong>18:00<\/strong> Welcome &#8211; Introduction &#8211; Bike and equipment check<br \/>\n<strong>18:15<\/strong>  Learning technical skills<br \/>\n<strong>19:00<\/strong>  Technical skills practice and guided ride<br \/>\n<strong>19:45<\/strong>  End of the clinic<\/p>\n<h2><center><strong>Your satisfaction is our priority<\/strong><\/center><\/h2>\n<p>Are you satisfied with your lesson?  Did you get 5 star service?  Here&#8217;s how you can help our small business grow!  If it&#8217;s not 4+ stars, please fill out the satisfaction document so we can address the situation internally.<\/p>\n<h4><center><strong><a style=\"color: #233540;\" href=\"https:\/\/g.page\/r\/CVKZLdgYTPfBEAg\/review\" target=\"_blank\" rel=\"noopener noreferrer\">Google review<\/a><\/strong><\/center><br \/>\n<center><strong><a style=\"color: #233540;\" href=\"https:\/\/www.facebook.com\/bikeskills.ca\/reviews\/\" target=\"_blank\" rel=\"noopener noreferrer\">Facebook review<\/a><\/strong><\/center><br \/>\n<center><strong><br \/><a style=\"color: #233540;\" href=\"https:\/\/bikeskills.ca\/fr\/satisfaction\/\" target=\"_blank\" rel=\"noopener noreferrer\">Bikeskills satisfaction form<\/a><\/strong><\/center><\/p>\n<h2>Let&#8217;s stay in contact<\/h2>\n<p>\t\t\t\t\t<a href=\"https:\/\/www.facebook.com\/bikeskills.ca\/\" target=\"_blank\" rel=\"noopener\"><br \/>\n\t\t\t\t\t\tFacebook-f<br \/>\n\t\t\t\t\t\t\t\t\t\t\t<\/a><br \/>\n\t\t\t\t\t<a href=\"https:\/\/www.instagram.com\/bikeskills.ca\/\" target=\"_blank\" rel=\"noopener\"><br \/>\n\t\t\t\t\t\tInstagram<br \/>\n\t\t\t\t\t\t\t\t\t\t\t<\/a><br \/>\n\t\t\t\t\t<a href=\"https:\/\/www.tiktok.com\/@bikeskills\" target=\"_blank\" rel=\"noopener\"><br \/>\n\t\t\t\t\t\tTiktok<br \/>\n\t\t\t\t\t\t\t\t\t\t\t<\/a><br \/>\n\t\t\t\t\t<a href=\"https:\/\/www.youtube.com\/@bikeskills_ca\" target=\"_blank\" rel=\"noopener\"><br \/>\n\t\t\t\t\t\tYoutube<br \/>\n\t\t\t\t\t\t\t\t\t\t\t<\/a><\/p>\n","protected":false},"excerpt":{"rendered":"<p>Camps Bikegroms &#8211; Kids de 11 \u00e0 15 ans Camps 3 jours au Parc des Sommets SVP, s\u00e9lectionnez une session dans &#8220;extras&#8221; Session 1 : 25 juin au 27 juin Session 2 : 2 juillet au 4 juillet Session 3 : 16 juillet au 18 juillet Session 4 : 13 ao\u00fbt au 15 ao\u00fbt Skill [&hellip;]<\/p>\n","protected":false},"featured_media":0,"comment_status":"","ping_status":"closed","template":"","meta":{"_links_to":"","_links_to_target":""},"product_cat":[115],"product_tag":[],"yoast_head":"<!-- This site is optimized with the Yoast SEO plugin v24.2 - https:\/\/yoast.com\/wordpress\/plugins\/seo\/ -->\n<title>Bromont - Ski Bromont (P1) - Camps bikegroms - Sessions progression 3 semaines (Dimanche) - \u00c9cole de v\u00e9lo Bikeskills<\/title>\n<meta name=\"robots\" content=\"index, follow, max-snippet:-1, max-image-preview:large, max-video-preview:-1\" \/>\n<link rel=\"canonical\" href=\"https:\/\/bikeskills.ca\/en\/produit\/bromont-ski-bromont-p1-camps-bikegroms-sessions-progression-3-semaines-dimanche-2\/\" \/>\n<meta property=\"og:locale\" content=\"en_US\" \/>\n<meta property=\"og:type\" content=\"article\" \/>\n<meta property=\"og:title\" content=\"Bromont - Ski Bromont (P1) - Camps bikegroms - Sessions progression 3 semaines (Dimanche) - \u00c9cole de v\u00e9lo Bikeskills\" \/>\n<meta property=\"og:description\" content=\"Camps Bikegroms &#8211; Kids de 11 \u00e0 15 ans Camps 3 jours au Parc des Sommets SVP, s\u00e9lectionnez une session dans &#8220;extras&#8221; Session 1 : 25 juin au 27 juin Session 2 : 2 juillet au 4 juillet Session 3 : 16 juillet au 18 juillet Session 4 : 13 ao\u00fbt au 15 ao\u00fbt Skill [&hellip;]\" \/>\n<meta property=\"og:url\" content=\"https:\/\/bikeskills.ca\/en\/produit\/bromont-ski-bromont-p1-camps-bikegroms-sessions-progression-3-semaines-dimanche-2\/\" \/>\n<meta property=\"og:site_name\" content=\"\u00c9cole de v\u00e9lo Bikeskills\" \/>\n<meta property=\"article:publisher\" content=\"https:\/\/www.facebook.com\/Bikeskillsca-2194275320683514\/\" \/>\n<meta name=\"twitter:card\" content=\"summary_large_image\" \/>\n<meta name=\"twitter:label1\" content=\"Est. reading time\" \/>\n\t<meta name=\"twitter:data1\" content=\"5 minutes\" \/>\n<script type=\"application\/ld+json\" class=\"yoast-schema-graph\">{\"@context\":\"https:\/\/schema.org\",\"@graph\":[{\"@type\":\"WebPage\",\"@id\":\"https:\/\/bikeskills.ca\/fr\/produit\/bromont-ski-bromont-p1-camps-bikegroms-sessions-progression-3-semaines-dimanche-2\/\",\"url\":\"https:\/\/bikeskills.ca\/fr\/produit\/bromont-ski-bromont-p1-camps-bikegroms-sessions-progression-3-semaines-dimanche-2\/\",\"name\":\"Bromont - Ski Bromont (P1) - Camps bikegroms - Sessions progression 3 semaines (Dimanche) - \u00c9cole de v\u00e9lo Bikeskills\",\"isPartOf\":{\"@id\":\"https:\/\/bikeskills.ca\/fr\/#website\"},\"datePublished\":\"2024-02-14T13:36:15+00:00\",\"dateModified\":\"2024-02-14T13:36:15+00:00\",\"breadcrumb\":{\"@id\":\"https:\/\/bikeskills.ca\/fr\/produit\/bromont-ski-bromont-p1-camps-bikegroms-sessions-progression-3-semaines-dimanche-2\/#breadcrumb\"},\"inLanguage\":\"en-CA\",\"potentialAction\":[{\"@type\":\"ReadAction\",\"target\":[\"https:\/\/bikeskills.ca\/fr\/produit\/bromont-ski-bromont-p1-camps-bikegroms-sessions-progression-3-semaines-dimanche-2\/\"]}]},{\"@type\":\"BreadcrumbList\",\"@id\":\"https:\/\/bikeskills.ca\/fr\/produit\/bromont-ski-bromont-p1-camps-bikegroms-sessions-progression-3-semaines-dimanche-2\/#breadcrumb\",\"itemListElement\":[{\"@type\":\"ListItem\",\"position\":1,\"name\":\"Home\",\"item\":\"https:\/\/bikeskills.ca\/fr\/\"},{\"@type\":\"ListItem\",\"position\":2,\"name\":\"Shop\",\"item\":\"https:\/\/bikeskills.ca\/fr\/shop\/\"},{\"@type\":\"ListItem\",\"position\":3,\"name\":\"Bromont &#8211; Ski Bromont (P1) &#8211; Camps bikegroms &#8211; Sessions progression 3 semaines (Dimanche)\"}]},{\"@type\":\"WebSite\",\"@id\":\"https:\/\/bikeskills.ca\/fr\/#website\",\"url\":\"https:\/\/bikeskills.ca\/fr\/\",\"name\":\"\u00c9cole de v\u00e9lo Bikeskills\",\"description\":\"\u00c9cole de v\u00e9lo de montagne - Cours de v\u00e9lo de montagne - \u00c9v\u00e8nements priv\u00e9s et corporatifs - Partout au Qu\u00e9bec\",\"publisher\":{\"@id\":\"https:\/\/bikeskills.ca\/fr\/#organization\"},\"potentialAction\":[{\"@type\":\"SearchAction\",\"target\":{\"@type\":\"EntryPoint\",\"urlTemplate\":\"https:\/\/bikeskills.ca\/fr\/?s={search_term_string}\"},\"query-input\":{\"@type\":\"PropertyValueSpecification\",\"valueRequired\":true,\"valueName\":\"search_term_string\"}}],\"inLanguage\":\"en-CA\"},{\"@type\":\"Organization\",\"@id\":\"https:\/\/bikeskills.ca\/fr\/#organization\",\"name\":\"\u00c9cole de v\u00e9lo Bikeskills\",\"url\":\"https:\/\/bikeskills.ca\/fr\/\",\"logo\":{\"@type\":\"ImageObject\",\"inLanguage\":\"en-CA\",\"@id\":\"https:\/\/bikeskills.ca\/fr\/#\/schema\/logo\/image\/\",\"url\":\"https:\/\/bikeskills.ca\/wp-content\/uploads\/2019\/08\/Screen-Shot-2019-08-12-at-6.11.svg\",\"contentUrl\":\"https:\/\/bikeskills.ca\/wp-content\/uploads\/2019\/08\/Screen-Shot-2019-08-12-at-6.11.svg\",\"width\":309,\"height\":83,\"caption\":\"\u00c9cole de v\u00e9lo Bikeskills\"},\"image\":{\"@id\":\"https:\/\/bikeskills.ca\/fr\/#\/schema\/logo\/image\/\"},\"sameAs\":[\"https:\/\/www.facebook.com\/Bikeskillsca-2194275320683514\/\",\"https:\/\/www.instagram.com\/bikeskills.ca\/?hl=fr\"]}]}<\/script>\n<!-- \/ Yoast SEO plugin. -->","yoast_head_json":{"title":"Bromont - Ski Bromont (P1) - Camps bikegroms - Sessions progression 3 semaines (Dimanche) - \u00c9cole de v\u00e9lo Bikeskills","robots":{"index":"index","follow":"follow","max-snippet":"max-snippet:-1","max-image-preview":"max-image-preview:large","max-video-preview":"max-video-preview:-1"},"canonical":"https:\/\/bikeskills.ca\/en\/produit\/bromont-ski-bromont-p1-camps-bikegroms-sessions-progression-3-semaines-dimanche-2\/","og_locale":"en_US","og_type":"article","og_title":"Bromont - Ski Bromont (P1) - Camps bikegroms - Sessions progression 3 semaines (Dimanche) - \u00c9cole de v\u00e9lo Bikeskills","og_description":"Camps Bikegroms &#8211; Kids de 11 \u00e0 15 ans Camps 3 jours au Parc des Sommets SVP, s\u00e9lectionnez une session dans &#8220;extras&#8221; Session 1 : 25 juin au 27 juin Session 2 : 2 juillet au 4 juillet Session 3 : 16 juillet au 18 juillet Session 4 : 13 ao\u00fbt au 15 ao\u00fbt Skill [&hellip;]","og_url":"https:\/\/bikeskills.ca\/en\/produit\/bromont-ski-bromont-p1-camps-bikegroms-sessions-progression-3-semaines-dimanche-2\/","og_site_name":"\u00c9cole de v\u00e9lo Bikeskills","article_publisher":"https:\/\/www.facebook.com\/Bikeskillsca-2194275320683514\/","twitter_card":"summary_large_image","twitter_misc":{"Est. reading time":"5 minutes"},"schema":{"@context":"https:\/\/schema.org","@graph":[{"@type":"WebPage","@id":"https:\/\/bikeskills.ca\/fr\/produit\/bromont-ski-bromont-p1-camps-bikegroms-sessions-progression-3-semaines-dimanche-2\/","url":"https:\/\/bikeskills.ca\/fr\/produit\/bromont-ski-bromont-p1-camps-bikegroms-sessions-progression-3-semaines-dimanche-2\/","name":"Bromont - Ski Bromont (P1) - Camps bikegroms - Sessions progression 3 semaines (Dimanche) - \u00c9cole de v\u00e9lo Bikeskills","isPartOf":{"@id":"https:\/\/bikeskills.ca\/fr\/#website"},"datePublished":"2024-02-14T13:36:15+00:00","dateModified":"2024-02-14T13:36:15+00:00","breadcrumb":{"@id":"https:\/\/bikeskills.ca\/fr\/produit\/bromont-ski-bromont-p1-camps-bikegroms-sessions-progression-3-semaines-dimanche-2\/#breadcrumb"},"inLanguage":"en-CA","potentialAction":[{"@type":"ReadAction","target":["https:\/\/bikeskills.ca\/fr\/produit\/bromont-ski-bromont-p1-camps-bikegroms-sessions-progression-3-semaines-dimanche-2\/"]}]},{"@type":"BreadcrumbList","@id":"https:\/\/bikeskills.ca\/fr\/produit\/bromont-ski-bromont-p1-camps-bikegroms-sessions-progression-3-semaines-dimanche-2\/#breadcrumb","itemListElement":[{"@type":"ListItem","position":1,"name":"Home","item":"https:\/\/bikeskills.ca\/fr\/"},{"@type":"ListItem","position":2,"name":"Shop","item":"https:\/\/bikeskills.ca\/fr\/shop\/"},{"@type":"ListItem","position":3,"name":"Bromont &#8211; Ski Bromont (P1) &#8211; Camps bikegroms &#8211; Sessions progression 3 semaines (Dimanche)"}]},{"@type":"WebSite","@id":"https:\/\/bikeskills.ca\/fr\/#website","url":"https:\/\/bikeskills.ca\/fr\/","name":"\u00c9cole de v\u00e9lo Bikeskills","description":"\u00c9cole de v\u00e9lo de montagne - Cours de v\u00e9lo de montagne - \u00c9v\u00e8nements priv\u00e9s et corporatifs - Partout au Qu\u00e9bec","publisher":{"@id":"https:\/\/bikeskills.ca\/fr\/#organization"},"potentialAction":[{"@type":"SearchAction","target":{"@type":"EntryPoint","urlTemplate":"https:\/\/bikeskills.ca\/fr\/?s={search_term_string}"},"query-input":{"@type":"PropertyValueSpecification","valueRequired":true,"valueName":"search_term_string"}}],"inLanguage":"en-CA"},{"@type":"Organization","@id":"https:\/\/bikeskills.ca\/fr\/#organization","name":"\u00c9cole de v\u00e9lo Bikeskills","url":"https:\/\/bikeskills.ca\/fr\/","logo":{"@type":"ImageObject","inLanguage":"en-CA","@id":"https:\/\/bikeskills.ca\/fr\/#\/schema\/logo\/image\/","url":"https:\/\/bikeskills.ca\/wp-content\/uploads\/2019\/08\/Screen-Shot-2019-08-12-at-6.11.svg","contentUrl":"https:\/\/bikeskills.ca\/wp-content\/uploads\/2019\/08\/Screen-Shot-2019-08-12-at-6.11.svg","width":309,"height":83,"caption":"\u00c9cole de v\u00e9lo Bikeskills"},"image":{"@id":"https:\/\/bikeskills.ca\/fr\/#\/schema\/logo\/image\/"},"sameAs":["https:\/\/www.facebook.com\/Bikeskillsca-2194275320683514\/","https:\/\/www.instagram.com\/bikeskills.ca\/?hl=fr"]}]}},"_links":{"self":[{"href":"https:\/\/bikeskills.ca\/en\/wp-json\/wp\/v2\/product\/21727"}],"collection":[{"href":"https:\/\/bikeskills.ca\/en\/wp-json\/wp\/v2\/product"}],"about":[{"href":"https:\/\/bikeskills.ca\/en\/wp-json\/wp\/v2\/types\/product"}],"replies":[{"embeddable":true,"href":"https:\/\/bikeskills.ca\/en\/wp-json\/wp\/v2\/comments?post=21727"}],"wp:attachment":[{"href":"https:\/\/bikeskills.ca\/en\/wp-json\/wp\/v2\/media?parent=21727"}],"wp:term":[{"taxonomy":"product_cat","embeddable":true,"href":"https:\/\/bikeskills.ca\/en\/wp-json\/wp\/v2\/product_cat?post=21727"},{"taxonomy":"product_tag","embeddable":true,"href":"https:\/\/bikeskills.ca\/en\/wp-json\/wp\/v2\/product_tag?post=21727"}],"curies":[{"name":"wp","href":"https:\/\/api.w.org\/{rel}","templated":true}]}}