{"id":28759,"date":"2025-01-28T15:24:41","date_gmt":"2025-01-28T19:24:41","guid":{"rendered":"https:\/\/bikeskills.ca\/product\/quebec-velo-de-montagne-tours-et-guidage-5-jours\/"},"modified":"2025-01-30T09:44:38","modified_gmt":"2025-01-30T13:44:38","slug":"quebec-velo-de-montagne-tours-et-guidage-5-jours","status":"publish","type":"product","link":"https:\/\/bikeskills.ca\/en\/product\/quebec-velo-de-montagne-tours-et-guidage-5-jours\/","title":{"rendered":"Tours et guidage &#8211; 5 jours"},"content":{"rendered":"<h2>Mountain Bike Qu\u00e9bec<br \/>\nTours and guiding<\/p>\n<p>Sentiers du Moulin<br \/>\nEmpire 47<br \/>\nVall\u00e9e Bras du Nord<br \/>\nLe Massif de Charlevoix<br \/>\nMont Sainte-Anne<\/h2>\n<h2>Let us guide you through the signature trails of Empire 47, Sentiers du Moulin, Vall\u00e9e Bras du Nord, le Massif de Charlevoix and le Mont-Sainte-Anne<\/h2>\n<h2>Would you like to be guided for five full days by our certified instructors in the best trails of the Quebec City area?  It&#8217;s possible!  You&#8217;ll be supervised on an itinerary organized according to your skill and physical level.  Your enjoyment will be optimized!<\/p>\n<p>Whether you&#8217;re exploring the Fabuleuse (green trail), the Slab City (blue trail) or the LB2, the Mammoth or the Wolverine (black to double-black trail), you&#8217;ll have the opportunity to benefit from technical advice while riding the most beautiful trails with us.<\/h2>\n<h2><center style=\"text-align: -webkit-center;\"><strong style=\"color: rgb(35, 53, 64); letter-spacing: 0px; text-align: left;\">Tours and guiding<\/strong><\/center><center style=\"text-align: -webkit-center;\"><strong style=\"letter-spacing: 0px; color: rgb(35, 53, 64); text-align: left;\"><\/strong><strong style=\"color: rgb(35, 53, 64); letter-spacing: 0px; text-align: left;\"><br \/>\n<\/strong><\/center><\/h2>\n<h4><center><strong>2600$ flat rate for a group or 1 to 5 participants<br \/>\n<\/strong><\/center><\/h4>\n<p><center style=\"text-align: -webkit-center;\"><\/center><\/p>\n<ul>\n<li><strong style=\"letter-spacing: 0px;\">Skill level :&nbsp;<\/strong>Beginner, Intermediate and Advanced&nbsp;<\/li>\n<li><b>All participants must have similar skills level<\/b><\/li>\n<li><strong>Time :&nbsp;<\/strong>9:30 AM to 4:00 PM<\/li>\n<li><strong style=\"letter-spacing: 0px;\">Location : Empire 47,&nbsp;<\/strong><b>Sentiers du Moulin, Vall\u00e9e Bras-du-Nord, Le Massif&nbsp;et le Mont-Sainte-Anne<\/b><\/li>\n<li><b>Note : <\/b>All guiding experiences will start with a warm up on easy trails. &nbsp;The coach will assess your skill level and will propose an itinerary. &nbsp;Our focus in safety, a coach can veto a group&#8217;s ambitions if safety is a concern.<\/li>\n<p><center><strong>Please be 5-10 minutes early so we can meet and greet you<br \/>\n<\/strong><\/center><\/ul>\n<h4><center><strong>Trail access not included<\/strong><\/center><center><strong><br \/>\n<\/strong><\/center><center><strong>Transportation to and from downtown Quebec City available<\/strong><\/center><center><strong><br \/>\n<\/strong><\/center><\/h4>\n<h4><center><strong>Rental bikes not included<\/strong><\/center><\/h4>\n<p><a tabindex=\"0\">Clinic description<\/a><\/p>\n<h4>Take advantage of your guiding experience<\/h4>\n<p>This \u201cluxury\u201d guiding package will allow you to explore a bike center you\u2019ve never ridden before or simply find new routes for your comfort level. While making sure you have the right basics, the guide will tailor a ride for you! Whether you\u2019re on your own or with a few friends, it really pays to maximize the experience and let yourself go through the trails!<\/p>\n<p><strong><\/strong><\/p>\n<p><strong><br \/>\n<\/strong><strong>Lesson format:<\/strong>  Form your own group and we will pair you up with one of our coaches.  The focus is on YOU and YOUR group!<\/p>\n<p><strong><\/strong><\/p>\n<p><strong><br \/>\n<\/strong><strong>Coach:<\/strong> Your coach will be PMBIA.org level I certified or higher, and have 20-hour first aid training in remote areas.<\/p>\n<p><strong><\/strong><\/p>\n<p><strong><br \/>\n<\/strong><strong>Terrain:<\/strong>  You heard about the signature trails in Sentiers du Moulin like the LB\u2019s, the Slab City or the Wolverine, but not sure if you can ride them? All guiding experiences will start with a warm up on easier trails.  Your coach will assess your skill and fitness level and will propose an itinerary based on your needs.  Our focus in safety, a coach can veto a group\u2019s ambitions if safety is a concern.<\/p>\n<p><a tabindex=\"0\">Recommended if&#8230;<\/a><\/p>\n<ul>\n<li>You are alone or with a small group and want to discover a center.<\/li>\n<li>You want to get some technical tips to ride safely.<\/li>\n<li>You like to ride without asking too many questions about linking trails<\/li>\n<li>You want to discover accessible trails for your caliber.<\/li>\n<li> You don\u2019t necessarily want a technical mountain biking course, but are open to trips and tricks on riding<\/li>\n<li>You want to maximize your day!<\/li>\n<\/ul>\n<p>You answered <b>YES<\/b> to most of these questions? <b>This clinic is for you.<\/b>  If you are unsure and have any questions, please contact us!<br \/>\n<a href=\"https:\/\/bikeskills.ca\/fr\/cliniques\/\"><br \/>\nSkill level and clinic description<br \/>\n<\/a><br \/>\n<a tabindex=\"0\">Bikeskills policies<\/a><\/p>\n<ul>\n<li>Minimum of 3 participants per clinic.<\/li>\n<li>Bikeskills reserves the right to reschedule a clinic if the minimum participants is not reached<\/li>\n<li>No refunds, except for major exceptions, at Bikeskills\u2019s discretion<\/li>\n<li>Bikeskills clinics and events are not cancelled in case of rain.<\/li>\n<li>An event may be rescheduled if the site is closed.<\/li>\n<li>Bikeskills is not responsible for the shutdown or closure of a lift or gondola. An alternative will be offered to the client, which may require pedalling towards a trail.<\/li>\n<\/ul>\n<p><a tabindex=\"0\">What to bring ?<\/a><\/p>\n<ul>\n<li>Knee protectors mandatory<\/li>\n<li>Long gloves and elbow protection recommended<\/li>\n<li>Mountain bike helmet<\/li>\n<li>Sportswear adapted to the weather conditions<\/li>\n<li>Flat-soled shoes (Vans type) or mountain bike shoes<\/li>\n<li>Flat pedals with metal cleats or automatic pedals (clip on) for mountain bikes<\/li>\n<li>Hydration (bike bottle) and nutrition (bars)<\/li>\n<\/ul>\n<p><a tabindex=\"0\">Planing your day<\/a><br \/>\nTo protect yourself from minor scrapes and injuries, Bikeskills recommends that you ALWAYS wear knee protection.  Gloves, eyewear \/ goggles and elbow protection are also recommended, but not mandatory. Of course, a helmet is always essential, ideally a mountain bike specific helmet.  A full-face helmet and chest protector for advanced and\/or lift courses is also recommended, but not mandatory.<\/p>\n<p>As the class will be held outdoors and we might not have access to indoor facilities, it is recommended that you check the mountain weather forecast and plan accordingly, as weather can change rapidly. It is recommended that each member of the group bring snacks and water to ensure they have enough energy to enjoy the class.<br \/>\n<a tabindex=\"0\">Cautionary note to participants<\/a><br \/>\nAs we want to prepare you in advance for a great experience, here are some notes on safe mountain biking<\/p>\n<ul>\n<li>Communicate your apprehensions, previous injuries and physical limitations to your coach.<\/li>\n<li>Do not exceed your physical and technical limits.<\/li>\n<li>All difficulties and modules are optional at all times.  We can always reduce the physical and technical demands of the lesson.<\/li>\n<li>Depending on the objective of the course, challenges will be incorporated, from the simple to the complex.<\/li>\n<li>Before embarking on a technical section, participants must demonstrate a minimum level of mastery on flat terrain or on trails of lesser technical difficulty.<\/li>\n<li>For a technical challenge, we stop, analyze, walk the section and then engage\u2026 or not!<\/li>\n<\/ul>\n<h4><center><strong>PRE-RIDE \/ RIDE \/ FREERIDE !<\/strong><\/center><\/h4>\n<p><strong>\t\t\t\t\t\t\t\t\t\t\t\t<a tabindex=\"0\">Clinic schedule<\/a><\/p>\n<h3><center><strong>Clinic schedule on weekends<\/strong><\/center><\/h3>\n<p><\/strong><strong><\/strong><\/p>\n<p><strong>9:30<\/strong> Welcome \u2013 Introduction \u2013 Bike and equipment check<br \/>\n<strong>9:45<\/strong>  Learning technical skills<br \/>\n<strong>10:30<\/strong>  Technical skills practice and guided ride<br \/>\n<strong>12:00<\/strong>  End of the clinic<\/p>\n<h3><center><strong>Clinic schedule on weekdays<\/strong><\/center><\/h3>\n<p><strong>18:00<\/strong> Welcome \u2013 Introduction \u2013 Bike and equipment check<br \/>\n<strong>18:15<\/strong>  Learning technical skills<br \/>\n<strong>19:00<\/strong>  Technical skills practice and guided ride<br \/>\n<strong>19:45<\/strong>  End of the clinic<\/p>\n<h2><center><strong>Your satisfaction is our priority<\/strong><\/center><\/h2>\n<p>Are you satisfied with your lesson?  Did you get 5 star service?  Here&#8217;s how you can help our small business grow!  If it&#8217;s not 4+ stars, please fill out the satisfaction document so we can address the situation internally.<\/p>\n<h4><center><strong><a style=\"color: #233540;\" href=\"https:\/\/g.page\/r\/CVKZLdgYTPfBEAg\/review\" target=\"_blank\" rel=\"noopener noreferrer\">Google review<\/a><\/strong><\/center><br \/>\n<center><strong><a style=\"color: #233540;\" href=\"https:\/\/www.facebook.com\/bikeskills.ca\/reviews\/\" target=\"_blank\" rel=\"noopener noreferrer\">Facebook review<\/a><\/strong><\/center><br \/>\n<center><strong><br \/>\n<a style=\"color: #233540;\" href=\"https:\/\/bikeskills.ca\/fr\/satisfaction\/\" target=\"_blank\" rel=\"noopener noreferrer\">Bikeskills satisfaction form<\/a><\/strong><\/center><\/h4>\n<h2>Let&#8217;s stay in contact<\/h2>\n<p><a href=\"https:\/\/www.facebook.com\/bikeskills.ca\/\" target=\"_blank\" rel=\"noopener\"><br \/>\nFacebook-f<br \/>\n<\/a><br \/>\n<a href=\"https:\/\/www.instagram.com\/bikeskills.ca\/\" target=\"_blank\" rel=\"noopener\"><br \/>\nInstagram<br \/>\n<\/a><br \/>\n<a href=\"https:\/\/www.tiktok.com\/@bikeskills\" target=\"_blank\" rel=\"noopener\"><br \/>\nTiktok<br \/>\n<\/a><br \/>\n<a href=\"https:\/\/www.youtube.com\/@bikeskills_ca\" target=\"_blank\" rel=\"noopener\"><br \/>\nYoutube<br \/>\n<\/a><\/p>\n","protected":false},"excerpt":{"rendered":"<p>Mountain Bike Qu\u00e9bec Tours and guiding Sentiers du Moulin Empire 47 Vall\u00e9e Bras du Nord Le Massif de Charlevoix Mont Sainte-Anne Let us guide you through the signature trails of Empire 47, Sentiers du Moulin, Vall\u00e9e Bras du Nord, le Massif de Charlevoix and le Mont-Sainte-Anne Would you like to be guided for five full [&hellip;]<\/p>\n","protected":false},"featured_media":0,"comment_status":"closed","ping_status":"closed","template":"","meta":{"_links_to":"","_links_to_target":""},"product_cat":[115],"product_tag":[],"yoast_head":"<!-- This site is optimized with the Yoast SEO plugin v24.2 - https:\/\/yoast.com\/wordpress\/plugins\/seo\/ -->\n<title>Tours et guidage - 5 jours - \u00c9cole de v\u00e9lo Bikeskills<\/title>\n<meta name=\"robots\" content=\"index, follow, max-snippet:-1, max-image-preview:large, max-video-preview:-1\" \/>\n<link rel=\"canonical\" href=\"https:\/\/bikeskills.ca\/en\/produit\/quebec-velo-de-montagne-tours-et-guidage-5-jours\/\" \/>\n<meta property=\"og:locale\" content=\"en_US\" \/>\n<meta property=\"og:type\" content=\"article\" \/>\n<meta property=\"og:title\" content=\"Tours et guidage - 5 jours - \u00c9cole de v\u00e9lo Bikeskills\" \/>\n<meta property=\"og:description\" content=\"Mountain Bike Qu\u00e9bec Tours and guiding Sentiers du Moulin Empire 47 Vall\u00e9e Bras du Nord Le Massif de Charlevoix Mont Sainte-Anne Let us guide you through the signature trails of Empire 47, Sentiers du Moulin, Vall\u00e9e Bras du Nord, le Massif de Charlevoix and le Mont-Sainte-Anne Would you like to be guided for five full [&hellip;]\" \/>\n<meta property=\"og:url\" content=\"https:\/\/bikeskills.ca\/en\/produit\/quebec-velo-de-montagne-tours-et-guidage-5-jours\/\" \/>\n<meta property=\"og:site_name\" content=\"\u00c9cole de v\u00e9lo Bikeskills\" \/>\n<meta property=\"article:publisher\" content=\"https:\/\/www.facebook.com\/Bikeskillsca-2194275320683514\/\" \/>\n<meta property=\"article:modified_time\" content=\"2025-01-30T13:44:38+00:00\" \/>\n<meta name=\"twitter:card\" content=\"summary_large_image\" \/>\n<meta name=\"twitter:label1\" content=\"Est. reading time\" \/>\n\t<meta name=\"twitter:data1\" content=\"5 minutes\" \/>\n<script type=\"application\/ld+json\" class=\"yoast-schema-graph\">{\"@context\":\"https:\/\/schema.org\",\"@graph\":[{\"@type\":\"WebPage\",\"@id\":\"https:\/\/bikeskills.ca\/fr\/produit\/quebec-velo-de-montagne-tours-et-guidage-5-jours\/\",\"url\":\"https:\/\/bikeskills.ca\/fr\/produit\/quebec-velo-de-montagne-tours-et-guidage-5-jours\/\",\"name\":\"Tours et guidage - 5 jours - \u00c9cole de v\u00e9lo Bikeskills\",\"isPartOf\":{\"@id\":\"https:\/\/bikeskills.ca\/fr\/#website\"},\"datePublished\":\"2025-01-28T19:24:41+00:00\",\"dateModified\":\"2025-01-30T13:44:38+00:00\",\"breadcrumb\":{\"@id\":\"https:\/\/bikeskills.ca\/fr\/produit\/quebec-velo-de-montagne-tours-et-guidage-5-jours\/#breadcrumb\"},\"inLanguage\":\"en-CA\",\"potentialAction\":[{\"@type\":\"ReadAction\",\"target\":[\"https:\/\/bikeskills.ca\/fr\/produit\/quebec-velo-de-montagne-tours-et-guidage-5-jours\/\"]}]},{\"@type\":\"BreadcrumbList\",\"@id\":\"https:\/\/bikeskills.ca\/fr\/produit\/quebec-velo-de-montagne-tours-et-guidage-5-jours\/#breadcrumb\",\"itemListElement\":[{\"@type\":\"ListItem\",\"position\":1,\"name\":\"Home\",\"item\":\"https:\/\/bikeskills.ca\/fr\/\"},{\"@type\":\"ListItem\",\"position\":2,\"name\":\"Shop\",\"item\":\"https:\/\/bikeskills.ca\/fr\/shop\/\"},{\"@type\":\"ListItem\",\"position\":3,\"name\":\"Tours et guidage &#8211; 5 jours\"}]},{\"@type\":\"WebSite\",\"@id\":\"https:\/\/bikeskills.ca\/fr\/#website\",\"url\":\"https:\/\/bikeskills.ca\/fr\/\",\"name\":\"\u00c9cole de v\u00e9lo Bikeskills\",\"description\":\"\u00c9cole de v\u00e9lo de montagne - Cours de v\u00e9lo de montagne - \u00c9v\u00e8nements priv\u00e9s et corporatifs - Partout au Qu\u00e9bec\",\"publisher\":{\"@id\":\"https:\/\/bikeskills.ca\/fr\/#organization\"},\"potentialAction\":[{\"@type\":\"SearchAction\",\"target\":{\"@type\":\"EntryPoint\",\"urlTemplate\":\"https:\/\/bikeskills.ca\/fr\/?s={search_term_string}\"},\"query-input\":{\"@type\":\"PropertyValueSpecification\",\"valueRequired\":true,\"valueName\":\"search_term_string\"}}],\"inLanguage\":\"en-CA\"},{\"@type\":\"Organization\",\"@id\":\"https:\/\/bikeskills.ca\/fr\/#organization\",\"name\":\"\u00c9cole de v\u00e9lo Bikeskills\",\"url\":\"https:\/\/bikeskills.ca\/fr\/\",\"logo\":{\"@type\":\"ImageObject\",\"inLanguage\":\"en-CA\",\"@id\":\"https:\/\/bikeskills.ca\/fr\/#\/schema\/logo\/image\/\",\"url\":\"https:\/\/bikeskills.ca\/wp-content\/uploads\/2019\/08\/Screen-Shot-2019-08-12-at-6.11.svg\",\"contentUrl\":\"https:\/\/bikeskills.ca\/wp-content\/uploads\/2019\/08\/Screen-Shot-2019-08-12-at-6.11.svg\",\"width\":309,\"height\":83,\"caption\":\"\u00c9cole de v\u00e9lo Bikeskills\"},\"image\":{\"@id\":\"https:\/\/bikeskills.ca\/fr\/#\/schema\/logo\/image\/\"},\"sameAs\":[\"https:\/\/www.facebook.com\/Bikeskillsca-2194275320683514\/\",\"https:\/\/www.instagram.com\/bikeskills.ca\/?hl=fr\"]}]}<\/script>\n<!-- \/ Yoast SEO plugin. -->","yoast_head_json":{"title":"Tours et guidage - 5 jours - \u00c9cole de v\u00e9lo Bikeskills","robots":{"index":"index","follow":"follow","max-snippet":"max-snippet:-1","max-image-preview":"max-image-preview:large","max-video-preview":"max-video-preview:-1"},"canonical":"https:\/\/bikeskills.ca\/en\/produit\/quebec-velo-de-montagne-tours-et-guidage-5-jours\/","og_locale":"en_US","og_type":"article","og_title":"Tours et guidage - 5 jours - \u00c9cole de v\u00e9lo Bikeskills","og_description":"Mountain Bike Qu\u00e9bec Tours and guiding Sentiers du Moulin Empire 47 Vall\u00e9e Bras du Nord Le Massif de Charlevoix Mont Sainte-Anne Let us guide you through the signature trails of Empire 47, Sentiers du Moulin, Vall\u00e9e Bras du Nord, le Massif de Charlevoix and le Mont-Sainte-Anne Would you like to be guided for five full [&hellip;]","og_url":"https:\/\/bikeskills.ca\/en\/produit\/quebec-velo-de-montagne-tours-et-guidage-5-jours\/","og_site_name":"\u00c9cole de v\u00e9lo Bikeskills","article_publisher":"https:\/\/www.facebook.com\/Bikeskillsca-2194275320683514\/","article_modified_time":"2025-01-30T13:44:38+00:00","twitter_card":"summary_large_image","twitter_misc":{"Est. reading time":"5 minutes"},"schema":{"@context":"https:\/\/schema.org","@graph":[{"@type":"WebPage","@id":"https:\/\/bikeskills.ca\/fr\/produit\/quebec-velo-de-montagne-tours-et-guidage-5-jours\/","url":"https:\/\/bikeskills.ca\/fr\/produit\/quebec-velo-de-montagne-tours-et-guidage-5-jours\/","name":"Tours et guidage - 5 jours - \u00c9cole de v\u00e9lo Bikeskills","isPartOf":{"@id":"https:\/\/bikeskills.ca\/fr\/#website"},"datePublished":"2025-01-28T19:24:41+00:00","dateModified":"2025-01-30T13:44:38+00:00","breadcrumb":{"@id":"https:\/\/bikeskills.ca\/fr\/produit\/quebec-velo-de-montagne-tours-et-guidage-5-jours\/#breadcrumb"},"inLanguage":"en-CA","potentialAction":[{"@type":"ReadAction","target":["https:\/\/bikeskills.ca\/fr\/produit\/quebec-velo-de-montagne-tours-et-guidage-5-jours\/"]}]},{"@type":"BreadcrumbList","@id":"https:\/\/bikeskills.ca\/fr\/produit\/quebec-velo-de-montagne-tours-et-guidage-5-jours\/#breadcrumb","itemListElement":[{"@type":"ListItem","position":1,"name":"Home","item":"https:\/\/bikeskills.ca\/fr\/"},{"@type":"ListItem","position":2,"name":"Shop","item":"https:\/\/bikeskills.ca\/fr\/shop\/"},{"@type":"ListItem","position":3,"name":"Tours et guidage &#8211; 5 jours"}]},{"@type":"WebSite","@id":"https:\/\/bikeskills.ca\/fr\/#website","url":"https:\/\/bikeskills.ca\/fr\/","name":"\u00c9cole de v\u00e9lo Bikeskills","description":"\u00c9cole de v\u00e9lo de montagne - Cours de v\u00e9lo de montagne - \u00c9v\u00e8nements priv\u00e9s et corporatifs - Partout au Qu\u00e9bec","publisher":{"@id":"https:\/\/bikeskills.ca\/fr\/#organization"},"potentialAction":[{"@type":"SearchAction","target":{"@type":"EntryPoint","urlTemplate":"https:\/\/bikeskills.ca\/fr\/?s={search_term_string}"},"query-input":{"@type":"PropertyValueSpecification","valueRequired":true,"valueName":"search_term_string"}}],"inLanguage":"en-CA"},{"@type":"Organization","@id":"https:\/\/bikeskills.ca\/fr\/#organization","name":"\u00c9cole de v\u00e9lo Bikeskills","url":"https:\/\/bikeskills.ca\/fr\/","logo":{"@type":"ImageObject","inLanguage":"en-CA","@id":"https:\/\/bikeskills.ca\/fr\/#\/schema\/logo\/image\/","url":"https:\/\/bikeskills.ca\/wp-content\/uploads\/2019\/08\/Screen-Shot-2019-08-12-at-6.11.svg","contentUrl":"https:\/\/bikeskills.ca\/wp-content\/uploads\/2019\/08\/Screen-Shot-2019-08-12-at-6.11.svg","width":309,"height":83,"caption":"\u00c9cole de v\u00e9lo Bikeskills"},"image":{"@id":"https:\/\/bikeskills.ca\/fr\/#\/schema\/logo\/image\/"},"sameAs":["https:\/\/www.facebook.com\/Bikeskillsca-2194275320683514\/","https:\/\/www.instagram.com\/bikeskills.ca\/?hl=fr"]}]}},"_links":{"self":[{"href":"https:\/\/bikeskills.ca\/en\/wp-json\/wp\/v2\/product\/28759"}],"collection":[{"href":"https:\/\/bikeskills.ca\/en\/wp-json\/wp\/v2\/product"}],"about":[{"href":"https:\/\/bikeskills.ca\/en\/wp-json\/wp\/v2\/types\/product"}],"replies":[{"embeddable":true,"href":"https:\/\/bikeskills.ca\/en\/wp-json\/wp\/v2\/comments?post=28759"}],"wp:attachment":[{"href":"https:\/\/bikeskills.ca\/en\/wp-json\/wp\/v2\/media?parent=28759"}],"wp:term":[{"taxonomy":"product_cat","embeddable":true,"href":"https:\/\/bikeskills.ca\/en\/wp-json\/wp\/v2\/product_cat?post=28759"},{"taxonomy":"product_tag","embeddable":true,"href":"https:\/\/bikeskills.ca\/en\/wp-json\/wp\/v2\/product_tag?post=28759"}],"curies":[{"name":"wp","href":"https:\/\/api.w.org\/{rel}","templated":true}]}}