{"id":28904,"date":"2025-01-30T10:00:15","date_gmt":"2025-01-30T14:00:15","guid":{"rendered":"https:\/\/bikeskills.ca\/product\/tours-et-guidage-semaine-complete\/"},"modified":"2025-05-26T09:42:51","modified_gmt":"2025-05-26T13:42:51","slug":"tours-et-guidage-semaine-complete","status":"publish","type":"product","link":"https:\/\/bikeskills.ca\/en\/product\/tours-et-guidage-semaine-complete\/","title":{"rendered":"Cours priv\u00e9 avec Bikeskills \u00e0 Bromont"},"content":{"rendered":"<h1>You are looking for a specific coach?<br \/>\n Mention it in the comments upon booking and we will connect you!<\/p>\n<p>Looking to book within the next 2 days? Contact us by email to check availability\u2014we&#8217;ll do our best to get you riding!<\/p>\n<p>Please select the number of<br \/>\nadditional participants in &#8220;extra services&#8221;<\/h1>\n<h2>Private courses<\/h2>\n<h1>Unlock Your Full Riding Potential with Private Coaching<\/h1>\n<h2>Personalized mountain bike lessons with expert-certified coaches\u2014ride with confidence, progress faster, and have more fun on the trails!<\/h2>\n<h4><strong>Looking to refine your technique?<\/strong> Book a session with one of our Bikeskills and PMBIA-certified coaches for personalized coaching!<\/p>\n<p><strong>Want to get the most out of your session while saving money?<\/strong> Team up with friends of a similar skill level and take advantage of our group rate!<\/p>\n<p>Our coaches are primarily based at <strong>Sentiers du Moulin in Qu\u00e9bec City<\/strong>, <strong>Parc des Sommets in Bromont  <\/strong>,  as well as other mountain biking locations across Qu\u00e9bec. <strong><\/p>\n<p><strong>Not sure who to book?<\/strong> Contact us and we\u2019ll help you find the perfect coach for your needs!<\/p>\n<p><strong>Let us connect you with the ideal coach for you!<\/strong><\/strong><\/h4>\n<p>\t\t\t\t\t\t\t\t\t\t\t\t<a tabindex=\"0\">Recommended if&#8230;<\/a><\/p>\n<ul>\n<li>You are alone or with a small group and want to discover a center.<\/li>\n<li>You want to get some technical tips to ride safely.<\/li>\n<li>You like to ride without asking too many questions about linking trails<\/li>\n<li>You want to discover accessible trails for your caliber.<\/li>\n<li> You don&#8217;t necessarily want a technical mountain biking course, but are open to trips and tricks on riding<\/li>\n<li>You want to maximize your day!<\/li>\n<\/ul>\n<p>\nYou answered <b>YES<\/b> to most of these questions? <b>This clinic is for you.<\/b>  If you are unsure and have any questions, please contact us!<br \/>\n\t\t\t\t\t\t\t\t\t\t\t\t<a tabindex=\"0\">Clinic description<\/a><br \/>\n\t\t\t\t\t<strong>Experience the Ultimate in Private Coaching<\/strong><\/p>\n<p>Take your riding to the next level with a customized coaching session designed for fast, safe, and confidence-boosting progress on your favorite trails. Our expert coaches use a proven skills model to assess your abilities and ensure you master the fundamentals\u2014accelerating your learning in a fun and structured way.<\/p>\n<p><strong>For groups of 1 to 5 riders<\/strong> \u2013 Learning is even more fun when shared with friends!<\/p>\n<p><strong>How It Works<\/strong><br \/>\n<strong>Personalized Format:<\/strong> Form your own group, and we\u2019ll match you with one of our top coaches. The focus is 100% on YOU and YOUR riding goals.<\/p>\n<p><strong>Expert Coaching:<\/strong> Your coach will be <strong>PMBIA.org Level 1 certified or higher<\/strong> and trained in <strong>20-hour remote first aid<\/strong>, ensuring a safe and professional experience.<\/p>\n<h2>Private courses<\/h2>\n<p>\t\t299$ for the first participant<br \/>100$ for any additional participant<\/p>\n<ul>\n<li><strong>Skill level :&nbsp;<\/strong>Beginner, Intermediate and Advanced&nbsp;<\/li>\n<li><b>All participants must have similar skills level<\/b><\/li>\n<li><strong>Time :&nbsp;<\/strong>9:30 to 12:00 \/ 13:00 to 15:30 \/ 17:00 &#8211; 19:30&nbsp;<\/li>\n<li><strong>Your coach : <\/strong><\/b>Your coach will be an accredited PMBIA instructor<\/li>\n<li><b>Note : <\/b>All guiding experiences will start with a warm up on easy trails. &nbsp;The coach will assess your skill level and will propose an itinerary. &nbsp;Our focus in safety, a coach can veto a group&#8217;s ambitions if safety is a concern.<\/li>\n<\/p>\n<p><center><strong>Please be 5-10 minutes early so we can meet and greet you<br \/><\/strong><\/center><\/ul>\n<p>Trail access not included<\/p>\n<p>Bikes not included<br \/>\n\t\t\t\t\t<a href=\"https:\/\/bikeskills.ca\/fr\/cliniques\/\"><br \/>\n\t\t\t\t\t\t\t\t\tSkill level and clinic description<br \/>\n\t\t\t\t\t<\/a><br \/>\n\t\t\t\t\t\t\t\t\t\t\t\t<a tabindex=\"0\">Bikeskills policies<\/a><\/p>\n<li>No refunds, except for major exceptions, at Bikeskills&#8217;s discretion\n<\/li>\n<li>Bikeskills clinics and events are not cancelled in case of rain.\n<\/li>\n<li>An event may be rescheduled if the site is closed to prevent trail degradation.\n<\/li>\n<li>Bikeskills is not responsible for the shutdown or closure of a lift or gondola. An alternative will be offered to the client, which may require pedalling towards a trail.\n<\/li>\n<p>\t\t\t\t\t\t\t\t\t\t\t\t<a tabindex=\"0\">What to bring ?<\/a><\/p>\n<li><b>Knee protectors mandatory (for all)<\/b><\/li>\n<li>Long fingered gloves and elbow protection highly recommended<\/li>\n<li>Mountain bike specific helmet<\/li>\n<li>Sportswear adapted to the weather conditions<\/li>\n<li>Hydration (bike bottle) and nutrition (bars)<\/li>\n<li>Flat-soled shoes (Vans type) or mountain bike shoes<\/li>\n<li>Flat pedals with metal cleats or automatic mountain bike pedals (clips)<\/li>\n<li>Please avoid plastic pedals, dual sided pedals or minimalist XC pedals and shoes&nbsp;<\/li>\n<p>\t\t\t\t\t\t\t\t\t\t\t\t<a tabindex=\"0\">Planing your day<\/a><\/p>\n<ul>\n<p>To protect yourself from minor scrapes and injuries, Bikeskills recommends that you ALWAYS wear knee protection.  Gloves, eyewear \/ goggles and elbow protection are also recommended, but not mandatory. Of course, a helmet is always essential, ideally a mountain bike specific helmet. Lightweight full-face helmets provide additional protection. &nbsp;A full-face helmet and chest protector for advanced and\/or lift accessed courses is also highly recommended.<\/p>\n<\/p>\n<p>\nAs the class will be held outdoors, we might not have access to indoor facilities. It is recommended that you check the mountain weather forecast and plan accordingly, as mountain weather can change rapidly. Think about layering clothing to adapt to conditions, a lightweight jacket is always a good option to have. &nbsp;It is recommended that each member of the group bring snacks and water to ensure they have enough energy to enjoy the class.<\/p>\n<p>\t\t\t\t\t\t\t\t\t\t\t\t<a tabindex=\"0\">Cautionary note to participants<\/a><\/p>\n<ul>\n<p>As we want to prepare you for a great experience, here are some notes on risk management in mountain biking.<\/p>\n<li>Communicate your apprehensions, previous injuries and physical limitations to your coach.<\/li>\n<li>Do not exceed your physical and technical limits.<\/li>\n<li>All difficulties and modules such as drops and jumps are optional at all times. If needed, we can always reduce the physical and technical demands of the lesson.<\/li>\n<li>Depending on the objective and level of the course, challenges will be progressively incorporated, from simple terrain to more complex features.<\/li>\n<li>Before embarking on a technical section, participants must demonstrate a minimum level of mastery on flat terrain or on trails of lesser technical difficulty.<\/li>\n<li>As with any group activity, your coach will adapt the lesson to cater to all participants. We strive to have similar level participants in our group lessons, but the reality is that it is not always possible as describing a skill level is always subjective. We can always provide additional challenges to advanced riders in simpler terrain while insuring a safe riding experience for lesser skilled riders. &nbsp;Our coaches are experts at this balancing act.<\/li>\n<li>For a technical challenge, we stop, analyze, walk the section and then engage&#8230; or not!<\/li>\n<\/ul>\n<h5><center><strong>PRE-RIDE \/ RIDE \/ FREERIDE !<\/strong><\/center><\/h5>\n<p>\t\t\t\t\t\t\t\t\t\t\t\t<a tabindex=\"0\">Clinic schedule<\/a><\/p>\n<p><center><strong>Full day sample clinic schedule<\/strong><\/center><\/h3>\n<p><strong>9:30<\/strong>&nbsp; Welcome &#8211; Introduction &#8211; Bike and equipment check<br \/><strong>9:45<\/strong>&nbsp; Learning technical skills<br \/><strong>10:30<\/strong>&nbsp; Technical skills practice and guided ride<br \/><strong>12:30<\/strong>&nbsp; Catered lunch<br \/><strong>13:15<\/strong>&nbsp; Ride and guided practice<br \/><strong>15:00<\/strong>&nbsp; Skills challenge and prizes<br \/><strong>16:00<\/strong>&nbsp; Apr\u00e8s-bike<br \/><strong>17:00<\/strong>&nbsp; End of the clinic<\/p>\n<p><center><strong>Half-Day weekend sample clinic schedule on weekends<\/strong><\/center><\/h3>\n<\/p>\n<p><strong>9:30<\/strong>&nbsp; Welcome &#8211; Introduction &#8211; Bike and equipment check<br \/><strong>9:45<\/strong>&nbsp; Learning technical skills<br \/><strong>10:30<\/strong>&nbsp; Technical skills practice and guided ride<br \/><strong>12:00<\/strong>&nbsp; End of the clinic<\/p>\n<p><center><strong>Night clinic sample schedule<\/strong><\/center><\/h3>\n<p><strong>18:00<\/strong>&nbsp; Welcome &#8211; Introduction &#8211; Bike and equipment check<br \/><strong>18:15<\/strong>&nbsp; Learning technical skills<br \/><strong>19:00<\/strong>&nbsp; Technical skills practice and guided ride<br \/><strong>19:45<\/strong>&nbsp; End of the clinic<\/p>\n<h2>Your satisfaction is our priority<\/h2>\n<p>\t\tAre you satisfied with your lesson? Did you get 5 star service? Here&#8217;s how you can help our small business grow! If it&#8217;s not 4+ stars, please fill out the satisfaction document so we can address the situation internally.<a href=\"https:\/\/g.page\/r\/CVKZLdgYTPfBEAg\/review\" target=\"_blank\" rel=\"noopener noreferrer\">Google review<\/a><br \/>\n<a href=\"https:\/\/www.facebook.com\/bikeskills.ca\/reviews\/\" target=\"_blank\" rel=\"noopener noreferrer\">Facebook review<\/a><br \/>\n<a href=\"https:\/\/bikeskills.ca\/fr\/satisfaction\/\" target=\"_blank\" rel=\"noopener noreferrer\">Bikeskills satisfaction form<\/a><br \/>\n\t\t\t\t\t<a href=\"https:\/\/bikeskills.ca\/fr\/se-preparer\/\"><br \/>\n\t\t\t\t\t\t\t\t\tFrequently asked questions answered<br \/>\n\t\t\t\t\t<\/a><\/p>\n<h2>Let&#8217;s stay in contact<\/h2>\n<p>\t\t\t\t\t<a href=\"https:\/\/www.facebook.com\/bikeskills.ca\/\" target=\"_blank\" rel=\"noopener\"><br \/>\n\t\t\t\t\t\tFacebook-f<br \/>\n\t\t\t\t\t\t\t\t\t\t\t<\/a><br \/>\n\t\t\t\t\t<a href=\"https:\/\/www.instagram.com\/bikeskills.ca\/\" target=\"_blank\" rel=\"noopener\"><br \/>\n\t\t\t\t\t\tInstagram<br \/>\n\t\t\t\t\t\t\t\t\t\t\t<\/a><br \/>\n\t\t\t\t\t<a href=\"https:\/\/www.youtube.com\/@bikeskills.academy\" target=\"_blank\" rel=\"noopener\"><br \/>\n\t\t\t\t\t\tYoutube<br \/>\n\t\t\t\t\t\t\t\t\t\t\t<\/a><\/p>\n","protected":false},"excerpt":{"rendered":"<p>You are looking for a specific coach? Mention it in the comments upon booking and we will connect you! Looking to book within the next 2 days? Contact us by email to check availability\u2014we&#8217;ll do our best to get you riding! Please select the number of additional participants in &#8220;extra services&#8221; Private courses Unlock Your [&hellip;]<\/p>\n","protected":false},"featured_media":0,"comment_status":"closed","ping_status":"closed","template":"","meta":{"_links_to":"","_links_to_target":""},"product_cat":[115],"product_tag":[],"yoast_head":"<!-- This site is optimized with the Yoast SEO plugin v24.2 - https:\/\/yoast.com\/wordpress\/plugins\/seo\/ -->\n<title>Cours priv\u00e9 avec Bikeskills \u00e0 Bromont - \u00c9cole de v\u00e9lo Bikeskills<\/title>\n<meta name=\"robots\" content=\"index, follow, max-snippet:-1, max-image-preview:large, max-video-preview:-1\" \/>\n<link rel=\"canonical\" href=\"https:\/\/bikeskills.ca\/en\/product\/tours-et-guidage-semaine-complete\/\" \/>\n<meta property=\"og:locale\" content=\"en_US\" \/>\n<meta property=\"og:type\" content=\"article\" \/>\n<meta property=\"og:title\" content=\"Cours priv\u00e9 avec Bikeskills \u00e0 Bromont - \u00c9cole de v\u00e9lo Bikeskills\" \/>\n<meta property=\"og:description\" content=\"You are looking for a specific coach? Mention it in the comments upon booking and we will connect you! Looking to book within the next 2 days? Contact us by email to check availability\u2014we&#8217;ll do our best to get you riding! Please select the number of additional participants in &#8220;extra services&#8221; Private courses Unlock Your [&hellip;]\" \/>\n<meta property=\"og:url\" content=\"https:\/\/bikeskills.ca\/en\/product\/tours-et-guidage-semaine-complete\/\" \/>\n<meta property=\"og:site_name\" content=\"\u00c9cole de v\u00e9lo Bikeskills\" \/>\n<meta property=\"article:publisher\" content=\"https:\/\/www.facebook.com\/Bikeskillsca-2194275320683514\/\" \/>\n<meta property=\"article:modified_time\" content=\"2025-05-26T13:42:51+00:00\" \/>\n<meta name=\"twitter:card\" content=\"summary_large_image\" \/>\n<meta name=\"twitter:label1\" content=\"Est. reading time\" \/>\n\t<meta name=\"twitter:data1\" content=\"6 minutes\" \/>\n<script type=\"application\/ld+json\" class=\"yoast-schema-graph\">{\"@context\":\"https:\/\/schema.org\",\"@graph\":[{\"@type\":\"WebPage\",\"@id\":\"https:\/\/bikeskills.ca\/product\/tours-et-guidage-semaine-complete\/\",\"url\":\"https:\/\/bikeskills.ca\/product\/tours-et-guidage-semaine-complete\/\",\"name\":\"Cours priv\u00e9 avec Bikeskills \u00e0 Bromont - \u00c9cole de v\u00e9lo Bikeskills\",\"isPartOf\":{\"@id\":\"https:\/\/bikeskills.ca\/fr\/#website\"},\"datePublished\":\"2025-01-30T14:00:15+00:00\",\"dateModified\":\"2025-05-26T13:42:51+00:00\",\"breadcrumb\":{\"@id\":\"https:\/\/bikeskills.ca\/product\/tours-et-guidage-semaine-complete\/#breadcrumb\"},\"inLanguage\":\"en-CA\",\"potentialAction\":[{\"@type\":\"ReadAction\",\"target\":[\"https:\/\/bikeskills.ca\/product\/tours-et-guidage-semaine-complete\/\"]}]},{\"@type\":\"BreadcrumbList\",\"@id\":\"https:\/\/bikeskills.ca\/product\/tours-et-guidage-semaine-complete\/#breadcrumb\",\"itemListElement\":[{\"@type\":\"ListItem\",\"position\":1,\"name\":\"Home\",\"item\":\"https:\/\/bikeskills.ca\/fr\/\"},{\"@type\":\"ListItem\",\"position\":2,\"name\":\"Shop\",\"item\":\"https:\/\/bikeskills.ca\/en\/shop\/\"},{\"@type\":\"ListItem\",\"position\":3,\"name\":\"Cours priv\u00e9 avec Bikeskills \u00e0 Bromont\"}]},{\"@type\":\"WebSite\",\"@id\":\"https:\/\/bikeskills.ca\/fr\/#website\",\"url\":\"https:\/\/bikeskills.ca\/fr\/\",\"name\":\"\u00c9cole de v\u00e9lo Bikeskills\",\"description\":\"\u00c9cole de v\u00e9lo de montagne - Cours de v\u00e9lo de montagne - \u00c9v\u00e8nements priv\u00e9s et corporatifs - Partout au Qu\u00e9bec\",\"publisher\":{\"@id\":\"https:\/\/bikeskills.ca\/fr\/#organization\"},\"potentialAction\":[{\"@type\":\"SearchAction\",\"target\":{\"@type\":\"EntryPoint\",\"urlTemplate\":\"https:\/\/bikeskills.ca\/fr\/?s={search_term_string}\"},\"query-input\":{\"@type\":\"PropertyValueSpecification\",\"valueRequired\":true,\"valueName\":\"search_term_string\"}}],\"inLanguage\":\"en-CA\"},{\"@type\":\"Organization\",\"@id\":\"https:\/\/bikeskills.ca\/fr\/#organization\",\"name\":\"\u00c9cole de v\u00e9lo Bikeskills\",\"url\":\"https:\/\/bikeskills.ca\/fr\/\",\"logo\":{\"@type\":\"ImageObject\",\"inLanguage\":\"en-CA\",\"@id\":\"https:\/\/bikeskills.ca\/fr\/#\/schema\/logo\/image\/\",\"url\":\"https:\/\/bikeskills.ca\/wp-content\/uploads\/2019\/08\/Screen-Shot-2019-08-12-at-6.11.svg\",\"contentUrl\":\"https:\/\/bikeskills.ca\/wp-content\/uploads\/2019\/08\/Screen-Shot-2019-08-12-at-6.11.svg\",\"width\":309,\"height\":83,\"caption\":\"\u00c9cole de v\u00e9lo Bikeskills\"},\"image\":{\"@id\":\"https:\/\/bikeskills.ca\/fr\/#\/schema\/logo\/image\/\"},\"sameAs\":[\"https:\/\/www.facebook.com\/Bikeskillsca-2194275320683514\/\",\"https:\/\/www.instagram.com\/bikeskills.ca\/?hl=fr\"]}]}<\/script>\n<!-- \/ Yoast SEO plugin. -->","yoast_head_json":{"title":"Cours priv\u00e9 avec Bikeskills \u00e0 Bromont - \u00c9cole de v\u00e9lo Bikeskills","robots":{"index":"index","follow":"follow","max-snippet":"max-snippet:-1","max-image-preview":"max-image-preview:large","max-video-preview":"max-video-preview:-1"},"canonical":"https:\/\/bikeskills.ca\/en\/product\/tours-et-guidage-semaine-complete\/","og_locale":"en_US","og_type":"article","og_title":"Cours priv\u00e9 avec Bikeskills \u00e0 Bromont - \u00c9cole de v\u00e9lo Bikeskills","og_description":"You are looking for a specific coach? Mention it in the comments upon booking and we will connect you! Looking to book within the next 2 days? Contact us by email to check availability\u2014we&#8217;ll do our best to get you riding! Please select the number of additional participants in &#8220;extra services&#8221; Private courses Unlock Your [&hellip;]","og_url":"https:\/\/bikeskills.ca\/en\/product\/tours-et-guidage-semaine-complete\/","og_site_name":"\u00c9cole de v\u00e9lo Bikeskills","article_publisher":"https:\/\/www.facebook.com\/Bikeskillsca-2194275320683514\/","article_modified_time":"2025-05-26T13:42:51+00:00","twitter_card":"summary_large_image","twitter_misc":{"Est. reading time":"6 minutes"},"schema":{"@context":"https:\/\/schema.org","@graph":[{"@type":"WebPage","@id":"https:\/\/bikeskills.ca\/product\/tours-et-guidage-semaine-complete\/","url":"https:\/\/bikeskills.ca\/product\/tours-et-guidage-semaine-complete\/","name":"Cours priv\u00e9 avec Bikeskills \u00e0 Bromont - \u00c9cole de v\u00e9lo Bikeskills","isPartOf":{"@id":"https:\/\/bikeskills.ca\/fr\/#website"},"datePublished":"2025-01-30T14:00:15+00:00","dateModified":"2025-05-26T13:42:51+00:00","breadcrumb":{"@id":"https:\/\/bikeskills.ca\/product\/tours-et-guidage-semaine-complete\/#breadcrumb"},"inLanguage":"en-CA","potentialAction":[{"@type":"ReadAction","target":["https:\/\/bikeskills.ca\/product\/tours-et-guidage-semaine-complete\/"]}]},{"@type":"BreadcrumbList","@id":"https:\/\/bikeskills.ca\/product\/tours-et-guidage-semaine-complete\/#breadcrumb","itemListElement":[{"@type":"ListItem","position":1,"name":"Home","item":"https:\/\/bikeskills.ca\/fr\/"},{"@type":"ListItem","position":2,"name":"Shop","item":"https:\/\/bikeskills.ca\/en\/shop\/"},{"@type":"ListItem","position":3,"name":"Cours priv\u00e9 avec Bikeskills \u00e0 Bromont"}]},{"@type":"WebSite","@id":"https:\/\/bikeskills.ca\/fr\/#website","url":"https:\/\/bikeskills.ca\/fr\/","name":"\u00c9cole de v\u00e9lo Bikeskills","description":"\u00c9cole de v\u00e9lo de montagne - Cours de v\u00e9lo de montagne - \u00c9v\u00e8nements priv\u00e9s et corporatifs - Partout au Qu\u00e9bec","publisher":{"@id":"https:\/\/bikeskills.ca\/fr\/#organization"},"potentialAction":[{"@type":"SearchAction","target":{"@type":"EntryPoint","urlTemplate":"https:\/\/bikeskills.ca\/fr\/?s={search_term_string}"},"query-input":{"@type":"PropertyValueSpecification","valueRequired":true,"valueName":"search_term_string"}}],"inLanguage":"en-CA"},{"@type":"Organization","@id":"https:\/\/bikeskills.ca\/fr\/#organization","name":"\u00c9cole de v\u00e9lo Bikeskills","url":"https:\/\/bikeskills.ca\/fr\/","logo":{"@type":"ImageObject","inLanguage":"en-CA","@id":"https:\/\/bikeskills.ca\/fr\/#\/schema\/logo\/image\/","url":"https:\/\/bikeskills.ca\/wp-content\/uploads\/2019\/08\/Screen-Shot-2019-08-12-at-6.11.svg","contentUrl":"https:\/\/bikeskills.ca\/wp-content\/uploads\/2019\/08\/Screen-Shot-2019-08-12-at-6.11.svg","width":309,"height":83,"caption":"\u00c9cole de v\u00e9lo Bikeskills"},"image":{"@id":"https:\/\/bikeskills.ca\/fr\/#\/schema\/logo\/image\/"},"sameAs":["https:\/\/www.facebook.com\/Bikeskillsca-2194275320683514\/","https:\/\/www.instagram.com\/bikeskills.ca\/?hl=fr"]}]}},"_links":{"self":[{"href":"https:\/\/bikeskills.ca\/en\/wp-json\/wp\/v2\/product\/28904"}],"collection":[{"href":"https:\/\/bikeskills.ca\/en\/wp-json\/wp\/v2\/product"}],"about":[{"href":"https:\/\/bikeskills.ca\/en\/wp-json\/wp\/v2\/types\/product"}],"replies":[{"embeddable":true,"href":"https:\/\/bikeskills.ca\/en\/wp-json\/wp\/v2\/comments?post=28904"}],"wp:attachment":[{"href":"https:\/\/bikeskills.ca\/en\/wp-json\/wp\/v2\/media?parent=28904"}],"wp:term":[{"taxonomy":"product_cat","embeddable":true,"href":"https:\/\/bikeskills.ca\/en\/wp-json\/wp\/v2\/product_cat?post=28904"},{"taxonomy":"product_tag","embeddable":true,"href":"https:\/\/bikeskills.ca\/en\/wp-json\/wp\/v2\/product_tag?post=28904"}],"curies":[{"name":"wp","href":"https:\/\/api.w.org\/{rel}","templated":true}]}}