{"id":28974,"date":"2025-01-30T16:25:42","date_gmt":"2025-01-30T20:25:42","guid":{"rendered":"https:\/\/bikeskills.ca\/product\/bikemoms-bromont-mercredis-7-mai-au-11-juin-2025\/"},"modified":"2025-04-29T08:45:01","modified_gmt":"2025-04-29T12:45:01","slug":"bikemoms-bromont-mercredis-7-mai-au-11-juin-2025","status":"publish","type":"product","link":"https:\/\/bikeskills.ca\/en\/product\/bikemoms-bromont-mercredis-7-mai-au-11-juin-2025\/","title":{"rendered":"Bikemoms Sentiers du Moulin Jeudis &#8211; 22 mai au 19 juin 2025"},"content":{"rendered":"<h1>Bikemoms* progression sessions at <br \/>Sentiers du Moulin, Qu\u00e9bec<\/h1>\n<h2>Beginner &#8211; Intermediate and advanced groups available<\/p>\n<p>Join us for a series of 5 weekday session with our experienced (mostly) female coaches!<\/h2>\n<h2>* No need to have a kid to register \ud83d\ude09<\/h2>\n<h4>The concept is simple: a 5-week progression with a proven development program to help you progress, in a spirit of fun, camaraderie and mutual support.  <\/p>\n<p>Our coaches are all certified by our Bikeskills teaching system to give you the best quality coaching possible.  <\/p>\n<p>Come learn and have fun with us!   Depending on the level of each group and the learning objective, we&#8217;ll ride between Sommet 1 and Maelstrom.<\/h4>\n<p>\t\t\t\t\t\t\t\t\t\t\t\t<a tabindex=\"0\">Recommended if&#8230;<\/a><br \/>\n\t\t\t\t\t<strong>We offer several groups to optimize your learning and allow you to progress at your own pace.<\/strong><\/p>\n<ul>\n<li>Do you want to ride with other women who share your passions and build genuine connections?<\/li>\n<li>Are you looking for a group with a similar skill level to grow together?<\/li>\n<li>Do you want to take on new technical challenges in a safe, fun, and motivating environment?<\/li>\n<li>Do you wish to learn techniques without pressure and gain confidence with every ride?<\/li>\n<\/ul>\n<p>\n<strong>Please refer to the Bikeskills course descriptions below to determine your physical and technical skill level, and join the group that best suits you!&#8221;<\/strong><\/p>\n<p>If you answered <b>YES<\/b> to all these questions? <b>This clinic is for you.<\/b> If you&#8217;re unsure and have questions, don&#8217;t hesitate to contact us!<br \/>\n\t\t\t\t\t\t\t\t\t\t\t\t<a tabindex=\"0\">Clinic description<\/a><\/p>\n<p>This mountain biking course series is designed for women who want to start or progress with confidence and safety. Through progressive, tailored exercises, you\u2019ll develop solid technical skills that will allow you to ride trails with more fluidity and assurance. You\u2019ll learn in a supportive and motivating environment, surrounded by riders who share the same spirit of growth and fun. Join us for an inspiring, enjoyable, and empowering experience!<\/p>\n<\/p>\n<p>\n<strong>Lesson format :<\/strong> Groups of six participants of the same level are formed to meet the specific needs of each person. A specific theme will determine the sessions in order to cover a maximum of skills while respecting the group&#8217;s progression.<\/p>\n<p>\n<strong>Coach:<\/strong> Your coach will be certified level I or II pmbia.org and will have 20h or 40h of remote area first aid training.<\/p>\n<p>\n<strong>Terrain:<\/strong> The type of terrain ridden will greatly vary according to the group&#8217;s skill and fitness level. &nbsp;We will insure that you ride a great variety of trails and types of terrain to maximise learning and accelerating skill development.&nbsp;<\/p>\n<h2>Bikemoms* progression mountain bike clinics<\/h2>\n<li><strong>Skill level :  <\/strong>Groups will be organized to cover all skill levels<\/li>\n<li><strong style=\"letter-spacing: 0px;\">Weekday schedule : <\/strong>18:00 &#8211; 19:45<\/li>\n<li><strong>Location : <\/strong>Sentiers du Moulin, Qu\u00e9bec<\/li>\n<li><strong>Meeting point : <\/strong>In front of La Buvette du Moulin<\/li>\n<li><b>Your coach :<\/b> Your coach will be wearing a black coach Bikeskills jersey<\/li>\n<h4>Trail access not included<\/p>\n<p>\nBikes not included<\/p>\n<\/h4>\n<p>\t\t\t\t\t<a href=\"https:\/\/bikeskills.ca\/fr\/cliniques\/\"><br \/>\n\t\t\t\t\t\t\t\t\tSkill level and clinic description<br \/>\n\t\t\t\t\t<\/a><br \/>\n\t\t\t\t\t\t\t\t\t\t\t\t<a tabindex=\"0\">Bikeskills policies<\/a><\/p>\n<li><b>Minimum of 3 participants per clinic.<br \/><\/b><\/li>\n<li>Bikeskills reserves the right to reschedule a clinic if the minimum participants is not met<\/li>\n<li>No refunds, except for major exceptions, at Bikeskills&#8217;s discretion\n<\/li>\n<li>Bikeskills clinics and events are not cancelled in case of rain.\n<\/li>\n<li>An event may be rescheduled if the site is closed to prevent trail degradation.\n<\/li>\n<li>Bikeskills is not responsible for the shutdown or closure of a lift or gondola. An alternative will be offered to the client, which may require pedalling towards a trail.\n<\/li>\n<p>\t\t\t\t\t\t\t\t\t\t\t\t<a tabindex=\"0\">What to bring ?<\/a><\/p>\n<li><b>Knee protectors mandatory (for all)<\/b><\/li>\n<li>Long fingered gloves and elbow protection highly recommended<\/li>\n<li>Mountain bike specific helmet<\/li>\n<li>Sportswear adapted to the weather conditions<\/li>\n<li>Hydration (bike bottle) and nutrition (bars)<\/li>\n<li>Flat-soled shoes (Vans type) or mountain bike shoes<\/li>\n<li>Flat pedals with metal cleats or automatic mountain bike pedals (clips)<\/li>\n<li>Please avoid plastic pedals, dual sided pedals or minimalist XC pedals and shoes&nbsp;<\/li>\n<p>\t\t\t\t\t\t\t\t\t\t\t\t<a tabindex=\"0\">Planing your day<\/a><\/p>\n<ul>\n<p>To protect yourself from minor scrapes and injuries, Bikeskills recommends that you ALWAYS wear knee protection.  Gloves, eyewear \/ goggles and elbow protection are also recommended, but not mandatory. Of course, a helmet is always essential, ideally a mountain bike specific helmet. Lightweight full-face helmets provide additional protection. &nbsp;A full-face helmet and chest protector for advanced and\/or lift accessed courses is also highly recommended.<\/p>\n<\/p>\n<p>\nAs the class will be held outdoors, we might not have access to indoor facilities. It is recommended that you check the mountain weather forecast and plan accordingly, as mountain weather can change rapidly. Think about layering clothing to adapt to conditions, a lightweight jacket is always a good option to have. &nbsp;It is recommended that each member of the group bring snacks and water to ensure they have enough energy to enjoy the class.<\/p>\n<p>\t\t\t\t\t\t\t\t\t\t\t\t<a tabindex=\"0\">Cautionary note to participants<\/a><\/p>\n<ul>\n<p>As we want to prepare you for a great experience, here are some notes on risk management in mountain biking.<\/p>\n<li>Communicate your apprehensions, previous injuries and physical limitations to your coach.<\/li>\n<li>Do not exceed your physical and technical limits.<\/li>\n<li>All difficulties and modules such as drops and jumps are optional at all times. If needed, we can always reduce the physical and technical demands of the lesson.<\/li>\n<li>Depending on the objective and level of the course, challenges will be progressively incorporated, from simple terrain to more complex features.<\/li>\n<li>Before embarking on a technical section, participants must demonstrate a minimum level of mastery on flat terrain or on trails of lesser technical difficulty.<\/li>\n<li>As with any group activity, your coach will adapt the lesson to cater to all participants. We strive to have similar level participants in our group lessons, but the reality is that it is not always possible as describing a skill level is always subjective. We can always provide additional challenges to advanced riders in simpler terrain while insuring a safe riding experience for lesser skilled riders. &nbsp;Our coaches are experts at this balancing act.<\/li>\n<li>For a technical challenge, we stop, analyze, walk the section and then engage&#8230; or not!<\/li>\n<\/ul>\n<h5><center><strong>PRE-RIDE \/ RIDE \/ FREERIDE !<\/strong><\/center><\/h5>\n<p>\t\t\t\t\t\t\t\t\t\t\t\t<a tabindex=\"0\">Clinic schedule<\/a><\/p>\n<p><center><strong>Full day sample clinic schedule<\/strong><\/center><\/h3>\n<p><strong>9:30<\/strong>&nbsp; Welcome &#8211; Introduction &#8211; Bike and equipment check<br \/><strong>9:45<\/strong>&nbsp; Learning technical skills<br \/><strong>10:30<\/strong>&nbsp; Technical skills practice and guided ride<br \/><strong>12:30<\/strong>&nbsp; Catered lunch<br \/><strong>13:15<\/strong>&nbsp; Ride and guided practice<br \/><strong>15:00<\/strong>&nbsp; Skills challenge and prizes<br \/><strong>16:00<\/strong>&nbsp; Apr\u00e8s-bike<br \/><strong>17:00<\/strong>&nbsp; End of the clinic<\/p>\n<p><center><strong>Half-Day weekend sample clinic schedule on weekends<\/strong><\/center><\/h3>\n<\/p>\n<p><strong>9:30<\/strong>&nbsp; Welcome &#8211; Introduction &#8211; Bike and equipment check<br \/><strong>9:45<\/strong>&nbsp; Learning technical skills<br \/><strong>10:30<\/strong>&nbsp; Technical skills practice and guided ride<br \/><strong>12:00<\/strong>&nbsp; End of the clinic<\/p>\n<p><center><strong>Night clinic sample schedule<\/strong><\/center><\/h3>\n<p><strong>18:00<\/strong>&nbsp; Welcome &#8211; Introduction &#8211; Bike and equipment check<br \/><strong>18:15<\/strong>&nbsp; Learning technical skills<br \/><strong>19:00<\/strong>&nbsp; Technical skills practice and guided ride<br \/><strong>19:45<\/strong>&nbsp; End of the clinic<\/p>\n<h2>Your satisfaction is our priority<\/h2>\n<p>\t\tAre you satisfied with your lesson? Did you get 5 star service? Here&#8217;s how you can help our small business grow! If it&#8217;s not 4+ stars, please fill out the satisfaction document so we can address the situation internally.<a href=\"https:\/\/g.page\/r\/CVKZLdgYTPfBEAg\/review\" target=\"_blank\" rel=\"noopener noreferrer\">Google review<\/a><br \/>\n<a href=\"https:\/\/www.facebook.com\/bikeskills.ca\/reviews\/\" target=\"_blank\" rel=\"noopener noreferrer\">Facebook review<\/a><br \/>\n<a href=\"https:\/\/bikeskills.ca\/fr\/satisfaction\/\" target=\"_blank\" rel=\"noopener noreferrer\">Bikeskills satisfaction form<\/a><br \/>\n\t\t\t\t\t<a href=\"https:\/\/bikeskills.ca\/fr\/se-preparer\/\"><br \/>\n\t\t\t\t\t\t\t\t\tFrequently asked questions answered<br \/>\n\t\t\t\t\t<\/a><\/p>\n<h2>Let&#8217;s stay in contact<\/h2>\n<p>\t\t\t\t\t<a href=\"https:\/\/www.facebook.com\/bikeskills.ca\/\" target=\"_blank\" rel=\"noopener\"><br \/>\n\t\t\t\t\t\tFacebook-f<br \/>\n\t\t\t\t\t\t\t\t\t\t\t<\/a><br \/>\n\t\t\t\t\t<a href=\"https:\/\/www.instagram.com\/bikeskills.ca\/\" target=\"_blank\" rel=\"noopener\"><br \/>\n\t\t\t\t\t\tInstagram<br \/>\n\t\t\t\t\t\t\t\t\t\t\t<\/a><br \/>\n\t\t\t\t\t<a href=\"https:\/\/www.youtube.com\/@bikeskills.academy\" target=\"_blank\" rel=\"noopener\"><br \/>\n\t\t\t\t\t\tYoutube<br \/>\n\t\t\t\t\t\t\t\t\t\t\t<\/a><\/p>\n","protected":false},"excerpt":{"rendered":"<p>Bikemoms* progression sessions at Sentiers du Moulin, Qu\u00e9bec Beginner &#8211; Intermediate and advanced groups available Join us for a series of 5 weekday session with our experienced (mostly) female coaches! * No need to have a kid to register \ud83d\ude09 The concept is simple: a 5-week progression with a proven development program to help you [&hellip;]<\/p>\n","protected":false},"featured_media":0,"comment_status":"closed","ping_status":"closed","template":"","meta":{"_links_to":"","_links_to_target":""},"product_cat":[115],"product_tag":[],"yoast_head":"<!-- This site is optimized with the Yoast SEO plugin v24.2 - https:\/\/yoast.com\/wordpress\/plugins\/seo\/ -->\n<title>Bikemoms Sentiers du Moulin Jeudis - 22 mai au 19 juin 2025 - \u00c9cole de v\u00e9lo Bikeskills<\/title>\n<meta name=\"robots\" content=\"index, follow, max-snippet:-1, max-image-preview:large, max-video-preview:-1\" \/>\n<link rel=\"canonical\" href=\"https:\/\/bikeskills.ca\/en\/product\/bikemoms-bromont-mercredis-7-mai-au-11-juin-2025\/\" \/>\n<meta property=\"og:locale\" content=\"en_US\" \/>\n<meta property=\"og:type\" content=\"article\" \/>\n<meta property=\"og:title\" content=\"Bikemoms Sentiers du Moulin Jeudis - 22 mai au 19 juin 2025 - \u00c9cole de v\u00e9lo Bikeskills\" \/>\n<meta property=\"og:description\" content=\"Bikemoms* progression sessions at Sentiers du Moulin, Qu\u00e9bec Beginner &#8211; Intermediate and advanced groups available Join us for a series of 5 weekday session with our experienced (mostly) female coaches! * No need to have a kid to register \ud83d\ude09 The concept is simple: a 5-week progression with a proven development program to help you [&hellip;]\" \/>\n<meta property=\"og:url\" content=\"https:\/\/bikeskills.ca\/en\/product\/bikemoms-bromont-mercredis-7-mai-au-11-juin-2025\/\" \/>\n<meta property=\"og:site_name\" content=\"\u00c9cole de v\u00e9lo Bikeskills\" \/>\n<meta property=\"article:publisher\" content=\"https:\/\/www.facebook.com\/Bikeskillsca-2194275320683514\/\" \/>\n<meta property=\"article:modified_time\" content=\"2025-04-29T12:45:01+00:00\" \/>\n<meta name=\"twitter:card\" content=\"summary_large_image\" \/>\n<meta name=\"twitter:label1\" content=\"Est. reading time\" \/>\n\t<meta name=\"twitter:data1\" content=\"6 minutes\" \/>\n<script type=\"application\/ld+json\" class=\"yoast-schema-graph\">{\"@context\":\"https:\/\/schema.org\",\"@graph\":[{\"@type\":\"WebPage\",\"@id\":\"https:\/\/bikeskills.ca\/en\/product\/bikemoms-bromont-mercredis-7-mai-au-11-juin-2025\/\",\"url\":\"https:\/\/bikeskills.ca\/en\/product\/bikemoms-bromont-mercredis-7-mai-au-11-juin-2025\/\",\"name\":\"Bikemoms Sentiers du Moulin Jeudis - 22 mai au 19 juin 2025 - \u00c9cole de v\u00e9lo Bikeskills\",\"isPartOf\":{\"@id\":\"https:\/\/bikeskills.ca\/fr\/#website\"},\"datePublished\":\"2025-01-30T20:25:42+00:00\",\"dateModified\":\"2025-04-29T12:45:01+00:00\",\"breadcrumb\":{\"@id\":\"https:\/\/bikeskills.ca\/en\/product\/bikemoms-bromont-mercredis-7-mai-au-11-juin-2025\/#breadcrumb\"},\"inLanguage\":\"en-CA\",\"potentialAction\":[{\"@type\":\"ReadAction\",\"target\":[\"https:\/\/bikeskills.ca\/en\/product\/bikemoms-bromont-mercredis-7-mai-au-11-juin-2025\/\"]}]},{\"@type\":\"BreadcrumbList\",\"@id\":\"https:\/\/bikeskills.ca\/en\/product\/bikemoms-bromont-mercredis-7-mai-au-11-juin-2025\/#breadcrumb\",\"itemListElement\":[{\"@type\":\"ListItem\",\"position\":1,\"name\":\"Home\",\"item\":\"https:\/\/bikeskills.ca\/fr\/\"},{\"@type\":\"ListItem\",\"position\":2,\"name\":\"Shop\",\"item\":\"https:\/\/bikeskills.ca\/fr\/shop\/\"},{\"@type\":\"ListItem\",\"position\":3,\"name\":\"Bikemoms Sentiers du Moulin Jeudis &#8211; 22 mai au 19 juin 2025\"}]},{\"@type\":\"WebSite\",\"@id\":\"https:\/\/bikeskills.ca\/fr\/#website\",\"url\":\"https:\/\/bikeskills.ca\/fr\/\",\"name\":\"\u00c9cole de v\u00e9lo Bikeskills\",\"description\":\"\u00c9cole de v\u00e9lo de montagne - Cours de v\u00e9lo de montagne - \u00c9v\u00e8nements priv\u00e9s et corporatifs - Partout au Qu\u00e9bec\",\"publisher\":{\"@id\":\"https:\/\/bikeskills.ca\/fr\/#organization\"},\"potentialAction\":[{\"@type\":\"SearchAction\",\"target\":{\"@type\":\"EntryPoint\",\"urlTemplate\":\"https:\/\/bikeskills.ca\/fr\/?s={search_term_string}\"},\"query-input\":{\"@type\":\"PropertyValueSpecification\",\"valueRequired\":true,\"valueName\":\"search_term_string\"}}],\"inLanguage\":\"en-CA\"},{\"@type\":\"Organization\",\"@id\":\"https:\/\/bikeskills.ca\/fr\/#organization\",\"name\":\"\u00c9cole de v\u00e9lo Bikeskills\",\"url\":\"https:\/\/bikeskills.ca\/fr\/\",\"logo\":{\"@type\":\"ImageObject\",\"inLanguage\":\"en-CA\",\"@id\":\"https:\/\/bikeskills.ca\/fr\/#\/schema\/logo\/image\/\",\"url\":\"https:\/\/bikeskills.ca\/wp-content\/uploads\/2019\/08\/Screen-Shot-2019-08-12-at-6.11.svg\",\"contentUrl\":\"https:\/\/bikeskills.ca\/wp-content\/uploads\/2019\/08\/Screen-Shot-2019-08-12-at-6.11.svg\",\"width\":309,\"height\":83,\"caption\":\"\u00c9cole de v\u00e9lo Bikeskills\"},\"image\":{\"@id\":\"https:\/\/bikeskills.ca\/fr\/#\/schema\/logo\/image\/\"},\"sameAs\":[\"https:\/\/www.facebook.com\/Bikeskillsca-2194275320683514\/\",\"https:\/\/www.instagram.com\/bikeskills.ca\/?hl=fr\"]}]}<\/script>\n<!-- \/ Yoast SEO plugin. -->","yoast_head_json":{"title":"Bikemoms Sentiers du Moulin Jeudis - 22 mai au 19 juin 2025 - \u00c9cole de v\u00e9lo Bikeskills","robots":{"index":"index","follow":"follow","max-snippet":"max-snippet:-1","max-image-preview":"max-image-preview:large","max-video-preview":"max-video-preview:-1"},"canonical":"https:\/\/bikeskills.ca\/en\/product\/bikemoms-bromont-mercredis-7-mai-au-11-juin-2025\/","og_locale":"en_US","og_type":"article","og_title":"Bikemoms Sentiers du Moulin Jeudis - 22 mai au 19 juin 2025 - \u00c9cole de v\u00e9lo Bikeskills","og_description":"Bikemoms* progression sessions at Sentiers du Moulin, Qu\u00e9bec Beginner &#8211; Intermediate and advanced groups available Join us for a series of 5 weekday session with our experienced (mostly) female coaches! * No need to have a kid to register \ud83d\ude09 The concept is simple: a 5-week progression with a proven development program to help you [&hellip;]","og_url":"https:\/\/bikeskills.ca\/en\/product\/bikemoms-bromont-mercredis-7-mai-au-11-juin-2025\/","og_site_name":"\u00c9cole de v\u00e9lo Bikeskills","article_publisher":"https:\/\/www.facebook.com\/Bikeskillsca-2194275320683514\/","article_modified_time":"2025-04-29T12:45:01+00:00","twitter_card":"summary_large_image","twitter_misc":{"Est. reading time":"6 minutes"},"schema":{"@context":"https:\/\/schema.org","@graph":[{"@type":"WebPage","@id":"https:\/\/bikeskills.ca\/en\/product\/bikemoms-bromont-mercredis-7-mai-au-11-juin-2025\/","url":"https:\/\/bikeskills.ca\/en\/product\/bikemoms-bromont-mercredis-7-mai-au-11-juin-2025\/","name":"Bikemoms Sentiers du Moulin Jeudis - 22 mai au 19 juin 2025 - \u00c9cole de v\u00e9lo Bikeskills","isPartOf":{"@id":"https:\/\/bikeskills.ca\/fr\/#website"},"datePublished":"2025-01-30T20:25:42+00:00","dateModified":"2025-04-29T12:45:01+00:00","breadcrumb":{"@id":"https:\/\/bikeskills.ca\/en\/product\/bikemoms-bromont-mercredis-7-mai-au-11-juin-2025\/#breadcrumb"},"inLanguage":"en-CA","potentialAction":[{"@type":"ReadAction","target":["https:\/\/bikeskills.ca\/en\/product\/bikemoms-bromont-mercredis-7-mai-au-11-juin-2025\/"]}]},{"@type":"BreadcrumbList","@id":"https:\/\/bikeskills.ca\/en\/product\/bikemoms-bromont-mercredis-7-mai-au-11-juin-2025\/#breadcrumb","itemListElement":[{"@type":"ListItem","position":1,"name":"Home","item":"https:\/\/bikeskills.ca\/fr\/"},{"@type":"ListItem","position":2,"name":"Shop","item":"https:\/\/bikeskills.ca\/fr\/shop\/"},{"@type":"ListItem","position":3,"name":"Bikemoms Sentiers du Moulin Jeudis &#8211; 22 mai au 19 juin 2025"}]},{"@type":"WebSite","@id":"https:\/\/bikeskills.ca\/fr\/#website","url":"https:\/\/bikeskills.ca\/fr\/","name":"\u00c9cole de v\u00e9lo Bikeskills","description":"\u00c9cole de v\u00e9lo de montagne - Cours de v\u00e9lo de montagne - \u00c9v\u00e8nements priv\u00e9s et corporatifs - Partout au Qu\u00e9bec","publisher":{"@id":"https:\/\/bikeskills.ca\/fr\/#organization"},"potentialAction":[{"@type":"SearchAction","target":{"@type":"EntryPoint","urlTemplate":"https:\/\/bikeskills.ca\/fr\/?s={search_term_string}"},"query-input":{"@type":"PropertyValueSpecification","valueRequired":true,"valueName":"search_term_string"}}],"inLanguage":"en-CA"},{"@type":"Organization","@id":"https:\/\/bikeskills.ca\/fr\/#organization","name":"\u00c9cole de v\u00e9lo Bikeskills","url":"https:\/\/bikeskills.ca\/fr\/","logo":{"@type":"ImageObject","inLanguage":"en-CA","@id":"https:\/\/bikeskills.ca\/fr\/#\/schema\/logo\/image\/","url":"https:\/\/bikeskills.ca\/wp-content\/uploads\/2019\/08\/Screen-Shot-2019-08-12-at-6.11.svg","contentUrl":"https:\/\/bikeskills.ca\/wp-content\/uploads\/2019\/08\/Screen-Shot-2019-08-12-at-6.11.svg","width":309,"height":83,"caption":"\u00c9cole de v\u00e9lo Bikeskills"},"image":{"@id":"https:\/\/bikeskills.ca\/fr\/#\/schema\/logo\/image\/"},"sameAs":["https:\/\/www.facebook.com\/Bikeskillsca-2194275320683514\/","https:\/\/www.instagram.com\/bikeskills.ca\/?hl=fr"]}]}},"_links":{"self":[{"href":"https:\/\/bikeskills.ca\/en\/wp-json\/wp\/v2\/product\/28974"}],"collection":[{"href":"https:\/\/bikeskills.ca\/en\/wp-json\/wp\/v2\/product"}],"about":[{"href":"https:\/\/bikeskills.ca\/en\/wp-json\/wp\/v2\/types\/product"}],"replies":[{"embeddable":true,"href":"https:\/\/bikeskills.ca\/en\/wp-json\/wp\/v2\/comments?post=28974"}],"wp:attachment":[{"href":"https:\/\/bikeskills.ca\/en\/wp-json\/wp\/v2\/media?parent=28974"}],"wp:term":[{"taxonomy":"product_cat","embeddable":true,"href":"https:\/\/bikeskills.ca\/en\/wp-json\/wp\/v2\/product_cat?post=28974"},{"taxonomy":"product_tag","embeddable":true,"href":"https:\/\/bikeskills.ca\/en\/wp-json\/wp\/v2\/product_tag?post=28974"}],"curies":[{"name":"wp","href":"https:\/\/api.w.org\/{rel}","templated":true}]}}