{"id":13742,"date":"2023-03-09T04:38:02","date_gmt":"2023-03-09T08:38:02","guid":{"rendered":"https:\/\/bikeskills.ca\/calendar-view\/"},"modified":"2023-03-09T04:38:02","modified_gmt":"2023-03-09T08:38:02","slug":"calendar-view","status":"publish","type":"page","link":"https:\/\/bikeskills.ca\/fr\/calendar-view\/","title":{"rendered":"Calendar View"},"content":{"rendered":"<div class=\"row\">\n    <div class=\"col-lg-12 col-md-12\">\n        <div class=\"dashboard-list-box dashboard-calendar-view  margin-top-0\">\n            <div class=\"headline-with-filters\">\n                <!-- Booking Requests Filters  -->\n                <div class=\"booking-requests-filter\">\n\n                    <div class=\"chart-filters calendar-filters\">\n\n                        <!-- Sort by -->\n                        <div class=\"sort-by\">\n                            <div class=\"sort-by-select\">\n                                <select data-placeholder=\"Default order\" class=\"select2-bookings\" id=\"listing_id\">\n                                    <option value=\"show_all\">All Listings<\/option>\n                                                                            <option value=\"33073\">SDM &#8211; Progression sauts et drops &#8211; 14 mai au 11 juin 2026<\/option>\n                                                                            <option value=\"33043\">\u00c9v\u00e8nement priv\u00e9 CVM Bromont avec Bikeskills &#8211; 13 juin 2026 &#8211; interm\u00e9diaire+<\/option>\n                                                                            <option value=\"33040\">\u00c9v\u00e8nement priv\u00e9 CVM Bromont avec Bikeskills &#8211; 16 mai 2026 &#8211; interm\u00e9diaire<\/option>\n                                                                            <option value=\"32940\">Bikegroms Sentiers Portage &#8211; 5 juin au 7 juin 2026<\/option>\n                                                                            <option value=\"32663\">2026 &#8211; Mont-Sainte-Anne &#8211; Cours de v\u00e9lo de montagne Hommes Sessions progression (5 sessions)<\/option>\n                                                                            <option value=\"32566\">2026 &#8211; Bromont &#8211; Parc des Sommets (Mont Oak) et Montagne de Bromont (P7) &#8211; Cours de v\u00e9lo de montagne Hommes Sessions progression (5 sessions)<\/option>\n                                                                            <option value=\"32570\">2026 &#8211; Progression Hommes &#8211; Sentiers du Moulin Jeudis &#8211; 14 mai au 11 juin 2026<\/option>\n                                                                            <option value=\"32657\">Progression mixte Bromont Mercredi &#8211; 7 mai au 11 juin 2025<\/option>\n                                                                            <option value=\"32640\">Bikegroms Bromont &#8211; 7 juillet au 9 juillet 2026<\/option>\n                                                                            <option value=\"32642\">Bikegroms Bromont &#8211; 30 juin au 2 juillet 2026<\/option>\n                                                                            <option value=\"32638\">Bikegroms Bromont &#8211; 23 juin au 25 juin 2026<\/option>\n                                                                            <option value=\"32631\">2026 &#8211; Mont-Sainte-Anne &#8211; Cours de v\u00e9lo de montagne Bikemoms 5 sessions<\/option>\n                                                                            <option value=\"32625\">2026 &#8211; Bromont &#8211; Parc des Sommets (Mont Oak) et Montagne de Bromont (P7) &#8211; Cours de v\u00e9lo de montagne Bikemoms 5 sessions<\/option>\n                                                                            <option value=\"32568\">2026 &#8211; Bikemoms Sentiers du Moulin &#8211; 14 mai au 11 juin 2026<\/option>\n                                                                            <option value=\"32576\">2026 &#8211; Bikemoms &#8211;  Sentiers du Portage &#8211; 14 mai au 11 juin 2026<\/option>\n                                                                            <option value=\"32564\">2026 &#8211; Bromont &#8211; Parc des Sommets (Mont Oak) et Montagne de Bromont (P7) &#8211; Cours de v\u00e9lo de montagne Bikemoms 5 sessions<\/option>\n                                                                            <option value=\"31950\">Progression Hommes Bromont Mercredis &#8211; 10 septembre au 24 septembre 2025<\/option>\n                                                                            <option value=\"31948\">Progression hommes Sentiers du Moulin Mercredis &#8211; 10 septembre au 24 septembre 2024<\/option>\n                                                                            <option value=\"31926\">Bikemoms Bromont Mercredis &#8211; 10 septembre au 24 septembre 2025<\/option>\n                                                                            <option value=\"31928\">Bikemoms Sentiers du Moulin Jeudis &#8211; 11 septembre au 25 septembre 2025<\/option>\n                                                                            <option value=\"31905\">Bikemoms priv\u00e9 Sentiers du Moulin &#8211; samedis 4 et 11 octobre 2024<\/option>\n                                                                            <option value=\"31777\">PROGRESSION HOMMES BROMONT! &#8211; 17 juin au 26 juin 2025<\/option>\n                                                                            <option value=\"31768\">Bikemoms Bromont! &#8211; 17 juin au 26 juin 2025<\/option>\n                                                                            <option value=\"31033\">Bikemoms &#8211;  Sentiers du Portage &#8211; 28 mai au 25 juin 2025<\/option>\n                                                                            <option value=\"30632\">Cours priv\u00e9 avec Bikeskills en r\u00e9gion<\/option>\n                                                                            <option value=\"30630\">Cours priv\u00e9 avec Qu\u00e9bec (Sentiers du Moulin)<\/option>\n                                                                            <option value=\"29054\">Bromont &#8211; D\u00e9butant &#8211; Cours de groupe 2025<\/option>\n                                                                            <option value=\"29056\">Bromont &#8211; Interm\u00e9diaire &#8211; Cours de groupe 2025<\/option>\n                                                                            <option value=\"29058\">Bromont &#8211; Air &#8211; Cours de groupe 2025<\/option>\n                                                                            <option value=\"29060\">Sentiers du Moulin &#8211; D\u00e9butant &#8211; Cours de groupe 2025<\/option>\n                                                                            <option value=\"29067\">Sentiers du Moulin &#8211; interm\u00e9diaire &#8211; Cours de groupe 2025<\/option>\n                                                                            <option value=\"29064\">Sentiers du Moulin &#8211; Air &#8211; Cours de groupe 2025<\/option>\n                                                                            <option value=\"29035\">Cliniques air Bromont &#8211; Jeudis 11 septembre au 25 septembre 2025<\/option>\n                                                                            <option value=\"29033\">Cliniques air Bromont &#8211; Jeudis 15 mai au 29 mai 2025<\/option>\n                                                                            <option value=\"29037\">Cliniques air Sentiers du Moulin &#8211; Mardis 20 mai au 17 juin 2025<\/option>\n                                                                            <option value=\"29039\">Cliniques air Sentiers du Moulin &#8211; Jeudis 11 septembre au 25 septembre 2025<\/option>\n                                                                            <option value=\"29027\">\u00c9v\u00e8nement Bikeskills Sentiers du Moulin &#8211; 19 septembre 2026 &#8211; avanc\u00e9<\/option>\n                                                                            <option value=\"29025\">\u00c9v\u00e8nement Bikeskills Sentiers du Moulin &#8211; 20 juin 2026 &#8211; interm\u00e9diaire + (presque avanc\u00e9!)<\/option>\n                                                                            <option value=\"29020\">\u00c9v\u00e8nement Bikeskills Sentiers du Moulin &#8211; 16 mai 2026 &#8211; interm\u00e9diaire<\/option>\n                                                                            <option value=\"29018\">\u00c9v\u00e8nement Bikeskills Bromont &#8211; 19 septembre 2026 &#8211; avanc\u00e9<\/option>\n                                                                            <option value=\"29016\">\u00c9v\u00e8nement Bikeskills Bromont &#8211; 20 juin 2026 &#8211; interm\u00e9diaire + (vers avanc\u00e9!)<\/option>\n                                                                            <option value=\"29014\">\u00c9v\u00e8nement Bikeskills Bromont &#8211; 16 mai 2026 &#8211; interm\u00e9diaire<\/option>\n                                                                            <option value=\"29011\">\u00c9v\u00e8nement Bikeskills Bromont &#8211; 3 mai &#8211; d\u00e9butant \u00e0 interm\u00e9diaire<\/option>\n                                                                            <option value=\"29007\">Bikegroms Sentiers du Moulin &#8211; 8 juillet au 10 juillet 2025<\/option>\n                                                                            <option value=\"29005\">Bikegroms Sentiers du Moulin &#8211; 25 juin au 27 juin 2025<\/option>\n                                                                            <option value=\"28999\">Bikegroms Bromont &#8211; 12 ao\u00fbt au 14 ao\u00fbt 2025<\/option>\n                                                                            <option value=\"28997\">Bikegroms Bromont &#8211; 15 juillet au 17 juillet 2025<\/option>\n                                                                            <option value=\"28995\">Bikegroms Bromont &#8211; 8 juillet au 10 juillet 2025<\/option>\n                                                                            <option value=\"28993\">Bikegroms Bromont &#8211; 25 juin au 27 juin 2025<\/option>\n                                                                            <option value=\"28989\">Progression hommes Sentiers du Moulin Mercredis &#8211; 10 septembre au 24 septembre 2024<\/option>\n                                                                            <option value=\"28986\">Progression Hommes &#8211; Sentiers du Moulin Jeudis &#8211; 22 mai au 19 juin 2025<\/option>\n                                                                            <option value=\"28983\">Progression Hommes Bromont Mercredis &#8211; 10 septembre au 24 septembre 2025<\/option>\n                                                                            <option value=\"28980\">Progression mixte Bromont Mercredi &#8211; 7 mai au 11 juin 2025<\/option>\n                                                                            <option value=\"28975\">Bikemoms Sentiers du Moulin Mercredis &#8211; 10 septembre au 24 septembre 2024<\/option>\n                                                                            <option value=\"28973\">Bikemoms Sentiers du Moulin Jeudis &#8211; 22 mai au 19 juin 2025<\/option>\n                                                                            <option value=\"28971\">Bikemoms Sentiers du Moulin Mardis &#8211; 20 mai au 17 juin 2025<\/option>\n                                                                            <option value=\"28968\">Bikemoms Bromont Mercredis &#8211; 10 septembre au 24 septembre 2025<\/option>\n                                                                            <option value=\"28964\">Bikemoms Bromont Mercredis &#8211; 7 mai au 11 juin 2025<\/option>\n                                                                            <option value=\"28962\">Bikemoms Bromont Mardis &#8211; 6 mai au 10 juin 2025<\/option>\n                                                                            <option value=\"29050\">Cours priv\u00e9 avec Bikeskills en r\u00e9gion<\/option>\n                                                                            <option value=\"28958\">Cours priv\u00e9 avec Bikeskills au Sentiers du Moulin<\/option>\n                                                                            <option value=\"28903\">Cours priv\u00e9 avec Bikeskills \u00e0 Bromont<\/option>\n                                                                            <option value=\"28871\">Tours et guidage &#8211; Semaine compl\u00e8te<\/option>\n                                                                            <option value=\"28865\">Tours et guidage &#8211; 3 jour<\/option>\n                                                                            <option value=\"28858\">Tours et guidage &#8211; 2 jour<\/option>\n                                                                            <option value=\"28842\">Tours et guidage &#8211; Demi-journ\u00e9e<\/option>\n                                                                            <option value=\"28744\">Tours et guidage &#8211; 1 jour<\/option>\n                                                                            <option value=\"27259\">2025 &#8211; Bromont &#8211; Parc des Sommets (Mont Oak) et Montagne de Bromont (P7) &#8211; Cours de v\u00e9lo de montagne &#8211; \u00c9v\u00e8nement de journ\u00e9e<\/option>\n                                                                            <option value=\"27247\">Cours de v\u00e9lo de montagne Bikegroms (3 jours)<\/option>\n                                                                            <option value=\"27238\">2025 &#8211; Bromont &#8211; Parc des Sommets (Mont Oak) et Montagne de Bromont (P7) &#8211; Cours de v\u00e9lo de montagne Hommes Sessions progression (5 sessions)<\/option>\n                                                                            <option value=\"27192\">2025 &#8211; Bromont &#8211; Parc des Sommets (Mont Oak) et Montagne de Bromont (P7) &#8211; Cours de v\u00e9lo de montagne Bikemoms 5 sessions<\/option>\n                                                                            <option value=\"27225\">2025 &#8211; Bromont &#8211; Parc des Sommets (Mont Oak) &#8211; Cours de v\u00e9lo de montagne air 3 sessions<\/option>\n                                                                            <option value=\"27190\">2025 &#8211; Bromont &#8211; Parc des Sommets (Mont Oak) &#8211; Cours de v\u00e9lo de montagne air<\/option>\n                                                                            <option value=\"27188\">2025 &#8211; Bromont &#8211; Montagne de Bromont (P7) &#8211; Cours de v\u00e9lo de montagne Interm\u00e9diaire enduro<\/option>\n                                                                            <option value=\"27186\">2025 &#8211; Bromont &#8211; Parc des Sommets (Mont Oak) &#8211; Cours de v\u00e9lo de montagne Interm\u00e9diaire<\/option>\n                                                                            <option value=\"27184\">2025 &#8211; Bromont &#8211; Parc des Sommets (Mont Oak) &#8211; Cours de v\u00e9lo de montagne D\u00e9butant<\/option>\n                                                                            <option value=\"27061\">2025 &#8211; Bromont &#8211; Parc des Sommets (Mont Oak) &#8211; Cours de v\u00e9lo de montagne Initiation<\/option>\n                                                                    <\/select>\n                            <\/div>\n                        <\/div>\n\n\n                        <div class=\"sort-by-booking-author\">\n                            <div class=\"sort-by-select\">\n                                <select data-placeholder=\"All Users\" class=\"select2-bookings-author\" id=\"booking_author\">\n                                    <option value=\"show_all\">All Users<\/option>\n                                                                                <option value=\"0\"><\/option>\n                                                                    <\/select>\n                            <\/div>\n                        <\/div>\n\n\n                        <!-- Sort by -->\n                        <div class=\"sort-by-status chart-sort-by\">\n                            <div class=\"sort-by-select\">\n                                <select data-placeholder=\"Default order\" class=\"select2-bookings-status\" id=\"listing_status\">\n                                    <option value=\"show_all\">All Statuses<\/option>\n                                    <option value=\"confirmed\">Confirmed<\/option>\n                                    <option value=\"paid\">Paid<\/option>\n                                    <option value=\"waiting\">Pending<\/option>\n                                    <!-- <option value=\"expired\">Expired<\/option> -->\n\n                                <\/select>\n                            <\/div>\n                        <\/div>\n\n\n                                                    <input type=\"hidden\" id=\"listing_status\" value=\"approved\">\n                        \n\n\n\n\n                    <\/div>\n                <\/div>\n\n                <h4>Bookings View <i class=\"fa fa-circle-o-notch fa-spin booking-loading-icon\"><\/i> <\/h4>\n            <\/div>\n            <div id=\"small-dialog\" class=\"zoom-anim-dialog mfp-hide booking-calendar-view-popup\">\n                <div class=\"small-dialog-header\">\n                    <h3>Booking details<\/h3>\n                <\/div>\n                <div class=\"small-dialog-booking-content\">\n                    <ul><\/ul>\n                <\/div>\n            <\/div>\n            <a style=\"display:none;\" class=\"popup-with-zoom-anim\" href=\"#small-dialog\">Open popup<\/a>\n            <div id=\"calendar-wrapper\">\n                <div id='calendar'><\/div>\n                <div id='calendar-legend'>\n                    <h4>Legend<\/h4>\n                  \n                    <ul>\n                        <li class=\"confirmed\">Pending<\/li>\n                        <li class=\"waiting\">Confirmed \/ Waiting for payment<\/li>\n                        <li class=\"paid\">Paid<\/li>\n                        <li class=\"expired\">Expired<\/li>\n                    <\/ul>\n                <\/div>\n            <\/div>\n        <\/div>\n    <\/div>\n<\/div>","protected":false},"excerpt":{"rendered":"","protected":false},"author":1,"featured_media":0,"parent":0,"menu_order":0,"comment_status":"close","ping_status":"close","template":"template-dashboard.php","meta":{"footnotes":"","_links_to":"","_links_to_target":""},"yoast_head":"<!-- This site is optimized with the Yoast SEO plugin v24.2 - https:\/\/yoast.com\/wordpress\/plugins\/seo\/ -->\n<title>Calendar View - \u00c9cole de v\u00e9lo Bikeskills<\/title>\n<meta name=\"robots\" content=\"index, follow, max-snippet:-1, max-image-preview:large, max-video-preview:-1\" \/>\n<link rel=\"canonical\" href=\"https:\/\/bikeskills.ca\/fr\/calendar-view\/\" \/>\n<meta property=\"og:locale\" content=\"fr_CA\" \/>\n<meta property=\"og:type\" content=\"article\" \/>\n<meta property=\"og:title\" content=\"Calendar View - \u00c9cole de v\u00e9lo Bikeskills\" \/>\n<meta property=\"og:url\" content=\"https:\/\/bikeskills.ca\/fr\/calendar-view\/\" \/>\n<meta property=\"og:site_name\" content=\"\u00c9cole de v\u00e9lo Bikeskills\" \/>\n<meta property=\"article:publisher\" content=\"https:\/\/www.facebook.com\/Bikeskillsca-2194275320683514\/\" \/>\n<meta name=\"twitter:card\" content=\"summary_large_image\" \/>\n<script type=\"application\/ld+json\" class=\"yoast-schema-graph\">{\"@context\":\"https:\/\/schema.org\",\"@graph\":[{\"@type\":\"WebPage\",\"@id\":\"https:\/\/bikeskills.ca\/en\/calendar-view\/\",\"url\":\"https:\/\/bikeskills.ca\/en\/calendar-view\/\",\"name\":\"Calendar View - \u00c9cole de v\u00e9lo Bikeskills\",\"isPartOf\":{\"@id\":\"https:\/\/bikeskills.ca\/fr\/#website\"},\"datePublished\":\"2023-03-09T08:38:02+00:00\",\"dateModified\":\"2023-03-09T08:38:02+00:00\",\"breadcrumb\":{\"@id\":\"https:\/\/bikeskills.ca\/en\/calendar-view\/#breadcrumb\"},\"inLanguage\":\"fr-CA\",\"potentialAction\":[{\"@type\":\"ReadAction\",\"target\":[\"https:\/\/bikeskills.ca\/en\/calendar-view\/\"]}]},{\"@type\":\"BreadcrumbList\",\"@id\":\"https:\/\/bikeskills.ca\/en\/calendar-view\/#breadcrumb\",\"itemListElement\":[{\"@type\":\"ListItem\",\"position\":1,\"name\":\"Home\",\"item\":\"https:\/\/bikeskills.ca\/fr\/\"},{\"@type\":\"ListItem\",\"position\":2,\"name\":\"Calendar View\"}]},{\"@type\":\"WebSite\",\"@id\":\"https:\/\/bikeskills.ca\/fr\/#website\",\"url\":\"https:\/\/bikeskills.ca\/fr\/\",\"name\":\"\u00c9cole de v\u00e9lo Bikeskills\",\"description\":\"\u00c9cole de v\u00e9lo de montagne - Cours de v\u00e9lo de montagne - \u00c9v\u00e8nements priv\u00e9s et corporatifs - Partout au Qu\u00e9bec\",\"publisher\":{\"@id\":\"https:\/\/bikeskills.ca\/fr\/#organization\"},\"potentialAction\":[{\"@type\":\"SearchAction\",\"target\":{\"@type\":\"EntryPoint\",\"urlTemplate\":\"https:\/\/bikeskills.ca\/fr\/?s={search_term_string}\"},\"query-input\":{\"@type\":\"PropertyValueSpecification\",\"valueRequired\":true,\"valueName\":\"search_term_string\"}}],\"inLanguage\":\"fr-CA\"},{\"@type\":\"Organization\",\"@id\":\"https:\/\/bikeskills.ca\/fr\/#organization\",\"name\":\"\u00c9cole de v\u00e9lo Bikeskills\",\"url\":\"https:\/\/bikeskills.ca\/fr\/\",\"logo\":{\"@type\":\"ImageObject\",\"inLanguage\":\"fr-CA\",\"@id\":\"https:\/\/bikeskills.ca\/fr\/#\/schema\/logo\/image\/\",\"url\":\"https:\/\/bikeskills.ca\/wp-content\/uploads\/2019\/08\/Screen-Shot-2019-08-12-at-6.11.svg\",\"contentUrl\":\"https:\/\/bikeskills.ca\/wp-content\/uploads\/2019\/08\/Screen-Shot-2019-08-12-at-6.11.svg\",\"width\":309,\"height\":83,\"caption\":\"\u00c9cole de v\u00e9lo Bikeskills\"},\"image\":{\"@id\":\"https:\/\/bikeskills.ca\/fr\/#\/schema\/logo\/image\/\"},\"sameAs\":[\"https:\/\/www.facebook.com\/Bikeskillsca-2194275320683514\/\",\"https:\/\/www.instagram.com\/bikeskills.ca\/?hl=fr\"]}]}<\/script>\n<!-- \/ Yoast SEO plugin. -->","yoast_head_json":{"title":"Calendar View - \u00c9cole de v\u00e9lo Bikeskills","robots":{"index":"index","follow":"follow","max-snippet":"max-snippet:-1","max-image-preview":"max-image-preview:large","max-video-preview":"max-video-preview:-1"},"canonical":"https:\/\/bikeskills.ca\/fr\/calendar-view\/","og_locale":"fr_CA","og_type":"article","og_title":"Calendar View - \u00c9cole de v\u00e9lo Bikeskills","og_url":"https:\/\/bikeskills.ca\/fr\/calendar-view\/","og_site_name":"\u00c9cole de v\u00e9lo Bikeskills","article_publisher":"https:\/\/www.facebook.com\/Bikeskillsca-2194275320683514\/","twitter_card":"summary_large_image","schema":{"@context":"https:\/\/schema.org","@graph":[{"@type":"WebPage","@id":"https:\/\/bikeskills.ca\/en\/calendar-view\/","url":"https:\/\/bikeskills.ca\/en\/calendar-view\/","name":"Calendar View - \u00c9cole de v\u00e9lo Bikeskills","isPartOf":{"@id":"https:\/\/bikeskills.ca\/fr\/#website"},"datePublished":"2023-03-09T08:38:02+00:00","dateModified":"2023-03-09T08:38:02+00:00","breadcrumb":{"@id":"https:\/\/bikeskills.ca\/en\/calendar-view\/#breadcrumb"},"inLanguage":"fr-CA","potentialAction":[{"@type":"ReadAction","target":["https:\/\/bikeskills.ca\/en\/calendar-view\/"]}]},{"@type":"BreadcrumbList","@id":"https:\/\/bikeskills.ca\/en\/calendar-view\/#breadcrumb","itemListElement":[{"@type":"ListItem","position":1,"name":"Home","item":"https:\/\/bikeskills.ca\/fr\/"},{"@type":"ListItem","position":2,"name":"Calendar View"}]},{"@type":"WebSite","@id":"https:\/\/bikeskills.ca\/fr\/#website","url":"https:\/\/bikeskills.ca\/fr\/","name":"\u00c9cole de v\u00e9lo Bikeskills","description":"\u00c9cole de v\u00e9lo de montagne - Cours de v\u00e9lo de montagne - \u00c9v\u00e8nements priv\u00e9s et corporatifs - Partout au Qu\u00e9bec","publisher":{"@id":"https:\/\/bikeskills.ca\/fr\/#organization"},"potentialAction":[{"@type":"SearchAction","target":{"@type":"EntryPoint","urlTemplate":"https:\/\/bikeskills.ca\/fr\/?s={search_term_string}"},"query-input":{"@type":"PropertyValueSpecification","valueRequired":true,"valueName":"search_term_string"}}],"inLanguage":"fr-CA"},{"@type":"Organization","@id":"https:\/\/bikeskills.ca\/fr\/#organization","name":"\u00c9cole de v\u00e9lo Bikeskills","url":"https:\/\/bikeskills.ca\/fr\/","logo":{"@type":"ImageObject","inLanguage":"fr-CA","@id":"https:\/\/bikeskills.ca\/fr\/#\/schema\/logo\/image\/","url":"https:\/\/bikeskills.ca\/wp-content\/uploads\/2019\/08\/Screen-Shot-2019-08-12-at-6.11.svg","contentUrl":"https:\/\/bikeskills.ca\/wp-content\/uploads\/2019\/08\/Screen-Shot-2019-08-12-at-6.11.svg","width":309,"height":83,"caption":"\u00c9cole de v\u00e9lo Bikeskills"},"image":{"@id":"https:\/\/bikeskills.ca\/fr\/#\/schema\/logo\/image\/"},"sameAs":["https:\/\/www.facebook.com\/Bikeskillsca-2194275320683514\/","https:\/\/www.instagram.com\/bikeskills.ca\/?hl=fr"]}]}},"_links":{"self":[{"href":"https:\/\/bikeskills.ca\/fr\/wp-json\/wp\/v2\/pages\/13742"}],"collection":[{"href":"https:\/\/bikeskills.ca\/fr\/wp-json\/wp\/v2\/pages"}],"about":[{"href":"https:\/\/bikeskills.ca\/fr\/wp-json\/wp\/v2\/types\/page"}],"author":[{"embeddable":true,"href":"https:\/\/bikeskills.ca\/fr\/wp-json\/wp\/v2\/users\/1"}],"replies":[{"embeddable":true,"href":"https:\/\/bikeskills.ca\/fr\/wp-json\/wp\/v2\/comments?post=13742"}],"version-history":[{"count":0,"href":"https:\/\/bikeskills.ca\/fr\/wp-json\/wp\/v2\/pages\/13742\/revisions"}],"wp:attachment":[{"href":"https:\/\/bikeskills.ca\/fr\/wp-json\/wp\/v2\/media?parent=13742"}],"curies":[{"name":"wp","href":"https:\/\/api.w.org\/{rel}","templated":true}]}}