{"id":14465,"date":"2023-03-19T11:13:03","date_gmt":"2023-03-19T15:13:03","guid":{"rendered":"https:\/\/bikeskills.ca\/?page_id=14465"},"modified":"2023-03-24T21:10:19","modified_gmt":"2023-03-25T01:10:19","slug":"questionnaire","status":"publish","type":"page","link":"https:\/\/bikeskills.ca\/fr\/questionnaire\/","title":{"rendered":"Questionnaire nouvel entra\u00eeneur"},"content":{"rendered":"<div data-elementor-type=\"wp-page\" data-elementor-id=\"14465\" class=\"elementor elementor-14465\" data-elementor-post-type=\"page\">\n\t\t\t\t\t\t<section class=\"elementor-section elementor-top-section elementor-element elementor-element-a895703 elementor-section-boxed elementor-section-height-default elementor-section-height-default\" data-id=\"a895703\" data-element_type=\"section\">\n\t\t\t\t\t\t<div class=\"elementor-container elementor-column-gap-default\">\n\t\t\t\t\t<div class=\"elementor-column elementor-col-100 elementor-top-column elementor-element elementor-element-417ae0d\" data-id=\"417ae0d\" data-element_type=\"column\">\n\t\t\t<div class=\"elementor-widget-wrap elementor-element-populated\">\n\t\t\t\t\t\t<div class=\"elementor-element elementor-element-574726d elementor-widget elementor-widget-text-editor\" data-id=\"574726d\" data-element_type=\"widget\" data-widget_type=\"text-editor.default\">\n\t\t\t\t<div class=\"elementor-widget-container\">\n\t\t\t\t\t\t\t\t\t<div style=\"background-color: #f7f7f7; padding: 2%;\">\n<h3><center><span style=\"color: #233540;\"><strong> DEVENIR ENTRAINEUR POUR BIKESKILLS<\/strong><\/span><\/center><\/h3><strong>\n<div style=\"background-color: #f7f7f7; padding: 2%;\">\n<h3><center><span style=\"color: #233540;\"><strong> Le coaching vous passionne? Joignez notre \u00e9quipes d\u2019entra\u00eeneurs!<br><p><\/p>\n<\/strong><\/span><\/center><\/h3><strong>\n<\/strong><\/div><strong>\n<\/strong><\/strong><\/div>\t\t\t\t\t\t\t\t<\/div>\n\t\t\t\t<\/div>\n\t\t\t\t\t<\/div>\n\t\t<\/div>\n\t\t\t\t\t<\/div>\n\t\t<\/section>\n\t\t\t\t<section class=\"elementor-section elementor-top-section elementor-element elementor-element-31b4191 elementor-section-boxed elementor-section-height-default elementor-section-height-default\" data-id=\"31b4191\" data-element_type=\"section\">\n\t\t\t\t\t\t<div class=\"elementor-container elementor-column-gap-default\">\n\t\t\t\t\t<div class=\"elementor-column elementor-col-100 elementor-top-column elementor-element elementor-element-01422e7\" data-id=\"01422e7\" data-element_type=\"column\">\n\t\t\t<div class=\"elementor-widget-wrap elementor-element-populated\">\n\t\t\t\t\t\t<div class=\"elementor-element elementor-element-a9bd2e6 elementor-button-align-start elementor-widget elementor-widget-form\" data-id=\"a9bd2e6\" data-element_type=\"widget\" data-settings=\"{&quot;step_next_label&quot;:&quot;Next&quot;,&quot;step_previous_label&quot;:&quot;Previous&quot;,&quot;button_width&quot;:&quot;100&quot;,&quot;step_type&quot;:&quot;number_text&quot;,&quot;step_icon_shape&quot;:&quot;circle&quot;}\" data-widget_type=\"form.default\">\n\t\t\t\t<div class=\"elementor-widget-container\">\n\t\t\t\t\t\t\t<form class=\"elementor-form\" method=\"post\" name=\"New Form\" action=\"\">\n\t\t\t<input type=\"hidden\" name=\"post_id\" value=\"14465\"\/>\n\t\t\t<input type=\"hidden\" name=\"form_id\" value=\"a9bd2e6\"\/>\n\t\t\t<input type=\"hidden\" name=\"referer_title\" value=\"\u00c9cole de v\u00e9lo Bikeskills\" \/>\n\n\t\t\t\n\t\t\t<div class=\"elementor-form-fields-wrapper elementor-labels-\">\n\t\t\t\t\t\t\t\t<div class=\"elementor-field-type-text elementor-field-group elementor-column elementor-field-group-name elementor-col-50 elementor-field-required\">\n\t\t\t\t\t\t\t\t\t\t\t\t<label for=\"form-field-name\" class=\"elementor-field-label elementor-screen-only\">\n\t\t\t\t\t\t\t\tNom\t\t\t\t\t\t\t<\/label>\n\t\t\t\t\t\t\t\t\t\t\t\t\t\t<input size=\"1\" type=\"text\" name=\"form_fields[name]\" id=\"form-field-name\" class=\"elementor-field elementor-size-md  elementor-field-textual\" placeholder=\"Nom\" required=\"required\" aria-required=\"true\">\n\t\t\t\t\t\t\t\t\t\t\t<\/div>\n\t\t\t\t\t\t\t\t<div class=\"elementor-field-type-email elementor-field-group elementor-column elementor-field-group-email elementor-col-50 elementor-field-required\">\n\t\t\t\t\t\t\t\t\t\t\t\t<label for=\"form-field-email\" class=\"elementor-field-label elementor-screen-only\">\n\t\t\t\t\t\t\t\tCourriel\t\t\t\t\t\t\t<\/label>\n\t\t\t\t\t\t\t\t\t\t\t\t\t\t<input size=\"1\" type=\"email\" name=\"form_fields[email]\" id=\"form-field-email\" class=\"elementor-field elementor-size-md  elementor-field-textual\" placeholder=\"Courriel\" required=\"required\" aria-required=\"true\">\n\t\t\t\t\t\t\t\t\t\t\t<\/div>\n\t\t\t\t\t\t\t\t<div class=\"elementor-field-type-text elementor-field-group elementor-column elementor-field-group-field_2a99b3a elementor-col-50 elementor-field-required\">\n\t\t\t\t\t\t\t\t\t\t\t\t<label for=\"form-field-field_2a99b3a\" class=\"elementor-field-label elementor-screen-only\">\n\t\t\t\t\t\t\t\tT\u00e9l\u00e9phone\t\t\t\t\t\t\t<\/label>\n\t\t\t\t\t\t\t\t\t\t\t\t\t\t<input size=\"1\" type=\"text\" name=\"form_fields[field_2a99b3a]\" id=\"form-field-field_2a99b3a\" class=\"elementor-field elementor-size-md  elementor-field-textual\" placeholder=\"T\u00e9l\u00e9phone\" required=\"required\" aria-required=\"true\">\n\t\t\t\t\t\t\t\t\t\t\t<\/div>\n\t\t\t\t\t\t\t\t<div class=\"elementor-field-type-text elementor-field-group elementor-column elementor-field-group-field_fdc0cf9 elementor-col-50 elementor-field-required\">\n\t\t\t\t\t\t\t\t\t\t\t\t<label for=\"form-field-field_fdc0cf9\" class=\"elementor-field-label elementor-screen-only\">\n\t\t\t\t\t\t\t\tAge des participants\t\t\t\t\t\t\t<\/label>\n\t\t\t\t\t\t\t\t\t\t\t\t\t\t<input size=\"1\" type=\"text\" name=\"form_fields[field_fdc0cf9]\" id=\"form-field-field_fdc0cf9\" class=\"elementor-field elementor-size-md  elementor-field-textual\" placeholder=\"Age des participants\" required=\"required\" aria-required=\"true\">\n\t\t\t\t\t\t\t\t\t\t\t<\/div>\n\t\t\t\t\t\t\t\t<div class=\"elementor-field-type-text elementor-field-group elementor-column elementor-field-group-field_1aaef1c elementor-col-50 elementor-field-required\">\n\t\t\t\t\t\t\t\t\t\t\t\t<label for=\"form-field-field_1aaef1c\" class=\"elementor-field-label elementor-screen-only\">\n\t\t\t\t\t\t\t\tVille\t\t\t\t\t\t\t<\/label>\n\t\t\t\t\t\t\t\t\t\t\t\t\t\t<input size=\"1\" type=\"text\" name=\"form_fields[field_1aaef1c]\" id=\"form-field-field_1aaef1c\" class=\"elementor-field elementor-size-md  elementor-field-textual\" placeholder=\"Ville\" required=\"required\" aria-required=\"true\">\n\t\t\t\t\t\t\t\t\t\t\t<\/div>\n\t\t\t\t\t\t\t\t<div class=\"elementor-field-type-text elementor-field-group elementor-column elementor-field-group-field_11af94e elementor-col-50 elementor-field-required\">\n\t\t\t\t\t\t\t\t\t\t\t\t<label for=\"form-field-field_11af94e\" class=\"elementor-field-label elementor-screen-only\">\n\t\t\t\t\t\t\t\tEmploi\t\t\t\t\t\t\t<\/label>\n\t\t\t\t\t\t\t\t\t\t\t\t\t\t<input size=\"1\" type=\"text\" name=\"form_fields[field_11af94e]\" id=\"form-field-field_11af94e\" class=\"elementor-field elementor-size-md  elementor-field-textual\" placeholder=\"Emploi\" required=\"required\" aria-required=\"true\">\n\t\t\t\t\t\t\t\t\t\t\t<\/div>\n\t\t\t\t\t\t\t\t<div class=\"elementor-field-type-text elementor-field-group elementor-column elementor-field-group-field_e73d996 elementor-col-50 elementor-field-required\">\n\t\t\t\t\t\t\t\t\t\t\t\t<label for=\"form-field-field_e73d996\" class=\"elementor-field-label elementor-screen-only\">\n\t\t\t\t\t\t\t\tSite de pratique local\t\t\t\t\t\t\t<\/label>\n\t\t\t\t\t\t\t\t\t\t\t\t\t\t<input size=\"1\" type=\"text\" name=\"form_fields[field_e73d996]\" id=\"form-field-field_e73d996\" class=\"elementor-field elementor-size-md  elementor-field-textual\" placeholder=\"Site de pratique local\" required=\"required\" aria-required=\"true\">\n\t\t\t\t\t\t\t\t\t\t\t<\/div>\n\t\t\t\t\t\t\t\t<div class=\"elementor-field-type-textarea elementor-field-group elementor-column elementor-field-group-field_0c0c2ec elementor-col-100 elementor-field-required\">\n\t\t\t\t\t\t\t\t\t\t\t\t<label for=\"form-field-field_0c0c2ec\" class=\"elementor-field-label elementor-screen-only\">\n\t\t\t\t\t\t\t\tWhat is your certification?\t\t\t\t\t\t\t<\/label>\n\t\t\t\t\t\t<textarea class=\"elementor-field-textual elementor-field  elementor-size-md\" name=\"form_fields[field_0c0c2ec]\" id=\"form-field-field_0c0c2ec\" rows=\"3\" placeholder=\"What is your certification?\" required=\"required\" aria-required=\"true\"><\/textarea>\t\t\t\t<\/div>\n\t\t\t\t\t\t\t\t<div class=\"elementor-field-type-textarea elementor-field-group elementor-column elementor-field-group-field_72c6c2d elementor-col-100 elementor-field-required\">\n\t\t\t\t\t\t\t\t\t\t\t\t<label for=\"form-field-field_72c6c2d\" class=\"elementor-field-label elementor-screen-only\">\n\t\t\t\t\t\t\t\tQuel est votre exp\u00e9rience en cyclisme \/ v\u00e9lo de montagne?\t\t\t\t\t\t\t<\/label>\n\t\t\t\t\t\t<textarea class=\"elementor-field-textual elementor-field  elementor-size-md\" name=\"form_fields[field_72c6c2d]\" id=\"form-field-field_72c6c2d\" rows=\"3\" placeholder=\"Quel est votre exp\u00e9rience en cyclisme \/ v\u00e9lo de montagne?\" required=\"required\" aria-required=\"true\"><\/textarea>\t\t\t\t<\/div>\n\t\t\t\t\t\t\t\t<div class=\"elementor-field-type-textarea elementor-field-group elementor-column elementor-field-group-field_2643dd3 elementor-col-100 elementor-field-required\">\n\t\t\t\t\t\t\t\t\t\t\t\t<label for=\"form-field-field_2643dd3\" class=\"elementor-field-label elementor-screen-only\">\n\t\t\t\t\t\t\t\tQuel est ton exp\u00e9rience en coaching?\t\t\t\t\t\t\t<\/label>\n\t\t\t\t\t\t<textarea class=\"elementor-field-textual elementor-field  elementor-size-md\" name=\"form_fields[field_2643dd3]\" id=\"form-field-field_2643dd3\" rows=\"3\" placeholder=\"Quel est ton exp\u00e9rience en coaching?\" required=\"required\" aria-required=\"true\"><\/textarea>\t\t\t\t<\/div>\n\t\t\t\t\t\t\t\t<div class=\"elementor-field-type-textarea elementor-field-group elementor-column elementor-field-group-field_866de6d elementor-col-100 elementor-field-required\">\n\t\t\t\t\t\t\t\t\t\t\t\t<label for=\"form-field-field_866de6d\" class=\"elementor-field-label elementor-screen-only\">\n\t\t\t\t\t\t\t\tQuelle est votre philosophie d'entra\u00eenement ?  Quelle est votre motivation \u00e0 entra\u00eener?\t\t\t\t\t\t\t<\/label>\n\t\t\t\t\t\t<textarea class=\"elementor-field-textual elementor-field  elementor-size-md\" name=\"form_fields[field_866de6d]\" id=\"form-field-field_866de6d\" rows=\"3\" placeholder=\"Quelle est votre philosophie d&#039;entra\u00eenement ?  Quelle est votre motivation \u00e0 entra\u00eener?\" required=\"required\" aria-required=\"true\"><\/textarea>\t\t\t\t<\/div>\n\t\t\t\t\t\t\t\t<div class=\"elementor-field-type-textarea elementor-field-group elementor-column elementor-field-group-field_16391a1 elementor-col-100 elementor-field-required\">\n\t\t\t\t\t\t\t\t\t\t\t\t<label for=\"form-field-field_16391a1\" class=\"elementor-field-label elementor-screen-only\">\n\t\t\t\t\t\t\t\tQuelles disciplines \/ type de terrain \/ niveaux d'habilet\u00e9s pouvez-vous entra\u00eener?\t\t\t\t\t\t\t<\/label>\n\t\t\t\t\t\t<textarea class=\"elementor-field-textual elementor-field  elementor-size-md\" name=\"form_fields[field_16391a1]\" id=\"form-field-field_16391a1\" rows=\"3\" placeholder=\"Quelles disciplines \/ type de terrain \/ niveaux d&#039;habilet\u00e9s pouvez-vous entra\u00eener?\" required=\"required\" aria-required=\"true\"><\/textarea>\t\t\t\t<\/div>\n\t\t\t\t\t\t\t\t<div class=\"elementor-field-type-textarea elementor-field-group elementor-column elementor-field-group-field_565cbe2 elementor-col-100 elementor-field-required\">\n\t\t\t\t\t\t\t\t\t\t\t\t<label for=\"form-field-field_565cbe2\" class=\"elementor-field-label elementor-screen-only\">\n\t\t\t\t\t\t\t\tQuels sont les sites de pratiques o\u00f9 vous pourriez entra\u00eener?  \t\t\t\t\t\t\t<\/label>\n\t\t\t\t\t\t<textarea class=\"elementor-field-textual elementor-field  elementor-size-md\" name=\"form_fields[field_565cbe2]\" id=\"form-field-field_565cbe2\" rows=\"3\" placeholder=\"Quels sont les sites de pratiques o\u00f9 vous pourriez entra\u00eener?  \" required=\"required\" aria-required=\"true\"><\/textarea>\t\t\t\t<\/div>\n\t\t\t\t\t\t\t\t<div class=\"elementor-field-type-textarea elementor-field-group elementor-column elementor-field-group-field_26efe9a elementor-col-100 elementor-field-required\">\n\t\t\t\t\t\t\t\t\t\t\t\t<label for=\"form-field-field_26efe9a\" class=\"elementor-field-label elementor-screen-only\">\n\t\t\t\t\t\t\t\tPourquoi d\u00e9sirez-vous travailler pour Bikeskills?\t\t\t\t\t\t\t<\/label>\n\t\t\t\t\t\t<textarea class=\"elementor-field-textual elementor-field  elementor-size-md\" name=\"form_fields[field_26efe9a]\" id=\"form-field-field_26efe9a\" rows=\"3\" placeholder=\"Pourquoi d\u00e9sirez-vous travailler pour Bikeskills?\" required=\"required\" aria-required=\"true\"><\/textarea>\t\t\t\t<\/div>\n\t\t\t\t\t\t\t\t<div class=\"elementor-field-type-textarea elementor-field-group elementor-column elementor-field-group-field_a82e360 elementor-col-100 elementor-field-required\">\n\t\t\t\t\t\t\t\t\t\t\t\t<label for=\"form-field-field_a82e360\" class=\"elementor-field-label elementor-screen-only\">\n\t\t\t\t\t\t\t\tQuel est votre bike shop local?  Avez vous des contacts \/ commanditaires dans l'industrie du v\u00e9lo?\t\t\t\t\t\t\t<\/label>\n\t\t\t\t\t\t<textarea class=\"elementor-field-textual elementor-field  elementor-size-md\" name=\"form_fields[field_a82e360]\" id=\"form-field-field_a82e360\" rows=\"3\" placeholder=\"Quel est votre bike shop local?  Avez vous des contacts \/ commanditaires dans l&#039;industrie du v\u00e9lo?\" required=\"required\" aria-required=\"true\"><\/textarea>\t\t\t\t<\/div>\n\t\t\t\t\t\t\t\t<div class=\"elementor-field-type-radio elementor-field-group elementor-column elementor-field-group-field_b1ddf0a elementor-col-50 elementor-field-required\">\n\t\t\t\t\t\t\t\t\t\t\t\t<label for=\"form-field-field_b1ddf0a\" class=\"elementor-field-label elementor-screen-only\">\n\t\t\t\t\t\t\t\tVotre niveau de certification?\t\t\t\t\t\t\t<\/label>\n\t\t\t\t\t\t<div class=\"elementor-field-subgroup\"><span class=\"elementor-field-option\"><input type=\"radio\" value=\"PMBIA 1\" id=\"form-field-field_b1ddf0a-0\" name=\"form_fields[field_b1ddf0a]\" required=\"required\" aria-required=\"true\"> <label for=\"form-field-field_b1ddf0a-0\">PMBIA 1<\/label><\/span><span class=\"elementor-field-option\"><input type=\"radio\" value=\"PMBIA 2\" id=\"form-field-field_b1ddf0a-1\" name=\"form_fields[field_b1ddf0a]\" required=\"required\" aria-required=\"true\"> <label for=\"form-field-field_b1ddf0a-1\">PMBIA 2<\/label><\/span><span class=\"elementor-field-option\"><input type=\"radio\" value=\"Community \/ Ride Guide\" id=\"form-field-field_b1ddf0a-2\" name=\"form_fields[field_b1ddf0a]\" required=\"required\" aria-required=\"true\"> <label for=\"form-field-field_b1ddf0a-2\">Communautaire \/ Encadreur<\/label><\/span><span class=\"elementor-field-option\"><input type=\"radio\" value=\"NCCP Mountain Bike skills and Tactics\" id=\"form-field-field_b1ddf0a-3\" name=\"form_fields[field_b1ddf0a]\" required=\"required\" aria-required=\"true\"> <label for=\"form-field-field_b1ddf0a-3\">PNCE Habilet\u00e9s et tactiques<\/label><\/span><\/div>\t\t\t\t<\/div>\n\t\t\t\t\t\t\t\t<div class=\"elementor-field-type-radio elementor-field-group elementor-column elementor-field-group-field_4cef3b2 elementor-col-50 elementor-field-required\">\n\t\t\t\t\t\t\t\t\t\t\t\t<label for=\"form-field-field_4cef3b2\" class=\"elementor-field-label elementor-screen-only\">\n\t\t\t\t\t\t\t\tVotre certification de premiers soins?\t\t\t\t\t\t\t<\/label>\n\t\t\t\t\t\t<div class=\"elementor-field-subgroup\"><span class=\"elementor-field-option\"><input type=\"radio\" value=\"General First Air\" id=\"form-field-field_4cef3b2-0\" name=\"form_fields[field_4cef3b2]\" required=\"required\" aria-required=\"true\"> <label for=\"form-field-field_4cef3b2-0\">Premiers soins g\u00e9n\u00e9ral<\/label><\/span><span class=\"elementor-field-option\"><input type=\"radio\" value=\"First responder \/ First Aid \/ RCR 20h\" id=\"form-field-field_4cef3b2-1\" name=\"form_fields[field_4cef3b2]\" required=\"required\" aria-required=\"true\"> <label for=\"form-field-field_4cef3b2-1\">Premier r\u00e9pondant \/ Premiers soin 20h<\/label><\/span><span class=\"elementor-field-option\"><input type=\"radio\" value=\"Wilderness rescue 20h\" id=\"form-field-field_4cef3b2-2\" name=\"form_fields[field_4cef3b2]\" required=\"required\" aria-required=\"true\"> <label for=\"form-field-field_4cef3b2-2\">Secourisme r\u00e9gion \u00e9loign\u00e9 20h<\/label><\/span><span class=\"elementor-field-option\"><input type=\"radio\" value=\"Wilderness rescue 40h\" id=\"form-field-field_4cef3b2-3\" name=\"form_fields[field_4cef3b2]\" required=\"required\" aria-required=\"true\"> <label for=\"form-field-field_4cef3b2-3\">Secourisme r\u00e9gion \u00e9loign\u00e9 40h<\/label><\/span><\/div>\t\t\t\t<\/div>\n\t\t\t\t\t\t\t\t<div class=\"elementor-field-type-upload elementor-field-group elementor-column elementor-field-group-field_96f302d elementor-col-50\">\n\t\t\t\t\t\t\t\t\t\t\t\t<label for=\"form-field-field_96f302d\" class=\"elementor-field-label elementor-screen-only\">\n\t\t\t\t\t\t\t\tPhoto de profil (background fonc\u00e9, jersey fonc\u00e9, casque)\t\t\t\t\t\t\t<\/label>\n\t\t\t\t\t\t\t\t<input type=\"file\" name=\"form_fields[field_96f302d]\" id=\"form-field-field_96f302d\" class=\"elementor-field elementor-size-md  elementor-upload-field\">\n\n\t\t\t\t\t\t<\/div>\n\t\t\t\t\t\t\t\t<div class=\"elementor-field-group elementor-column elementor-field-type-submit elementor-col-100 e-form__buttons\">\n\t\t\t\t\t<button type=\"submit\" class=\"elementor-button elementor-size-md\">\n\t\t\t\t\t\t<span >\n\t\t\t\t\t\t\t\t\t\t\t\t\t\t\t<span class=\"elementor-align-icon-left elementor-button-icon\">\n\t\t\t\t\t\t\t\t\t<i aria-hidden=\"true\" class=\"fas fa-check\"><\/i>\t\t\t\t\t\t\t\t\t\t\t\t\t\t\t\t\t<\/span>\n\t\t\t\t\t\t\t\t\t\t\t\t\t\t\t\t\t\t\t\t\t\t<span class=\"elementor-button-text\">Send it!<\/span>\n\t\t\t\t\t\t\t\t\t\t\t\t\t<\/span>\n\t\t\t\t\t<\/button>\n\t\t\t\t<\/div>\n\t\t\t<\/div>\n\t\t<input type=\"hidden\" name=\"trp-form-language\" value=\"fr\"\/><\/form>\n\t\t\t\t\t\t<\/div>\n\t\t\t\t<\/div>\n\t\t\t\t\t<\/div>\n\t\t<\/div>\n\t\t\t\t\t<\/div>\n\t\t<\/section>\n\t\t\t\t<\/div>","protected":false},"excerpt":{"rendered":"<p>BECOME A COACH WITH BIKESKILLS Want to join our team? Are you passionate about coaching?<\/p>","protected":false},"author":1,"featured_media":0,"parent":0,"menu_order":0,"comment_status":"closed","ping_status":"closed","template":"","meta":{"footnotes":"","_links_to":"","_links_to_target":""},"yoast_head":"<!-- This site is optimized with the Yoast SEO plugin v24.2 - https:\/\/yoast.com\/wordpress\/plugins\/seo\/ -->\n<title>Questionnaire nouvel entra\u00eeneur - \u00c9cole de v\u00e9lo Bikeskills<\/title>\n<meta name=\"robots\" content=\"index, follow, max-snippet:-1, max-image-preview:large, max-video-preview:-1\" \/>\n<link rel=\"canonical\" href=\"https:\/\/bikeskills.ca\/fr\/questionnaire\/\" \/>\n<meta property=\"og:locale\" content=\"fr_CA\" \/>\n<meta property=\"og:type\" content=\"article\" \/>\n<meta property=\"og:title\" content=\"Questionnaire nouvel entra\u00eeneur - \u00c9cole de v\u00e9lo Bikeskills\" \/>\n<meta property=\"og:description\" content=\"BECOME A COACH WITH BIKESKILLS Want to join our team? Are you passionate about coaching?\" \/>\n<meta property=\"og:url\" content=\"https:\/\/bikeskills.ca\/fr\/questionnaire\/\" \/>\n<meta property=\"og:site_name\" content=\"\u00c9cole de v\u00e9lo Bikeskills\" \/>\n<meta property=\"article:publisher\" content=\"https:\/\/www.facebook.com\/Bikeskillsca-2194275320683514\/\" \/>\n<meta property=\"article:modified_time\" content=\"2023-03-25T01:10:19+00:00\" \/>\n<meta name=\"twitter:card\" content=\"summary_large_image\" \/>\n<meta name=\"twitter:label1\" content=\"Estimation du temps de lecture\" \/>\n\t<meta name=\"twitter:data1\" content=\"1 minute\" \/>\n<script type=\"application\/ld+json\" class=\"yoast-schema-graph\">{\"@context\":\"https:\/\/schema.org\",\"@graph\":[{\"@type\":\"WebPage\",\"@id\":\"https:\/\/bikeskills.ca\/questionnaire\/\",\"url\":\"https:\/\/bikeskills.ca\/questionnaire\/\",\"name\":\"Questionnaire nouvel entra\u00eeneur - \u00c9cole de v\u00e9lo Bikeskills\",\"isPartOf\":{\"@id\":\"https:\/\/bikeskills.ca\/fr\/#website\"},\"datePublished\":\"2023-03-19T15:13:03+00:00\",\"dateModified\":\"2023-03-25T01:10:19+00:00\",\"breadcrumb\":{\"@id\":\"https:\/\/bikeskills.ca\/questionnaire\/#breadcrumb\"},\"inLanguage\":\"fr-CA\",\"potentialAction\":[{\"@type\":\"ReadAction\",\"target\":[\"https:\/\/bikeskills.ca\/questionnaire\/\"]}]},{\"@type\":\"BreadcrumbList\",\"@id\":\"https:\/\/bikeskills.ca\/questionnaire\/#breadcrumb\",\"itemListElement\":[{\"@type\":\"ListItem\",\"position\":1,\"name\":\"Home\",\"item\":\"https:\/\/bikeskills.ca\/fr\/\"},{\"@type\":\"ListItem\",\"position\":2,\"name\":\"Questionnaire nouvel entra\u00eeneur\"}]},{\"@type\":\"WebSite\",\"@id\":\"https:\/\/bikeskills.ca\/fr\/#website\",\"url\":\"https:\/\/bikeskills.ca\/fr\/\",\"name\":\"\u00c9cole de v\u00e9lo Bikeskills\",\"description\":\"\u00c9cole de v\u00e9lo de montagne - Cours de v\u00e9lo de montagne - \u00c9v\u00e8nements priv\u00e9s et corporatifs - Partout au Qu\u00e9bec\",\"publisher\":{\"@id\":\"https:\/\/bikeskills.ca\/fr\/#organization\"},\"potentialAction\":[{\"@type\":\"SearchAction\",\"target\":{\"@type\":\"EntryPoint\",\"urlTemplate\":\"https:\/\/bikeskills.ca\/fr\/?s={search_term_string}\"},\"query-input\":{\"@type\":\"PropertyValueSpecification\",\"valueRequired\":true,\"valueName\":\"search_term_string\"}}],\"inLanguage\":\"fr-CA\"},{\"@type\":\"Organization\",\"@id\":\"https:\/\/bikeskills.ca\/fr\/#organization\",\"name\":\"\u00c9cole de v\u00e9lo Bikeskills\",\"url\":\"https:\/\/bikeskills.ca\/fr\/\",\"logo\":{\"@type\":\"ImageObject\",\"inLanguage\":\"fr-CA\",\"@id\":\"https:\/\/bikeskills.ca\/fr\/#\/schema\/logo\/image\/\",\"url\":\"https:\/\/bikeskills.ca\/wp-content\/uploads\/2019\/08\/Screen-Shot-2019-08-12-at-6.11.svg\",\"contentUrl\":\"https:\/\/bikeskills.ca\/wp-content\/uploads\/2019\/08\/Screen-Shot-2019-08-12-at-6.11.svg\",\"width\":309,\"height\":83,\"caption\":\"\u00c9cole de v\u00e9lo Bikeskills\"},\"image\":{\"@id\":\"https:\/\/bikeskills.ca\/fr\/#\/schema\/logo\/image\/\"},\"sameAs\":[\"https:\/\/www.facebook.com\/Bikeskillsca-2194275320683514\/\",\"https:\/\/www.instagram.com\/bikeskills.ca\/?hl=fr\"]}]}<\/script>\n<!-- \/ Yoast SEO plugin. -->","yoast_head_json":{"title":"Questionnaire nouvel entra\u00eeneur - \u00c9cole de v\u00e9lo Bikeskills","robots":{"index":"index","follow":"follow","max-snippet":"max-snippet:-1","max-image-preview":"max-image-preview:large","max-video-preview":"max-video-preview:-1"},"canonical":"https:\/\/bikeskills.ca\/fr\/questionnaire\/","og_locale":"fr_CA","og_type":"article","og_title":"Questionnaire nouvel entra\u00eeneur - \u00c9cole de v\u00e9lo Bikeskills","og_description":"BECOME A COACH WITH BIKESKILLS Want to join our team? Are you passionate about coaching?","og_url":"https:\/\/bikeskills.ca\/fr\/questionnaire\/","og_site_name":"\u00c9cole de v\u00e9lo Bikeskills","article_publisher":"https:\/\/www.facebook.com\/Bikeskillsca-2194275320683514\/","article_modified_time":"2023-03-25T01:10:19+00:00","twitter_card":"summary_large_image","twitter_misc":{"Estimation du temps de lecture":"1 minute"},"schema":{"@context":"https:\/\/schema.org","@graph":[{"@type":"WebPage","@id":"https:\/\/bikeskills.ca\/questionnaire\/","url":"https:\/\/bikeskills.ca\/questionnaire\/","name":"Questionnaire nouvel entra\u00eeneur - \u00c9cole de v\u00e9lo Bikeskills","isPartOf":{"@id":"https:\/\/bikeskills.ca\/fr\/#website"},"datePublished":"2023-03-19T15:13:03+00:00","dateModified":"2023-03-25T01:10:19+00:00","breadcrumb":{"@id":"https:\/\/bikeskills.ca\/questionnaire\/#breadcrumb"},"inLanguage":"fr-CA","potentialAction":[{"@type":"ReadAction","target":["https:\/\/bikeskills.ca\/questionnaire\/"]}]},{"@type":"BreadcrumbList","@id":"https:\/\/bikeskills.ca\/questionnaire\/#breadcrumb","itemListElement":[{"@type":"ListItem","position":1,"name":"Home","item":"https:\/\/bikeskills.ca\/fr\/"},{"@type":"ListItem","position":2,"name":"Questionnaire nouvel entra\u00eeneur"}]},{"@type":"WebSite","@id":"https:\/\/bikeskills.ca\/fr\/#website","url":"https:\/\/bikeskills.ca\/fr\/","name":"\u00c9cole de v\u00e9lo Bikeskills","description":"\u00c9cole de v\u00e9lo de montagne - Cours de v\u00e9lo de montagne - \u00c9v\u00e8nements priv\u00e9s et corporatifs - Partout au Qu\u00e9bec","publisher":{"@id":"https:\/\/bikeskills.ca\/fr\/#organization"},"potentialAction":[{"@type":"SearchAction","target":{"@type":"EntryPoint","urlTemplate":"https:\/\/bikeskills.ca\/fr\/?s={search_term_string}"},"query-input":{"@type":"PropertyValueSpecification","valueRequired":true,"valueName":"search_term_string"}}],"inLanguage":"fr-CA"},{"@type":"Organization","@id":"https:\/\/bikeskills.ca\/fr\/#organization","name":"\u00c9cole de v\u00e9lo Bikeskills","url":"https:\/\/bikeskills.ca\/fr\/","logo":{"@type":"ImageObject","inLanguage":"fr-CA","@id":"https:\/\/bikeskills.ca\/fr\/#\/schema\/logo\/image\/","url":"https:\/\/bikeskills.ca\/wp-content\/uploads\/2019\/08\/Screen-Shot-2019-08-12-at-6.11.svg","contentUrl":"https:\/\/bikeskills.ca\/wp-content\/uploads\/2019\/08\/Screen-Shot-2019-08-12-at-6.11.svg","width":309,"height":83,"caption":"\u00c9cole de v\u00e9lo Bikeskills"},"image":{"@id":"https:\/\/bikeskills.ca\/fr\/#\/schema\/logo\/image\/"},"sameAs":["https:\/\/www.facebook.com\/Bikeskillsca-2194275320683514\/","https:\/\/www.instagram.com\/bikeskills.ca\/?hl=fr"]}]}},"_links":{"self":[{"href":"https:\/\/bikeskills.ca\/fr\/wp-json\/wp\/v2\/pages\/14465"}],"collection":[{"href":"https:\/\/bikeskills.ca\/fr\/wp-json\/wp\/v2\/pages"}],"about":[{"href":"https:\/\/bikeskills.ca\/fr\/wp-json\/wp\/v2\/types\/page"}],"author":[{"embeddable":true,"href":"https:\/\/bikeskills.ca\/fr\/wp-json\/wp\/v2\/users\/1"}],"replies":[{"embeddable":true,"href":"https:\/\/bikeskills.ca\/fr\/wp-json\/wp\/v2\/comments?post=14465"}],"version-history":[{"count":0,"href":"https:\/\/bikeskills.ca\/fr\/wp-json\/wp\/v2\/pages\/14465\/revisions"}],"wp:attachment":[{"href":"https:\/\/bikeskills.ca\/fr\/wp-json\/wp\/v2\/media?parent=14465"}],"curies":[{"name":"wp","href":"https:\/\/api.w.org\/{rel}","templated":true}]}}