{"id":2978,"date":"2020-05-19T16:17:16","date_gmt":"2020-05-19T20:17:16","guid":{"rendered":"https:\/\/bikeskills.ca\/habilete-condition-physique-copy\/"},"modified":"2023-02-14T08:07:04","modified_gmt":"2023-02-14T12:07:04","slug":"covid19","status":"publish","type":"page","link":"https:\/\/bikeskills.ca\/fr\/covid19\/","title":{"rendered":"Ressources &#8211; Politiques de bikeskills concernant la protection contre la Covid-19"},"content":{"rendered":"<div class=\"page\" title=\"Page 26\">\n<div class=\"section\">\n<div class=\"layoutArea\">\n<div class=\"column\">\n<h2><strong>Entra\u00eener en p\u00e9riode de Covid-19<\/strong><\/h2>\n<p>Bikeskills met de l\u2019avant toutes les proc\u00e9dures sanitaires requises afin de prot\u00e9ger ad\u00e9quatement les clients, et ses entra\u00eeneurs. Nous sommes soucieux de la sant\u00e9 de nos participants et mettons en place les meilleures pratiques de l\u2019industrie du loisir et plein-air. Personne ne veut mettre en p\u00e9ril les membres de sa famille en prenant des risques qui peuvent \u00eatre \u00e9vit\u00e9s par une bonne pratique.<\/p>\n<p>L\u2019importance est mise sur des proc\u00e9dures et des pratiques qui \u00ab coulent \u00bb durant la session. Si la communication entre l\u2019entra\u00eeneur et le client est efficace, nous pouvons esp\u00e9rer avoir le m\u00eame flow \u00e0 la le\u00e7on. C\u2019est de notre devoir de nous adapter \u00e0 ce \u00ab nouveau normal \u00bb. Pratiquez ces proc\u00e9dures lors de sorties avec un ami afin d\u2019\u00eatre vraiment \u00e0 l\u2019aise avec cette nouvelle fa\u00e7on de fonctionner. Soyez adaptable et apprenez \u00e0 interagir avec les gens d\u2019une fa\u00e7on s\u00e9curitaire.<\/p>\n<p>Ces proc\u00e9dures peuvent changer en tout temps. Comme l\u2019information circule extr\u00eamement rapidement en ce temps de crise, des modifications \u00e0 ces proc\u00e9dures le seront \u00e9galement. &nbsp;<strong>Ces proc\u00e9dures sont revus de semaine en semaine sous la recommandation de la Sant\u00e9 Publique et du Gouvernement du Qu\u00e9bec. &nbsp;<\/strong>Nous avons la responsabilit\u00e9 d\u2019informer les clients et de respecter les r\u00e8glements \u00e9mis par la Sant\u00e9 Publique et le Minist\u00e8re du tourisme, loisir et sport.<\/p>\n<p>Pourquoi toutes ces mesures? &nbsp;L&#8217;ouverture des sites de plein air et des entreprises pour les encadrer sont un privil\u00e8ge. &nbsp;Nous d\u00e9sirons mettre en place ces proc\u00e9dures afin de pouvoir demeurer en op\u00e9ration et de desservir notre client\u00e8le.<\/p>\n<h3><strong>Le\u00e7ons priv\u00e9es et cours de groupe<\/strong><\/h3>\n<p><strong>En ce contexte, les le\u00e7ons priv\u00e9s sont privil\u00e9gi\u00e9s. &nbsp;Les cours de groupe seront graduellement disponibles pour des groupes de 4 \u00e0 6 personnes, provenant de 3 foyers&nbsp;distincts. &nbsp;Nous pouvons faire une analyse de votre groupe selon vos besoins.<\/strong><\/p>\n<h3><strong>Les entra\u00eeneurs auront ces \u00e9quipements de protection. &nbsp;Nous vous recommandons de vous les procurer \u00e9galement:<\/strong><\/h3>\n<p>o <strong>Masque de visage et lunettes de v\u00e9lo<\/strong><br \/>\n<strong>o Gants en nitrile&nbsp;<\/strong><br \/>\n<strong>o D\u00e9sinfectant antiseptique pour se laver les mains avant, pendant et apr\u00e8s l&#8217;activit\u00e9&nbsp;<\/strong><\/p>\n<\/div>\n<\/div>\n<\/div>\n<\/div>\n<p><strong>o Les gants de v\u00e9lo procurent un faux sentiment de s\u00e9curit\u00e9 face au Covid, et devront \u00eatre consid\u00e9r\u00e9s comme \u00e0&nbsp;<\/strong><b>risque de transmission<\/b><\/p>\n<div class=\"page\" title=\"Page 26\">\n<div class=\"section\">\n<div class=\"layoutArea\">\n<div class=\"column\">\n<h3><strong>Hygi\u00e8ne de base<\/strong><\/h3>\n<ul>\n<li>Se laver les mains fr\u00e9quemment dans la vie de tous les jours.<\/li>\n<li>\u00c9viter le contact des mains avec le visage, surtout les yeux, la bouche et le nez.<\/li>\n<li>Suivre la distanciation de 2 m\u00e8tres avec les autres personnes.<\/li>\n<li>Aucun contact physique, aucun pr\u00eat de mat\u00e9riel.<\/li>\n<li>Toussez dans votre coude ou dans un mouchoir, que vous disposerez de fa\u00e7on sanitaire.<\/li>\n<li><strong>Si des sympt\u00f4mes apparaissent, prot\u00e9gez les autres&nbsp;! Ne soyez pas des vecteurs.<\/strong><\/li>\n<li><strong>Si l\u2019entra\u00eeneur \u00e0 un doute sur sa propre sant\u00e9, m\u00eame s\u2019il est asymptomatique, il reportera le cours \u00e0 une date ult\u00e9rieure.<\/strong><\/li>\n<li><strong>Si le client \u00e0 un doute sur sa propre sant\u00e9, m\u00eame s\u2019il est asymptomatique, SVP reportez le cours \u00e0 une date ult\u00e9rieure SANS FRAIS, minimalement 14 jours suivant apr\u00e8s la date pr\u00e9vue.<\/strong><\/li>\n<\/ul>\n<h3><\/h3>\n<h3><strong>Proc\u00e9dures de travail<\/strong><\/h3>\n<p>La r\u00e8gle d&#8217;or: prendre pour acquis que tous les \u00e9quipements et personnes peuvent \u00eatre contamin\u00e9s. &nbsp;Ceci vous aidera \u00e0 prendre les pr\u00e9cautions qui s&#8217;imposent.<\/p>\n<\/div>\n<\/div>\n<\/div>\n<\/div>\n<div class=\"page\" title=\"Page 27\">\n<div class=\"section\">\n<div class=\"layoutArea\">\n<div class=\"column\">\n<div class=\"page\" title=\"Page 26\">\n<div class=\"section\">\n<div class=\"layoutArea\">\n<div class=\"column\">\n<ul>\n<li><strong>Aucun pr\u00eat de mat\u00e9riel.<\/strong><\/li>\n<li><strong>Aucun contact physique<\/strong><\/li>\n<li><strong>Aucune assistance physique (sauf en cas d\u2019urgence, afin de pr\u00e9venir une chute)<\/strong><\/li>\n<li><strong>Aucune assistance pour la m\u00e9canique ou l&#8217;ajustement du v\u00e9lo<\/strong><\/li>\n<li>L\u2019accueil des clients, les proc\u00e9dures de v\u00e9rifications du v\u00e9lo et du mat\u00e9riel doivent tous se faire \u00e0 une distance de 2 m\u00e8tres.<\/li>\n<li>Pour faciliter ces proc\u00e9dures, nous avons pr\u00e9par\u00e9 un tutoriel explicatif complet destin\u00e9 aux clients.\n<ul>\n<li>Explication des r\u00e8gles sanitaires<\/li>\n<li>Les clients devront se laver les mains avec un antiseptique avant le d\u00e9but de l&#8217;activit\u00e9, avant de mettre ses gants<\/li>\n<li>La v\u00e9rification du v\u00e9lo et la v\u00e9rification de l\u2019\u00e9quipement doit \u00eatre faite avant le cours<\/li>\n<li>Le protocole en cas de chute, en cas de bris m\u00e9canique &nbsp;doivent \u00eatre suivis.<\/li>\n<\/ul>\n<\/li>\n<\/ul>\n<\/div>\n<\/div>\n<\/div>\n<\/div>\n<h3><\/h3>\n<h3><strong>Guide des bonnes pratiques cyclistes<\/strong><\/h3>\n<ul>\n<li>Roulez localement pour l&#8217;instant.<\/li>\n<li>Ne partagez le transport qu\u2019avec les membres de votre famille imm\u00e9diate<\/li>\n<li>Lavez votre v\u00e9lo et \u00e9quipement avec diligence<\/li>\n<li>\u00c9vitez les rassemblements \u00e0 l\u2019entr\u00e9e ou \u00e0 la sortie des pistes.<\/li>\n<li>En aucun cas, vous ne performez les actions suivantes&nbsp;:\n<ul>\n<li>Poign\u00e9es de main<\/li>\n<li>High fives<\/li>\n<li>Bro-hugs<\/li>\n<li>C\u00e2lins<\/li>\n<li><em>Et ce, peu importe le radness du sentier emprunt\u00e9&nbsp;!<\/em><\/li>\n<\/ul>\n<\/li>\n<\/ul>\n<h3><strong>Recommandations lors de la le\u00e7on<\/strong><\/h3>\n<ul>\n<li>Aucun pr\u00eat ou d\u2019\u00e9change de mat\u00e9riel entre les participants et avec l\u2019entra\u00eeneur.<\/li>\n<li>Distance de 2 m\u00e8tres en tout temps, entre tous les participants et entre l\u2019entra\u00eeneur.<\/li>\n<li>Dans les mont\u00e9es, observer une distance minimale de 3 \u00e0 5 longueurs de v\u00e9lo entre chaque participant.<\/li>\n<li>Dans les plats, observer une distance minimale de 5 longueurs de v\u00e9los entre chaque participant<\/li>\n<li>Dans les descentes, observer une distance de 5 secondes entre les participants.<\/li>\n<li>Avec des enfants, assurez-vous qu\u2019ils comprennent les r\u00e8gles sanitaires et qu\u2019ils sont capables de les appliquer.<\/li>\n<li>Avec de la fatigue, les bonnes habitudes peuvent s\u2019effacer.&nbsp; Si tel est le cas, assurez-vous de reconduire les enfants au point de d\u00e9part le plus s\u00e9curitairement possible.<\/li>\n<li><strong>\u00c9viter les sentiers qui sont \u00e0 double sens. &nbsp;Dans la mesure du possible, empruntez des sentiers ou il n&#8217;y a pas de croisements d&#8217;usagers.<\/strong><\/li>\n<\/ul>\n<h3><\/h3>\n<h3><strong>En cas de chute<\/strong><\/h3>\n<\/div>\n<\/div>\n<\/div>\n<\/div>\n<div class=\"page\" title=\"Page 28\">\n<div class=\"section\">\n<div class=\"layoutArea\">\n<div class=\"column\">\n<ul>\n<li><strong>L\u2019entra\u00eeneur portera secours au client en prenant bien soins de porter son masque de visage et lunettes &#8211; essentiel lorsque l&#8217;on rentre dans la&nbsp;\u00ab bulle \u00bb&nbsp;du 2 m\u00e8tres.<\/strong><\/li>\n<li><strong>Le client devra mettre un masque au visage afin de se prot\u00e9ger et se laver les mains<\/strong><\/li>\n<li>L\u2019entra\u00eeneur enl\u00e8vera ses gants de v\u00e9lo, se lavera les mains 20 secondes avec un antiseptique, mettra ses gants en nitrile et se d\u00e9sinfectera les mains avec un antiseptique \u00e0 nouveau pendant 20 secondes.<\/li>\n<li>L\u2019entra\u00eeneur aura en sa possession une trousse de premiers soins st\u00e9rile compl\u00e8te. Les items mis \u00e0 la disposition de l\u2019entra\u00eeneur seront \u00ab&nbsp;propres&nbsp;\u00bb, manipul\u00e9s qu\u2019avec les gants en nitrile d\u00e9sinfect\u00e9s.<\/li>\n<li>L\u2019entra\u00eeneur prendra bien soin de ne pas contaminer les \u00ab&nbsp;articles propres&nbsp;\u00bb de sa trousse de premiers soins.<\/li>\n<li>Lorsqu\u2019un item est utilis\u00e9, il sera consid\u00e9r\u00e9 comme \u00abcontamin\u00e9&nbsp;\u00bb.&nbsp; Il mettra les articles contamin\u00e9s dans un sac ziplock pr\u00e9vu \u00e0 cet effet.<\/li>\n<li>Tous les d\u00e9chets seront mis dans un sac ziplock pr\u00e9vu \u00e0 cet effet.<\/li>\n<li>Lorsque les premiers soins ont \u00e9t\u00e9 faits, l&#8217;entra\u00eeneur disposera de ses gants en nitriles et son masque sera rang\u00e9<\/li>\n<li>L\u2019entra\u00eeneur se d\u00e9sinfectera les mains \u00e0 nouveau, avant de remettre ses gants de v\u00e9lo.<\/li>\n<\/ul>\n<h3><\/h3>\n<h3><strong>En cas de bris m\u00e9canique<\/strong><\/h3>\n<ul>\n<li>Si l\u2019entra\u00eeneur devra vous guider verbalement dans la r\u00e9paration de votre v\u00e9lo<\/li>\n<li>Si une assistance doit \u00eatre fait, l\u2019entra\u00eeneur prendra les pr\u00e9cautions sanitaires qui s\u2019imposent avant de r\u00e9parer votre v\u00e9lo.<\/li>\n<li>L\u2019entra\u00eeneur demandera au client de respecter la loi du 2 m\u00e8tres de distanciation.<\/li>\n<li>S&#8217;il ne peut conserver le 2 m\u00e8tres de distance,&nbsp;<strong>l&#8217;entra\u00eeneur et le client porteront leurs masque de visage et leurs lunettes. &nbsp;Ceci est n\u00e9cessaire lorsque l&#8217;on rentre dans la&nbsp;\u00ab bulle \u00bb&nbsp;du 2 m\u00e8tres.<\/strong><\/li>\n<li>L\u2019entra\u00eeneur enl\u00e8vera ses gants de v\u00e9lo, se lavera les mains 20 secondes avec un antiseptique<\/li>\n<li>L&#8217;entra\u00eeneur mettera ses gants en nitrile et se d\u00e9sinfectera les mains avec un antiseptique \u00e0 nouveau pendant 20 secondes.<\/li>\n<li>L\u2019entra\u00eeneur pourra alors r\u00e9parer le v\u00e9lo du client. Il prendra bien soin de ne toucher que les parties cruciales du v\u00e9lo pour la r\u00e9paration.<\/li>\n<li>Une fois la r\u00e9paration termin\u00e9e, l\u2019entra\u00eeneur prendra des sachets antiseptiques pour d\u00e9sinfecter le v\u00e9lo du client en prenant bien soins de nettoyer les points de contacts qui ont touch\u00e9 le v\u00e9lo.<\/li>\n<li>Les gants et tous les autres d\u00e9chets seront mis dans un sac ziplock &#8220;d\u00e9chet&#8221; pr\u00e9vu \u00e0 cet effet.<\/li>\n<\/ul>\n<h3><\/h3>\n<h3><strong>Gestion de risque, recommandations g\u00e9n\u00e9rales donn\u00e9es au client<\/strong><\/h3>\n<ul>\n<li>En ce temps de crise sanitaire, il est de notre devoir de ne pas alourdir le syst\u00e8me de sant\u00e9. Bien qu\u2019une blessure soit toujours possible, nous devons prendre les mesures n\u00e9cessaires afin d\u2019\u00e9viter les risques.<\/li>\n<li>En plus de toutes les autres mesures de gestion de risque, nous avons une responsabilit\u00e9 personnelle d\u2019\u00e9valuer et de limiter notre exposition aux dangers.\n<ul>\n<li>Choisissez un itin\u00e9raire plus facile et \u00eatre conservateur dans les prises de d\u00e9cisions. Soyez toujours \u00e0 proximit\u00e9 de routes accessibles aux v\u00e9hicules en cas d\u2019\u00e9vacuation d\u2019urgence.<\/li>\n<li>Proc\u00e9dez toujours \u00e0 un bon \u00e9chauffement physique et technique, respectez votre progression et vos limites, maintenant plus que jamais.<\/li>\n<li>\u00c9vitez les situations \u00e0 risque, tel que des sentiers techniques et\/ou rapides, des modules tels que des sauts ou drops.<\/li>\n<li>Plut\u00f4t que de pousser les limites de du pilotage, choisissez des exercices bas\u00e9s sur la ma\u00eetrise du pilotage sur des sentiers plus faciles.<\/li>\n<li>Vous pouvez \u00e9galement simplement appr\u00e9cier le fait d\u2019\u00eatre en nature, sans aller au del\u00e0 de vos habilet\u00e9s!<\/li>\n<li><strong>Identifiez<\/strong>: le risque potentiel et votre niveau d\u2019exposition<\/li>\n<li><strong>Priorisez<\/strong>: la probabilit\u00e9 et les cons\u00e9quences d\u2019une d\u00e9cision.&nbsp; Prenez des d\u00e9cisions avec des basses probabilit\u00e9 et basses cons\u00e9quences.<\/li>\n<li><strong>Planifiez<\/strong>:&nbsp; prenez des d\u00e9cisions bas\u00e9es sur les informations recueillis.&nbsp; Planifiez de fa\u00e7on diligente et n\u2019ayez pas peur de revoir votre plan \u00e0 la baisse.<\/li>\n<\/ul>\n<\/li>\n<\/ul>\n<h3><strong>Formulaire de reconnaissance et acceptations des risques<\/strong><\/h3>\n<p><strong>\u00c0 \u00eatre rempli par tous les clients avant le d\u00e9but du cours.<\/strong><\/p>\n<blockquote class=\"wp-embedded-content\" data-secret=\"Net3mrs1Iy\"><p><a href=\"https:\/\/bikeskills.ca\/formulaire\/\">FORMULAIRE DE RECONNAISSANCE ET ACCEPTATION DES RISQUES<\/a><\/p><\/blockquote>\n<p><iframe title=\"&#8220;FORMULAIRE DE RECONNAISSANCE ET ACCEPTATION DES RISQUES&#8221; &#8212; Bikeskills\" class=\"wp-embedded-content\" sandbox=\"allow-scripts\" security=\"restricted\" style=\"position: absolute; clip: rect(1px, 1px, 1px, 1px);\" src=\"https:\/\/bikeskills.ca\/formulaire\/embed\/#?secret=Net3mrs1Iy\" data-secret=\"Net3mrs1Iy\" width=\"600\" height=\"338\" frameborder=\"0\" marginwidth=\"0\" marginheight=\"0\" scrolling=\"no\"><\/iframe><\/p>\n<p><strong>Pratiquez ces r\u00e8gles d\u2019hygi\u00e8ne afin d\u2019\u00eatre un leader dans votre&nbsp;communaut\u00e9. &nbsp; Respectez ces r\u00e8gles dans votre vie de tous les jours et dans votre pratique cycliste.&nbsp; Ces proc\u00e9dures deviendront automatiques la protection de tous sera assur\u00e9.<\/strong><\/p>\n<\/div>\n<\/div>\n<\/div>\n<\/div>\n<div class=\"page\" title=\"Page 29\">\n<div class=\"section\">\n<div class=\"layoutArea\">\n<div class=\"column\"><\/div>\n<\/div>\n<\/div>\n<\/div>","protected":false},"excerpt":{"rendered":"<p>Entra\u00eener en p\u00e9riode de Covid-19 Bikeskills met de l\u2019avant toutes les proc\u00e9dures sanitaires requises afin de prot\u00e9ger ad\u00e9quatement les clients, et ses entra\u00eeneurs. Nous sommes soucieux de la sant\u00e9 de nos participants et mettons en place les meilleures pratiques de l\u2019industrie du loisir et plein-air. Personne ne veut mettre en p\u00e9ril les membres de sa [&hellip;]<\/p>","protected":false},"author":1,"featured_media":0,"parent":0,"menu_order":0,"comment_status":"closed","ping_status":"closed","template":"","meta":{"footnotes":"","_links_to":"","_links_to_target":""},"yoast_head":"<!-- This site is optimized with the Yoast SEO plugin v24.2 - https:\/\/yoast.com\/wordpress\/plugins\/seo\/ -->\n<title>Niveau \/ \u00c9cole de v\u00e9lo Bikeskills \/ Bike Skills \/ Protocoles en gestion de risque<\/title>\n<meta name=\"description\" content=\"Normes et proc\u00e9dures d&#039;encadrement des entra\u00eenements bikeskills en temps de crise du Covid-19, parce qu&#039;il faut en parler! S\u00e9curit\u00e9 en v\u00e9lo de montagne.\" \/>\n<meta name=\"robots\" content=\"index, follow, max-snippet:-1, max-image-preview:large, max-video-preview:-1\" \/>\n<link rel=\"canonical\" href=\"https:\/\/bikeskills.ca\/fr\/covid19\/\" \/>\n<meta property=\"og:locale\" content=\"fr_CA\" \/>\n<meta property=\"og:type\" content=\"article\" \/>\n<meta property=\"og:title\" content=\"Niveau \/ \u00c9cole de v\u00e9lo Bikeskills \/ Bike Skills \/ Protocoles en gestion de risque\" \/>\n<meta property=\"og:description\" content=\"Normes et proc\u00e9dures d&#039;encadrement des entra\u00eenements bikeskills en temps de crise du Covid-19, parce qu&#039;il faut en parler! S\u00e9curit\u00e9 en v\u00e9lo de montagne.\" \/>\n<meta property=\"og:url\" content=\"https:\/\/bikeskills.ca\/fr\/covid19\/\" \/>\n<meta property=\"og:site_name\" content=\"\u00c9cole de v\u00e9lo Bikeskills\" \/>\n<meta property=\"article:publisher\" content=\"https:\/\/www.facebook.com\/Bikeskillsca-2194275320683514\/\" \/>\n<meta property=\"article:modified_time\" content=\"2023-02-14T12:07:04+00:00\" \/>\n<meta name=\"twitter:card\" content=\"summary_large_image\" \/>\n<meta name=\"twitter:label1\" content=\"Estimation du temps de lecture\" \/>\n\t<meta name=\"twitter:data1\" content=\"9 minutes\" \/>\n<script type=\"application\/ld+json\" class=\"yoast-schema-graph\">{\"@context\":\"https:\/\/schema.org\",\"@graph\":[{\"@type\":\"WebPage\",\"@id\":\"https:\/\/bikeskills.ca\/covid19\/\",\"url\":\"https:\/\/bikeskills.ca\/covid19\/\",\"name\":\"Niveau \/ \u00c9cole de v\u00e9lo Bikeskills \/ Bike Skills \/ Protocoles en gestion de risque\",\"isPartOf\":{\"@id\":\"https:\/\/bikeskills.ca\/fr\/#website\"},\"datePublished\":\"2020-05-19T20:17:16+00:00\",\"dateModified\":\"2023-02-14T12:07:04+00:00\",\"description\":\"Normes et proc\u00e9dures d'encadrement des entra\u00eenements bikeskills en temps de crise du Covid-19, parce qu'il faut en parler! S\u00e9curit\u00e9 en v\u00e9lo de montagne.\",\"breadcrumb\":{\"@id\":\"https:\/\/bikeskills.ca\/covid19\/#breadcrumb\"},\"inLanguage\":\"fr-CA\",\"potentialAction\":[{\"@type\":\"ReadAction\",\"target\":[\"https:\/\/bikeskills.ca\/covid19\/\"]}]},{\"@type\":\"BreadcrumbList\",\"@id\":\"https:\/\/bikeskills.ca\/covid19\/#breadcrumb\",\"itemListElement\":[{\"@type\":\"ListItem\",\"position\":1,\"name\":\"Home\",\"item\":\"https:\/\/bikeskills.ca\/fr\/\"},{\"@type\":\"ListItem\",\"position\":2,\"name\":\"Ressources &#8211; Politiques de bikeskills concernant la protection contre la Covid-19\"}]},{\"@type\":\"WebSite\",\"@id\":\"https:\/\/bikeskills.ca\/fr\/#website\",\"url\":\"https:\/\/bikeskills.ca\/fr\/\",\"name\":\"\u00c9cole de v\u00e9lo Bikeskills\",\"description\":\"\u00c9cole de v\u00e9lo de montagne - Cours de v\u00e9lo de montagne - \u00c9v\u00e8nements priv\u00e9s et corporatifs - Partout au Qu\u00e9bec\",\"publisher\":{\"@id\":\"https:\/\/bikeskills.ca\/fr\/#organization\"},\"potentialAction\":[{\"@type\":\"SearchAction\",\"target\":{\"@type\":\"EntryPoint\",\"urlTemplate\":\"https:\/\/bikeskills.ca\/fr\/?s={search_term_string}\"},\"query-input\":{\"@type\":\"PropertyValueSpecification\",\"valueRequired\":true,\"valueName\":\"search_term_string\"}}],\"inLanguage\":\"fr-CA\"},{\"@type\":\"Organization\",\"@id\":\"https:\/\/bikeskills.ca\/fr\/#organization\",\"name\":\"\u00c9cole de v\u00e9lo Bikeskills\",\"url\":\"https:\/\/bikeskills.ca\/fr\/\",\"logo\":{\"@type\":\"ImageObject\",\"inLanguage\":\"fr-CA\",\"@id\":\"https:\/\/bikeskills.ca\/fr\/#\/schema\/logo\/image\/\",\"url\":\"https:\/\/bikeskills.ca\/wp-content\/uploads\/2019\/08\/Screen-Shot-2019-08-12-at-6.11.svg\",\"contentUrl\":\"https:\/\/bikeskills.ca\/wp-content\/uploads\/2019\/08\/Screen-Shot-2019-08-12-at-6.11.svg\",\"width\":309,\"height\":83,\"caption\":\"\u00c9cole de v\u00e9lo Bikeskills\"},\"image\":{\"@id\":\"https:\/\/bikeskills.ca\/fr\/#\/schema\/logo\/image\/\"},\"sameAs\":[\"https:\/\/www.facebook.com\/Bikeskillsca-2194275320683514\/\",\"https:\/\/www.instagram.com\/bikeskills.ca\/?hl=fr\"]}]}<\/script>\n<!-- \/ Yoast SEO plugin. -->","yoast_head_json":{"title":"Niveau \/ \u00c9cole de v\u00e9lo Bikeskills \/ Bike Skills \/ Protocoles en gestion de risque","description":"Normes et proc\u00e9dures d'encadrement des entra\u00eenements bikeskills en temps de crise du Covid-19, parce qu'il faut en parler! S\u00e9curit\u00e9 en v\u00e9lo de montagne.","robots":{"index":"index","follow":"follow","max-snippet":"max-snippet:-1","max-image-preview":"max-image-preview:large","max-video-preview":"max-video-preview:-1"},"canonical":"https:\/\/bikeskills.ca\/fr\/covid19\/","og_locale":"fr_CA","og_type":"article","og_title":"Niveau \/ \u00c9cole de v\u00e9lo Bikeskills \/ Bike Skills \/ Protocoles en gestion de risque","og_description":"Normes et proc\u00e9dures d'encadrement des entra\u00eenements bikeskills en temps de crise du Covid-19, parce qu'il faut en parler! S\u00e9curit\u00e9 en v\u00e9lo de montagne.","og_url":"https:\/\/bikeskills.ca\/fr\/covid19\/","og_site_name":"\u00c9cole de v\u00e9lo Bikeskills","article_publisher":"https:\/\/www.facebook.com\/Bikeskillsca-2194275320683514\/","article_modified_time":"2023-02-14T12:07:04+00:00","twitter_card":"summary_large_image","twitter_misc":{"Estimation du temps de lecture":"9 minutes"},"schema":{"@context":"https:\/\/schema.org","@graph":[{"@type":"WebPage","@id":"https:\/\/bikeskills.ca\/covid19\/","url":"https:\/\/bikeskills.ca\/covid19\/","name":"Niveau \/ \u00c9cole de v\u00e9lo Bikeskills \/ Bike Skills \/ Protocoles en gestion de risque","isPartOf":{"@id":"https:\/\/bikeskills.ca\/fr\/#website"},"datePublished":"2020-05-19T20:17:16+00:00","dateModified":"2023-02-14T12:07:04+00:00","description":"Normes et proc\u00e9dures d'encadrement des entra\u00eenements bikeskills en temps de crise du Covid-19, parce qu'il faut en parler! S\u00e9curit\u00e9 en v\u00e9lo de montagne.","breadcrumb":{"@id":"https:\/\/bikeskills.ca\/covid19\/#breadcrumb"},"inLanguage":"fr-CA","potentialAction":[{"@type":"ReadAction","target":["https:\/\/bikeskills.ca\/covid19\/"]}]},{"@type":"BreadcrumbList","@id":"https:\/\/bikeskills.ca\/covid19\/#breadcrumb","itemListElement":[{"@type":"ListItem","position":1,"name":"Home","item":"https:\/\/bikeskills.ca\/fr\/"},{"@type":"ListItem","position":2,"name":"Ressources &#8211; Politiques de bikeskills concernant la protection contre la Covid-19"}]},{"@type":"WebSite","@id":"https:\/\/bikeskills.ca\/fr\/#website","url":"https:\/\/bikeskills.ca\/fr\/","name":"\u00c9cole de v\u00e9lo Bikeskills","description":"\u00c9cole de v\u00e9lo de montagne - Cours de v\u00e9lo de montagne - \u00c9v\u00e8nements priv\u00e9s et corporatifs - Partout au Qu\u00e9bec","publisher":{"@id":"https:\/\/bikeskills.ca\/fr\/#organization"},"potentialAction":[{"@type":"SearchAction","target":{"@type":"EntryPoint","urlTemplate":"https:\/\/bikeskills.ca\/fr\/?s={search_term_string}"},"query-input":{"@type":"PropertyValueSpecification","valueRequired":true,"valueName":"search_term_string"}}],"inLanguage":"fr-CA"},{"@type":"Organization","@id":"https:\/\/bikeskills.ca\/fr\/#organization","name":"\u00c9cole de v\u00e9lo Bikeskills","url":"https:\/\/bikeskills.ca\/fr\/","logo":{"@type":"ImageObject","inLanguage":"fr-CA","@id":"https:\/\/bikeskills.ca\/fr\/#\/schema\/logo\/image\/","url":"https:\/\/bikeskills.ca\/wp-content\/uploads\/2019\/08\/Screen-Shot-2019-08-12-at-6.11.svg","contentUrl":"https:\/\/bikeskills.ca\/wp-content\/uploads\/2019\/08\/Screen-Shot-2019-08-12-at-6.11.svg","width":309,"height":83,"caption":"\u00c9cole de v\u00e9lo Bikeskills"},"image":{"@id":"https:\/\/bikeskills.ca\/fr\/#\/schema\/logo\/image\/"},"sameAs":["https:\/\/www.facebook.com\/Bikeskillsca-2194275320683514\/","https:\/\/www.instagram.com\/bikeskills.ca\/?hl=fr"]}]}},"_links":{"self":[{"href":"https:\/\/bikeskills.ca\/fr\/wp-json\/wp\/v2\/pages\/2978"}],"collection":[{"href":"https:\/\/bikeskills.ca\/fr\/wp-json\/wp\/v2\/pages"}],"about":[{"href":"https:\/\/bikeskills.ca\/fr\/wp-json\/wp\/v2\/types\/page"}],"author":[{"embeddable":true,"href":"https:\/\/bikeskills.ca\/fr\/wp-json\/wp\/v2\/users\/1"}],"replies":[{"embeddable":true,"href":"https:\/\/bikeskills.ca\/fr\/wp-json\/wp\/v2\/comments?post=2978"}],"version-history":[{"count":0,"href":"https:\/\/bikeskills.ca\/fr\/wp-json\/wp\/v2\/pages\/2978\/revisions"}],"wp:attachment":[{"href":"https:\/\/bikeskills.ca\/fr\/wp-json\/wp\/v2\/media?parent=2978"}],"curies":[{"name":"wp","href":"https:\/\/api.w.org\/{rel}","templated":true}]}}