{"id":3021,"date":"2020-05-24T16:35:40","date_gmt":"2020-05-24T20:35:40","guid":{"rendered":"https:\/\/bikeskills.ca\/?page_id=3021"},"modified":"2025-01-28T14:06:16","modified_gmt":"2025-01-28T18:06:16","slug":"satisfaction","status":"publish","type":"page","link":"https:\/\/bikeskills.ca\/fr\/satisfaction\/","title":{"rendered":"Formulaire satisfaction du client"},"content":{"rendered":"<div data-elementor-type=\"wp-page\" data-elementor-id=\"3021\" class=\"elementor elementor-3021\" data-elementor-post-type=\"page\">\n\t\t\t\t<div class=\"elementor-element elementor-element-72164b5c e-flex e-con-boxed e-con e-parent\" data-id=\"72164b5c\" data-element_type=\"container\">\n\t\t\t\t\t<div class=\"e-con-inner\">\n\t\t\t\t<div class=\"elementor-element elementor-element-5add34a8 elementor-widget elementor-widget-shortcode\" data-id=\"5add34a8\" data-element_type=\"widget\" data-widget_type=\"shortcode.default\">\n\t\t\t\t<div class=\"elementor-widget-container\">\n\t\t\t\t\t\t\t<div class=\"elementor-shortcode\">\n<div class=\"wpcf7 no-js\" id=\"wpcf7-f3020-o1\" lang=\"en-US\" dir=\"ltr\">\n<div class=\"screen-reader-response\"><p role=\"status\" aria-live=\"polite\" aria-atomic=\"true\"><\/p> <ul><\/ul><\/div>\n<form action=\"\/fr\/wp-json\/wp\/v2\/pages\/3021#wpcf7-f3020-o1\" method=\"post\" class=\"wpcf7-form init\" aria-label=\"Contact form\" novalidate=\"novalidate\" data-status=\"init\" data-trp-original-action=\"\/fr\/wp-json\/wp\/v2\/pages\/3021#wpcf7-f3020-o1\">\n<div style=\"display: none;\">\n<input type=\"hidden\" name=\"_wpcf7\" value=\"3020\" \/>\n<input type=\"hidden\" name=\"_wpcf7_version\" value=\"5.9.8\" \/>\n<input type=\"hidden\" name=\"_wpcf7_locale\" value=\"en_US\" \/>\n<input type=\"hidden\" name=\"_wpcf7_unit_tag\" value=\"wpcf7-f3020-o1\" \/>\n<input type=\"hidden\" name=\"_wpcf7_container_post\" value=\"0\" \/>\n<input type=\"hidden\" name=\"_wpcf7_posted_data_hash\" value=\"\" \/>\n<input type=\"hidden\" name=\"_wpcf7dtx_version\" value=\"5.0.5\" \/>\n<\/div>\n<h4 class=\"text-center my-5\">FORMULAIRE DE SATISFACTION\n<\/h4>\n<h4 class=\"text-center my-5\">Merci de remplir ce formulaire, pour que nous puissions toujours am\u00e9liorer nos services!\n<\/h4>\n<div class=\"d-md-flex\">\n\t<div class=\"w-50 mr-2 mb-3\">\n\t\t<p><label> Nom<br \/>\n<span class=\"wpcf7-form-control-wrap\" data-name=\"nom-client\"><input size=\"40\" maxlength=\"400\" class=\"wpcf7-form-control wpcf7-text wpcf7-validates-as-required\" aria-required=\"true\" aria-invalid=\"false\" value=\"\" type=\"text\" name=\"nom-client\" \/><\/span> <\/label>\n\t\t<\/p>\n\t<\/div>\n\t<div class=\"w-50 ml-2 mb-3\">\n\t\t<p><label> Nom de votre entraineur<br \/>\n<span class=\"wpcf7-form-control-wrap\" data-name=\"nom-entraineur\"><input size=\"40\" maxlength=\"400\" class=\"wpcf7-form-control wpcf7-text wpcf7-validates-as-required\" aria-required=\"true\" aria-invalid=\"false\" value=\"\" type=\"text\" name=\"nom-entraineur\" \/><\/span> <\/label>\n\t\t<\/p>\n\t<\/div>\n<\/div>\n<div class=\"d-md-flex\">\n\t<div class=\"w-50 mr-2 mb-3\">\n\t\t<p><label> Votre courriel<br \/>\n<span class=\"wpcf7-form-control-wrap\" data-name=\"courriel\"><input size=\"40\" maxlength=\"400\" class=\"wpcf7-form-control wpcf7-text wpcf7-validates-as-required\" aria-required=\"true\" aria-invalid=\"false\" value=\"\" type=\"text\" name=\"courriel\" \/><\/span> <\/label>\n\t\t<\/p>\n\t<\/div>\n\t<div class=\"w-50 ml-2 mb-3\">\n\t\t<p><label> Site de pratique<br \/>\n<span class=\"wpcf7-form-control-wrap\" data-name=\"lieu\"><input size=\"40\" maxlength=\"400\" class=\"wpcf7-form-control wpcf7-text wpcf7-validates-as-required\" aria-required=\"true\" aria-invalid=\"false\" value=\"\" type=\"text\" name=\"lieu\" \/><\/span> <\/label>\n\t\t<\/p>\n\t<\/div>\n<\/div>\n<div class=\"d-md-flex\">\n\t<div class=\"w-50 mr-2 mb-3\">\n\t\t<p><label> Qui vous \u00e0 r\u00e9f\u00e9r\u00e9 \u00e0 Bikeskills<br \/>\n<span class=\"wpcf7-form-control-wrap\" data-name=\"reference\"><input size=\"40\" maxlength=\"400\" class=\"wpcf7-form-control wpcf7-text wpcf7-validates-as-required\" aria-required=\"true\" aria-invalid=\"false\" value=\"\" type=\"text\" name=\"reference\" \/><\/span> <\/label>\n\t\t<\/p>\n\t<\/div>\n\t<div class=\"w-50 ml-2 mb-3\">\n\t<\/div>\n<\/div>\n<p><label><\/label>\n<\/p>\n<h4 class> 1) LE COURS TECHNIQUE A \u00c9T\u00c9 \u00c0 LA HAUTEUR DE MES ATTENTES<br \/>\n<label> <\/label><br \/>\n\t<div class=\"d-md-flex\">\n\t\t<div class=\"w-50 mr-2 mb-3\">\n\t\t\t<p><label><b> SVP Choisir :<br \/>\n<span class=\"wpcf7-form-control-wrap\" data-name=\"ATTENTES\"><select class=\"wpcf7-form-control wpcf7-select wpcf7-validates-as-required\" aria-required=\"true\" aria-invalid=\"false\" name=\"ATTENTES\"><option value=\"\">&#8212;Please choose an option&#8212;<\/option><option value=\"Tr\u00e8s satisfait \/ Very satisfied\">Tr\u00e8s satisfait \/ Very satisfied<\/option><option value=\"Satisfait \/ Satisfied\">Satisfait \/ Satisfied<\/option><option value=\"Neutre \/ Neutral\">Neutre \/ Neutral<\/option><option value=\"Peu satisfait \/ Not very satisfied\">Peu satisfait \/ Not very satisfied<\/option><option value=\"Insatisfait \/ Dissatisfied\">Insatisfait \/ Dissatisfied<\/option><\/select><\/span><\/b><\/label>\n\t\t\t<\/p>\n\t\t<\/div>\n\t\t<div class=\"w-50 ml-2 mb-3\">\n\t\t<\/div>\n\t<\/div><br \/>\n<label>\n\t\t<h4 class> 2) L'ENTRAINEUR \u00c0 SU BIEN ADAPTER LA LE\u00c7ON \u00c0 MES BESOINS\n\t\t<\/h4><\/label><br \/>\n<label> <\/label><br \/>\n\t<div class=\"d-md-flex\">\n\t\t<div class=\"w-50 mr-2 mb-3\">\n\t\t\t<p><label><b> SVP Choisir :<br \/>\n<span class=\"wpcf7-form-control-wrap\" data-name=\"ADAPTATION\"><select class=\"wpcf7-form-control wpcf7-select wpcf7-validates-as-required\" aria-required=\"true\" aria-invalid=\"false\" name=\"ADAPTATION\"><option value=\"\">&#8212;Please choose an option&#8212;<\/option><option value=\"Tr\u00e8s satisfait \/ Very satisfied\">Tr\u00e8s satisfait \/ Very satisfied<\/option><option value=\"Satisfait \/ Satisfied\">Satisfait \/ Satisfied<\/option><option value=\"Neutre \/ Neutral\">Neutre \/ Neutral<\/option><option value=\"Peu satisfait \/ Not very satisfied\">Peu satisfait \/ Not very satisfied<\/option><option value=\"Insatisfait \/ Dissatisfied\">Insatisfait \/ Dissatisfied<\/option><\/select><\/span> <\/b><\/label>\n\t\t\t<\/p>\n\t\t<\/div>\n\t\t<div class=\"w-50 ml-2 mb-3\">\n\t\t<\/div>\n\t<\/div><br \/>\n<label>\n\t\t<h4 class> 3) LES CHANCES QUE JE REPRENNE UN COURS DURANT LA SAISON?\n\t\t<\/h4><\/label><br \/>\n\t<div class=\"d-md-flex\">\n\t\t<div class=\"w-50 mr-2 mb-3\">\n\t\t\t<p><label><b> SVP Choisir :<br \/>\n<span class=\"wpcf7-form-control-wrap\" data-name=\"CHANCES\"><select class=\"wpcf7-form-control wpcf7-select wpcf7-validates-as-required\" aria-required=\"true\" aria-invalid=\"false\" name=\"CHANCES\"><option value=\"\">&#8212;Please choose an option&#8212;<\/option><option value=\"Tr\u00e8s haute \/ Very high\">Tr\u00e8s haute \/ Very high<\/option><option value=\"Haute \/ High\">Haute \/ High<\/option><option value=\"Moyenne \/ Average\">Moyenne \/ Average<\/option><option value=\"Faible \/ Low\">Faible \/ Low<\/option><option value=\"Nulle \/ None\">Nulle \/ None<\/option><\/select><\/span><\/b><\/label>\n\t\t\t<\/p>\n\t\t<\/div>\n\t\t<div class=\"w-50 ml-2 mb-3\">\n\t\t<\/div>\n\t<\/div><br \/>\n<label>\n\t\t<h4 class> 4) LA FORMULE DE COURS CHOISI (GROUPE OU LECON PRIV\u00c9) \u00c0 REPONDU \u00c0 MES BESOINS?\n\t\t<\/h4><\/label><br \/>\n<label> <\/label><br \/>\n\t<div class=\"d-md-flex\">\n\t\t<div class=\"w-50 mr-2 mb-3\">\n\t\t\t<p><label><b> SVP Choisir :<br \/>\n<span class=\"wpcf7-form-control-wrap\" data-name=\"FORMULE\"><select class=\"wpcf7-form-control wpcf7-select wpcf7-validates-as-required\" aria-required=\"true\" aria-invalid=\"false\" name=\"FORMULE\"><option value=\"\">&#8212;Please choose an option&#8212;<\/option><option value=\"Tr\u00e8s satisfait \/ Very satisfied\">Tr\u00e8s satisfait \/ Very satisfied<\/option><option value=\"Satisfait \/ Satisfied\">Satisfait \/ Satisfied<\/option><option value=\"Neutre \/ Neutral\">Neutre \/ Neutral<\/option><option value=\"Peu satisfait \/ Not very satisfied\">Peu satisfait \/ Not very satisfied<\/option><option value=\"Insatisfait \/ Dissatisfied\">Insatisfait \/ Dissatisfied<\/option><\/select><\/span> <\/b><\/label>\n\t\t\t<\/p>\n\t\t<\/div>\n\t\t<div class=\"w-50 ml-2 mb-3\">\n\t\t<\/div>\n\t<\/div><br \/>\n<label>\n\t\t<h4 class> 5) LA LE\u00c7ON \u00c0 \u00c9T\u00c9 S\u00c9CURITAIRE, L'ENTRA\u00cfNEUR \u00c0 \u00c9MIS LES DIRECTIVES CLAIRES DE S\u00c9CURIT\u00c9 ET A PROC\u00c9D\u00c9 \u00c0 UNE GESTION AD\u00c9QUATE DES RISQUES\n\t\t<\/h4><\/label><br \/>\n<label><label><br \/>\n\t\t\t<div class=\"d-md-flex\">\n\t\t\t\t<div class=\"w-50 mr-2 mb-3\">\n<label><b> SVP Choisir :<br \/>\n<span class=\"wpcf7-form-control-wrap\" data-name=\"SECURITE\"><select class=\"wpcf7-form-control wpcf7-select wpcf7-validates-as-required\" aria-required=\"true\" aria-invalid=\"false\" name=\"SECURITE\"><option value=\"\">&#8212;Please choose an option&#8212;<\/option><option value=\"Tr\u00e8s satisfait \/ Very satisfied\">Tr\u00e8s satisfait \/ Very satisfied<\/option><option value=\"Satisfait \/ Satisfied\">Satisfait \/ Satisfied<\/option><option value=\"Neutre \/ Neutral\">Neutre \/ Neutral<\/option><option value=\"Peu satisfait \/ Not very satisfied\">Peu satisfait \/ Not very satisfied<\/option><option value=\"Insatisfait \/ Dissatisfied\">Insatisfait \/ Dissatisfied<\/option><\/select><\/span><\/b><\/label>\n\t\t\t\t<\/div>\n\t\t\t\t<div class=\"w-50 ml-2 mb-3\">\n\t\t\t\t<\/div>\n\t\t\t<\/div><br \/>\n\t\t\t<div style=\"background-color: #f7f7f7; padding: 2%;\">\n<strong>Votre satisfaction est notre priorit\u00e9!<\/strong>\n\t\t\t\t<p><br \/>\nAre you satisfied with your lesson? Did you get 5 star service? Here's how you can help our small business grow! If it's not 4+ stars, please fill out the satisfaction document so we can address the situation internally.\n\t\t\t\t<\/p>\n\t\t\t<\/div><br \/>\n\t\t\t<div style=\"background-color: #f7f7f7; padding: 2%;\">\n\t\t\t\t<center><strong><a style=\"color: #233540;\" href=\"https:\/\/www.facebook.com\/bikeskills.ca\/reviews\/\" target=\"_blank\" rel=\"noopener noreferrer\">Avis Facebook<\/a><\/strong>\n\t\t\t\t<\/center>\n\t\t\t\t<center><strong><a style=\"color: #233540;\" href=\"https:\/\/g.page\/r\/CVKZLdgYTPfBEAg\/review\" target=\"_blank\" rel=\"noopener noreferrer\">Avis Google<\/a><\/strong>\n\t\t\t\t<\/center>\n\t\t\t<\/div><br \/>\n<label> Commentaires \u00e0 propos de la le\u00e7on?<br \/>\n<span class=\"wpcf7-form-control-wrap\" data-name=\"COMMENTAIRES\"><input size=\"40\" maxlength=\"400\" class=\"wpcf7-form-control wpcf7-text wpcf7-validates-as-required\" aria-required=\"true\" aria-invalid=\"false\" value=\"\" type=\"text\" name=\"COMMENTAIRES\" \/><\/span> <\/label><br \/>\n<input class=\"wpcf7-form-control wpcf7-submit has-spinner\" type=\"submit\" value=\"Envoyer\" \/><\/label><\/label>\n<\/h4><p style=\"display: none !important;\" class=\"akismet-fields-container\" data-prefix=\"_wpcf7_ak_\"><label>&#916;<textarea name=\"_wpcf7_ak_hp_textarea\" cols=\"45\" rows=\"8\" maxlength=\"100\"><\/textarea><\/label><input type=\"hidden\" id=\"ak_js_1\" name=\"_wpcf7_ak_js\" value=\"203\"\/><script>document.getElementById( \"ak_js_1\" ).setAttribute( \"value\", ( new Date() ).getTime() );<\/script><\/p><div class=\"wpcf7-response-output\" aria-hidden=\"true\"><\/div>\n<input type=\"hidden\" name=\"trp-form-language\" value=\"fr\"\/><\/form>\n<\/div>\n<\/div>\n\t\t\t\t\t\t<\/div>\n\t\t\t\t<\/div>\n\t\t\t\t\t<\/div>\n\t\t\t\t<\/div>\n\t\t\t\t<\/div>","protected":false},"excerpt":{"rendered":"","protected":false},"author":1,"featured_media":0,"parent":0,"menu_order":0,"comment_status":"closed","ping_status":"closed","template":"","meta":{"footnotes":"","_links_to":"","_links_to_target":""},"yoast_head":"<!-- This site is optimized with the Yoast SEO plugin v24.2 - https:\/\/yoast.com\/wordpress\/plugins\/seo\/ -->\n<title>Formulaire satisfaction du client - \u00c9cole de v\u00e9lo Bikeskills<\/title>\n<meta name=\"robots\" content=\"index, follow, max-snippet:-1, max-image-preview:large, max-video-preview:-1\" \/>\n<link rel=\"canonical\" href=\"https:\/\/bikeskills.ca\/fr\/satisfaction\/\" \/>\n<meta property=\"og:locale\" content=\"fr_CA\" \/>\n<meta property=\"og:type\" content=\"article\" \/>\n<meta property=\"og:title\" content=\"Formulaire satisfaction du client - \u00c9cole de v\u00e9lo Bikeskills\" \/>\n<meta property=\"og:url\" content=\"https:\/\/bikeskills.ca\/fr\/satisfaction\/\" \/>\n<meta property=\"og:site_name\" content=\"\u00c9cole de v\u00e9lo Bikeskills\" \/>\n<meta property=\"article:publisher\" content=\"https:\/\/www.facebook.com\/Bikeskillsca-2194275320683514\/\" \/>\n<meta property=\"article:modified_time\" content=\"2025-01-28T18:06:16+00:00\" \/>\n<meta name=\"twitter:card\" content=\"summary_large_image\" \/>\n<script type=\"application\/ld+json\" class=\"yoast-schema-graph\">{\"@context\":\"https:\/\/schema.org\",\"@graph\":[{\"@type\":\"WebPage\",\"@id\":\"https:\/\/bikeskills.ca\/satisfaction\/\",\"url\":\"https:\/\/bikeskills.ca\/satisfaction\/\",\"name\":\"Formulaire satisfaction du client - \u00c9cole de v\u00e9lo Bikeskills\",\"isPartOf\":{\"@id\":\"https:\/\/bikeskills.ca\/fr\/#website\"},\"datePublished\":\"2020-05-24T20:35:40+00:00\",\"dateModified\":\"2025-01-28T18:06:16+00:00\",\"breadcrumb\":{\"@id\":\"https:\/\/bikeskills.ca\/satisfaction\/#breadcrumb\"},\"inLanguage\":\"fr-CA\",\"potentialAction\":[{\"@type\":\"ReadAction\",\"target\":[\"https:\/\/bikeskills.ca\/satisfaction\/\"]}]},{\"@type\":\"BreadcrumbList\",\"@id\":\"https:\/\/bikeskills.ca\/satisfaction\/#breadcrumb\",\"itemListElement\":[{\"@type\":\"ListItem\",\"position\":1,\"name\":\"Home\",\"item\":\"https:\/\/bikeskills.ca\/fr\/\"},{\"@type\":\"ListItem\",\"position\":2,\"name\":\"Formulaire satisfaction du client\"}]},{\"@type\":\"WebSite\",\"@id\":\"https:\/\/bikeskills.ca\/fr\/#website\",\"url\":\"https:\/\/bikeskills.ca\/fr\/\",\"name\":\"\u00c9cole de v\u00e9lo Bikeskills\",\"description\":\"\u00c9cole de v\u00e9lo de montagne - Cours de v\u00e9lo de montagne - \u00c9v\u00e8nements priv\u00e9s et corporatifs - Partout au Qu\u00e9bec\",\"publisher\":{\"@id\":\"https:\/\/bikeskills.ca\/fr\/#organization\"},\"potentialAction\":[{\"@type\":\"SearchAction\",\"target\":{\"@type\":\"EntryPoint\",\"urlTemplate\":\"https:\/\/bikeskills.ca\/fr\/?s={search_term_string}\"},\"query-input\":{\"@type\":\"PropertyValueSpecification\",\"valueRequired\":true,\"valueName\":\"search_term_string\"}}],\"inLanguage\":\"fr-CA\"},{\"@type\":\"Organization\",\"@id\":\"https:\/\/bikeskills.ca\/fr\/#organization\",\"name\":\"\u00c9cole de v\u00e9lo Bikeskills\",\"url\":\"https:\/\/bikeskills.ca\/fr\/\",\"logo\":{\"@type\":\"ImageObject\",\"inLanguage\":\"fr-CA\",\"@id\":\"https:\/\/bikeskills.ca\/fr\/#\/schema\/logo\/image\/\",\"url\":\"https:\/\/bikeskills.ca\/wp-content\/uploads\/2019\/08\/Screen-Shot-2019-08-12-at-6.11.svg\",\"contentUrl\":\"https:\/\/bikeskills.ca\/wp-content\/uploads\/2019\/08\/Screen-Shot-2019-08-12-at-6.11.svg\",\"width\":309,\"height\":83,\"caption\":\"\u00c9cole de v\u00e9lo Bikeskills\"},\"image\":{\"@id\":\"https:\/\/bikeskills.ca\/fr\/#\/schema\/logo\/image\/\"},\"sameAs\":[\"https:\/\/www.facebook.com\/Bikeskillsca-2194275320683514\/\",\"https:\/\/www.instagram.com\/bikeskills.ca\/?hl=fr\"]}]}<\/script>\n<!-- \/ Yoast SEO plugin. -->","yoast_head_json":{"title":"Formulaire satisfaction du client - \u00c9cole de v\u00e9lo Bikeskills","robots":{"index":"index","follow":"follow","max-snippet":"max-snippet:-1","max-image-preview":"max-image-preview:large","max-video-preview":"max-video-preview:-1"},"canonical":"https:\/\/bikeskills.ca\/fr\/satisfaction\/","og_locale":"fr_CA","og_type":"article","og_title":"Formulaire satisfaction du client - \u00c9cole de v\u00e9lo Bikeskills","og_url":"https:\/\/bikeskills.ca\/fr\/satisfaction\/","og_site_name":"\u00c9cole de v\u00e9lo Bikeskills","article_publisher":"https:\/\/www.facebook.com\/Bikeskillsca-2194275320683514\/","article_modified_time":"2025-01-28T18:06:16+00:00","twitter_card":"summary_large_image","schema":{"@context":"https:\/\/schema.org","@graph":[{"@type":"WebPage","@id":"https:\/\/bikeskills.ca\/satisfaction\/","url":"https:\/\/bikeskills.ca\/satisfaction\/","name":"Formulaire satisfaction du client - \u00c9cole de v\u00e9lo Bikeskills","isPartOf":{"@id":"https:\/\/bikeskills.ca\/fr\/#website"},"datePublished":"2020-05-24T20:35:40+00:00","dateModified":"2025-01-28T18:06:16+00:00","breadcrumb":{"@id":"https:\/\/bikeskills.ca\/satisfaction\/#breadcrumb"},"inLanguage":"fr-CA","potentialAction":[{"@type":"ReadAction","target":["https:\/\/bikeskills.ca\/satisfaction\/"]}]},{"@type":"BreadcrumbList","@id":"https:\/\/bikeskills.ca\/satisfaction\/#breadcrumb","itemListElement":[{"@type":"ListItem","position":1,"name":"Home","item":"https:\/\/bikeskills.ca\/fr\/"},{"@type":"ListItem","position":2,"name":"Formulaire satisfaction du client"}]},{"@type":"WebSite","@id":"https:\/\/bikeskills.ca\/fr\/#website","url":"https:\/\/bikeskills.ca\/fr\/","name":"\u00c9cole de v\u00e9lo Bikeskills","description":"\u00c9cole de v\u00e9lo de montagne - Cours de v\u00e9lo de montagne - \u00c9v\u00e8nements priv\u00e9s et corporatifs - Partout au Qu\u00e9bec","publisher":{"@id":"https:\/\/bikeskills.ca\/fr\/#organization"},"potentialAction":[{"@type":"SearchAction","target":{"@type":"EntryPoint","urlTemplate":"https:\/\/bikeskills.ca\/fr\/?s={search_term_string}"},"query-input":{"@type":"PropertyValueSpecification","valueRequired":true,"valueName":"search_term_string"}}],"inLanguage":"fr-CA"},{"@type":"Organization","@id":"https:\/\/bikeskills.ca\/fr\/#organization","name":"\u00c9cole de v\u00e9lo Bikeskills","url":"https:\/\/bikeskills.ca\/fr\/","logo":{"@type":"ImageObject","inLanguage":"fr-CA","@id":"https:\/\/bikeskills.ca\/fr\/#\/schema\/logo\/image\/","url":"https:\/\/bikeskills.ca\/wp-content\/uploads\/2019\/08\/Screen-Shot-2019-08-12-at-6.11.svg","contentUrl":"https:\/\/bikeskills.ca\/wp-content\/uploads\/2019\/08\/Screen-Shot-2019-08-12-at-6.11.svg","width":309,"height":83,"caption":"\u00c9cole de v\u00e9lo Bikeskills"},"image":{"@id":"https:\/\/bikeskills.ca\/fr\/#\/schema\/logo\/image\/"},"sameAs":["https:\/\/www.facebook.com\/Bikeskillsca-2194275320683514\/","https:\/\/www.instagram.com\/bikeskills.ca\/?hl=fr"]}]}},"_links":{"self":[{"href":"https:\/\/bikeskills.ca\/fr\/wp-json\/wp\/v2\/pages\/3021"}],"collection":[{"href":"https:\/\/bikeskills.ca\/fr\/wp-json\/wp\/v2\/pages"}],"about":[{"href":"https:\/\/bikeskills.ca\/fr\/wp-json\/wp\/v2\/types\/page"}],"author":[{"embeddable":true,"href":"https:\/\/bikeskills.ca\/fr\/wp-json\/wp\/v2\/users\/1"}],"replies":[{"embeddable":true,"href":"https:\/\/bikeskills.ca\/fr\/wp-json\/wp\/v2\/comments?post=3021"}],"version-history":[{"count":0,"href":"https:\/\/bikeskills.ca\/fr\/wp-json\/wp\/v2\/pages\/3021\/revisions"}],"wp:attachment":[{"href":"https:\/\/bikeskills.ca\/fr\/wp-json\/wp\/v2\/media?parent=3021"}],"curies":[{"name":"wp","href":"https:\/\/api.w.org\/{rel}","templated":true}]}}