{"id":73,"date":"2018-11-02T10:41:38","date_gmt":"2018-11-02T10:41:38","guid":{"rendered":"http:\/\/listeo.wpengine.com\/?page_id=45"},"modified":"2020-01-28T15:26:13","modified_gmt":"2020-01-28T17:26:13","slug":"my-profile","status":"publish","type":"page","link":"https:\/\/bikeskills.ca\/fr\/my-profile\/","title":{"rendered":"Mon profil"},"content":{"rendered":"<p><span data-mce-type=\"bookmark\" style=\"display: inline-block; width: 0px; overflow: hidden; line-height: 0;\" class=\"mce_SELRES_start\"><\/span>[vc_row][vc_column][vc_column_text]<ul class=\"tabs-nav\">\n\t<li id=\"listeo-logintab-btn\" class=\"\"><a href=\"#tab1\">Log In<\/a><\/li>\n\t<li id=\"listeo-registration-btn\"><a href=\"#tab2\">S'inscrire<\/a><\/li>\n<\/ul>\n\n<div class=\"tabs-container alt\">\n\n\t<!-- Login -->\n\t<div class=\"tab-content\" id=\"tab1\" style=\"display: none;\">\n\t\t\t\t\t\t<form method=\"post\" id=\"login\" class=\"login\" action=\"https:\/\/bikeskills.ca\/wp-login.php\">\n\t\t\t\t\n\t\t\t\t\t\t\t\t<p class=\"form-row form-row-wide\">\n\t\t\t\t\t<label for=\"user_login\">\n\t\t\t\t\t\t<i class=\"sl sl-icon-user\"><\/i>\n\t\t\t\t\t\t<input placeholder=\"Username\/Email\" type=\"text\" class=\"input-text\" name=\"log\" id=\"user_login\" value=\"\" \/>\n\t\t\t\t\t<\/label>\n\t\t\t\t<\/p>\n\n\n\t\t\t\t<p class=\"form-row form-row-wide\">\n\t\t\t\t\t<label for=\"user_pass\">\n\t\t\t\t\t\t<i class=\"sl sl-icon-lock\"><\/i>\n\t\t\t\t\t\t<input placeholder=\"Password\" class=\"input-text\" type=\"password\" name=\"pwd\" id=\"user_pass\" \/>\n\n\t\t\t\t\t<\/label>\n\t\t\t\t\t<span class=\"lost_password\">\n\t\t\t\t\t\t<a href=\"https:\/\/bikeskills.ca\/wp-login.php?action=lostpassword\">Lost Your Password?<\/a>\n\t\t\t\t\t<\/span>\n\t\t\t\t<\/p>\n\n\t\t\t\t<div class=\"form-row\">\n\t\t\t\t\t<input type=\"hidden\" id=\"login_security\" name=\"login_security\" value=\"61f2f4a9d4\" \/><input type=\"hidden\" name=\"_wp_http_referer\" value=\"\/fr\/wp-json\/wp\/v2\/pages\/73\" \/>\t\t\t\t\t<input type=\"submit\" class=\"button border margin-top-5\" name=\"login\" value=\"Login\" \/>\n\t\t\t\t\t<div class=\"checkboxes margin-top-10\">\n\t\t\t\t\t\t<input name=\"rememberme\" type=\"checkbox\" id=\"remember-me\" value=\"forever\" \/>\n\t\t\t\t\t\t<label for=\"remember-me\">Remember Me<\/label>\n\n\t\t\t\t\t<\/div>\n\t\t\t\t<\/div>\n\t\t\t\t<div class=\"notification error closeable\" style=\"display: none; margin-top: 20px; margin-bottom: 0px;\">\n\t\t\t\t\t<p><\/p>\n\t\t\t\t<\/div>\n\t\t\t\t<\/form>\n\t<\/div>\n\n\t<!-- Register -->\n\t<div class=\"tab-content\" id=\"tab2\" style=\"display: none;\">\n\t\t\t\t\t\t\t<form enctype=\"multipart\/form-data\" class=\"register listeo-registration-form\" id=\"register\" action=\"https:\/\/bikeskills.ca\/wp-login.php?action=register\" method=\"post\">\n\t\t\t\t\t\t\t\t\t\t<div class=\"listeo-register-form-fields-container\">\n\t\t\t\t\t\t\t\t\t\t\t\t\t<div class=\"account-type\">\n\t\t\t\t\t\t\t\t<div>\n\t\t\t\t\t\t\t\t\t<input type=\"radio\" name=\"user_role\" id=\"freelancer-radio\" value=\"guest\" class=\"account-type-radio\"  checked \/>\n\t\t\t\t\t\t\t\t\t<label for=\"freelancer-radio\"><i class=\"sl sl-icon-user\"><\/i> Guest<\/label>\n\t\t\t\t\t\t\t\t<\/div>\n\t\t\t\t\t\t\t\t\t\t\t\t\t\t\t\t\t<div>\n\t\t\t\t\t\t\t\t\t\t<input type=\"radio\" name=\"user_role\" id=\"employer-radio\" value=\"owner\" class=\"account-type-radio\"  \/>\n\t\t\t\t\t\t\t\t\t\t<label for=\"employer-radio\"><i class=\"sl sl-icon-briefcase\"><\/i> Owner<\/label>\n\t\t\t\t\t\t\t\t\t<\/div>\n\t\t\t\t\t\t\t\t\t\t\t\t\t\t\t<\/div>\n\t\t\t\t\t\t\t<div class=\"clearfix\"><\/div>\n\t\t\t\t\t\t\t\t\t\t\t\t\t\t\t\t\t\t\t<p class=\"form-row form-row-wide\">\n\t\t\t\t\t\t\t\t<label for=\"username2\">\n\t\t\t\t\t\t\t\t\t<i class=\"sl sl-icon-user\"><\/i>\n\t\t\t\t\t\t\t\t\t<input required placeholder=\"Username\" type=\"text\" class=\"input-text\" name=\"username\" id=\"username2\" value=\"\" \/>\n\t\t\t\t\t\t\t\t<\/label>\n\t\t\t\t\t\t\t<\/p>\n\t\t\t\t\t\t\n\t\t\t\t\t\t\t\t\t\t\t\t\t<p class=\"form-row form-row-wide\" id=\"password-row\">\n\t\t\t\t\t\t\t\t<label for=\"password1\">\n\t\t\t\t\t\t\t\t\t<i class=\"sl sl-icon-lock\"><\/i>\n\t\t\t\t\t\t\t\t\t<input required placeholder=\"Password\" class=\"input-text\" type=\"password\" name=\"password\" id=\"password1\" \/>\n\t\t\t\t\t\t\t\t\t<span class=\"pwstrength_viewport_progress\"><\/span>\n\n\t\t\t\t\t\t\t\t<\/label>\n\t\t\t\t\t\t\t<\/p>\n\t\t\t\t\t\t\n\t\t\t\t\t\t\t\t\t\t\t\t\t<p class=\"form-row form-row-wide\">\n\t\t\t\t\t\t\t\t<label for=\"first-name\">\n\t\t\t\t\t\t\t\t\t<i class=\"sl sl-icon-pencil\"><\/i>\n\t\t\t\t\t\t\t\t\t<input  placeholder=\"First Name\" type=\"text\" name=\"first_name\" id=\"first-name\"><\/label>\n\t\t\t\t\t\t\t<\/p>\n\n\t\t\t\t\t\t\t<p class=\"form-row form-row-wide\">\n\t\t\t\t\t\t\t\t<label for=\"last-name\">\n\t\t\t\t\t\t\t\t\t<i class=\"sl sl-icon-pencil\"><\/i>\n\t\t\t\t\t\t\t\t\t<input  placeholder=\"Last Name\" type=\"text\" name=\"last_name\" id=\"last-name\">\n\t\t\t\t\t\t\t\t<\/label>\n\t\t\t\t\t\t\t<\/p>\n\t\t\t\t\t\t\n\t\t\t\t\t\t<p class=\"form-row form-row-wide\">\n\t\t\t\t\t\t\t<label for=\"email\">\n\t\t\t\t\t\t\t\t<i class=\"sl sl-icon-envelope-open\"><\/i>\n\t\t\t\t\t\t\t\t<input required type=\"email\" placeholder=\"Email Address\" class=\"input-text\" name=\"email\" id=\"email\" value=\"\" \/>\n\t\t\t\t\t\t\t<\/label>\n\t\t\t\t\t\t<\/p>\n\t\t\t\t\t\t\n\n\t\t\t\t\t\t<!-- \/\/extra fields -->\n\t\t\t\t\t\t<div id=\"listeo-core-registration-fields\">\n\t\t\t\t\t\t\t\t\t\t\t\t\t<\/div>\n\n\n\t\t\t\t\t\t<!-- eof custom fields -->\n\n\t\t\t\t\t\t\n\t\t\t\t\t\t\t\t\t\t\t\t\t<input type=\"hidden\" id=\"rc_action\" name=\"rc_action\" value=\"ws_register\">\n\t\t\t\t\t\t\t<input type=\"hidden\" id=\"token\" name=\"token\">\n\t\t\t\t\t\t\n\t\t\t\t\t\t\n\t\t\t\t\t\t\t\t\t\t\t<\/div>\n\t\t\t\t\t\n\t\t\t\t\t<input type=\"hidden\" id=\"register_security\" name=\"register_security\" value=\"61f2f4a9d4\" \/><input type=\"hidden\" name=\"_wp_http_referer\" value=\"\/fr\/wp-json\/wp\/v2\/pages\/73\" \/>\n\t\t\t\t\t\t\t\t\t\t\t<input type=\"submit\" class=\"button border fw margin-top-10\" name=\"register\" value=\"S&#039;inscrire\" \/>\n\t\t\t\t\t\t\t\t\t\t<div class=\"notification error closeable\" style=\"display: none;margin-top: 20px; margin-bottom: 0px;\">\n\t\t\t\t\t\t<p><\/p>\n\t\t\t\t\t<\/div>\n\n\t\t\t\t\t<\/form>\n\n\t\t\t\t\t<div class=\"listeo-custom-fields-wrapper\">\n\t\t\t\t\t\t\t\t\t\t\t\t\t\t\t\t\t<\/div>\n\t\t\t\t\t<\/div>\n\n<\/div>\n\n\n[\/vc_column_text][\/vc_column][\/vc_row]<span data-mce-type=\"bookmark\" style=\"display: inline-block; width: 0px; overflow: hidden; line-height: 0;\" class=\"mce_SELRES_end\"><\/span><\/p>","protected":false},"excerpt":{"rendered":"<p>[vc_row][vc_column][vc_column_text][\/vc_column_text][\/vc_column][\/vc_row]<\/p>","protected":false},"author":1,"featured_media":0,"parent":0,"menu_order":0,"comment_status":"closed","ping_status":"closed","template":"template-dashboard.php","meta":{"footnotes":"","_links_to":"","_links_to_target":""},"yoast_head":"<!-- This site is optimized with the Yoast SEO plugin v24.2 - https:\/\/yoast.com\/wordpress\/plugins\/seo\/ -->\n<title>My Profile - \u00c9cole de v\u00e9lo Bikeskills<\/title>\n<meta name=\"robots\" content=\"index, follow, max-snippet:-1, max-image-preview:large, max-video-preview:-1\" \/>\n<link rel=\"canonical\" href=\"https:\/\/bikeskills.ca\/fr\/my-profile\/\" \/>\n<meta property=\"og:locale\" content=\"fr_CA\" \/>\n<meta property=\"og:type\" content=\"article\" \/>\n<meta property=\"og:title\" content=\"My Profile - \u00c9cole de v\u00e9lo Bikeskills\" \/>\n<meta property=\"og:description\" content=\"\ufeff[vc_row][vc_column][vc_column_text][\/vc_column_text][\/vc_column][\/vc_row]\ufeff\" \/>\n<meta property=\"og:url\" content=\"https:\/\/bikeskills.ca\/fr\/my-profile\/\" \/>\n<meta property=\"og:site_name\" content=\"\u00c9cole de v\u00e9lo Bikeskills\" \/>\n<meta property=\"article:publisher\" content=\"https:\/\/www.facebook.com\/Bikeskillsca-2194275320683514\/\" \/>\n<meta property=\"article:modified_time\" content=\"2020-01-28T17:26:13+00:00\" \/>\n<meta name=\"twitter:card\" content=\"summary_large_image\" \/>\n<script type=\"application\/ld+json\" class=\"yoast-schema-graph\">{\"@context\":\"https:\/\/schema.org\",\"@graph\":[{\"@type\":\"WebPage\",\"@id\":\"https:\/\/bikeskills.ca\/fr\/my-profile\/\",\"url\":\"https:\/\/bikeskills.ca\/fr\/my-profile\/\",\"name\":\"My Profile - \u00c9cole de v\u00e9lo Bikeskills\",\"isPartOf\":{\"@id\":\"https:\/\/bikeskills.ca\/fr\/#website\"},\"datePublished\":\"2018-11-02T10:41:38+00:00\",\"dateModified\":\"2020-01-28T17:26:13+00:00\",\"breadcrumb\":{\"@id\":\"https:\/\/bikeskills.ca\/fr\/my-profile\/#breadcrumb\"},\"inLanguage\":\"fr-CA\",\"potentialAction\":[{\"@type\":\"ReadAction\",\"target\":[\"https:\/\/bikeskills.ca\/fr\/my-profile\/\"]}]},{\"@type\":\"BreadcrumbList\",\"@id\":\"https:\/\/bikeskills.ca\/fr\/my-profile\/#breadcrumb\",\"itemListElement\":[{\"@type\":\"ListItem\",\"position\":1,\"name\":\"Home\",\"item\":\"https:\/\/bikeskills.ca\/fr\/\"},{\"@type\":\"ListItem\",\"position\":2,\"name\":\"My Profile\"}]},{\"@type\":\"WebSite\",\"@id\":\"https:\/\/bikeskills.ca\/fr\/#website\",\"url\":\"https:\/\/bikeskills.ca\/fr\/\",\"name\":\"\u00c9cole de v\u00e9lo Bikeskills\",\"description\":\"\u00c9cole de v\u00e9lo de montagne - Cours de v\u00e9lo de montagne - \u00c9v\u00e8nements priv\u00e9s et corporatifs - Partout au Qu\u00e9bec\",\"publisher\":{\"@id\":\"https:\/\/bikeskills.ca\/fr\/#organization\"},\"potentialAction\":[{\"@type\":\"SearchAction\",\"target\":{\"@type\":\"EntryPoint\",\"urlTemplate\":\"https:\/\/bikeskills.ca\/fr\/?s={search_term_string}\"},\"query-input\":{\"@type\":\"PropertyValueSpecification\",\"valueRequired\":true,\"valueName\":\"search_term_string\"}}],\"inLanguage\":\"fr-CA\"},{\"@type\":\"Organization\",\"@id\":\"https:\/\/bikeskills.ca\/fr\/#organization\",\"name\":\"\u00c9cole de v\u00e9lo Bikeskills\",\"url\":\"https:\/\/bikeskills.ca\/fr\/\",\"logo\":{\"@type\":\"ImageObject\",\"inLanguage\":\"fr-CA\",\"@id\":\"https:\/\/bikeskills.ca\/fr\/#\/schema\/logo\/image\/\",\"url\":\"https:\/\/bikeskills.ca\/wp-content\/uploads\/2019\/08\/Screen-Shot-2019-08-12-at-6.11.svg\",\"contentUrl\":\"https:\/\/bikeskills.ca\/wp-content\/uploads\/2019\/08\/Screen-Shot-2019-08-12-at-6.11.svg\",\"width\":309,\"height\":83,\"caption\":\"\u00c9cole de v\u00e9lo Bikeskills\"},\"image\":{\"@id\":\"https:\/\/bikeskills.ca\/fr\/#\/schema\/logo\/image\/\"},\"sameAs\":[\"https:\/\/www.facebook.com\/Bikeskillsca-2194275320683514\/\",\"https:\/\/www.instagram.com\/bikeskills.ca\/?hl=fr\"]}]}<\/script>\n<!-- \/ Yoast SEO plugin. -->","yoast_head_json":{"title":"My Profile - \u00c9cole de v\u00e9lo Bikeskills","robots":{"index":"index","follow":"follow","max-snippet":"max-snippet:-1","max-image-preview":"max-image-preview:large","max-video-preview":"max-video-preview:-1"},"canonical":"https:\/\/bikeskills.ca\/fr\/my-profile\/","og_locale":"fr_CA","og_type":"article","og_title":"My Profile - \u00c9cole de v\u00e9lo Bikeskills","og_description":"\ufeff[vc_row][vc_column][vc_column_text][\/vc_column_text][\/vc_column][\/vc_row]\ufeff","og_url":"https:\/\/bikeskills.ca\/fr\/my-profile\/","og_site_name":"\u00c9cole de v\u00e9lo Bikeskills","article_publisher":"https:\/\/www.facebook.com\/Bikeskillsca-2194275320683514\/","article_modified_time":"2020-01-28T17:26:13+00:00","twitter_card":"summary_large_image","schema":{"@context":"https:\/\/schema.org","@graph":[{"@type":"WebPage","@id":"https:\/\/bikeskills.ca\/fr\/my-profile\/","url":"https:\/\/bikeskills.ca\/fr\/my-profile\/","name":"My Profile - \u00c9cole de v\u00e9lo Bikeskills","isPartOf":{"@id":"https:\/\/bikeskills.ca\/fr\/#website"},"datePublished":"2018-11-02T10:41:38+00:00","dateModified":"2020-01-28T17:26:13+00:00","breadcrumb":{"@id":"https:\/\/bikeskills.ca\/fr\/my-profile\/#breadcrumb"},"inLanguage":"fr-CA","potentialAction":[{"@type":"ReadAction","target":["https:\/\/bikeskills.ca\/fr\/my-profile\/"]}]},{"@type":"BreadcrumbList","@id":"https:\/\/bikeskills.ca\/fr\/my-profile\/#breadcrumb","itemListElement":[{"@type":"ListItem","position":1,"name":"Home","item":"https:\/\/bikeskills.ca\/fr\/"},{"@type":"ListItem","position":2,"name":"My Profile"}]},{"@type":"WebSite","@id":"https:\/\/bikeskills.ca\/fr\/#website","url":"https:\/\/bikeskills.ca\/fr\/","name":"\u00c9cole de v\u00e9lo Bikeskills","description":"\u00c9cole de v\u00e9lo de montagne - Cours de v\u00e9lo de montagne - \u00c9v\u00e8nements priv\u00e9s et corporatifs - Partout au Qu\u00e9bec","publisher":{"@id":"https:\/\/bikeskills.ca\/fr\/#organization"},"potentialAction":[{"@type":"SearchAction","target":{"@type":"EntryPoint","urlTemplate":"https:\/\/bikeskills.ca\/fr\/?s={search_term_string}"},"query-input":{"@type":"PropertyValueSpecification","valueRequired":true,"valueName":"search_term_string"}}],"inLanguage":"fr-CA"},{"@type":"Organization","@id":"https:\/\/bikeskills.ca\/fr\/#organization","name":"\u00c9cole de v\u00e9lo Bikeskills","url":"https:\/\/bikeskills.ca\/fr\/","logo":{"@type":"ImageObject","inLanguage":"fr-CA","@id":"https:\/\/bikeskills.ca\/fr\/#\/schema\/logo\/image\/","url":"https:\/\/bikeskills.ca\/wp-content\/uploads\/2019\/08\/Screen-Shot-2019-08-12-at-6.11.svg","contentUrl":"https:\/\/bikeskills.ca\/wp-content\/uploads\/2019\/08\/Screen-Shot-2019-08-12-at-6.11.svg","width":309,"height":83,"caption":"\u00c9cole de v\u00e9lo Bikeskills"},"image":{"@id":"https:\/\/bikeskills.ca\/fr\/#\/schema\/logo\/image\/"},"sameAs":["https:\/\/www.facebook.com\/Bikeskillsca-2194275320683514\/","https:\/\/www.instagram.com\/bikeskills.ca\/?hl=fr"]}]}},"_links":{"self":[{"href":"https:\/\/bikeskills.ca\/fr\/wp-json\/wp\/v2\/pages\/73"}],"collection":[{"href":"https:\/\/bikeskills.ca\/fr\/wp-json\/wp\/v2\/pages"}],"about":[{"href":"https:\/\/bikeskills.ca\/fr\/wp-json\/wp\/v2\/types\/page"}],"author":[{"embeddable":true,"href":"https:\/\/bikeskills.ca\/fr\/wp-json\/wp\/v2\/users\/1"}],"replies":[{"embeddable":true,"href":"https:\/\/bikeskills.ca\/fr\/wp-json\/wp\/v2\/comments?post=73"}],"version-history":[{"count":0,"href":"https:\/\/bikeskills.ca\/fr\/wp-json\/wp\/v2\/pages\/73\/revisions"}],"wp:attachment":[{"href":"https:\/\/bikeskills.ca\/fr\/wp-json\/wp\/v2\/media?parent=73"}],"curies":[{"name":"wp","href":"https:\/\/api.w.org\/{rel}","templated":true}]}}