{"id":25929,"date":"2024-05-18T11:20:14","date_gmt":"2024-05-18T15:20:14","guid":{"rendered":"https:\/\/bikeskills.ca\/product\/ski-bromont-camps-bikegroms-sessions-progression-3-semaines-dimanche\/"},"modified":"2024-05-18T11:20:14","modified_gmt":"2024-05-18T15:20:14","slug":"ski-bromont-camps-bikegroms-sessions-progression-3-semaines-dimanche","status":"publish","type":"product","link":"https:\/\/bikeskills.ca\/fr\/produit\/ski-bromont-camps-bikegroms-sessions-progression-3-semaines-dimanche\/","title":{"rendered":"Ski Bromont &#8211; Camps bikegroms &#8211; Sessions progression 3 semaines (Dimanche)"},"content":{"rendered":"<h2>Camps Bikegroms 11-16 ans<br \/>\nSentiers de Ski Bromont + Parc des Sommets<\/h2>\n<h2>Passe de descente illimit\u00e9 requise<\/h2>\n<h2>A revisited &#8220;day camp&#8221; formula, targeted at young people who want to progress at a faster pace.<\/h2>\n<h2>Un programme de d\u00e9veloppement unique !  Bikeskills offre un produit niche pour le d\u00e9veloppement de la prochaine g\u00e9n\u00e9ration de shredders.  Les jeunes riders \u00e2g\u00e9s de 11 \u00e0 15 ans auront l'opportunit\u00e9 de passer trois jours avec nos coachs experts.  Ils apprendront et progresseront, nous vous le garantissons !<\/p>\n<p>Notre programme de d\u00e9veloppement des jeunes se d\u00e9roule durant 3 dimanches cons\u00e9cutifs, de 9 heures \u00e0 14 heures.  Nous savons par exp\u00e9rience qu'un camp qui dure trop longtemps fatigue les jeunes en d\u00e9veloppement et diminue la qualit\u00e9 de l'entra\u00eenement.  Nous croyons fermement que ce format est optimal pour que les enfants s'amusent, apprennent et grandissent en tant que riders. <\/h2>\n<h2>Camps Bikegroms &#8211; Kids de 11 \u00e0 15 ans<br \/>\n<br \/>Camps 3 jours au Parc des Sommets<\/h2>\n<p>\t\tSVP, s\u00e9lectionnez une session dans &#8220;extras&#8221;<\/p>\n<p>\nSession 1 : 19 mai au 2 juin (3 semaines)<\/p>\n<ul>\n<li><strong>Niveau :&nbsp;<\/strong>Interm\u00e9diaire \u00e0 avanc\u00e9<\/li>\n<li><strong>Dimanche matin :&nbsp;<\/strong>9:00 \u00e0 14:00&nbsp;<\/li>\n<li><strong style=\"letter-spacing: 0px;\">Lieu :&nbsp;<\/strong>Ski Bromont (Stationnement P1)<\/li>\n<li><strong style=\"letter-spacing: 0px;\">Point de rencontre :&nbsp;<\/strong>Face au b\u00e2timent Bromont location (Escaliers rouge)<\/li>\n<li><b>Votre entra\u00eeneur :<\/b> Les entra\u00eeneurs portent le jersey noir Bikeskills Coach<\/li>\n<\/p>\n<p><center><strong>Merci d'arriver 5-10 minutes \u00e0 l\u2019avance, pr\u00eat \u00e0 rouler<br \/><\/strong><\/center><\/ul>\n<h4><center><strong>Acc\u00e8s aux sentiers non-compris (Passe de DH requise)<\/strong><\/center><center><strong><br \/><\/strong><\/center><center><strong>V\u00e9lo de location non-inclus<\/strong><\/center><br \/><\/h4>\n<p>\t\t\t\t\t\t\t\t\t\t\t\t<a tabindex=\"0\">Description du cours de v\u00e9lo de montagne<\/a><\/p>\n<h4>Progression \u00e0 long terme<\/h4>\n<p>Cette s\u00e9rie de cours de v\u00e9lo de montagne progression vous permet de d\u00e9marrer ou de poursuivre votre saison en toute s\u00e9curit\u00e9 et confiance. Une progression d\u2019habilet\u00e9s techniques vous sera enseign\u00e9e, ce qui vous permettra d\u2019atteindre un niveau diff\u00e9rent de pilotage en sentiers. De plus, vous apprendrez dans un environnement motivant et inspirant avec d\u2019autres riders de votre calibre.<\/p>\n<p><p>\n<strong>Format de le\u00e7on :<\/strong> Groupes de six participantes de m\u00eame calibre sont form\u00e9s afin de r\u00e9pondre aux besoins sp\u00e9cifiques de chacune. Une th\u00e9matique bien pr\u00e9cise d\u00e9terminera les sessions afin de couvrir un maximum d\u2019habilet\u00e9s tout en respectant la progression du groupe.<\/p>\n<p>\n<strong>Entra\u00eeneur :<\/strong> Votre entra\u00eeneur sera certifi\u00e9 niveau I ou II pmbia.org module air ou trail et secourisme 20h ou 40h en r\u00e9gion \u00e9loign\u00e9e.<\/p>\n<p>\n<strong>Terrain:<\/strong> Variable selon le niveau des participants<br \/>\n\t\t\t\t\t\t\t\t\t\t\t\t<a tabindex=\"0\">Ces sessions de v\u00e9lo de montagne sont pour vous si...<\/a><\/p>\n<h4><strong><center>SVP se r\u00e9f\u00e9rer aux descriptions de tous les niveaux physiques et techniques pr\u00e9sent\u00e9s ci-bas.<\/strong><\/center><\/h4>\n<p><\/p>\n<ul>\n<li>Vous aimez les formules de groupe.<\/li>\n<li>Vous souhaitez vivre une exp\u00e9rience de v\u00e9lo de montagne avec un groupe de m\u00eame niveau que vous.<\/li>\n<li>Vous avez une volont\u00e9 \u00e0 vous d\u00e9passer dans un cadre s\u00e9curitaire.<\/li>\n<li>Vous avez une bonne forme physique.<\/li>\n<\/ul>\n<p>\nSi vous avez r\u00e9pondu <b>OUI<\/b> \u00e0 ces questions? <b>Ce cours de v\u00e9lo de montagne est pour vous.<\/b>  Vous h\u00e9sitez et vous avez des questions, contactez-nous!<br \/>\n\t\t\t<a href=\"https:\/\/bikeskills.ca\/fr\/cliniques\/\"><br \/>\n\t\t\t\t\t\tDescriptions de tous les cours de Bikeskills<br \/>\n\t\t\t\t\t<\/a><br \/>\n\t\t\t\t\t\t\t\t\t\t\t\t<a tabindex=\"0\">Politiques de Bikeskills<\/a><\/p>\n<ul>\n<li>Minimum de 3 participants pour le cours de v\u00e9lo de montagne\n<li>Bikeskills se r\u00e9serve le droit de reporter une clinique \u00e0 une date ult\u00e9rieure si le nombre minimal de participants n'est pas atteint.\n<li>Aucun remboursement, sauf pour exception majeure, \u00e0 la discr\u00e9tion de Bikeskills.\n<li>Les cours de v\u00e9lo et \u00e9v\u00e8nements Bikeskills ne sont pas annul\u00e9s en cas de pluie.\n<li>Un \u00e9v\u00e8nement peut \u00eatre report\u00e9 si le site de pratique est ferm\u00e9.\n<li>Bikeskills n\u2019est pas responsable de l\u2019arr\u00eat ou de la fermeture d\u2019une remont\u00e9e m\u00e9canique ou gondole, ou de la fermeture de sentiers. Une alternative sera propos\u00e9e au client, pouvant n\u00e9cessiter un d\u00e9placement.\n<\/ul>\n<p>\t\t\t\t\t\t\t\t\t\t\t\t<a tabindex=\"0\">Quoi apporter ?<\/a><\/p>\n<ul>\n<li>Protections pour les genoux obligatoires<\/li>\n<li>Gants longs et protections pour les coudes recommand\u00e9s<\/li>\n<li>Casque v\u00e9lo de montagne<\/li>\n<li>V\u00eatements sports adapt\u00e9s aux conditions m\u00e9t\u00e9o<\/li>\n<li>Souliers \u00e0 semelles plates (type Vans) ou souliers de v\u00e9lo de montagne<\/li>\n<li>P\u00e9dales plateformes (flat) avec crampons en m\u00e9tal ou p\u00e9dales automatiques (clip) de v\u00e9lo de montagne<\/li>\n<li>Hydratation (bouteille de v\u00e9lo) et nutrition (barres)<\/li>\n<\/ul>\n<p>\t\t\t\t\t\t\t\t\t\t\t\t<a tabindex=\"0\">Comment planifier votre journ\u00e9e<\/a><br \/>\n\t\t\t\t\tAfin de se prot\u00e9ger des \u00e9raflures et blessures mineures, Bikeskills vous recommande de TOUJOURS porter une protection pour les genoux. Les gants, lunettes de protection et protections pour les coudes sont \u00e9galement recommand\u00e9s, mais non obligatoire. Il va de soi qu\u2019un casque est toujours essentiel, id\u00e9alement un casque sp\u00e9cifique au v\u00e9lo de montagne. Le casque int\u00e9gral (full face) et protecteur frontal et dorsal pour les cours avanc\u00e9s et\/ou en remont\u00e9e m\u00e9canique est \u00e9galement recommand\u00e9, mais non obligatoire.<\/p>\n<p><p>\nComme le cours se d\u00e9roulera \u00e0 l\u2019ext\u00e9rieur et que nous n\u2019avons pas acc\u00e8s \u00e0 des installations int\u00e9rieures, il est recommand\u00e9 de prendre connaissance des pr\u00e9visions m\u00e9t\u00e9orologiques et de s\u2019habiller en cons\u00e9quence. Il est recommand\u00e9 \u00e0 chaque membre du groupe d\u2019apporter des collations et de l\u2019eau afin d\u2019avoir suffisamment d\u2019\u00e9nergie pour bien profiter du cours.<br \/>\n\t\t\t\t\t\t\t\t\t\t\t\t<a tabindex=\"0\">Mise en garde aux participants<\/a><br \/>\n\t\t\t\t\tComme nous d\u00e9sirons vous pr\u00e9parer \u00e0 l\u2019avance pour une belle exp\u00e9rience, voici les notes concernant la pratique s\u00e9curitaire du v\u00e9lo de montagne<\/p>\n<ul>\n<li>Communiquez vos appr\u00e9hensions, vos blessures ant\u00e9rieures et vos limitations physiques \u00e0 l\u2019entra\u00eeneur.<\/li>\n<li>N\u2019exc\u00e9dez par vos limites physiques et techniques.<\/li>\n<li>Toutes les difficult\u00e9s et les modules sont optionnels en tout temps. \u00a0Nous pouvons toujours diminuer les exigences physique et techniques de la le\u00e7on.<\/li>\n<li>Selon l\u2019objectif du cours, des d\u00e9fis seront incorpor\u00e9s, du simple au complexe.<\/li>\n<li>Avant de s\u2019engager dans une section technique, le participant devra d\u00e9montrer un niveau de ma\u00eetrise minimal sur un terrain plat ou sur un sentier de difficult\u00e9 technique moindre.<\/li>\n<li>Pour un d\u00e9fi technique, nous arr\u00eatons, nous analysons, nous marchons la section,  ensuite nous nous engageons\u2026 ou pas!<\/li>\n<\/ul>\n<p><\/p>\n<h4><center><strong>PRE-RIDE \/ RIDE \/ FREERIDE !<\/center><\/h4>\n<p>\t\t\t\t\t\t\t\t\t\t\t\t<a tabindex=\"0\">Horaire type du cours de v\u00e9lo de montagne<\/a><\/p>\n<h3><center><strong>Horaire type d'un cours de fin de semaine<\/strong><\/center><\/h3>\n<p><\/strong><\/p>\n<p><strong>9:30<\/strong> Bienvenue - Introduction - V\u00e9rification de l'\u00e9quipement et des accessoires<br \/>\n<strong>9:45<\/strong>  Apprentissage des habilet\u00e9s techniques<br \/>\n<strong>10:30<\/strong>  Pratique des habilet\u00e9s techniques et sortie guid\u00e9e.<br \/>\n<strong>12:00<\/strong>  Fin du cours de v\u00e9lo<\/p>\n<h3><center><strong>Horaire type d'un cours en semaine<\/strong><\/center><\/h3>\n<p><strong>18:00<\/strong> Bienvenue - Introduction - V\u00e9rification de l'\u00e9quipement et des accessoires<br \/>\n<strong>18:15<\/strong>  Apprentissage des habilet\u00e9s techniques<br \/>\n<strong>19:00<\/strong>  Pratique des habilet\u00e9s techniques et sortie guid\u00e9e.<br \/>\n<strong>19:45<\/strong>  Fin du cours de v\u00e9lo<\/p>\n<h2><center><strong>Votre satisfaction est notre priorit\u00e9<\/strong><\/center><\/h2>\n<p>Vous \u00eates satisfait de votre le\u00e7on? Vous avez eu un service 5 \u00e9toiles? Voici comment vous pouvez aider notre petite entreprise \u00e0 grandir! Si ce n\u2019est pas 4 \u00e9toiles et plus, veuillez remplir le document de satisfaction pour que l\u2019on puisse adresser la situation \u00e0 l\u2019interne<\/p>\n<h4><center><strong><a style=\"color: #233540;\" href=\"https:\/\/g.page\/r\/CVKZLdgYTPfBEAg\/review\" target=\"_blank\" rel=\"noopener noreferrer\">Avis Google<\/a><\/strong><\/center><br \/>\n<center><strong><a style=\"color: #233540;\" href=\"https:\/\/www.facebook.com\/bikeskills.ca\/reviews\/\" target=\"_blank\" rel=\"noopener noreferrer\">Avis Facebook<\/a><\/strong><\/center><br \/>\n<center><strong><br \/><a style=\"color: #233540;\" href=\"https:\/\/bikeskills.ca\/fr\/satisfaction\/\" target=\"_blank\" rel=\"noopener noreferrer\">Formulaire de satisfaction Bikeskills<\/a><\/strong><\/center><\/p>\n<h2>Let&#8217;s stay in contact<\/h2>\n<p>\t\t\t\t\t<a href=\"https:\/\/www.facebook.com\/bikeskills.ca\/\" target=\"_blank\" rel=\"noopener\"><br \/>\n\t\t\t\t\t\tFacebook-f<br \/>\n\t\t\t\t\t\t\t\t\t\t\t<\/a><br \/>\n\t\t\t\t\t<a href=\"https:\/\/www.instagram.com\/bikeskills.ca\/\" target=\"_blank\" rel=\"noopener\"><br \/>\n\t\t\t\t\t\tInstagram<br \/>\n\t\t\t\t\t\t\t\t\t\t\t<\/a><br \/>\n\t\t\t\t\t<a href=\"https:\/\/www.tiktok.com\/@bikeskills\" target=\"_blank\" rel=\"noopener\"><br \/>\n\t\t\t\t\t\tTiktok<br \/>\n\t\t\t\t\t\t\t\t\t\t\t<\/a><br \/>\n\t\t\t\t\t<a href=\"https:\/\/www.youtube.com\/@bikeskills_ca\" target=\"_blank\" rel=\"noopener\"><br \/>\n\t\t\t\t\t\tYoutube<br \/>\n\t\t\t\t\t\t\t\t\t\t\t<\/a><\/p>","protected":false},"excerpt":{"rendered":"<p>Camps Bikegroms 11-16 ans Sentiers de Ski Bromont + Parc des Sommets DH unlimited pass required A revisited &#8220;day camp&#8221; formula, targeted at young people who want to progress at a faster pace. A unique development program! Bikeskills offers a niche product for the development of the next generation of shredders. Young riders aged 11 [&hellip;]<\/p>","protected":false},"featured_media":0,"comment_status":"","ping_status":"closed","template":"","meta":{"_links_to":"","_links_to_target":""},"product_cat":[115],"product_tag":[],"yoast_head":"<!-- This site is optimized with the Yoast SEO plugin v24.2 - https:\/\/yoast.com\/wordpress\/plugins\/seo\/ -->\n<title>Ski Bromont - Camps bikegroms - Sessions progression 3 semaines (Dimanche) - \u00c9cole de v\u00e9lo Bikeskills<\/title>\n<meta name=\"robots\" content=\"index, follow, max-snippet:-1, max-image-preview:large, max-video-preview:-1\" \/>\n<link rel=\"canonical\" href=\"https:\/\/bikeskills.ca\/fr\/produit\/ski-bromont-camps-bikegroms-sessions-progression-3-semaines-dimanche\/\" \/>\n<meta property=\"og:locale\" content=\"fr_CA\" \/>\n<meta property=\"og:type\" content=\"article\" \/>\n<meta property=\"og:title\" content=\"Ski Bromont - Camps bikegroms - Sessions progression 3 semaines (Dimanche) - \u00c9cole de v\u00e9lo Bikeskills\" \/>\n<meta property=\"og:description\" content=\"Camps Bikegroms 11-16 ans Sentiers de Ski Bromont + Parc des Sommets DH unlimited pass required A revisited &#8220;day camp&#8221; formula, targeted at young people who want to progress at a faster pace. A unique development program! Bikeskills offers a niche product for the development of the next generation of shredders. Young riders aged 11 [&hellip;]\" \/>\n<meta property=\"og:url\" content=\"https:\/\/bikeskills.ca\/fr\/produit\/ski-bromont-camps-bikegroms-sessions-progression-3-semaines-dimanche\/\" \/>\n<meta property=\"og:site_name\" content=\"\u00c9cole de v\u00e9lo Bikeskills\" \/>\n<meta property=\"article:publisher\" content=\"https:\/\/www.facebook.com\/Bikeskillsca-2194275320683514\/\" \/>\n<meta name=\"twitter:card\" content=\"summary_large_image\" \/>\n<meta name=\"twitter:label1\" content=\"Estimation du temps de lecture\" \/>\n\t<meta name=\"twitter:data1\" content=\"5 minutes\" \/>\n<script type=\"application\/ld+json\" class=\"yoast-schema-graph\">{\"@context\":\"https:\/\/schema.org\",\"@graph\":[{\"@type\":\"WebPage\",\"@id\":\"https:\/\/bikeskills.ca\/en\/product\/ski-bromont-camps-bikegroms-sessions-progression-3-semaines-dimanche\/\",\"url\":\"https:\/\/bikeskills.ca\/en\/product\/ski-bromont-camps-bikegroms-sessions-progression-3-semaines-dimanche\/\",\"name\":\"Ski Bromont - Camps bikegroms - Sessions progression 3 semaines (Dimanche) - \u00c9cole de v\u00e9lo Bikeskills\",\"isPartOf\":{\"@id\":\"https:\/\/bikeskills.ca\/fr\/#website\"},\"datePublished\":\"2024-05-18T15:20:14+00:00\",\"dateModified\":\"2024-05-18T15:20:14+00:00\",\"breadcrumb\":{\"@id\":\"https:\/\/bikeskills.ca\/en\/product\/ski-bromont-camps-bikegroms-sessions-progression-3-semaines-dimanche\/#breadcrumb\"},\"inLanguage\":\"fr-CA\",\"potentialAction\":[{\"@type\":\"ReadAction\",\"target\":[\"https:\/\/bikeskills.ca\/en\/product\/ski-bromont-camps-bikegroms-sessions-progression-3-semaines-dimanche\/\"]}]},{\"@type\":\"BreadcrumbList\",\"@id\":\"https:\/\/bikeskills.ca\/en\/product\/ski-bromont-camps-bikegroms-sessions-progression-3-semaines-dimanche\/#breadcrumb\",\"itemListElement\":[{\"@type\":\"ListItem\",\"position\":1,\"name\":\"Home\",\"item\":\"https:\/\/bikeskills.ca\/fr\/\"},{\"@type\":\"ListItem\",\"position\":2,\"name\":\"Shop\",\"item\":\"https:\/\/bikeskills.ca\/en\/shop\/\"},{\"@type\":\"ListItem\",\"position\":3,\"name\":\"Ski Bromont &#8211; Camps bikegroms &#8211; Sessions progression 3 semaines (Dimanche)\"}]},{\"@type\":\"WebSite\",\"@id\":\"https:\/\/bikeskills.ca\/fr\/#website\",\"url\":\"https:\/\/bikeskills.ca\/fr\/\",\"name\":\"\u00c9cole de v\u00e9lo Bikeskills\",\"description\":\"\u00c9cole de v\u00e9lo de montagne - Cours de v\u00e9lo de montagne - \u00c9v\u00e8nements priv\u00e9s et corporatifs - Partout au Qu\u00e9bec\",\"publisher\":{\"@id\":\"https:\/\/bikeskills.ca\/fr\/#organization\"},\"potentialAction\":[{\"@type\":\"SearchAction\",\"target\":{\"@type\":\"EntryPoint\",\"urlTemplate\":\"https:\/\/bikeskills.ca\/fr\/?s={search_term_string}\"},\"query-input\":{\"@type\":\"PropertyValueSpecification\",\"valueRequired\":true,\"valueName\":\"search_term_string\"}}],\"inLanguage\":\"fr-CA\"},{\"@type\":\"Organization\",\"@id\":\"https:\/\/bikeskills.ca\/fr\/#organization\",\"name\":\"\u00c9cole de v\u00e9lo Bikeskills\",\"url\":\"https:\/\/bikeskills.ca\/fr\/\",\"logo\":{\"@type\":\"ImageObject\",\"inLanguage\":\"fr-CA\",\"@id\":\"https:\/\/bikeskills.ca\/fr\/#\/schema\/logo\/image\/\",\"url\":\"https:\/\/bikeskills.ca\/wp-content\/uploads\/2019\/08\/Screen-Shot-2019-08-12-at-6.11.svg\",\"contentUrl\":\"https:\/\/bikeskills.ca\/wp-content\/uploads\/2019\/08\/Screen-Shot-2019-08-12-at-6.11.svg\",\"width\":309,\"height\":83,\"caption\":\"\u00c9cole de v\u00e9lo Bikeskills\"},\"image\":{\"@id\":\"https:\/\/bikeskills.ca\/fr\/#\/schema\/logo\/image\/\"},\"sameAs\":[\"https:\/\/www.facebook.com\/Bikeskillsca-2194275320683514\/\",\"https:\/\/www.instagram.com\/bikeskills.ca\/?hl=fr\"]}]}<\/script>\n<!-- \/ Yoast SEO plugin. -->","yoast_head_json":{"title":"Ski Bromont - Camps bikegroms - Sessions progression 3 semaines (Dimanche) - \u00c9cole de v\u00e9lo Bikeskills","robots":{"index":"index","follow":"follow","max-snippet":"max-snippet:-1","max-image-preview":"max-image-preview:large","max-video-preview":"max-video-preview:-1"},"canonical":"https:\/\/bikeskills.ca\/fr\/produit\/ski-bromont-camps-bikegroms-sessions-progression-3-semaines-dimanche\/","og_locale":"fr_CA","og_type":"article","og_title":"Ski Bromont - Camps bikegroms - Sessions progression 3 semaines (Dimanche) - \u00c9cole de v\u00e9lo Bikeskills","og_description":"Camps Bikegroms 11-16 ans Sentiers de Ski Bromont + Parc des Sommets DH unlimited pass required A revisited &#8220;day camp&#8221; formula, targeted at young people who want to progress at a faster pace. A unique development program! Bikeskills offers a niche product for the development of the next generation of shredders. Young riders aged 11 [&hellip;]","og_url":"https:\/\/bikeskills.ca\/fr\/produit\/ski-bromont-camps-bikegroms-sessions-progression-3-semaines-dimanche\/","og_site_name":"\u00c9cole de v\u00e9lo Bikeskills","article_publisher":"https:\/\/www.facebook.com\/Bikeskillsca-2194275320683514\/","twitter_card":"summary_large_image","twitter_misc":{"Estimation du temps de lecture":"5 minutes"},"schema":{"@context":"https:\/\/schema.org","@graph":[{"@type":"WebPage","@id":"https:\/\/bikeskills.ca\/en\/product\/ski-bromont-camps-bikegroms-sessions-progression-3-semaines-dimanche\/","url":"https:\/\/bikeskills.ca\/en\/product\/ski-bromont-camps-bikegroms-sessions-progression-3-semaines-dimanche\/","name":"Ski Bromont - Camps bikegroms - Sessions progression 3 semaines (Dimanche) - \u00c9cole de v\u00e9lo Bikeskills","isPartOf":{"@id":"https:\/\/bikeskills.ca\/fr\/#website"},"datePublished":"2024-05-18T15:20:14+00:00","dateModified":"2024-05-18T15:20:14+00:00","breadcrumb":{"@id":"https:\/\/bikeskills.ca\/en\/product\/ski-bromont-camps-bikegroms-sessions-progression-3-semaines-dimanche\/#breadcrumb"},"inLanguage":"fr-CA","potentialAction":[{"@type":"ReadAction","target":["https:\/\/bikeskills.ca\/en\/product\/ski-bromont-camps-bikegroms-sessions-progression-3-semaines-dimanche\/"]}]},{"@type":"BreadcrumbList","@id":"https:\/\/bikeskills.ca\/en\/product\/ski-bromont-camps-bikegroms-sessions-progression-3-semaines-dimanche\/#breadcrumb","itemListElement":[{"@type":"ListItem","position":1,"name":"Home","item":"https:\/\/bikeskills.ca\/fr\/"},{"@type":"ListItem","position":2,"name":"Shop","item":"https:\/\/bikeskills.ca\/en\/shop\/"},{"@type":"ListItem","position":3,"name":"Ski Bromont &#8211; Camps bikegroms &#8211; Sessions progression 3 semaines (Dimanche)"}]},{"@type":"WebSite","@id":"https:\/\/bikeskills.ca\/fr\/#website","url":"https:\/\/bikeskills.ca\/fr\/","name":"\u00c9cole de v\u00e9lo Bikeskills","description":"\u00c9cole de v\u00e9lo de montagne - Cours de v\u00e9lo de montagne - \u00c9v\u00e8nements priv\u00e9s et corporatifs - Partout au Qu\u00e9bec","publisher":{"@id":"https:\/\/bikeskills.ca\/fr\/#organization"},"potentialAction":[{"@type":"SearchAction","target":{"@type":"EntryPoint","urlTemplate":"https:\/\/bikeskills.ca\/fr\/?s={search_term_string}"},"query-input":{"@type":"PropertyValueSpecification","valueRequired":true,"valueName":"search_term_string"}}],"inLanguage":"fr-CA"},{"@type":"Organization","@id":"https:\/\/bikeskills.ca\/fr\/#organization","name":"\u00c9cole de v\u00e9lo Bikeskills","url":"https:\/\/bikeskills.ca\/fr\/","logo":{"@type":"ImageObject","inLanguage":"fr-CA","@id":"https:\/\/bikeskills.ca\/fr\/#\/schema\/logo\/image\/","url":"https:\/\/bikeskills.ca\/wp-content\/uploads\/2019\/08\/Screen-Shot-2019-08-12-at-6.11.svg","contentUrl":"https:\/\/bikeskills.ca\/wp-content\/uploads\/2019\/08\/Screen-Shot-2019-08-12-at-6.11.svg","width":309,"height":83,"caption":"\u00c9cole de v\u00e9lo Bikeskills"},"image":{"@id":"https:\/\/bikeskills.ca\/fr\/#\/schema\/logo\/image\/"},"sameAs":["https:\/\/www.facebook.com\/Bikeskillsca-2194275320683514\/","https:\/\/www.instagram.com\/bikeskills.ca\/?hl=fr"]}]}},"_links":{"self":[{"href":"https:\/\/bikeskills.ca\/fr\/wp-json\/wp\/v2\/product\/25929"}],"collection":[{"href":"https:\/\/bikeskills.ca\/fr\/wp-json\/wp\/v2\/product"}],"about":[{"href":"https:\/\/bikeskills.ca\/fr\/wp-json\/wp\/v2\/types\/product"}],"replies":[{"embeddable":true,"href":"https:\/\/bikeskills.ca\/fr\/wp-json\/wp\/v2\/comments?post=25929"}],"wp:attachment":[{"href":"https:\/\/bikeskills.ca\/fr\/wp-json\/wp\/v2\/media?parent=25929"}],"wp:term":[{"taxonomy":"product_cat","embeddable":true,"href":"https:\/\/bikeskills.ca\/fr\/wp-json\/wp\/v2\/product_cat?post=25929"},{"taxonomy":"product_tag","embeddable":true,"href":"https:\/\/bikeskills.ca\/fr\/wp-json\/wp\/v2\/product_tag?post=25929"}],"curies":[{"name":"wp","href":"https:\/\/api.w.org\/{rel}","templated":true}]}}