{"id":28759,"date":"2025-01-28T15:24:41","date_gmt":"2025-01-28T19:24:41","guid":{"rendered":"https:\/\/bikeskills.ca\/product\/quebec-velo-de-montagne-tours-et-guidage-5-jours\/"},"modified":"2025-01-30T09:44:38","modified_gmt":"2025-01-30T13:44:38","slug":"quebec-velo-de-montagne-tours-et-guidage-5-jours","status":"publish","type":"product","link":"https:\/\/bikeskills.ca\/fr\/produit\/quebec-velo-de-montagne-tours-et-guidage-5-jours\/","title":{"rendered":"Tours et guidage &#8211; 5 jours"},"content":{"rendered":"<h2>Mountain Bike Qu\u00e9bec<br \/>\nTours et Guidage<\/p>\n<p>Sentiers du Moulin<br \/>\nEmpire 47<br \/>\nVall\u00e9e Bras du Nord<br \/>\nLe Massif de Charlevoix<br \/>\nMont Sainte-Anne<\/h2>\n<h2>Faites-vous guider dans les sentiers signature des Sentiers du Moulin, de Empire 47, de la Vall\u00e9e Bras-du-Nord, du Mont-Sainte-Anne et du Massif de Charlevoix<\/h2>\n<h2>Would you like to be guided for five full days by our certified instructors in the best trails of the Quebec City area?  It&#8217;s possible!  You&#8217;ll be supervised on an itinerary organized according to your skill and physical level.  Your enjoyment will be optimized!<\/p>\n<p>Whether you&#8217;re exploring the Fabuleuse (green trail), the Slab City (blue trail) or the LB2, the Mammoth or the Wolverine (black to double-black trail), you&#8217;ll have the opportunity to benefit from technical advice while riding the most beautiful trails with us.<\/h2>\n<h2><center style=\"text-align: -webkit-center;\"><strong style=\"color: rgb(35, 53, 64); letter-spacing: 0px; text-align: left;\">Tours et Guidage<\/strong><\/center><center style=\"text-align: -webkit-center;\"><strong style=\"letter-spacing: 0px; color: rgb(35, 53, 64); text-align: left;\"><\/strong><strong style=\"color: rgb(35, 53, 64); letter-spacing: 0px; text-align: left;\"><br \/>\n<\/strong><\/center><\/h2>\n<h4><center><strong>2600$ - Prix fixe pour groupe de 1 \u00e0 5 participants<br \/>\n<\/strong><\/center><\/h4>\n<p><center style=\"text-align: -webkit-center;\"><\/center><\/p>\n<ul>\n<li><strong style=\"letter-spacing: 0px;\">Niveau :&nbsp;<\/strong>D\u00e9butant, Interm\u00e9diaire et Avanc\u00e9&nbsp;<\/li>\n<li><b>Tous les participants doivent avoir un niveau d'habilet\u00e9 similaire<\/b><\/li>\n<li><strong>Heure :&nbsp;<\/strong>9:30 AM \u00e0 4:00 PM<\/li>\n<li><strong style=\"letter-spacing: 0px;\">Location : Empire 47,&nbsp;<\/strong><b>Sentiers du Moulin, Vall\u00e9e Bras-du-Nord, Le Massif&nbsp;et le Mont-Sainte-Anne<\/b><\/li>\n<li><b>Note : <\/b>Toutes les exp\u00e9riences de guidage commencent par un \u00e9chauffement sur des sentiers faciles. \u00a0Le coach \u00e9valuera votre niveau et vous proposera un itin\u00e9raire. \u00a0Notre priorit\u00e9 \u00e9tant la s\u00e9curit\u00e9, un coach peut mettre son veto quant aux ambitions d'un groupe si la s\u00e9curit\u00e9 est un enjeux.<\/li>\n<p><center><strong>Merci d'arriver 5-10 minutes \u00e0 l\u2019avance, pr\u00eat \u00e0 rouler<br \/>\n<\/strong><\/center><\/ul>\n<h4><center><strong>Droits d'acc\u00e8s aux sentiers non-inclus<\/strong><\/center><center><strong><br \/>\n<\/strong><\/center><center><strong>Transport aller-retour du centre-ville de Qu\u00e9bec vers le site de pratique disponible en extra<\/strong><\/center><center><strong><br \/>\n<\/strong><\/center><\/h4>\n<h4><center><strong>V\u00e9lo de location non-inclus<\/strong><\/center><\/h4>\n<p><a tabindex=\"0\">Description du cours de v\u00e9lo de montagne<\/a><\/p>\n<h4>Profitez de votre exp\u00e9rience de guidage<\/h4>\n<p>This \u201cluxury\u201d guiding package will allow you to explore a bike center you\u2019ve never ridden before or simply find new routes for your comfort level. While making sure you have the right basics, the guide will tailor a ride for you! Whether you\u2019re on your own or with a few friends, it really pays to maximize the experience and let yourself go through the trails!<\/p>\n<p><strong><\/strong><\/p>\n<p><strong><br \/>\n<\/strong><strong>Format de le\u00e7on :<\/strong>  Former votre propre groupe et nous vous jumellerons \u00e0 un de nos entra\u00eeneurs. Le focus est sur VOUS et VOTRE GROUPE!<\/p>\n<p><strong><\/strong><\/p>\n<p><strong><br \/>\n<\/strong><strong>Entra\u00eeneur :<\/strong> Votre entra\u00eeneur sera certifi\u00e9 niveau I pmbia.org et secourisme 20h en r\u00e9gion \u00e9loign\u00e9e.<\/p>\n<p><strong><\/strong><\/p>\n<p><strong><br \/>\n<\/strong><strong>Terrain:<\/strong>  You heard about the signature trails in Sentiers du Moulin like the LB\u2019s, the Slab City or the Wolverine, but not sure if you can ride them? All guiding experiences will start with a warm up on easier trails.  Your coach will assess your skill and fitness level and will propose an itinerary based on your needs.  Our focus in safety, a coach can veto a group\u2019s ambitions if safety is a concern.<\/p>\n<p><a tabindex=\"0\">Ce cours de v\u00e9lo de montagne est pour vous si :<\/a><\/p>\n<ul>\n<li>Vous \u00eates seul ou avec un petit groupe et d\u00e9sirez d\u00e9couvrir un centre.<\/li>\n<li>Vous d\u00e9sirez obtenir quelques trucs techniques pour rouler en toute s\u00e9curit\u00e9.<\/li>\n<li>Vous aimez rouler sans trop vous poser de questions \u00e0 propos de l\u2019itin\u00e9raire.<\/li>\n<li>Vous souhaitez d\u00e9couvrir les sentiers accessibles pour votre calibre.<\/li>\n<li> You don\u2019t necessarily want a technical mountain biking course, but are open to trips and tricks on riding<\/li>\n<li>Vous d\u00e9sirez maximiser votre journ\u00e9e!<\/li>\n<\/ul>\n<p>Si vous avez r\u00e9pondu <b>OUI<\/b> \u00e0 la plupart de ces questions ? <b>Ce cours de v\u00e9lo est pour vous.<\/b>  Vous h\u00e9sitez et vous avez des questions, contactez-nous!<br \/>\n<a href=\"https:\/\/bikeskills.ca\/fr\/cliniques\/\"><br \/>\nDescriptions de tous les cours de Bikeskills<br \/>\n<\/a><br \/>\n<a tabindex=\"0\">Politiques de Bikeskills<\/a><\/p>\n<ul>\n<li>Minimum de 3 participants pour le cours de v\u00e9lo de montagne<\/li>\n<li>Bikeskills se r\u00e9serve le droit de reporter une clinique \u00e0 une date ult\u00e9rieure si le nombre minimal de participants n'est pas atteint.<\/li>\n<li>No refunds, except for major exceptions, at Bikeskills\u2019s discretion<\/li>\n<li>Les cours de v\u00e9lo et \u00e9v\u00e8nements Bikeskills ne sont pas annul\u00e9s en cas de pluie.<\/li>\n<li>Un \u00e9v\u00e8nement peut \u00eatre report\u00e9 si le site de pratique est ferm\u00e9.<\/li>\n<li>Bikeskills n\u2019est pas responsable de l\u2019arr\u00eat ou de la fermeture d\u2019une remont\u00e9e m\u00e9canique ou gondole, ou de la fermeture de sentiers. Une alternative sera propos\u00e9e au client, pouvant n\u00e9cessiter un d\u00e9placement.<\/li>\n<\/ul>\n<p><a tabindex=\"0\">Quoi apporter ?<\/a><\/p>\n<ul>\n<li>Protections pour les genoux obligatoires<\/li>\n<li>Gants longs et protections pour les coudes recommand\u00e9s<\/li>\n<li>Casque v\u00e9lo de montagne<\/li>\n<li>V\u00eatements sports adapt\u00e9s aux conditions m\u00e9t\u00e9o<\/li>\n<li>Souliers \u00e0 semelles plates (type Vans) ou souliers de v\u00e9lo de montagne<\/li>\n<li>P\u00e9dales plateformes (flat) avec crampons en m\u00e9tal ou p\u00e9dales automatiques (clip) de v\u00e9lo de montagne<\/li>\n<li>Hydratation (bouteille de v\u00e9lo) et nutrition (barres)<\/li>\n<\/ul>\n<p><a tabindex=\"0\">Comment planifier votre journ\u00e9e<\/a><br \/>\nAfin de se prot\u00e9ger des \u00e9raflures et blessures mineures, Bikeskills vous recommande de TOUJOURS porter une protection pour les genoux. Les gants, lunettes de protection et protections pour les coudes sont \u00e9galement recommand\u00e9s, mais non obligatoire. Il va de soi qu\u2019un casque est toujours essentiel, id\u00e9alement un casque sp\u00e9cifique au v\u00e9lo de montagne. Le casque int\u00e9gral (full face) et protecteur frontal et dorsal pour les cours avanc\u00e9s et\/ou en remont\u00e9e m\u00e9canique est \u00e9galement recommand\u00e9, mais non obligatoire.<\/p>\n<p>Comme le cours se d\u00e9roulera \u00e0 l\u2019ext\u00e9rieur et que nous n\u2019avons pas acc\u00e8s \u00e0 des installations int\u00e9rieures, il est recommand\u00e9 de prendre connaissance des pr\u00e9visions m\u00e9t\u00e9orologiques et de s\u2019habiller en cons\u00e9quence. Il est recommand\u00e9 \u00e0 chaque membre du groupe d\u2019apporter des collations et de l\u2019eau afin d\u2019avoir suffisamment d\u2019\u00e9nergie pour bien profiter du cours.<br \/>\n<a tabindex=\"0\">Mise en garde aux participants<\/a><br \/>\nComme nous d\u00e9sirons vous pr\u00e9parer \u00e0 l\u2019avance pour une belle exp\u00e9rience, voici les notes concernant la pratique s\u00e9curitaire du v\u00e9lo de montagne<\/p>\n<ul>\n<li>Communiquez vos appr\u00e9hensions, vos blessures ant\u00e9rieures et vos limitations physiques \u00e0 l\u2019entra\u00eeneur.<\/li>\n<li>N\u2019exc\u00e9dez par vos limites physiques et techniques.<\/li>\n<li>Toutes les difficult\u00e9s et les modules sont optionnels en tout temps. \u00a0Nous pouvons toujours diminuer les exigences physique et techniques de la le\u00e7on.<\/li>\n<li>Selon l\u2019objectif du cours, des d\u00e9fis seront incorpor\u00e9s, du simple au complexe.<\/li>\n<li>Avant de s\u2019engager dans une section technique, le participant devra d\u00e9montrer un niveau de ma\u00eetrise minimal sur un terrain plat ou sur un sentier de difficult\u00e9 technique moindre.<\/li>\n<li>For a technical challenge, we stop, analyze, walk the section and then engage\u2026 or not!<\/li>\n<\/ul>\n<h4><center><strong>PRE-RIDE \/ RIDE \/ FREERIDE !<\/strong><\/center><\/h4>\n<p><strong>\t\t\t\t\t\t\t\t\t\t\t\t<a tabindex=\"0\">Horaire type du cours de v\u00e9lo de montagne<\/a><\/p>\n<h3><center><strong>Horaire type d'un cours de fin de semaine<\/strong><\/center><\/h3>\n<p><\/strong><strong><\/strong><\/p>\n<p><strong>9:30<\/strong> Welcome \u2013 Introduction \u2013 Bike and equipment check<br \/>\n<strong>9:45<\/strong>  Apprentissage des habilet\u00e9s techniques<br \/>\n<strong>10:30<\/strong>  Pratique des habilet\u00e9s techniques et sortie guid\u00e9e.<br \/>\n<strong>12:00<\/strong>  Fin du cours de v\u00e9lo<\/p>\n<h3><center><strong>Horaire type d'un cours en semaine<\/strong><\/center><\/h3>\n<p><strong>18:00<\/strong> Welcome \u2013 Introduction \u2013 Bike and equipment check<br \/>\n<strong>18:15<\/strong>  Apprentissage des habilet\u00e9s techniques<br \/>\n<strong>19:00<\/strong>  Pratique des habilet\u00e9s techniques et sortie guid\u00e9e.<br \/>\n<strong>19:45<\/strong>  Fin du cours de v\u00e9lo<\/p>\n<h2><center><strong>Votre satisfaction est notre priorit\u00e9<\/strong><\/center><\/h2>\n<p>Vous \u00eates satisfait de votre le\u00e7on? Vous avez eu un service 5 \u00e9toiles? Voici comment vous pouvez aider notre petite entreprise \u00e0 grandir! Si ce n\u2019est pas 4 \u00e9toiles et plus, veuillez remplir le document de satisfaction pour que l\u2019on puisse adresser la situation \u00e0 l\u2019interne<\/p>\n<h4><center><strong><a style=\"color: #233540;\" href=\"https:\/\/g.page\/r\/CVKZLdgYTPfBEAg\/review\" target=\"_blank\" rel=\"noopener noreferrer\">Avis Google<\/a><\/strong><\/center><br \/>\n<center><strong><a style=\"color: #233540;\" href=\"https:\/\/www.facebook.com\/bikeskills.ca\/reviews\/\" target=\"_blank\" rel=\"noopener noreferrer\">Avis Facebook<\/a><\/strong><\/center><br \/>\n<center><strong><br \/>\n<a style=\"color: #233540;\" href=\"https:\/\/bikeskills.ca\/fr\/satisfaction\/\" target=\"_blank\" rel=\"noopener noreferrer\">Formulaire de satisfaction Bikeskills<\/a><\/strong><\/center><\/h4>\n<h2>Let&#8217;s stay in contact<\/h2>\n<p><a href=\"https:\/\/www.facebook.com\/bikeskills.ca\/\" target=\"_blank\" rel=\"noopener\"><br \/>\nFacebook-f<br \/>\n<\/a><br \/>\n<a href=\"https:\/\/www.instagram.com\/bikeskills.ca\/\" target=\"_blank\" rel=\"noopener\"><br \/>\nInstagram<br \/>\n<\/a><br \/>\n<a href=\"https:\/\/www.tiktok.com\/@bikeskills\" target=\"_blank\" rel=\"noopener\"><br \/>\nTiktok<br \/>\n<\/a><br \/>\n<a href=\"https:\/\/www.youtube.com\/@bikeskills_ca\" target=\"_blank\" rel=\"noopener\"><br \/>\nYoutube<br \/>\n<\/a><\/p>","protected":false},"excerpt":{"rendered":"<p>Mountain Bike Qu\u00e9bec Tours and guiding Sentiers du Moulin Empire 47 Vall\u00e9e Bras du Nord Le Massif de Charlevoix Mont Sainte-Anne Let us guide you through the signature trails of Empire 47, Sentiers du Moulin, Vall\u00e9e Bras du Nord, le Massif de Charlevoix and le Mont-Sainte-Anne Would you like to be guided for five full [&hellip;]<\/p>","protected":false},"featured_media":0,"comment_status":"closed","ping_status":"closed","template":"","meta":{"_links_to":"","_links_to_target":""},"product_cat":[115],"product_tag":[],"yoast_head":"<!-- This site is optimized with the Yoast SEO plugin v24.2 - https:\/\/yoast.com\/wordpress\/plugins\/seo\/ -->\n<title>Tours et guidage - 5 jours - \u00c9cole de v\u00e9lo Bikeskills<\/title>\n<meta name=\"robots\" content=\"index, follow, max-snippet:-1, max-image-preview:large, max-video-preview:-1\" \/>\n<link rel=\"canonical\" href=\"https:\/\/bikeskills.ca\/fr\/produit\/quebec-velo-de-montagne-tours-et-guidage-5-jours\/\" \/>\n<meta property=\"og:locale\" content=\"fr_CA\" \/>\n<meta property=\"og:type\" content=\"article\" \/>\n<meta property=\"og:title\" content=\"Tours et guidage - 5 jours - \u00c9cole de v\u00e9lo Bikeskills\" \/>\n<meta property=\"og:description\" content=\"Mountain Bike Qu\u00e9bec Tours and guiding Sentiers du Moulin Empire 47 Vall\u00e9e Bras du Nord Le Massif de Charlevoix Mont Sainte-Anne Let us guide you through the signature trails of Empire 47, Sentiers du Moulin, Vall\u00e9e Bras du Nord, le Massif de Charlevoix and le Mont-Sainte-Anne Would you like to be guided for five full [&hellip;]\" \/>\n<meta property=\"og:url\" content=\"https:\/\/bikeskills.ca\/fr\/produit\/quebec-velo-de-montagne-tours-et-guidage-5-jours\/\" \/>\n<meta property=\"og:site_name\" content=\"\u00c9cole de v\u00e9lo Bikeskills\" \/>\n<meta property=\"article:publisher\" content=\"https:\/\/www.facebook.com\/Bikeskillsca-2194275320683514\/\" \/>\n<meta property=\"article:modified_time\" content=\"2025-01-30T13:44:38+00:00\" \/>\n<meta name=\"twitter:card\" content=\"summary_large_image\" \/>\n<meta name=\"twitter:label1\" content=\"Estimation du temps de lecture\" \/>\n\t<meta name=\"twitter:data1\" content=\"5 minutes\" \/>\n<script type=\"application\/ld+json\" class=\"yoast-schema-graph\">{\"@context\":\"https:\/\/schema.org\",\"@graph\":[{\"@type\":\"WebPage\",\"@id\":\"https:\/\/bikeskills.ca\/fr\/produit\/quebec-velo-de-montagne-tours-et-guidage-5-jours\/\",\"url\":\"https:\/\/bikeskills.ca\/fr\/produit\/quebec-velo-de-montagne-tours-et-guidage-5-jours\/\",\"name\":\"Tours et guidage - 5 jours - \u00c9cole de v\u00e9lo Bikeskills\",\"isPartOf\":{\"@id\":\"https:\/\/bikeskills.ca\/fr\/#website\"},\"datePublished\":\"2025-01-28T19:24:41+00:00\",\"dateModified\":\"2025-01-30T13:44:38+00:00\",\"breadcrumb\":{\"@id\":\"https:\/\/bikeskills.ca\/fr\/produit\/quebec-velo-de-montagne-tours-et-guidage-5-jours\/#breadcrumb\"},\"inLanguage\":\"fr-CA\",\"potentialAction\":[{\"@type\":\"ReadAction\",\"target\":[\"https:\/\/bikeskills.ca\/fr\/produit\/quebec-velo-de-montagne-tours-et-guidage-5-jours\/\"]}]},{\"@type\":\"BreadcrumbList\",\"@id\":\"https:\/\/bikeskills.ca\/fr\/produit\/quebec-velo-de-montagne-tours-et-guidage-5-jours\/#breadcrumb\",\"itemListElement\":[{\"@type\":\"ListItem\",\"position\":1,\"name\":\"Home\",\"item\":\"https:\/\/bikeskills.ca\/fr\/\"},{\"@type\":\"ListItem\",\"position\":2,\"name\":\"Shop\",\"item\":\"https:\/\/bikeskills.ca\/fr\/shop\/\"},{\"@type\":\"ListItem\",\"position\":3,\"name\":\"Tours et guidage &#8211; 5 jours\"}]},{\"@type\":\"WebSite\",\"@id\":\"https:\/\/bikeskills.ca\/fr\/#website\",\"url\":\"https:\/\/bikeskills.ca\/fr\/\",\"name\":\"\u00c9cole de v\u00e9lo Bikeskills\",\"description\":\"\u00c9cole de v\u00e9lo de montagne - Cours de v\u00e9lo de montagne - \u00c9v\u00e8nements priv\u00e9s et corporatifs - Partout au Qu\u00e9bec\",\"publisher\":{\"@id\":\"https:\/\/bikeskills.ca\/fr\/#organization\"},\"potentialAction\":[{\"@type\":\"SearchAction\",\"target\":{\"@type\":\"EntryPoint\",\"urlTemplate\":\"https:\/\/bikeskills.ca\/fr\/?s={search_term_string}\"},\"query-input\":{\"@type\":\"PropertyValueSpecification\",\"valueRequired\":true,\"valueName\":\"search_term_string\"}}],\"inLanguage\":\"fr-CA\"},{\"@type\":\"Organization\",\"@id\":\"https:\/\/bikeskills.ca\/fr\/#organization\",\"name\":\"\u00c9cole de v\u00e9lo Bikeskills\",\"url\":\"https:\/\/bikeskills.ca\/fr\/\",\"logo\":{\"@type\":\"ImageObject\",\"inLanguage\":\"fr-CA\",\"@id\":\"https:\/\/bikeskills.ca\/fr\/#\/schema\/logo\/image\/\",\"url\":\"https:\/\/bikeskills.ca\/wp-content\/uploads\/2019\/08\/Screen-Shot-2019-08-12-at-6.11.svg\",\"contentUrl\":\"https:\/\/bikeskills.ca\/wp-content\/uploads\/2019\/08\/Screen-Shot-2019-08-12-at-6.11.svg\",\"width\":309,\"height\":83,\"caption\":\"\u00c9cole de v\u00e9lo Bikeskills\"},\"image\":{\"@id\":\"https:\/\/bikeskills.ca\/fr\/#\/schema\/logo\/image\/\"},\"sameAs\":[\"https:\/\/www.facebook.com\/Bikeskillsca-2194275320683514\/\",\"https:\/\/www.instagram.com\/bikeskills.ca\/?hl=fr\"]}]}<\/script>\n<!-- \/ Yoast SEO plugin. -->","yoast_head_json":{"title":"Tours et guidage - 5 jours - \u00c9cole de v\u00e9lo Bikeskills","robots":{"index":"index","follow":"follow","max-snippet":"max-snippet:-1","max-image-preview":"max-image-preview:large","max-video-preview":"max-video-preview:-1"},"canonical":"https:\/\/bikeskills.ca\/fr\/produit\/quebec-velo-de-montagne-tours-et-guidage-5-jours\/","og_locale":"fr_CA","og_type":"article","og_title":"Tours et guidage - 5 jours - \u00c9cole de v\u00e9lo Bikeskills","og_description":"Mountain Bike Qu\u00e9bec Tours and guiding Sentiers du Moulin Empire 47 Vall\u00e9e Bras du Nord Le Massif de Charlevoix Mont Sainte-Anne Let us guide you through the signature trails of Empire 47, Sentiers du Moulin, Vall\u00e9e Bras du Nord, le Massif de Charlevoix and le Mont-Sainte-Anne Would you like to be guided for five full [&hellip;]","og_url":"https:\/\/bikeskills.ca\/fr\/produit\/quebec-velo-de-montagne-tours-et-guidage-5-jours\/","og_site_name":"\u00c9cole de v\u00e9lo Bikeskills","article_publisher":"https:\/\/www.facebook.com\/Bikeskillsca-2194275320683514\/","article_modified_time":"2025-01-30T13:44:38+00:00","twitter_card":"summary_large_image","twitter_misc":{"Estimation du temps de lecture":"5 minutes"},"schema":{"@context":"https:\/\/schema.org","@graph":[{"@type":"WebPage","@id":"https:\/\/bikeskills.ca\/fr\/produit\/quebec-velo-de-montagne-tours-et-guidage-5-jours\/","url":"https:\/\/bikeskills.ca\/fr\/produit\/quebec-velo-de-montagne-tours-et-guidage-5-jours\/","name":"Tours et guidage - 5 jours - \u00c9cole de v\u00e9lo Bikeskills","isPartOf":{"@id":"https:\/\/bikeskills.ca\/fr\/#website"},"datePublished":"2025-01-28T19:24:41+00:00","dateModified":"2025-01-30T13:44:38+00:00","breadcrumb":{"@id":"https:\/\/bikeskills.ca\/fr\/produit\/quebec-velo-de-montagne-tours-et-guidage-5-jours\/#breadcrumb"},"inLanguage":"fr-CA","potentialAction":[{"@type":"ReadAction","target":["https:\/\/bikeskills.ca\/fr\/produit\/quebec-velo-de-montagne-tours-et-guidage-5-jours\/"]}]},{"@type":"BreadcrumbList","@id":"https:\/\/bikeskills.ca\/fr\/produit\/quebec-velo-de-montagne-tours-et-guidage-5-jours\/#breadcrumb","itemListElement":[{"@type":"ListItem","position":1,"name":"Home","item":"https:\/\/bikeskills.ca\/fr\/"},{"@type":"ListItem","position":2,"name":"Shop","item":"https:\/\/bikeskills.ca\/fr\/shop\/"},{"@type":"ListItem","position":3,"name":"Tours et guidage &#8211; 5 jours"}]},{"@type":"WebSite","@id":"https:\/\/bikeskills.ca\/fr\/#website","url":"https:\/\/bikeskills.ca\/fr\/","name":"\u00c9cole de v\u00e9lo Bikeskills","description":"\u00c9cole de v\u00e9lo de montagne - Cours de v\u00e9lo de montagne - \u00c9v\u00e8nements priv\u00e9s et corporatifs - Partout au Qu\u00e9bec","publisher":{"@id":"https:\/\/bikeskills.ca\/fr\/#organization"},"potentialAction":[{"@type":"SearchAction","target":{"@type":"EntryPoint","urlTemplate":"https:\/\/bikeskills.ca\/fr\/?s={search_term_string}"},"query-input":{"@type":"PropertyValueSpecification","valueRequired":true,"valueName":"search_term_string"}}],"inLanguage":"fr-CA"},{"@type":"Organization","@id":"https:\/\/bikeskills.ca\/fr\/#organization","name":"\u00c9cole de v\u00e9lo Bikeskills","url":"https:\/\/bikeskills.ca\/fr\/","logo":{"@type":"ImageObject","inLanguage":"fr-CA","@id":"https:\/\/bikeskills.ca\/fr\/#\/schema\/logo\/image\/","url":"https:\/\/bikeskills.ca\/wp-content\/uploads\/2019\/08\/Screen-Shot-2019-08-12-at-6.11.svg","contentUrl":"https:\/\/bikeskills.ca\/wp-content\/uploads\/2019\/08\/Screen-Shot-2019-08-12-at-6.11.svg","width":309,"height":83,"caption":"\u00c9cole de v\u00e9lo Bikeskills"},"image":{"@id":"https:\/\/bikeskills.ca\/fr\/#\/schema\/logo\/image\/"},"sameAs":["https:\/\/www.facebook.com\/Bikeskillsca-2194275320683514\/","https:\/\/www.instagram.com\/bikeskills.ca\/?hl=fr"]}]}},"_links":{"self":[{"href":"https:\/\/bikeskills.ca\/fr\/wp-json\/wp\/v2\/product\/28759"}],"collection":[{"href":"https:\/\/bikeskills.ca\/fr\/wp-json\/wp\/v2\/product"}],"about":[{"href":"https:\/\/bikeskills.ca\/fr\/wp-json\/wp\/v2\/types\/product"}],"replies":[{"embeddable":true,"href":"https:\/\/bikeskills.ca\/fr\/wp-json\/wp\/v2\/comments?post=28759"}],"wp:attachment":[{"href":"https:\/\/bikeskills.ca\/fr\/wp-json\/wp\/v2\/media?parent=28759"}],"wp:term":[{"taxonomy":"product_cat","embeddable":true,"href":"https:\/\/bikeskills.ca\/fr\/wp-json\/wp\/v2\/product_cat?post=28759"},{"taxonomy":"product_tag","embeddable":true,"href":"https:\/\/bikeskills.ca\/fr\/wp-json\/wp\/v2\/product_tag?post=28759"}],"curies":[{"name":"wp","href":"https:\/\/api.w.org\/{rel}","templated":true}]}}