{"id":28843,"date":"2025-01-30T09:19:02","date_gmt":"2025-01-30T13:19:02","guid":{"rendered":"https:\/\/bikeskills.ca\/product\/tours-et-guidage-1-jour\/"},"modified":"2025-08-06T09:25:33","modified_gmt":"2025-08-06T13:25:33","slug":"tours-et-guidage-1-jour","status":"publish","type":"product","link":"https:\/\/bikeskills.ca\/fr\/produit\/tours-et-guidage-1-jour\/","title":{"rendered":"Tours et guidage &#8211; Demi-journ\u00e9e"},"content":{"rendered":"<h1>Looking to book within the next 5 days? Contact us by email to check availability\u2014we&#8217;ll do our best to get you riding!<\/h1>\n<h2>Guidage<\/h2>\n<h1>Tours et Guidage<br \/>Demi-journ\u00e9e<br \/>Bromont et Qu\u00e9bec<\/h1>\n<h2>Laissez-nous vous emmener dans une balade inoubliable \u00e0 travers les meilleurs sentiers signature des Sentiers du Moulin \u00e0 Qu\u00e9bec et du Parc des Sommets \u00e0 Bromont !<\/h2>\n<h4>\n<p><strong>Roulez avec confiance<\/strong> sur un itin\u00e9raire fait sur mesure pour vous et votre groupe, selon votre niveau physique et technique -<em>plaisir maximal garanti!<\/em><\/p>\n<p>Would you like to be guided by our certified instructors?  It&#8217;s possible!  <\/p>\n<p>You&#8217;ll be supervised on an itinerary organized according to your skill and physical level.  Your enjoyment will be optimized!<br \/>\nQue vous exploriez Bromont ou les Sentiers du Moulin \u00e0 Qu\u00e9bec, vous serez surpris par la qualit\u00e9 et la diversit\u00e9 des r\u00e9seaux de sentiers.  <\/p>\n<p>D'autres options de guidage sont disponibles dans les 5 centres de v\u00e9lo de montagne autour de Qu\u00e9bec, en partenariat avec Qu\u00e9bec V\u00e9lo de Montagne.  <\/p>\n<p><strong>Vall\u00e9e Bras du Nord, Empire 47, Sentiers du Moulin, Mont Sainte-Anne et Le Massif de Charlevoix.<\/strong><\/h4>\n<p>\t\t\t\t\t\t\t\t\t\t\t\t<a tabindex=\"0\">Ce cours de v\u00e9lo de montagne est pour vous si :<\/a><\/p>\n<ul>\n<li>Vous \u00eates seul ou avec un petit groupe et d\u00e9sirez d\u00e9couvrir un centre.<\/li>\n<li>Vous d\u00e9sirez obtenir quelques trucs techniques pour rouler en toute s\u00e9curit\u00e9.<\/li>\n<li>Vous aimez rouler sans trop vous poser de questions \u00e0 propos de l\u2019itin\u00e9raire.<\/li>\n<li>Vous souhaitez d\u00e9couvrir les sentiers accessibles pour votre calibre.<\/li>\n<li> Vous ne d\u00e9sirez pas un cours techniques de v\u00e9lo de montagne mais bien quelques ajustements sur les fondements de base pour assurer plaisir et \u2026<\/li>\n<li>Vous d\u00e9sirez maximiser votre journ\u00e9e!<\/li>\n<\/ul>\n<p>\nSi vous avez r\u00e9pondu <b>OUI<\/b> \u00e0 la plupart de ces questions ? <b>Ce cours de v\u00e9lo est pour vous.<\/b>  Vous h\u00e9sitez et vous avez des questions, contactez-nous!<br \/>\n\t\t\t\t\t\t\t\t\t\t\t\t<a tabindex=\"0\">Description du cours de v\u00e9lo de montagne<\/a><\/p>\n<p><strong>Profitez de votre exp\u00e9rience de guidage<\/strong><\/p>\n<p>Cette formule de guidage de luxe vous permettra d\u2019explorer un centre de v\u00e9lo dans lequel vous n\u2019avez jamais roul\u00e9 auparavant ou tout simplement de nouveaux itin\u00e9raires pour votre niveau d\u2019aisance. Tout en s\u2019assurant que vous avez les bons fondements de base, le guide vous concoctera, une ride sur mesure! Que vous soyez seul ou avec quelques amis, il est vraiment profitable d\u2019optimiser l\u2019exp\u00e9rience et de vous laisser aller \u00e0 travers les sentiers!<\/p>\n<p><strong><\/strong><\/p>\n<p><strong><br \/>\n<\/strong><\/p>\n<p><strong>Format de le\u00e7on :<\/strong>  Former votre propre groupe et nous vous jumellerons \u00e0 un de nos entra\u00eeneurs. Le focus est sur VOUS et VOTRE GROUPE!<\/p>\n<p><strong><\/strong><\/p>\n<p><strong><br \/>\n<\/strong><\/p>\n<p><strong>Entra\u00eeneur :<\/strong> Votre entra\u00eeneur sera certifi\u00e9 niveau I pmbia.org et secourisme 20h en r\u00e9gion \u00e9loign\u00e9e.<\/p>\n<p><strong><\/strong><\/p>\n<p><strong><br \/>\n<\/strong><\/p>\n<p><strong>Terrain:<\/strong>  Vous avez entendu parler des pistes signatures des Sentiers du Moulin comme les LB, la Slab City ou la Wolverine, mais vous n'\u00eates pas s\u00fbr de pouvoir les rider ? La Shamourai ou La Mordor \u00e0 Bromont? Toutes les exp\u00e9riences de guidage commenceront par un \u00e9chauffement sur des pistes plus faciles.  Votre coach \u00e9valuera votre niveau de comp\u00e9tence et de forme physique et vous proposera un itin\u00e9raire adapt\u00e9 \u00e0 vos besoins.  Notre priorit\u00e9 \u00e9tant la s\u00e9curit\u00e9, un coach peut mettre son veto aux ambitions d'un groupe si la s\u00e9curit\u00e9 est un probl\u00e8me.<\/p>\n<h2>Tours et Guidage<\/h2>\n<p>Prix fixe de 399$ pour un groupe de 1 \u00e0 5 personne - venez en gang et partagez l'exp\u00e9rience!<\/p>\n<ul>\n<li><strong>Niveau :&nbsp;<\/strong>D\u00e9butant, Interm\u00e9diaire et Avanc\u00e9&nbsp;<\/li>\n<li><b>Tous les participants doivent avoir un niveau d'habilet\u00e9 similaire<\/b><\/li>\n<li><strong>Heure :&nbsp;<\/strong>9:30 AM \u00e0 12:00 PM&nbsp;<b><u>OU<\/u><\/b>&nbsp;1:00 PM \u00e0 4:00 PM<\/li>\n<li><b style=\"letter-spacing: 0px;\">Votre entra\u00eeneur :<\/b> Votre coach sera un instructeur certifi\u00e9 PMBIA<\/li>\n<li><b>Note : <\/b>Toutes les exp\u00e9riences de guidage commencent par un \u00e9chauffement sur des sentiers faciles. \u00a0Le coach \u00e9valuera votre niveau et vous proposera un itin\u00e9raire. \u00a0Notre priorit\u00e9 \u00e9tant la s\u00e9curit\u00e9, un coach peut mettre son veto quant aux ambitions d'un groupe si la s\u00e9curit\u00e9 est un enjeux.<\/li>\n<\/p>\n<p><center><strong>Merci d'arriver 5-10 minutes \u00e0 l\u2019avance, pr\u00eat \u00e0 rouler<br \/><\/strong><\/center><\/ul>\n<p>Droits d'acc\u00e8s aux sentiers non-inclus<\/p>\n<p>V\u00e9los non-inclus<br \/>\n\t\t\t\t\t<a href=\"https:\/\/bikeskills.ca\/fr\/cliniques\/\"><br \/>\n\t\t\t\t\t\t\t\t\tDescriptions de tous les cours de Bikeskills<br \/>\n\t\t\t\t\t<\/a><br \/>\n\t\t\t\t\t\t\t\t\t\t\t\t<a tabindex=\"0\">Politiques de Bikeskills<\/a><\/p>\n<li>Aucun remboursement, sauf pour exception majeure, \u00e0 la discr\u00e9tion de Bikeskills.\n<\/li>\n<li>Les cours de v\u00e9lo et \u00e9v\u00e8nements Bikeskills ne sont pas annul\u00e9s en cas de pluie.\n<\/li>\n<li>Un \u00e9v\u00e8nement peut \u00eatre report\u00e9 si le site de pratique est ferm\u00e9 afin de pr\u00e9server l'\u00e9tat des sentiers..\n<\/li>\n<li>Bikeskills n\u2019est pas responsable de l\u2019arr\u00eat ou de la fermeture d\u2019une remont\u00e9e m\u00e9canique ou gondole, ou de la fermeture de sentiers. Une alternative sera propos\u00e9e au client, pouvant n\u00e9cessiter un d\u00e9placement.\n<\/li>\n<p>\t\t\t\t\t\t\t\t\t\t\t\t<a tabindex=\"0\">Quoi apporter ?<\/a><\/p>\n<li><b>Protections pour les genoux obligatoires (pour tous)<\/b><\/li>\n<li>Gants longs et protections pour les coudes fortement recommand\u00e9s<\/li>\n<li>Casque sp\u00e9cifique au v\u00e9lo de montagne<\/li>\n<li>V\u00eatements sports adapt\u00e9s aux conditions m\u00e9t\u00e9o<\/li>\n<li>Hydratation (bouteille de v\u00e9lo) et nutrition (barres)<\/li>\n<li>Souliers \u00e0 semelles plates (type Vans) ou souliers de v\u00e9lo de montagne<\/li>\n<li>P\u00e9dales plateformes (flat) avec crampons en m\u00e9tal ou p\u00e9dales automatiques (clip) de v\u00e9lo de montagne<\/li>\n<li>Veuillez \u00e9viter les p\u00e9dales en plastique, les p\u00e9dales double usage ou les p\u00e9dales \/ souliers minimalistes de cross-country.&nbsp;<\/li>\n<p>\t\t\t\t\t\t\t\t\t\t\t\t<a tabindex=\"0\">Comment planifier votre journ\u00e9e<\/a><\/p>\n<ul>\n<p>Afin de se prot\u00e9ger des \u00e9raflures et blessures mineures, Bikeskills vous recommande de TOUJOURS porter une protection pour les genoux. Les gants, lunettes de protection et protections pour les coudes sont \u00e9galement recommand\u00e9s. Un casque sp\u00e9cifique au v\u00e9lo de montagne est requis, plusieurs options de casques int\u00e9gr\u00e9s l\u00e9gers existent . Le casque int\u00e9gral (full face) et protecteur frontal et dorsal pour les cours avanc\u00e9s et\/ou en remont\u00e9e m\u00e9canique est \u00e9galement fortement recommand\u00e9.<\/p>\n<\/p>\n<p>\nComme le cours se d\u00e9roulera \u00e0 l\u2019ext\u00e9rieur et que nous n\u2019avons pas acc\u00e8s \u00e0 des installations int\u00e9rieures, il est recommand\u00e9 de prendre connaissance des pr\u00e9visions m\u00e9t\u00e9orologiques et de s\u2019habiller en cons\u00e9quence. La m\u00e9t\u00e9o en montagne peut changer rapidement, pensez \u00e0 une approche multi-couche, un coupe-vent peut s'av\u00e9rer une option efficace.  Il est recommand\u00e9 \u00e0 chaque membre du groupe d\u2019apporter des collations et de l\u2019eau afin d\u2019avoir suffisamment d\u2019\u00e9nergie pour bien profiter du cours.<\/p>\n<p>\t\t\t\t\t\t\t\t\t\t\t\t<a tabindex=\"0\">Mise en garde aux participants<\/a><\/p>\n<ul>\n<p>Comme nous d\u00e9sirons vous pr\u00e9parer \u00e0 l\u2019avance pour une belle exp\u00e9rience, voici les notes concernant la pratique s\u00e9curitaire du v\u00e9lo de montagne<\/p>\n<li>Communiquez vos appr\u00e9hensions, vos blessures ant\u00e9rieures et vos limitations physiques \u00e0 l\u2019entra\u00eeneur.<\/li>\n<li>N\u2019exc\u00e9dez par vos limites physiques et techniques.<\/li>\n<li>Toutes les difficult\u00e9s et les modules comme les cassures (drops) et sauts sont optionnels en tout temps. \u00a0Nous pouvons toujours diminuer les exigences physiques et techniques de la le\u00e7on.<\/li>\n<li>Selon l\u2019objectif du cours et l'\u00e9tat des participants, des d\u00e9fis seront incorpor\u00e9s en progression du terrain simple au complexe.<\/li>\n<li>Avant de s\u2019engager dans une section technique, le participant devra d\u00e9montrer un niveau de ma\u00eetrise minimal sur un terrain plat ou sur un sentier de difficult\u00e9 technique moindre.<\/li>\n<li>Pour toute activit\u00e9 de groupe, votre entra\u00eeneur adaptera la le\u00e7on pour r\u00e9pondre aux besoins de tous les participants. Nous nous effor\u00e7ons d'avoir des participants de niveau similaire dans nos cours de groupe, mais la r\u00e9alit\u00e9 est que ce n'est pas toujours possible car la description d'un niveau d'habilet\u00e9 physique ou technique est toujours subjective. Nous pouvons toujours proposer des d\u00e9fis suppl\u00e9mentaires aux pilotes avanc\u00e9s sur des terrains plus simples, tout en garantissant une exp\u00e9rience s\u00e9curitaire aux moins exp\u00e9riment\u00e9s.  Nos entra\u00eeneurs sont des experts dans cet exercice d'\u00e9quilibre.<\/li>\n<li>Pour un d\u00e9fi technique, nous arr\u00eatons, nous analysons, nous marchons la section,  ensuite nous nous engageons\u2026 ou pas!<\/li>\n<\/ul>\n<h5><center><strong>PRE-RIDE \/ RIDE \/ FREERIDE !<\/strong><\/center><\/h5>\n<p>\t\t\t\t\t\t\t\t\t\t\t\t<a tabindex=\"0\">Horaire type du cours de v\u00e9lo de montagne<\/a><\/p>\n<p><center><strong>Horaire type d'une journ\u00e9e compl\u00e8te de coaching<\/strong><\/center><\/h3>\n<p><strong>9:30<\/strong>&nbsp; Bienvenue - Introduction - V\u00e9rification de l'\u00e9quipement et des accessoires<br \/><strong>9:45<\/strong>&nbsp; Apprentissage des habilet\u00e9s techniques<br \/><strong>10:30<\/strong>&nbsp; Pratique des habilet\u00e9s techniques et sortie guid\u00e9e.<br \/><strong>12:30<\/strong>&nbsp; Lunch traiteur<br \/><strong>13:15<\/strong>&nbsp; Sortie guid\u00e9e et application terrain des habilet\u00e9s<br \/><strong>15:00<\/strong>&nbsp; Challenge d'habilet\u00e9 et prix de pr\u00e9sence<br \/><strong>16:00<\/strong>&nbsp; Apr\u00e8s-bike<br \/><strong>17:00<\/strong>&nbsp; Fin du cours de v\u00e9lo<\/p>\n<p><center><strong>Horaire type d'un cours de demi-journ\u00e9e en fin de semaine<\/strong><\/center><\/h3>\n<\/p>\n<p><strong>9:30<\/strong>&nbsp; Bienvenue - Introduction - V\u00e9rification de l'\u00e9quipement et des accessoires<br \/><strong>9:45<\/strong>&nbsp; Apprentissage des habilet\u00e9s techniques<br \/><strong>10:30<\/strong>&nbsp; Pratique des habilet\u00e9s techniques et sortie guid\u00e9e.<br \/><strong>12:00<\/strong>&nbsp; Fin du cours de v\u00e9lo<\/p>\n<p><center><strong>Horaire type d'une soir\u00e9e de coaching en semaine<\/strong><\/center><\/h3>\n<p><strong>18:00<\/strong>&nbsp; Bienvenue - Introduction - V\u00e9rification de l'\u00e9quipement et des accessoires<br \/><strong>18:15<\/strong>&nbsp; Apprentissage des habilet\u00e9s techniques<br \/><strong>19:00<\/strong>&nbsp; Pratique des habilet\u00e9s techniques et sortie guid\u00e9e.<br \/><strong>19:45<\/strong>&nbsp; Fin du cours de v\u00e9lo<\/p>\n<h2>Votre satisfaction est notre priorit\u00e9<\/h2>\n<p>\t\tVous \u00eates satisfait de votre le\u00e7on? Vous avez eu un service 5 \u00e9toiles? Voici comment vous pouvez aider notre petite entreprise \u00e0 grandir! Si ce n\u2019est pas 4 \u00e9toiles et plus, veuillez remplir le document de satisfaction pour que l\u2019on puisse adresser la situation \u00e0 l\u2019interne.<a href=\"https:\/\/g.page\/r\/CVKZLdgYTPfBEAg\/review\" target=\"_blank\" rel=\"noopener noreferrer\">Avis Google<\/a><br \/>\n<a href=\"https:\/\/www.facebook.com\/bikeskills.ca\/reviews\/\" target=\"_blank\" rel=\"noopener noreferrer\">Avis Facebook<\/a><br \/>\n<a href=\"https:\/\/bikeskills.ca\/fr\/satisfaction\/\" target=\"_blank\" rel=\"noopener noreferrer\">Formulaire de satisfaction Bikeskills<\/a><br \/>\n\t\t\t\t\t<a href=\"https:\/\/bikeskills.ca\/fr\/se-preparer\/\"><br \/>\n\t\t\t\t\t\t\t\t\tQuestions fr\u00e9quentes<br \/>\n\t\t\t\t\t<\/a><\/p>\n<h2>Let&#8217;s stay in contact<\/h2>\n<p>\t\t\t\t\t<a href=\"https:\/\/www.facebook.com\/bikeskills.ca\/\" target=\"_blank\" rel=\"noopener\"><br \/>\n\t\t\t\t\t\tFacebook-f<br \/>\n\t\t\t\t\t\t\t\t\t\t\t<\/a><br \/>\n\t\t\t\t\t<a href=\"https:\/\/www.instagram.com\/bikeskills.ca\/\" target=\"_blank\" rel=\"noopener\"><br \/>\n\t\t\t\t\t\tInstagram<br \/>\n\t\t\t\t\t\t\t\t\t\t\t<\/a><br \/>\n\t\t\t\t\t<a href=\"https:\/\/www.youtube.com\/@bikeskills.academy\" target=\"_blank\" rel=\"noopener\"><br \/>\n\t\t\t\t\t\tYoutube<br \/>\n\t\t\t\t\t\t\t\t\t\t\t<\/a><\/p>","protected":false},"excerpt":{"rendered":"<p>Looking to book within the next 5 days? Contact us by email to check availability\u2014we&#8217;ll do our best to get you riding! Guiding Tours and guidingHalf-dayBromont and Qu\u00e9bec City Let us take you on an unforgettable ride through the best signature trails at Sentiers du Moulin in Qu\u00e9bec City and Bromont&#8217;s Parc des Sommets! Ride [&hellip;]<\/p>","protected":false},"featured_media":0,"comment_status":"closed","ping_status":"closed","template":"","meta":{"_links_to":"","_links_to_target":""},"product_cat":[115],"product_tag":[],"yoast_head":"<!-- This site is optimized with the Yoast SEO plugin v24.2 - https:\/\/yoast.com\/wordpress\/plugins\/seo\/ -->\n<title>Tours et guidage - Demi-journ\u00e9e - \u00c9cole de v\u00e9lo Bikeskills<\/title>\n<meta name=\"robots\" content=\"index, follow, max-snippet:-1, max-image-preview:large, max-video-preview:-1\" \/>\n<link rel=\"canonical\" href=\"https:\/\/bikeskills.ca\/fr\/produit\/tours-et-guidage-1-jour\/\" \/>\n<meta property=\"og:locale\" content=\"fr_CA\" \/>\n<meta property=\"og:type\" content=\"article\" \/>\n<meta property=\"og:title\" content=\"Tours et guidage - Demi-journ\u00e9e - \u00c9cole de v\u00e9lo Bikeskills\" \/>\n<meta property=\"og:description\" content=\"Looking to book within the next 5 days? Contact us by email to check availability\u2014we&#8217;ll do our best to get you riding! Guiding Tours and guidingHalf-dayBromont and Qu\u00e9bec City Let us take you on an unforgettable ride through the best signature trails at Sentiers du Moulin in Qu\u00e9bec City and Bromont&#8217;s Parc des Sommets! Ride [&hellip;]\" \/>\n<meta property=\"og:url\" content=\"https:\/\/bikeskills.ca\/fr\/produit\/tours-et-guidage-1-jour\/\" \/>\n<meta property=\"og:site_name\" content=\"\u00c9cole de v\u00e9lo Bikeskills\" \/>\n<meta property=\"article:publisher\" content=\"https:\/\/www.facebook.com\/Bikeskillsca-2194275320683514\/\" \/>\n<meta property=\"article:modified_time\" content=\"2025-08-06T13:25:33+00:00\" \/>\n<meta name=\"twitter:card\" content=\"summary_large_image\" \/>\n<meta name=\"twitter:label1\" content=\"Estimation du temps de lecture\" \/>\n\t<meta name=\"twitter:data1\" content=\"6 minutes\" \/>\n<script type=\"application\/ld+json\" class=\"yoast-schema-graph\">{\"@context\":\"https:\/\/schema.org\",\"@graph\":[{\"@type\":\"WebPage\",\"@id\":\"https:\/\/bikeskills.ca\/en\/product\/tours-et-guidage-1-jour\/\",\"url\":\"https:\/\/bikeskills.ca\/en\/product\/tours-et-guidage-1-jour\/\",\"name\":\"Tours et guidage - Demi-journ\u00e9e - \u00c9cole de v\u00e9lo Bikeskills\",\"isPartOf\":{\"@id\":\"https:\/\/bikeskills.ca\/fr\/#website\"},\"datePublished\":\"2025-01-30T13:19:02+00:00\",\"dateModified\":\"2025-08-06T13:25:33+00:00\",\"breadcrumb\":{\"@id\":\"https:\/\/bikeskills.ca\/en\/product\/tours-et-guidage-1-jour\/#breadcrumb\"},\"inLanguage\":\"fr-CA\",\"potentialAction\":[{\"@type\":\"ReadAction\",\"target\":[\"https:\/\/bikeskills.ca\/en\/product\/tours-et-guidage-1-jour\/\"]}]},{\"@type\":\"BreadcrumbList\",\"@id\":\"https:\/\/bikeskills.ca\/en\/product\/tours-et-guidage-1-jour\/#breadcrumb\",\"itemListElement\":[{\"@type\":\"ListItem\",\"position\":1,\"name\":\"Home\",\"item\":\"https:\/\/bikeskills.ca\/fr\/\"},{\"@type\":\"ListItem\",\"position\":2,\"name\":\"Shop\",\"item\":\"https:\/\/bikeskills.ca\/fr\/shop\/\"},{\"@type\":\"ListItem\",\"position\":3,\"name\":\"Tours et guidage &#8211; Demi-journ\u00e9e\"}]},{\"@type\":\"WebSite\",\"@id\":\"https:\/\/bikeskills.ca\/fr\/#website\",\"url\":\"https:\/\/bikeskills.ca\/fr\/\",\"name\":\"\u00c9cole de v\u00e9lo Bikeskills\",\"description\":\"\u00c9cole de v\u00e9lo de montagne - Cours de v\u00e9lo de montagne - \u00c9v\u00e8nements priv\u00e9s et corporatifs - Partout au Qu\u00e9bec\",\"publisher\":{\"@id\":\"https:\/\/bikeskills.ca\/fr\/#organization\"},\"potentialAction\":[{\"@type\":\"SearchAction\",\"target\":{\"@type\":\"EntryPoint\",\"urlTemplate\":\"https:\/\/bikeskills.ca\/fr\/?s={search_term_string}\"},\"query-input\":{\"@type\":\"PropertyValueSpecification\",\"valueRequired\":true,\"valueName\":\"search_term_string\"}}],\"inLanguage\":\"fr-CA\"},{\"@type\":\"Organization\",\"@id\":\"https:\/\/bikeskills.ca\/fr\/#organization\",\"name\":\"\u00c9cole de v\u00e9lo Bikeskills\",\"url\":\"https:\/\/bikeskills.ca\/fr\/\",\"logo\":{\"@type\":\"ImageObject\",\"inLanguage\":\"fr-CA\",\"@id\":\"https:\/\/bikeskills.ca\/fr\/#\/schema\/logo\/image\/\",\"url\":\"https:\/\/bikeskills.ca\/wp-content\/uploads\/2019\/08\/Screen-Shot-2019-08-12-at-6.11.svg\",\"contentUrl\":\"https:\/\/bikeskills.ca\/wp-content\/uploads\/2019\/08\/Screen-Shot-2019-08-12-at-6.11.svg\",\"width\":309,\"height\":83,\"caption\":\"\u00c9cole de v\u00e9lo Bikeskills\"},\"image\":{\"@id\":\"https:\/\/bikeskills.ca\/fr\/#\/schema\/logo\/image\/\"},\"sameAs\":[\"https:\/\/www.facebook.com\/Bikeskillsca-2194275320683514\/\",\"https:\/\/www.instagram.com\/bikeskills.ca\/?hl=fr\"]}]}<\/script>\n<!-- \/ Yoast SEO plugin. -->","yoast_head_json":{"title":"Tours et guidage - Demi-journ\u00e9e - \u00c9cole de v\u00e9lo Bikeskills","robots":{"index":"index","follow":"follow","max-snippet":"max-snippet:-1","max-image-preview":"max-image-preview:large","max-video-preview":"max-video-preview:-1"},"canonical":"https:\/\/bikeskills.ca\/fr\/produit\/tours-et-guidage-1-jour\/","og_locale":"fr_CA","og_type":"article","og_title":"Tours et guidage - Demi-journ\u00e9e - \u00c9cole de v\u00e9lo Bikeskills","og_description":"Looking to book within the next 5 days? Contact us by email to check availability\u2014we&#8217;ll do our best to get you riding! Guiding Tours and guidingHalf-dayBromont and Qu\u00e9bec City Let us take you on an unforgettable ride through the best signature trails at Sentiers du Moulin in Qu\u00e9bec City and Bromont&#8217;s Parc des Sommets! Ride [&hellip;]","og_url":"https:\/\/bikeskills.ca\/fr\/produit\/tours-et-guidage-1-jour\/","og_site_name":"\u00c9cole de v\u00e9lo Bikeskills","article_publisher":"https:\/\/www.facebook.com\/Bikeskillsca-2194275320683514\/","article_modified_time":"2025-08-06T13:25:33+00:00","twitter_card":"summary_large_image","twitter_misc":{"Estimation du temps de lecture":"6 minutes"},"schema":{"@context":"https:\/\/schema.org","@graph":[{"@type":"WebPage","@id":"https:\/\/bikeskills.ca\/en\/product\/tours-et-guidage-1-jour\/","url":"https:\/\/bikeskills.ca\/en\/product\/tours-et-guidage-1-jour\/","name":"Tours et guidage - Demi-journ\u00e9e - \u00c9cole de v\u00e9lo Bikeskills","isPartOf":{"@id":"https:\/\/bikeskills.ca\/fr\/#website"},"datePublished":"2025-01-30T13:19:02+00:00","dateModified":"2025-08-06T13:25:33+00:00","breadcrumb":{"@id":"https:\/\/bikeskills.ca\/en\/product\/tours-et-guidage-1-jour\/#breadcrumb"},"inLanguage":"fr-CA","potentialAction":[{"@type":"ReadAction","target":["https:\/\/bikeskills.ca\/en\/product\/tours-et-guidage-1-jour\/"]}]},{"@type":"BreadcrumbList","@id":"https:\/\/bikeskills.ca\/en\/product\/tours-et-guidage-1-jour\/#breadcrumb","itemListElement":[{"@type":"ListItem","position":1,"name":"Home","item":"https:\/\/bikeskills.ca\/fr\/"},{"@type":"ListItem","position":2,"name":"Shop","item":"https:\/\/bikeskills.ca\/fr\/shop\/"},{"@type":"ListItem","position":3,"name":"Tours et guidage &#8211; Demi-journ\u00e9e"}]},{"@type":"WebSite","@id":"https:\/\/bikeskills.ca\/fr\/#website","url":"https:\/\/bikeskills.ca\/fr\/","name":"\u00c9cole de v\u00e9lo Bikeskills","description":"\u00c9cole de v\u00e9lo de montagne - Cours de v\u00e9lo de montagne - \u00c9v\u00e8nements priv\u00e9s et corporatifs - Partout au Qu\u00e9bec","publisher":{"@id":"https:\/\/bikeskills.ca\/fr\/#organization"},"potentialAction":[{"@type":"SearchAction","target":{"@type":"EntryPoint","urlTemplate":"https:\/\/bikeskills.ca\/fr\/?s={search_term_string}"},"query-input":{"@type":"PropertyValueSpecification","valueRequired":true,"valueName":"search_term_string"}}],"inLanguage":"fr-CA"},{"@type":"Organization","@id":"https:\/\/bikeskills.ca\/fr\/#organization","name":"\u00c9cole de v\u00e9lo Bikeskills","url":"https:\/\/bikeskills.ca\/fr\/","logo":{"@type":"ImageObject","inLanguage":"fr-CA","@id":"https:\/\/bikeskills.ca\/fr\/#\/schema\/logo\/image\/","url":"https:\/\/bikeskills.ca\/wp-content\/uploads\/2019\/08\/Screen-Shot-2019-08-12-at-6.11.svg","contentUrl":"https:\/\/bikeskills.ca\/wp-content\/uploads\/2019\/08\/Screen-Shot-2019-08-12-at-6.11.svg","width":309,"height":83,"caption":"\u00c9cole de v\u00e9lo Bikeskills"},"image":{"@id":"https:\/\/bikeskills.ca\/fr\/#\/schema\/logo\/image\/"},"sameAs":["https:\/\/www.facebook.com\/Bikeskillsca-2194275320683514\/","https:\/\/www.instagram.com\/bikeskills.ca\/?hl=fr"]}]}},"_links":{"self":[{"href":"https:\/\/bikeskills.ca\/fr\/wp-json\/wp\/v2\/product\/28843"}],"collection":[{"href":"https:\/\/bikeskills.ca\/fr\/wp-json\/wp\/v2\/product"}],"about":[{"href":"https:\/\/bikeskills.ca\/fr\/wp-json\/wp\/v2\/types\/product"}],"replies":[{"embeddable":true,"href":"https:\/\/bikeskills.ca\/fr\/wp-json\/wp\/v2\/comments?post=28843"}],"wp:attachment":[{"href":"https:\/\/bikeskills.ca\/fr\/wp-json\/wp\/v2\/media?parent=28843"}],"wp:term":[{"taxonomy":"product_cat","embeddable":true,"href":"https:\/\/bikeskills.ca\/fr\/wp-json\/wp\/v2\/product_cat?post=28843"},{"taxonomy":"product_tag","embeddable":true,"href":"https:\/\/bikeskills.ca\/fr\/wp-json\/wp\/v2\/product_tag?post=28843"}],"curies":[{"name":"wp","href":"https:\/\/api.w.org\/{rel}","templated":true}]}}