{"id":29000,"date":"2025-01-30T16:35:07","date_gmt":"2025-01-30T20:35:07","guid":{"rendered":"https:\/\/bikeskills.ca\/product\/2025-bromont-parc-des-sommets-mont-oak-cours-de-velo-de-montagne-bikegroms-3-jours-4\/"},"modified":"2025-06-30T11:23:10","modified_gmt":"2025-06-30T15:23:10","slug":"2025-bromont-parc-des-sommets-mont-oak-cours-de-velo-de-montagne-bikegroms-3-jours-4","status":"publish","type":"product","link":"https:\/\/bikeskills.ca\/fr\/produit\/2025-bromont-parc-des-sommets-mont-oak-cours-de-velo-de-montagne-bikegroms-3-jours-4\/","title":{"rendered":"Bikegroms Bromont &#8211; 12 ao\u00fbt au 14 ao\u00fbt 2025"},"content":{"rendered":"<h1>Programme de d\u00e9veloppement Bikegroms<br \/>Jeunes riders entre 9 et 15 ans <br \/>Skills, drops et sauts au<br \/>Mont Oak \u00e0 Bromont<\/h1>\n<h2>Groupes interm\u00e9diaires, avanc\u00e9s et filles<br \/>3 jours de riding et coaching avec les meilleurs coachs de d\u00e9veloppement jeunesse<\/h2>\n<h4>A revisited &#8220;day camp&#8221; formula, targeted at young people who want to progress at a faster pace.  A unique development program!  Bikeskills offers a niche product for the development of the next generation of shredders.  <\/p>\n<p>Les jeunes pilotes \u00e2g\u00e9s de 9 \u00e0 15 ans auront l'occasion de passer trois jours de riding avec nos entra\u00eeneurs experts en d\u00e9veloppement jeunesse.  Ils apprendront et progresseront, nous vous le garantissons !<\/p>\n<p>Notre programme de d\u00e9veloppement des jeunes se d\u00e9roule en milieu de semaine, de 9 h \u00e0 14 h. Un format diff\u00e9rent qui est tr\u00e8s appr\u00e9ci\u00e9 tant par les parents que par les enfants !<\/h4>\n<p>\t\t\t\t\t\t\t\t\t\t\t\t<a tabindex=\"0\">Ce cours de v\u00e9lo de montagne est pour vous si :<\/a><\/p>\n<ul>\n<li>Es-tu un(e) jeune cycliste, entre 9 et 15 ans, passionn\u00e9(e) par le v\u00e9lo de montagne et qui roule r\u00e9guli\u00e8rement ?<\/li>\n<li>Es-tu motiv\u00e9(e) et pr\u00eat(e) \u00e0 apprendre des coachs pour devenir encore meilleur(e) ?<\/li>\n<li>Veux-tu am\u00e9liorer tes comp\u00e9tences techniques pour rouler avec plus de confiance et de fluidit\u00e9 ?<\/li>\n<li>As-tu une attitude positive et sais-tu bien travailler avec d'autres jeunes riders ?<\/li>\n<li>Es-tu pr\u00eat(e) \u00e0 suivre les protocoles de s\u00e9curit\u00e9 de nos coachs pour rouler en toute s\u00e9curit\u00e9 ?<\/li>\n<\/ul>\n<p>\nSi vous avez r\u00e9pondu <b>OUI<\/b> \u00e0 ces questions? <b>Ce cours de v\u00e9lo est pour vous.<\/b> Si vous n'\u00eates pas certain et que vous avez des questions, consultez notre FAQ, ou contactez nous!<br \/>\n\t\t\t\t\t\t\t\t\t\t\t\t<a tabindex=\"0\">Description du cours de v\u00e9lo de montagne<\/a><br \/>\n\t\t\t\t\tCe camp de jour est avant tout un programme de d\u00e9veloppement des comp\u00e9tences con\u00e7u pour aider votre enfant \u00e0 atteindre le niveau sup\u00e9rieur. Notre objectif est de lui offrir un environnement s\u00e9curis\u00e9 o\u00f9 il pourra progresser \u00e0 son rythme. Nous comprenons que les enfants aiment tester leurs limites et s\u2019amuser, mais nous sommes l\u00e0 pour leur enseigner les bonnes techniques et les guider dans leur progression, afin qu\u2019ils puissent s\u2019am\u00e9liorer plus rapidement et en toute s\u00e9curit\u00e9.<\/p>\n<p><strong>Format de le\u00e7on :<\/strong> Des groupes de six participants de m\u00eame niveau sont constitu\u00e9s pour r\u00e9pondre aux besoins sp\u00e9cifiques de chaque pilote. Un th\u00e8me sp\u00e9cifique d\u00e9termine les s\u00e9ances afin de couvrir un maximum de comp\u00e9tences tout en respectant la progression du groupe.<\/p>\n<p><strong>Entra\u00eeneur :<\/strong> Votre entra\u00eeneur sera certifi\u00e9 niveau I ou II pmbia.org module air ou trail et secourisme 20h ou 40h en r\u00e9gion \u00e9loign\u00e9e.<\/p>\n<p><strong>Terrain:<\/strong> Le type de terrain parcouru variera consid\u00e9rablement en fonction des comp\u00e9tences et du niveau de forme physique du groupe.  Nous veillerons \u00e0 ce que vous parcouriez une grande vari\u00e9t\u00e9 de pistes et de types de terrain afin de maximiser l'apprentissage et d'acc\u00e9l\u00e9rer le d\u00e9veloppement des habilet\u00e9s.<\/p>\n<h2>Programme de d\u00e9veloppement Bikegroms<\/h2>\n<li><strong>Niveau :  <\/strong>Des groupes seront form\u00e9s selon les niveaux d'habilet\u00e9s<\/li>\n<li><strong>Horaire : En semaine de 9:30 \u00e0 14:00<\/strong><\/li>\n<li><strong>Lieu : <\/strong>Mont Oak &#8211; Pavillon d&#8217;accueil, 44 chemin des Carri\u00e8res<\/li>\n<li><strong>Point de rencontre : <\/strong>Terrasse du Pavillon du Mont Oak<\/li>\n<li><b>Votre entra\u00eeneur :<\/b> Les entra\u00eeneurs portent le jersey noir Bikeskills Coach<\/li>\n<h4>Droits d'acc\u00e8s aux sentiers non-inclus<\/p>\n<p>\nV\u00e9los non-inclus<\/p>\n<\/h4>\n<p>\t\t\t\t\t<a href=\"https:\/\/bikeskills.ca\/fr\/cliniques\/\"><br \/>\n\t\t\t\t\t\t\t\t\tDescriptions de tous les cours de Bikeskills<br \/>\n\t\t\t\t\t<\/a><br \/>\n\t\t\t\t\t\t\t\t\t\t\t\t<a tabindex=\"0\">Politiques de Bikeskills<\/a><\/p>\n<li><b>Minimum de 3 participants pour le cours de v\u00e9lo de montagne<br \/><\/b><\/li>\n<li>Bikeskills se r\u00e9serve le droit de reporter une clinique \u00e0 une date ult\u00e9rieure si le nombre minimal de participants n'est pas atteint.<\/li>\n<li>Aucun remboursement, sauf pour exception majeure, \u00e0 la discr\u00e9tion de Bikeskills.\n<\/li>\n<li>Les cours de v\u00e9lo et \u00e9v\u00e8nements Bikeskills ne sont pas annul\u00e9s en cas de pluie.\n<\/li>\n<li>Un \u00e9v\u00e8nement peut \u00eatre report\u00e9 si le site de pratique est ferm\u00e9 afin de pr\u00e9server l'\u00e9tat des sentiers..\n<\/li>\n<li>Bikeskills n\u2019est pas responsable de l\u2019arr\u00eat ou de la fermeture d\u2019une remont\u00e9e m\u00e9canique ou gondole, ou de la fermeture de sentiers. Une alternative sera propos\u00e9e au client, pouvant n\u00e9cessiter un d\u00e9placement.\n<\/li>\n<p>\t\t\t\t\t\t\t\t\t\t\t\t<a tabindex=\"0\">Quoi apporter ?<\/a><\/p>\n<li><b>Protections pour les genoux obligatoires (pour tous)<\/b><\/li>\n<li>Gants longs et protections pour les coudes fortement recommand\u00e9s<\/li>\n<li>Casque sp\u00e9cifique au v\u00e9lo de montagne<\/li>\n<li>V\u00eatements sports adapt\u00e9s aux conditions m\u00e9t\u00e9o<\/li>\n<li>Hydratation (bouteille de v\u00e9lo) et nutrition (barres)<\/li>\n<li>Souliers \u00e0 semelles plates (type Vans) ou souliers de v\u00e9lo de montagne<\/li>\n<li>P\u00e9dales plateformes (flat) avec crampons en m\u00e9tal ou p\u00e9dales automatiques (clip) de v\u00e9lo de montagne<\/li>\n<li>Veuillez \u00e9viter les p\u00e9dales en plastique, les p\u00e9dales double usage ou les p\u00e9dales \/ souliers minimalistes de cross-country.&nbsp;<\/li>\n<p>\t\t\t\t\t\t\t\t\t\t\t\t<a tabindex=\"0\">Comment planifier votre journ\u00e9e<\/a><\/p>\n<ul>\n<p>Afin de se prot\u00e9ger des \u00e9raflures et blessures mineures, Bikeskills vous recommande de TOUJOURS porter une protection pour les genoux. Les gants, lunettes de protection et protections pour les coudes sont \u00e9galement recommand\u00e9s. Un casque sp\u00e9cifique au v\u00e9lo de montagne est requis, plusieurs options de casques int\u00e9gr\u00e9s l\u00e9gers existent . Le casque int\u00e9gral (full face) et protecteur frontal et dorsal pour les cours avanc\u00e9s et\/ou en remont\u00e9e m\u00e9canique est \u00e9galement fortement recommand\u00e9.<\/p>\n<\/p>\n<p>\nComme le cours se d\u00e9roulera \u00e0 l\u2019ext\u00e9rieur et que nous n\u2019avons pas acc\u00e8s \u00e0 des installations int\u00e9rieures, il est recommand\u00e9 de prendre connaissance des pr\u00e9visions m\u00e9t\u00e9orologiques et de s\u2019habiller en cons\u00e9quence. La m\u00e9t\u00e9o en montagne peut changer rapidement, pensez \u00e0 une approche multi-couche, un coupe-vent peut s'av\u00e9rer une option efficace.  Il est recommand\u00e9 \u00e0 chaque membre du groupe d\u2019apporter des collations et de l\u2019eau afin d\u2019avoir suffisamment d\u2019\u00e9nergie pour bien profiter du cours.<\/p>\n<p>\t\t\t\t\t\t\t\t\t\t\t\t<a tabindex=\"0\">Mise en garde aux participants<\/a><\/p>\n<ul>\n<p>Comme nous d\u00e9sirons vous pr\u00e9parer \u00e0 l\u2019avance pour une belle exp\u00e9rience, voici les notes concernant la pratique s\u00e9curitaire du v\u00e9lo de montagne<\/p>\n<li>Communiquez vos appr\u00e9hensions, vos blessures ant\u00e9rieures et vos limitations physiques \u00e0 l\u2019entra\u00eeneur.<\/li>\n<li>N\u2019exc\u00e9dez par vos limites physiques et techniques.<\/li>\n<li>Toutes les difficult\u00e9s et les modules comme les cassures (drops) et sauts sont optionnels en tout temps. \u00a0Nous pouvons toujours diminuer les exigences physiques et techniques de la le\u00e7on.<\/li>\n<li>Selon l\u2019objectif du cours et l'\u00e9tat des participants, des d\u00e9fis seront incorpor\u00e9s en progression du terrain simple au complexe.<\/li>\n<li>Avant de s\u2019engager dans une section technique, le participant devra d\u00e9montrer un niveau de ma\u00eetrise minimal sur un terrain plat ou sur un sentier de difficult\u00e9 technique moindre.<\/li>\n<li>Pour toute activit\u00e9 de groupe, votre entra\u00eeneur adaptera la le\u00e7on pour r\u00e9pondre aux besoins de tous les participants. Nous nous effor\u00e7ons d'avoir des participants de niveau similaire dans nos cours de groupe, mais la r\u00e9alit\u00e9 est que ce n'est pas toujours possible car la description d'un niveau d'habilet\u00e9 physique ou technique est toujours subjective. Nous pouvons toujours proposer des d\u00e9fis suppl\u00e9mentaires aux pilotes avanc\u00e9s sur des terrains plus simples, tout en garantissant une exp\u00e9rience s\u00e9curitaire aux moins exp\u00e9riment\u00e9s.  Nos entra\u00eeneurs sont des experts dans cet exercice d'\u00e9quilibre.<\/li>\n<li>Pour un d\u00e9fi technique, nous arr\u00eatons, nous analysons, nous marchons la section,  ensuite nous nous engageons\u2026 ou pas!<\/li>\n<\/ul>\n<h5><center><strong>PRE-RIDE \/ RIDE \/ FREERIDE !<\/strong><\/center><\/h5>\n<p>\t\t\t\t\t\t\t\t\t\t\t\t<a tabindex=\"0\">Horaire type du cours de v\u00e9lo de montagne<\/a><\/p>\n<p><center><strong>Horaire type d'une journ\u00e9e compl\u00e8te de coaching<\/strong><\/center><\/h3>\n<p><strong>9:30<\/strong>&nbsp; Bienvenue - Introduction - V\u00e9rification de l'\u00e9quipement et des accessoires<br \/><strong>9:45<\/strong>&nbsp; Apprentissage des habilet\u00e9s techniques<br \/><strong>10:30<\/strong>&nbsp; Pratique des habilet\u00e9s techniques et sortie guid\u00e9e.<br \/><strong>12:30<\/strong>&nbsp; Lunch traiteur<br \/><strong>13:15<\/strong>&nbsp; Sortie guid\u00e9e et application terrain des habilet\u00e9s<br \/><strong>15:00<\/strong>&nbsp; Challenge d'habilet\u00e9 et prix de pr\u00e9sence<br \/><strong>16:00<\/strong>&nbsp; Apr\u00e8s-bike<br \/><strong>17:00<\/strong>&nbsp; Fin du cours de v\u00e9lo<\/p>\n<p><center><strong>Horaire type d'un cours de demi-journ\u00e9e en fin de semaine<\/strong><\/center><\/h3>\n<\/p>\n<p><strong>9:30<\/strong>&nbsp; Bienvenue - Introduction - V\u00e9rification de l'\u00e9quipement et des accessoires<br \/><strong>9:45<\/strong>&nbsp; Apprentissage des habilet\u00e9s techniques<br \/><strong>10:30<\/strong>&nbsp; Pratique des habilet\u00e9s techniques et sortie guid\u00e9e.<br \/><strong>12:00<\/strong>&nbsp; Fin du cours de v\u00e9lo<\/p>\n<p><center><strong>Horaire type d'une soir\u00e9e de coaching en semaine<\/strong><\/center><\/h3>\n<p><strong>18:00<\/strong>&nbsp; Bienvenue - Introduction - V\u00e9rification de l'\u00e9quipement et des accessoires<br \/><strong>18:15<\/strong>&nbsp; Apprentissage des habilet\u00e9s techniques<br \/><strong>19:00<\/strong>&nbsp; Pratique des habilet\u00e9s techniques et sortie guid\u00e9e.<br \/><strong>19:45<\/strong>&nbsp; Fin du cours de v\u00e9lo<\/p>\n<h2>Votre satisfaction est notre priorit\u00e9<\/h2>\n<p>\t\tVous \u00eates satisfait de votre le\u00e7on? Vous avez eu un service 5 \u00e9toiles? Voici comment vous pouvez aider notre petite entreprise \u00e0 grandir! Si ce n\u2019est pas 4 \u00e9toiles et plus, veuillez remplir le document de satisfaction pour que l\u2019on puisse adresser la situation \u00e0 l\u2019interne.<a href=\"https:\/\/g.page\/r\/CVKZLdgYTPfBEAg\/review\" target=\"_blank\" rel=\"noopener noreferrer\">Avis Google<\/a><br \/>\n<a href=\"https:\/\/www.facebook.com\/bikeskills.ca\/reviews\/\" target=\"_blank\" rel=\"noopener noreferrer\">Avis Facebook<\/a><br \/>\n<a href=\"https:\/\/bikeskills.ca\/fr\/satisfaction\/\" target=\"_blank\" rel=\"noopener noreferrer\">Formulaire de satisfaction Bikeskills<\/a><br \/>\n\t\t\t\t\t<a href=\"https:\/\/bikeskills.ca\/fr\/se-preparer\/\"><br \/>\n\t\t\t\t\t\t\t\t\tQuestions fr\u00e9quentes<br \/>\n\t\t\t\t\t<\/a><\/p>\n<h2>Let&#8217;s stay in contact<\/h2>\n<p>\t\t\t\t\t<a href=\"https:\/\/www.facebook.com\/bikeskills.ca\/\" target=\"_blank\" rel=\"noopener\"><br \/>\n\t\t\t\t\t\tFacebook-f<br \/>\n\t\t\t\t\t\t\t\t\t\t\t<\/a><br \/>\n\t\t\t\t\t<a href=\"https:\/\/www.instagram.com\/bikeskills.ca\/\" target=\"_blank\" rel=\"noopener\"><br \/>\n\t\t\t\t\t\tInstagram<br \/>\n\t\t\t\t\t\t\t\t\t\t\t<\/a><br \/>\n\t\t\t\t\t<a href=\"https:\/\/www.youtube.com\/@bikeskills.academy\" target=\"_blank\" rel=\"noopener\"><br \/>\n\t\t\t\t\t\tYoutube<br \/>\n\t\t\t\t\t\t\t\t\t\t\t<\/a><\/p>","protected":false},"excerpt":{"rendered":"<p>Bikegroms youth development programAges 9 to 15 Technical skills, drops and jumps atMount Oak in Bromont Intermediate, advanced and girls groups available3 days of riding and teaching from the best youth development coaches! A revisited &#8220;day camp&#8221; formula, targeted at young people who want to progress at a faster pace. A unique development program! Bikeskills [&hellip;]<\/p>","protected":false},"featured_media":0,"comment_status":"closed","ping_status":"closed","template":"","meta":{"_links_to":"","_links_to_target":""},"product_cat":[115],"product_tag":[],"yoast_head":"<!-- This site is optimized with the Yoast SEO plugin v24.2 - https:\/\/yoast.com\/wordpress\/plugins\/seo\/ -->\n<title>Bikegroms Bromont - 12 ao\u00fbt au 14 ao\u00fbt 2025 - \u00c9cole de v\u00e9lo Bikeskills<\/title>\n<meta name=\"robots\" content=\"index, follow, max-snippet:-1, max-image-preview:large, max-video-preview:-1\" \/>\n<link rel=\"canonical\" href=\"https:\/\/bikeskills.ca\/fr\/produit\/2025-bromont-parc-des-sommets-mont-oak-cours-de-velo-de-montagne-bikegroms-3-jours-4\/\" \/>\n<meta property=\"og:locale\" content=\"fr_CA\" \/>\n<meta property=\"og:type\" content=\"article\" \/>\n<meta property=\"og:title\" content=\"Bikegroms Bromont - 12 ao\u00fbt au 14 ao\u00fbt 2025 - \u00c9cole de v\u00e9lo Bikeskills\" \/>\n<meta property=\"og:description\" content=\"Bikegroms youth development programAges 9 to 15 Technical skills, drops and jumps atMount Oak in Bromont Intermediate, advanced and girls groups available3 days of riding and teaching from the best youth development coaches! A revisited &#8220;day camp&#8221; formula, targeted at young people who want to progress at a faster pace. A unique development program! Bikeskills [&hellip;]\" \/>\n<meta property=\"og:url\" content=\"https:\/\/bikeskills.ca\/fr\/produit\/2025-bromont-parc-des-sommets-mont-oak-cours-de-velo-de-montagne-bikegroms-3-jours-4\/\" \/>\n<meta property=\"og:site_name\" content=\"\u00c9cole de v\u00e9lo Bikeskills\" \/>\n<meta property=\"article:publisher\" content=\"https:\/\/www.facebook.com\/Bikeskillsca-2194275320683514\/\" \/>\n<meta property=\"article:modified_time\" content=\"2025-06-30T15:23:10+00:00\" \/>\n<meta name=\"twitter:card\" content=\"summary_large_image\" \/>\n<meta name=\"twitter:label1\" content=\"Estimation du temps de lecture\" \/>\n\t<meta name=\"twitter:data1\" content=\"6 minutes\" \/>\n<script type=\"application\/ld+json\" class=\"yoast-schema-graph\">{\"@context\":\"https:\/\/schema.org\",\"@graph\":[{\"@type\":\"WebPage\",\"@id\":\"https:\/\/bikeskills.ca\/fr\/produit\/2025-bromont-parc-des-sommets-mont-oak-cours-de-velo-de-montagne-bikegroms-3-jours-4\/\",\"url\":\"https:\/\/bikeskills.ca\/fr\/produit\/2025-bromont-parc-des-sommets-mont-oak-cours-de-velo-de-montagne-bikegroms-3-jours-4\/\",\"name\":\"Bikegroms Bromont - 12 ao\u00fbt au 14 ao\u00fbt 2025 - \u00c9cole de v\u00e9lo Bikeskills\",\"isPartOf\":{\"@id\":\"https:\/\/bikeskills.ca\/fr\/#website\"},\"datePublished\":\"2025-01-30T20:35:07+00:00\",\"dateModified\":\"2025-06-30T15:23:10+00:00\",\"breadcrumb\":{\"@id\":\"https:\/\/bikeskills.ca\/fr\/produit\/2025-bromont-parc-des-sommets-mont-oak-cours-de-velo-de-montagne-bikegroms-3-jours-4\/#breadcrumb\"},\"inLanguage\":\"fr-CA\",\"potentialAction\":[{\"@type\":\"ReadAction\",\"target\":[\"https:\/\/bikeskills.ca\/fr\/produit\/2025-bromont-parc-des-sommets-mont-oak-cours-de-velo-de-montagne-bikegroms-3-jours-4\/\"]}]},{\"@type\":\"BreadcrumbList\",\"@id\":\"https:\/\/bikeskills.ca\/fr\/produit\/2025-bromont-parc-des-sommets-mont-oak-cours-de-velo-de-montagne-bikegroms-3-jours-4\/#breadcrumb\",\"itemListElement\":[{\"@type\":\"ListItem\",\"position\":1,\"name\":\"Home\",\"item\":\"https:\/\/bikeskills.ca\/fr\/\"},{\"@type\":\"ListItem\",\"position\":2,\"name\":\"Shop\",\"item\":\"https:\/\/bikeskills.ca\/fr\/shop\/\"},{\"@type\":\"ListItem\",\"position\":3,\"name\":\"Bikegroms Bromont &#8211; 12 ao\u00fbt au 14 ao\u00fbt 2025\"}]},{\"@type\":\"WebSite\",\"@id\":\"https:\/\/bikeskills.ca\/fr\/#website\",\"url\":\"https:\/\/bikeskills.ca\/fr\/\",\"name\":\"\u00c9cole de v\u00e9lo Bikeskills\",\"description\":\"\u00c9cole de v\u00e9lo de montagne - Cours de v\u00e9lo de montagne - \u00c9v\u00e8nements priv\u00e9s et corporatifs - Partout au Qu\u00e9bec\",\"publisher\":{\"@id\":\"https:\/\/bikeskills.ca\/fr\/#organization\"},\"potentialAction\":[{\"@type\":\"SearchAction\",\"target\":{\"@type\":\"EntryPoint\",\"urlTemplate\":\"https:\/\/bikeskills.ca\/fr\/?s={search_term_string}\"},\"query-input\":{\"@type\":\"PropertyValueSpecification\",\"valueRequired\":true,\"valueName\":\"search_term_string\"}}],\"inLanguage\":\"fr-CA\"},{\"@type\":\"Organization\",\"@id\":\"https:\/\/bikeskills.ca\/fr\/#organization\",\"name\":\"\u00c9cole de v\u00e9lo Bikeskills\",\"url\":\"https:\/\/bikeskills.ca\/fr\/\",\"logo\":{\"@type\":\"ImageObject\",\"inLanguage\":\"fr-CA\",\"@id\":\"https:\/\/bikeskills.ca\/fr\/#\/schema\/logo\/image\/\",\"url\":\"https:\/\/bikeskills.ca\/wp-content\/uploads\/2019\/08\/Screen-Shot-2019-08-12-at-6.11.svg\",\"contentUrl\":\"https:\/\/bikeskills.ca\/wp-content\/uploads\/2019\/08\/Screen-Shot-2019-08-12-at-6.11.svg\",\"width\":309,\"height\":83,\"caption\":\"\u00c9cole de v\u00e9lo Bikeskills\"},\"image\":{\"@id\":\"https:\/\/bikeskills.ca\/fr\/#\/schema\/logo\/image\/\"},\"sameAs\":[\"https:\/\/www.facebook.com\/Bikeskillsca-2194275320683514\/\",\"https:\/\/www.instagram.com\/bikeskills.ca\/?hl=fr\"]}]}<\/script>\n<!-- \/ Yoast SEO plugin. -->","yoast_head_json":{"title":"Bikegroms Bromont - 12 ao\u00fbt au 14 ao\u00fbt 2025 - \u00c9cole de v\u00e9lo Bikeskills","robots":{"index":"index","follow":"follow","max-snippet":"max-snippet:-1","max-image-preview":"max-image-preview:large","max-video-preview":"max-video-preview:-1"},"canonical":"https:\/\/bikeskills.ca\/fr\/produit\/2025-bromont-parc-des-sommets-mont-oak-cours-de-velo-de-montagne-bikegroms-3-jours-4\/","og_locale":"fr_CA","og_type":"article","og_title":"Bikegroms Bromont - 12 ao\u00fbt au 14 ao\u00fbt 2025 - \u00c9cole de v\u00e9lo Bikeskills","og_description":"Bikegroms youth development programAges 9 to 15 Technical skills, drops and jumps atMount Oak in Bromont Intermediate, advanced and girls groups available3 days of riding and teaching from the best youth development coaches! A revisited &#8220;day camp&#8221; formula, targeted at young people who want to progress at a faster pace. A unique development program! Bikeskills [&hellip;]","og_url":"https:\/\/bikeskills.ca\/fr\/produit\/2025-bromont-parc-des-sommets-mont-oak-cours-de-velo-de-montagne-bikegroms-3-jours-4\/","og_site_name":"\u00c9cole de v\u00e9lo Bikeskills","article_publisher":"https:\/\/www.facebook.com\/Bikeskillsca-2194275320683514\/","article_modified_time":"2025-06-30T15:23:10+00:00","twitter_card":"summary_large_image","twitter_misc":{"Estimation du temps de lecture":"6 minutes"},"schema":{"@context":"https:\/\/schema.org","@graph":[{"@type":"WebPage","@id":"https:\/\/bikeskills.ca\/fr\/produit\/2025-bromont-parc-des-sommets-mont-oak-cours-de-velo-de-montagne-bikegroms-3-jours-4\/","url":"https:\/\/bikeskills.ca\/fr\/produit\/2025-bromont-parc-des-sommets-mont-oak-cours-de-velo-de-montagne-bikegroms-3-jours-4\/","name":"Bikegroms Bromont - 12 ao\u00fbt au 14 ao\u00fbt 2025 - \u00c9cole de v\u00e9lo Bikeskills","isPartOf":{"@id":"https:\/\/bikeskills.ca\/fr\/#website"},"datePublished":"2025-01-30T20:35:07+00:00","dateModified":"2025-06-30T15:23:10+00:00","breadcrumb":{"@id":"https:\/\/bikeskills.ca\/fr\/produit\/2025-bromont-parc-des-sommets-mont-oak-cours-de-velo-de-montagne-bikegroms-3-jours-4\/#breadcrumb"},"inLanguage":"fr-CA","potentialAction":[{"@type":"ReadAction","target":["https:\/\/bikeskills.ca\/fr\/produit\/2025-bromont-parc-des-sommets-mont-oak-cours-de-velo-de-montagne-bikegroms-3-jours-4\/"]}]},{"@type":"BreadcrumbList","@id":"https:\/\/bikeskills.ca\/fr\/produit\/2025-bromont-parc-des-sommets-mont-oak-cours-de-velo-de-montagne-bikegroms-3-jours-4\/#breadcrumb","itemListElement":[{"@type":"ListItem","position":1,"name":"Home","item":"https:\/\/bikeskills.ca\/fr\/"},{"@type":"ListItem","position":2,"name":"Shop","item":"https:\/\/bikeskills.ca\/fr\/shop\/"},{"@type":"ListItem","position":3,"name":"Bikegroms Bromont &#8211; 12 ao\u00fbt au 14 ao\u00fbt 2025"}]},{"@type":"WebSite","@id":"https:\/\/bikeskills.ca\/fr\/#website","url":"https:\/\/bikeskills.ca\/fr\/","name":"\u00c9cole de v\u00e9lo Bikeskills","description":"\u00c9cole de v\u00e9lo de montagne - Cours de v\u00e9lo de montagne - \u00c9v\u00e8nements priv\u00e9s et corporatifs - Partout au Qu\u00e9bec","publisher":{"@id":"https:\/\/bikeskills.ca\/fr\/#organization"},"potentialAction":[{"@type":"SearchAction","target":{"@type":"EntryPoint","urlTemplate":"https:\/\/bikeskills.ca\/fr\/?s={search_term_string}"},"query-input":{"@type":"PropertyValueSpecification","valueRequired":true,"valueName":"search_term_string"}}],"inLanguage":"fr-CA"},{"@type":"Organization","@id":"https:\/\/bikeskills.ca\/fr\/#organization","name":"\u00c9cole de v\u00e9lo Bikeskills","url":"https:\/\/bikeskills.ca\/fr\/","logo":{"@type":"ImageObject","inLanguage":"fr-CA","@id":"https:\/\/bikeskills.ca\/fr\/#\/schema\/logo\/image\/","url":"https:\/\/bikeskills.ca\/wp-content\/uploads\/2019\/08\/Screen-Shot-2019-08-12-at-6.11.svg","contentUrl":"https:\/\/bikeskills.ca\/wp-content\/uploads\/2019\/08\/Screen-Shot-2019-08-12-at-6.11.svg","width":309,"height":83,"caption":"\u00c9cole de v\u00e9lo Bikeskills"},"image":{"@id":"https:\/\/bikeskills.ca\/fr\/#\/schema\/logo\/image\/"},"sameAs":["https:\/\/www.facebook.com\/Bikeskillsca-2194275320683514\/","https:\/\/www.instagram.com\/bikeskills.ca\/?hl=fr"]}]}},"_links":{"self":[{"href":"https:\/\/bikeskills.ca\/fr\/wp-json\/wp\/v2\/product\/29000"}],"collection":[{"href":"https:\/\/bikeskills.ca\/fr\/wp-json\/wp\/v2\/product"}],"about":[{"href":"https:\/\/bikeskills.ca\/fr\/wp-json\/wp\/v2\/types\/product"}],"replies":[{"embeddable":true,"href":"https:\/\/bikeskills.ca\/fr\/wp-json\/wp\/v2\/comments?post=29000"}],"wp:attachment":[{"href":"https:\/\/bikeskills.ca\/fr\/wp-json\/wp\/v2\/media?parent=29000"}],"wp:term":[{"taxonomy":"product_cat","embeddable":true,"href":"https:\/\/bikeskills.ca\/fr\/wp-json\/wp\/v2\/product_cat?post=29000"},{"taxonomy":"product_tag","embeddable":true,"href":"https:\/\/bikeskills.ca\/fr\/wp-json\/wp\/v2\/product_tag?post=29000"}],"curies":[{"name":"wp","href":"https:\/\/api.w.org\/{rel}","templated":true}]}}